{"id":19640,"date":"2016-03-22T11:13:26","date_gmt":"2016-03-22T10:13:26","guid":{"rendered":"https:\/\/www.cgmouthpiece.it\/?page_id=19640"},"modified":"2017-08-24T22:40:07","modified_gmt":"2017-08-24T20:40:07","slug":"rivenditori","status":"publish","type":"page","link":"https:\/\/www.cgmouthpiece.it\/en\/rivenditori\/","title":{"rendered":"Dealers"},"content":{"rendered":"<p>[vc_row bg_type=&#8221;image&#8221; parallax_style=&#8221;vcpb-default&#8221; bg_image_new=&#8221;id^20118|url^https:\/\/www.cgmouthpiece.it\/wp-content\/uploads\/2016\/03\/P7210430.jpg|caption^OLYMPUS DIGITAL CAMERA|alt^null|title^OLYMPUS DIGITAL CAMERA|description^null&#8221; bg_image_repeat=&#8221;no-repeat&#8221; bg_img_attach=&#8221;fixed&#8221; bg_override=&#8221;full&#8221; el_class=&#8221;section-breadcrumbs&#8221;][vc_column width=&#8221;1\/4&#8243;][\/vc_column][vc_column width=&#8221;1\/2&#8243;][vc_column_text]<\/p>\n<h1 style=\"text-align: center;\">Dealers<\/h1>\n<hr class=\"horizontal-break small\" style=\"background-color: #000000;\" \/>\n<h2 style=\"text-align: center;\">Find CG Mouthpiece Italy mouthpieces for sax dealers worldwide<\/h2>\n<p>[\/vc_column_text][\/vc_column][vc_column width=&#8221;1\/4&#8243;][\/vc_column][\/vc_row][vc_row][vc_column][vc_empty_space][vc_text_separator title=&#8221;SPAIN&#8221; title_align=&#8221;separator_align_left&#8221;][vc_row_inner][vc_column_inner width=&#8221;1\/2&#8243;][vc_single_image image=&#8221;19644&#8243; img_size=&#8221;full&#8221;][\/vc_column_inner][vc_column_inner width=&#8221;1\/2&#8243;][vc_column_text]<\/p>\n<h3>SAX ON<\/h3>\n<p>Bol\u00edvar 35 &#8211; 08023, Barcelona<\/p>\n<p><strong>Phone<\/strong> +34 931 051 444<br \/>\n<a href=\"http:\/\/www.sax-on.com\" target=\"_blank\" rel=\"noopener noreferrer\">www.sax-on.com<\/a> &#8211; <a href=\"mailto:info@sax-on.com\">info@sax-on.com<\/a>[\/vc_column_text][\/vc_column_inner][\/vc_row_inner][vc_text_separator title=&#8221;USA&#8221; title_align=&#8221;separator_align_left&#8221;][vc_row_inner][vc_column_inner width=&#8221;1\/2&#8243;][vc_single_image image=&#8221;19646&#8243; img_size=&#8221;full&#8221;][\/vc_column_inner][vc_column_inner width=&#8221;1\/2&#8243;][vc_column_text]<\/p>\n<h3>ROBERTO&#8217;S WINDS<\/h3>\n<p>149 West 46th Street &#8211; New York, NY 10036<\/p>\n<p><strong>Toll free<\/strong> (888) 7676-SAX<br \/>\n<strong>Phone<\/strong> (212) 391-1315<strong> &#8211; <\/strong>(646) 366-0240<br \/>\n<a href=\"http:\/\/www.robertoswinds.com\" target=\"_blank\" rel=\"noopener noreferrer\">www.robertoswinds.com<\/a> &#8211; <a href=\"mailto:info@robertoswinds.com\">info@robertoswinds.com<\/a>[\/vc_column_text][\/vc_column_inner][\/vc_row_inner][vc_text_separator title=&#8221;ITALY&#8221; title_align=&#8221;separator_align_left&#8221;][vc_row_inner][vc_column_inner width=&#8221;1\/2&#8243;][vc_single_image image=&#8221;20937&#8243; img_size=&#8221;full&#8221;][\/vc_column_inner][vc_column_inner width=&#8221;1\/2&#8243;][vc_column_text]<\/p>\n<h3>SCAVINO<\/h3>\n<p>Via Ormea, 66 &#8211; 10125\u00a0Torino<\/p>\n<p><strong>Phone<\/strong> +39 011 6694604<br \/>\n<strong>Fax<\/strong> +39 011 6504000<br \/>\n<a href=\"http:\/\/www.scavino.it\/\">www.scavino.it<\/a>\u00a0&#8211; <a href=\"mailto:info@scavino.it\">info@scavino.it<\/a>[\/vc_column_text][\/vc_column_inner][\/vc_row_inner][vc_text_separator title=&#8221;&#8221; title_align=&#8221;separator_align_left&#8221;][vc_row_inner][vc_column_inner width=&#8221;1\/2&#8243;][vc_single_image image=&#8221;19647&#8243; img_size=&#8221;full&#8221;][\/vc_column_inner][vc_column_inner width=&#8221;1\/2&#8243;][vc_column_text]<\/p>\n<h3>DAMPI<\/h3>\n<p>Via Ghislandi, 55 &#8211; 24125 Bergamo<\/p>\n<p><strong>Phone<\/strong> +39 035 247 766<br \/>\n<strong>Fax<\/strong> +39 035 211865<br \/>\n<a href=\"http:\/\/www.dampi.it\/it\">www.dampi.it\/it<\/a> &#8211; <a href=\"mailto:inFO@DAMPI.it\">info@dampi.it<\/a>[\/vc_column_text][\/vc_column_inner][\/vc_row_inner][vc_text_separator title=&#8221;&#8221; title_align=&#8221;separator_align_left&#8221;][vc_row_inner][vc_column_inner width=&#8221;1\/2&#8243;][vc_single_image image=&#8221;19648&#8243; img_size=&#8221;full&#8221;][\/vc_column_inner][vc_column_inner width=&#8221;1\/2&#8243;][vc_column_text]<\/p>\n<h3>TITAN MUSIC Spa<\/h3>\n<p>Via Olivella, 114 &#8211; 47899 Serravalle<\/p>\n<p><strong>Phone<\/strong> +39 0549 901011<br \/>\n<strong>Fax<\/strong> +39 0549 901568<br \/>\n<a href=\"http:\/\/www.music-in.com\" target=\"_blank\" rel=\"noopener noreferrer\">www.music-in.com<\/a>[\/vc_column_text][\/vc_column_inner][\/vc_row_inner][vc_text_separator title=&#8221;&#8221; title_align=&#8221;separator_align_left&#8221;][vc_row_inner][vc_column_inner width=&#8221;1\/2&#8243;][vc_single_image image=&#8221;19720&#8243; img_size=&#8221;medium&#8221;][\/vc_column_inner][vc_column_inner width=&#8221;1\/2&#8243;][vc_column_text]<\/p>\n<h3>MUSIC LAB di C. SANTALUNA<\/h3>\n<p>Via Cavour, 61 &#8211; 90133 Palermo<\/p>\n<p><strong>Phone\/Fax<\/strong> +39 091 334635 &#8211; +39 3291650261<br \/>\n<a href=\"http:\/\/www.santaluna.it\" target=\"_blank\" rel=\"noopener noreferrer\">www.santaluna.it<\/a> &#8211; <a href=\"mailto:musiclab@santaluna.it\" target=\"_blank\" rel=\"noopener noreferrer\">musiclab@santaluna.it<\/a>[\/vc_column_text][\/vc_column_inner][\/vc_row_inner][vc_text_separator title=&#8221;JAPAN&#8221; title_align=&#8221;separator_align_left&#8221;][vc_row_inner][vc_column_inner width=&#8221;1\/2&#8243;][vc_single_image image=&#8221;19650&#8243; img_size=&#8221;full&#8221;][\/vc_column_inner][vc_column_inner width=&#8221;1\/2&#8243;][vc_column_text]<\/p>\n<h3>GAKKIDO Co.,Ltd.<\/h3>\n<p>17-21 Sagami-cho, Kochi-city, Kochi-ken 780-0047<\/p>\n<p><strong>Phone<\/strong> #81-88-824-1840<br \/>\n<strong>Fax<\/strong> #81-88-824-1846<br \/>\n<a href=\"http:\/\/www.sax-fun.com\" target=\"_blank\" rel=\"noopener noreferrer\">www.sax-fun.com<\/a> &#8211; <a href=\"http:\/\/www.gakkido.jp\" target=\"_blank\" rel=\"noopener noreferrer\">www.gakkido.jp<\/a> &#8211; <a href=\"mailto:biz@gakkido.jp\">biz@gakkido.jp<\/a>[\/vc_column_text][\/vc_column_inner][\/vc_row_inner][vc_text_separator title=&#8221;BRAZIL&#8221; title_align=&#8221;separator_align_left&#8221;][vc_row_inner][vc_column_inner width=&#8221;1\/2&#8243;][vc_single_image image=&#8221;21129&#8243; img_size=&#8221;full&#8221;][\/vc_column_inner][vc_column_inner width=&#8221;1\/2&#8243;][vc_column_text]<\/p>\n<h3>GRILO MUSICAL IMPORTADORA DE INSTRUMENTOS MUSICAIS EIRELI<\/h3>\n<p>Brazil<\/p>\n<p><a href=\"http:\/\/www.grilomusical.com.br\" target=\"_blank\" rel=\"noopener noreferrer\">www.grilomusical.com.br<\/a>\u00a0&#8211;\u00a0<a href=\"mailto:fernando@grilomusical.com.br\">fernando@grilomusical.com.br<\/a>[\/vc_column_text][\/vc_column_inner][\/vc_row_inner][vc_text_separator title=&#8221;DISTRIBUTION PARTNER OUTSIDE ITALY&#8221; title_align=&#8221;separator_align_left&#8221;][vc_single_image image=&#8221;21134&#8243; img_size=&#8221;full&#8221;][vc_column_text]<\/p>\n<h3>Rampone &amp; Cazzani &#8211;\u00a0handmade italian saxophones<\/h3>\n<p>Italy<\/p>\n<p><a href=\"http:\/\/www.ramponecazzani.com\/\" target=\"_blank\" rel=\"noopener noreferrer\">www.ramponecazzani.com<\/a>[\/vc_column_text][\/vc_column][\/vc_row][vc_row][vc_column][vc_empty_space][vc_cta h2=&#8221;Contact us&#8221; h4=&#8221;to become a dealer&#8221; add_button=&#8221;right&#8221; btn_title=&#8221;sales@cgmouthpiece.it&#8221; btn_align=&#8221;right&#8221; btn_css_animation=&#8221;appear&#8221; btn_button_block=&#8221;true&#8221; btn_link=&#8221;url:mailto%3Asales%40cgmouthpiece.it|title:sales%40cgmouthpiece.it|&#8221;]<strong>+39 0321923110<\/strong>[\/vc_cta][vc_column_text]La nostra passione per la musica da sempre ci fornisce la giusta ispirazione nella produzione di articoli artigianali dedicati a sassofonisti di ogni provenienza per genere e stile. Una passione che dal 2012 ha unito le pi\u00f9 alte competenze tecniche di chi lavora da pi\u00f9 di trent\u2019anni nel campo della meccanica di precisione a chi si dedica al mondo del sax da anni e ne ha fatto strumento d\u2019elezione per una personale ricerca musicale. CG Mouthpiece Italy si pone come obiettivo la produzione di imboccature ed articoli per sax in linea con le esigenze del sassofonista contemporaneo, sia che si affacci al mondo del sax come studente che esige il massimo della qualit\u00e0 fin dall\u2019inizio o sia che sia gi\u00e0 un professionista alla ricerca di nuovi colori timbrici o desideri semplicemente un prodotto artigianale unico.<\/p>\n<p>I nostri rivenditori condividono questa nostra grande passione, per il fine artigianato italiano come per le tecniche di lavorazione pensate non per i grandi numeri e che fanno quindi affidamento su una ricerca di qualit\u00e0 che parte innanzitutto dalla scelta di pregiate materie prime e prosegue con il meglio che il made in Italy di qualit\u00e0 pu\u00f2 offrire.<\/p>\n<p>Se anche tu hai un negozio di strumenti musicali e vuoi dare ai tuoi clienti la possibilit\u00e0 di provare i nostri articoli non esitare a contattarci inviando una mail a <a href=\"mailto:sales@cgmouthpiece.it\"><strong>sales@cgmouthpiece.it<\/strong><\/a> o chiamandoci al numero <strong>+39 0321923110.<\/strong>[\/vc_column_text][\/vc_column][\/vc_row]<\/p>","protected":false},"excerpt":{"rendered":"<p>&#8230;<\/p>\n","protected":false},"author":1,"featured_media":0,"parent":0,"menu_order":0,"comment_status":"closed","ping_status":"closed","template":"","meta":[],"acf":[],"yoast_head":"<!-- This site is optimized with the Yoast SEO plugin v18.3 - https:\/\/yoast.com\/wordpress\/plugins\/seo\/ -->\n<title>Trova i rivenditori di imboccature per sax CG Mouthpiece<\/title>\n<meta name=\"description\" content=\"Scopri tutti i nostri rivenditori nel mondo. Affidati ad un prodotto originale e fatto a mano come i becchi per saxofono CG Mouthpiece Italy.\" \/>\n<meta name=\"robots\" content=\"index, follow, max-snippet:-1, max-image-preview:large, max-video-preview:-1\" \/>\n<link rel=\"canonical\" href=\"https:\/\/www.cgmouthpiece.it\/rivenditori\/\" \/>\n<meta property=\"og:locale\" content=\"en_US\" \/>\n<meta property=\"og:type\" content=\"article\" \/>\n<meta property=\"og:title\" content=\"Trova i rivenditori di imboccature per sax CG Mouthpiece\" \/>\n<meta property=\"og:description\" content=\"Scopri tutti i nostri rivenditori nel mondo. Affidati ad un prodotto originale e fatto a mano come i becchi per saxofono CG Mouthpiece Italy.\" \/>\n<meta property=\"og:url\" content=\"https:\/\/www.cgmouthpiece.it\/rivenditori\/\" \/>\n<meta property=\"og:site_name\" content=\"CG MouthPiece\" \/>\n<meta property=\"article:publisher\" content=\"https:\/\/www.facebook.com\/cgmouthpiece.it\/\" \/>\n<meta property=\"article:modified_time\" content=\"2017-08-24T20:40:07+00:00\" \/>\n<meta name=\"twitter:card\" content=\"summary\" \/>\n<meta name=\"twitter:label1\" content=\"Est. reading time\" \/>\n\t<meta name=\"twitter:data1\" content=\"18 minutes\" \/>\n<script type=\"application\/ld+json\" class=\"yoast-schema-graph\">{\"@context\":\"https:\/\/schema.org\",\"@graph\":[{\"@type\":\"WebSite\",\"@id\":\"https:\/\/www.cgmouthpiece.it\/#website\",\"url\":\"https:\/\/www.cgmouthpiece.it\/\",\"name\":\"CG MouthPiece\",\"description\":\"Best handcrafted mouthpieces made in Italy!\",\"potentialAction\":[{\"@type\":\"SearchAction\",\"target\":{\"@type\":\"EntryPoint\",\"urlTemplate\":\"https:\/\/www.cgmouthpiece.it\/?s={search_term_string}\"},\"query-input\":\"required name=search_term_string\"}],\"inLanguage\":\"en-US\"},{\"@type\":\"WebPage\",\"@id\":\"https:\/\/www.cgmouthpiece.it\/rivenditori\/#webpage\",\"url\":\"https:\/\/www.cgmouthpiece.it\/rivenditori\/\",\"name\":\"Trova i rivenditori di imboccature per sax CG Mouthpiece\",\"isPartOf\":{\"@id\":\"https:\/\/www.cgmouthpiece.it\/#website\"},\"datePublished\":\"2016-03-22T10:13:26+00:00\",\"dateModified\":\"2017-08-24T20:40:07+00:00\",\"description\":\"Scopri tutti i nostri rivenditori nel mondo. Affidati ad un prodotto originale e fatto a mano come i becchi per saxofono CG Mouthpiece Italy.\",\"breadcrumb\":{\"@id\":\"https:\/\/www.cgmouthpiece.it\/rivenditori\/#breadcrumb\"},\"inLanguage\":\"en-US\",\"potentialAction\":[{\"@type\":\"ReadAction\",\"target\":[\"https:\/\/www.cgmouthpiece.it\/rivenditori\/\"]}]},{\"@type\":\"BreadcrumbList\",\"@id\":\"https:\/\/www.cgmouthpiece.it\/rivenditori\/#breadcrumb\",\"itemListElement\":[{\"@type\":\"ListItem\",\"position\":1,\"name\":\"Home\",\"item\":\"https:\/\/www.cgmouthpiece.it\/\"},{\"@type\":\"ListItem\",\"position\":2,\"name\":\"Rivenditori\"}]}]}<\/script>\n<!-- \/ Yoast SEO plugin. -->","yoast_head_json":{"title":"Trova i rivenditori di imboccature per sax CG Mouthpiece","description":"Scopri tutti i nostri rivenditori nel mondo. Affidati ad un prodotto originale e fatto a mano come i becchi per saxofono CG Mouthpiece Italy.","robots":{"index":"index","follow":"follow","max-snippet":"max-snippet:-1","max-image-preview":"max-image-preview:large","max-video-preview":"max-video-preview:-1"},"canonical":"https:\/\/www.cgmouthpiece.it\/rivenditori\/","og_locale":"en_US","og_type":"article","og_title":"Trova i rivenditori di imboccature per sax CG Mouthpiece","og_description":"Scopri tutti i nostri rivenditori nel mondo. Affidati ad un prodotto originale e fatto a mano come i becchi per saxofono CG Mouthpiece Italy.","og_url":"https:\/\/www.cgmouthpiece.it\/rivenditori\/","og_site_name":"CG MouthPiece","article_publisher":"https:\/\/www.facebook.com\/cgmouthpiece.it\/","article_modified_time":"2017-08-24T20:40:07+00:00","twitter_card":"summary","twitter_misc":{"Est. reading time":"18 minutes"},"schema":{"@context":"https:\/\/schema.org","@graph":[{"@type":"WebSite","@id":"https:\/\/www.cgmouthpiece.it\/#website","url":"https:\/\/www.cgmouthpiece.it\/","name":"CG MouthPiece","description":"Best handcrafted mouthpieces made in Italy!","potentialAction":[{"@type":"SearchAction","target":{"@type":"EntryPoint","urlTemplate":"https:\/\/www.cgmouthpiece.it\/?s={search_term_string}"},"query-input":"required name=search_term_string"}],"inLanguage":"en-US"},{"@type":"WebPage","@id":"https:\/\/www.cgmouthpiece.it\/rivenditori\/#webpage","url":"https:\/\/www.cgmouthpiece.it\/rivenditori\/","name":"Trova i rivenditori di imboccature per sax CG Mouthpiece","isPartOf":{"@id":"https:\/\/www.cgmouthpiece.it\/#website"},"datePublished":"2016-03-22T10:13:26+00:00","dateModified":"2017-08-24T20:40:07+00:00","description":"Scopri tutti i nostri rivenditori nel mondo. Affidati ad un prodotto originale e fatto a mano come i becchi per saxofono CG Mouthpiece Italy.","breadcrumb":{"@id":"https:\/\/www.cgmouthpiece.it\/rivenditori\/#breadcrumb"},"inLanguage":"en-US","potentialAction":[{"@type":"ReadAction","target":["https:\/\/www.cgmouthpiece.it\/rivenditori\/"]}]},{"@type":"BreadcrumbList","@id":"https:\/\/www.cgmouthpiece.it\/rivenditori\/#breadcrumb","itemListElement":[{"@type":"ListItem","position":1,"name":"Home","item":"https:\/\/www.cgmouthpiece.it\/"},{"@type":"ListItem","position":2,"name":"Rivenditori"}]}]}},"_links":{"self":[{"href":"https:\/\/www.cgmouthpiece.it\/en\/wp-json\/wp\/v2\/pages\/19640"}],"collection":[{"href":"https:\/\/www.cgmouthpiece.it\/en\/wp-json\/wp\/v2\/pages"}],"about":[{"href":"https:\/\/www.cgmouthpiece.it\/en\/wp-json\/wp\/v2\/types\/page"}],"author":[{"embeddable":true,"href":"https:\/\/www.cgmouthpiece.it\/en\/wp-json\/wp\/v2\/users\/1"}],"replies":[{"embeddable":true,"href":"https:\/\/www.cgmouthpiece.it\/en\/wp-json\/wp\/v2\/comments?post=19640"}],"version-history":[{"count":59,"href":"https:\/\/www.cgmouthpiece.it\/en\/wp-json\/wp\/v2\/pages\/19640\/revisions"}],"predecessor-version":[{"id":21136,"href":"https:\/\/www.cgmouthpiece.it\/en\/wp-json\/wp\/v2\/pages\/19640\/revisions\/21136"}],"wp:attachment":[{"href":"https:\/\/www.cgmouthpiece.it\/en\/wp-json\/wp\/v2\/media?parent=19640"}],"curies":[{"name":"wp","href":"https:\/\/api.w.org\/{rel}","templated":true}]}}