{"id":19714,"date":"2016-03-31T12:02:49","date_gmt":"2016-03-31T10:02:49","guid":{"rendered":"https:\/\/www.cgmouthpiece.it\/?post_type=product&#038;p=19714"},"modified":"2024-08-26T12:02:47","modified_gmt":"2024-08-26T10:02:47","slug":"custodia-in-pelle","status":"publish","type":"product","link":"https:\/\/www.cgmouthpiece.it\/en\/prodotto\/custodia-in-pelle\/","title":{"rendered":"Leather Case"},"content":{"rendered":"","protected":false},"excerpt":{"rendered":"<p>The case for CG Mouthpiece Italy mouthpieces is completely handmade of top quality soft leather. Thus, its manufacturing is authentically artisanal, in accordance with the best Italian leather processing traditions. It has no metal parts, such as buttons or clips, so that it can be put in the saxophone bell without damaging it and leaving enough space for inserting the chiver, in case of need. It can hold mouthpieces for soprano, alto and tenor saxophones, also with ligatures on. Our case has two side pockets, convenient for carrying your favourite reed along with the mouthpiece.<\/p>\n","protected":false},"featured_media":19716,"comment_status":"closed","ping_status":"closed","template":"","meta":[],"product_cat":[17],"product_tag":[],"acf":[],"yoast_head":"<!-- This site is optimized with the Yoast SEO plugin v18.3 - https:\/\/yoast.com\/wordpress\/plugins\/seo\/ -->\n<title>Leather Case - CG MouthPiece<\/title>\n<meta name=\"robots\" content=\"index, follow, max-snippet:-1, max-image-preview:large, max-video-preview:-1\" \/>\n<link rel=\"canonical\" href=\"https:\/\/www.cgmouthpiece.it\/prodotto\/custodia-in-pelle\/\" \/>\n<meta property=\"og:locale\" content=\"en_US\" \/>\n<meta property=\"og:type\" content=\"article\" \/>\n<meta property=\"og:title\" content=\"[:it]Custodia in pelle[:en]Leather Case[:fr]Pochette en cuir[:es]Estuche con piel[:] - CG MouthPiece\" \/>\n<meta property=\"og:description\" content=\"[:it]La custodia per imboccature CG Mouthpiece Italy \u00e8 realizzata interamente a mano in morbida pelle della migliore qualit\u00e0. La fattura \u00e8 quindi squisitamente artigianale nella miglior tradizione della lavorazioni in pelle made in Italy. E\u2019 priva di parti metalliche come bottoni o clips per poter essere inserita nella campana del sax senza danneggiarla lasciando, per chi ne avesse la necessit\u00e0, sufficiente spazio per l\u2019inserimento del chiver. Pu\u00f2 contenere imboccature per sax soprano, alto e tenore anche con montata la legatura. La nostra custodia \u00e8 dotata di tue tasche laterali, comode per avere sempre con s\u00e9 l\u2019ancia preferita insieme all\u2019imboccatura.[:en]The case for CG Mouthpiece Italy mouthpieces is completely handmade of top quality soft leather. Thus, its manufacturing is authentically artisanal, in accordance with the best Italian leather processing traditions. It has no metal parts, such as buttons or clips, so that it can be put in the saxophone bell without damaging it and leaving enough space for inserting the chiver, in case of need. It can hold mouthpieces for soprano, alto and tenor saxophones, also with ligatures on. Our case has two side pockets, convenient for carrying your favourite reed along with the mouthpiece.[:fr]La pochette pour becs CG Mouthpiece Italy est r\u00e9alis\u00e9e enti\u00e8rement \u00e0 la main avec du cuir souple de la meilleure qualit\u00e9.\u00a0 Elle est fabriqu\u00e9e artisanalement en suivant la meilleure tradition du travail du cuir Made in Italy. Elle est sans parties m\u00e9talliques, ni boutons, ni clips pour pouvoir \u00eatre ins\u00e9r\u00e9e dans le pavillon du saxophone sans l\u2019ab\u00eemer en laissant, pour ceux qui en ont besoin, l\u2019espace n\u00e9cessaire pour le bocal coud\u00e9. Elle peut contenir des becs pour saxophone soprano, alto et t\u00e9nor sans enlever la ligature.\u00a0 Notre pochette est dot\u00e9e de deux poches lat\u00e9rales pratiques pour porter toujours avec soi l\u2019anche pr\u00e9f\u00e9r\u00e9e.[:es]El estuche para boquillas CG Mouthpiece Italy se ha realizado completamente a mano con piel suave de la mejor calidad. Por lo tanto se trata de un hermoso trabajo artesanal, en la mejor tradici\u00f3n de la elaboraci\u00f3n de la piel al estilo italiano. Est\u00e1 libre de partes met\u00e1licas como botones o clips para poder introducirse en la campana del saxo sin da\u00f1arla dejando, para los que tengan esta necesidad, un espacio suficiente para la introducci\u00f3n del chiver. Puede contener boquillas para saxo soprano, alto y tenor, tambi\u00e9n con la ligadura montada. Nuestro estuche se ha equipado con dos bolsillos laterales, c\u00f3modos para tener siempre al alcance la leng\u00fceta favorita junto con la boquilla.[:]\" \/>\n<meta property=\"og:url\" content=\"https:\/\/www.cgmouthpiece.it\/prodotto\/custodia-in-pelle\/\" \/>\n<meta property=\"og:site_name\" content=\"CG MouthPiece\" \/>\n<meta property=\"article:publisher\" content=\"https:\/\/www.facebook.com\/cgmouthpiece.it\/\" \/>\n<meta property=\"article:modified_time\" content=\"2024-08-26T10:02:47+00:00\" \/>\n<meta property=\"og:image\" content=\"https:\/\/www.cgmouthpiece.it\/wp-content\/uploads\/2016\/03\/casePelleMetal.jpg\" \/>\n\t<meta property=\"og:image:width\" content=\"700\" \/>\n\t<meta property=\"og:image:height\" content=\"874\" \/>\n\t<meta property=\"og:image:type\" content=\"image\/jpeg\" \/>\n<meta name=\"twitter:card\" content=\"summary\" \/>\n<script type=\"application\/ld+json\" class=\"yoast-schema-graph\">{\"@context\":\"https:\/\/schema.org\",\"@graph\":[{\"@type\":\"WebSite\",\"@id\":\"https:\/\/www.cgmouthpiece.it\/#website\",\"url\":\"https:\/\/www.cgmouthpiece.it\/\",\"name\":\"CG MouthPiece\",\"description\":\"Best handcrafted mouthpieces made in Italy!\",\"potentialAction\":[{\"@type\":\"SearchAction\",\"target\":{\"@type\":\"EntryPoint\",\"urlTemplate\":\"https:\/\/www.cgmouthpiece.it\/?s={search_term_string}\"},\"query-input\":\"required name=search_term_string\"}],\"inLanguage\":\"en-US\"},{\"@type\":\"ImageObject\",\"@id\":\"https:\/\/www.cgmouthpiece.it\/prodotto\/custodia-in-pelle\/#primaryimage\",\"inLanguage\":\"en-US\",\"url\":\"https:\/\/www.cgmouthpiece.it\/wp-content\/uploads\/2016\/03\/casePelleMetal.jpg\",\"contentUrl\":\"https:\/\/www.cgmouthpiece.it\/wp-content\/uploads\/2016\/03\/casePelleMetal.jpg\",\"width\":700,\"height\":874,\"caption\":\"casePelle+Metal\"},{\"@type\":\"WebPage\",\"@id\":\"https:\/\/www.cgmouthpiece.it\/prodotto\/custodia-in-pelle\/#webpage\",\"url\":\"https:\/\/www.cgmouthpiece.it\/prodotto\/custodia-in-pelle\/\",\"name\":\"[:it]Custodia in pelle[:en]Leather Case[:fr]Pochette en cuir[:es]Estuche con piel[:] - CG MouthPiece\",\"isPartOf\":{\"@id\":\"https:\/\/www.cgmouthpiece.it\/#website\"},\"primaryImageOfPage\":{\"@id\":\"https:\/\/www.cgmouthpiece.it\/prodotto\/custodia-in-pelle\/#primaryimage\"},\"datePublished\":\"2016-03-31T10:02:49+00:00\",\"dateModified\":\"2024-08-26T10:02:47+00:00\",\"breadcrumb\":{\"@id\":\"https:\/\/www.cgmouthpiece.it\/prodotto\/custodia-in-pelle\/#breadcrumb\"},\"inLanguage\":\"en-US\",\"potentialAction\":[{\"@type\":\"ReadAction\",\"target\":[\"https:\/\/www.cgmouthpiece.it\/prodotto\/custodia-in-pelle\/\"]}]},{\"@type\":\"BreadcrumbList\",\"@id\":\"https:\/\/www.cgmouthpiece.it\/prodotto\/custodia-in-pelle\/#breadcrumb\",\"itemListElement\":[{\"@type\":\"ListItem\",\"position\":1,\"name\":\"Home\",\"item\":\"https:\/\/www.cgmouthpiece.it\/\"},{\"@type\":\"ListItem\",\"position\":2,\"name\":\"Store\",\"item\":\"https:\/\/www.cgmouthpiece.it\/store\/\"},{\"@type\":\"ListItem\",\"position\":3,\"name\":\"Custodia in pelle\"}]}]}<\/script>\n<!-- \/ Yoast SEO plugin. -->","yoast_head_json":{"title":"[:it]Custodia in pelle[:en]Leather Case[:fr]Pochette en cuir[:es]Estuche con piel[:] - CG MouthPiece","robots":{"index":"index","follow":"follow","max-snippet":"max-snippet:-1","max-image-preview":"max-image-preview:large","max-video-preview":"max-video-preview:-1"},"canonical":"https:\/\/www.cgmouthpiece.it\/prodotto\/custodia-in-pelle\/","og_locale":"en_US","og_type":"article","og_title":"[:it]Custodia in pelle[:en]Leather Case[:fr]Pochette en cuir[:es]Estuche con piel[:] - CG MouthPiece","og_description":"[:it]La custodia per imboccature CG Mouthpiece Italy \u00e8 realizzata interamente a mano in morbida pelle della migliore qualit\u00e0. La fattura \u00e8 quindi squisitamente artigianale nella miglior tradizione della lavorazioni in pelle made in Italy. E\u2019 priva di parti metalliche come bottoni o clips per poter essere inserita nella campana del sax senza danneggiarla lasciando, per chi ne avesse la necessit\u00e0, sufficiente spazio per l\u2019inserimento del chiver. Pu\u00f2 contenere imboccature per sax soprano, alto e tenore anche con montata la legatura. La nostra custodia \u00e8 dotata di tue tasche laterali, comode per avere sempre con s\u00e9 l\u2019ancia preferita insieme all\u2019imboccatura.[:en]The case for CG Mouthpiece Italy mouthpieces is completely handmade of top quality soft leather. Thus, its manufacturing is authentically artisanal, in accordance with the best Italian leather processing traditions. It has no metal parts, such as buttons or clips, so that it can be put in the saxophone bell without damaging it and leaving enough space for inserting the chiver, in case of need. It can hold mouthpieces for soprano, alto and tenor saxophones, also with ligatures on. Our case has two side pockets, convenient for carrying your favourite reed along with the mouthpiece.[:fr]La pochette pour becs CG Mouthpiece Italy est r\u00e9alis\u00e9e enti\u00e8rement \u00e0 la main avec du cuir souple de la meilleure qualit\u00e9.\u00a0 Elle est fabriqu\u00e9e artisanalement en suivant la meilleure tradition du travail du cuir Made in Italy. Elle est sans parties m\u00e9talliques, ni boutons, ni clips pour pouvoir \u00eatre ins\u00e9r\u00e9e dans le pavillon du saxophone sans l\u2019ab\u00eemer en laissant, pour ceux qui en ont besoin, l\u2019espace n\u00e9cessaire pour le bocal coud\u00e9. Elle peut contenir des becs pour saxophone soprano, alto et t\u00e9nor sans enlever la ligature.\u00a0 Notre pochette est dot\u00e9e de deux poches lat\u00e9rales pratiques pour porter toujours avec soi l\u2019anche pr\u00e9f\u00e9r\u00e9e.[:es]El estuche para boquillas CG Mouthpiece Italy se ha realizado completamente a mano con piel suave de la mejor calidad. Por lo tanto se trata de un hermoso trabajo artesanal, en la mejor tradici\u00f3n de la elaboraci\u00f3n de la piel al estilo italiano. Est\u00e1 libre de partes met\u00e1licas como botones o clips para poder introducirse en la campana del saxo sin da\u00f1arla dejando, para los que tengan esta necesidad, un espacio suficiente para la introducci\u00f3n del chiver. Puede contener boquillas para saxo soprano, alto y tenor, tambi\u00e9n con la ligadura montada. Nuestro estuche se ha equipado con dos bolsillos laterales, c\u00f3modos para tener siempre al alcance la leng\u00fceta favorita junto con la boquilla.[:]","og_url":"https:\/\/www.cgmouthpiece.it\/prodotto\/custodia-in-pelle\/","og_site_name":"CG MouthPiece","article_publisher":"https:\/\/www.facebook.com\/cgmouthpiece.it\/","article_modified_time":"2024-08-26T10:02:47+00:00","og_image":[{"width":700,"height":874,"url":"https:\/\/www.cgmouthpiece.it\/wp-content\/uploads\/2016\/03\/casePelleMetal.jpg","type":"image\/jpeg"}],"twitter_card":"summary","schema":{"@context":"https:\/\/schema.org","@graph":[{"@type":"WebSite","@id":"https:\/\/www.cgmouthpiece.it\/#website","url":"https:\/\/www.cgmouthpiece.it\/","name":"CG MouthPiece","description":"Best handcrafted mouthpieces made in Italy!","potentialAction":[{"@type":"SearchAction","target":{"@type":"EntryPoint","urlTemplate":"https:\/\/www.cgmouthpiece.it\/?s={search_term_string}"},"query-input":"required name=search_term_string"}],"inLanguage":"en-US"},{"@type":"ImageObject","@id":"https:\/\/www.cgmouthpiece.it\/prodotto\/custodia-in-pelle\/#primaryimage","inLanguage":"en-US","url":"https:\/\/www.cgmouthpiece.it\/wp-content\/uploads\/2016\/03\/casePelleMetal.jpg","contentUrl":"https:\/\/www.cgmouthpiece.it\/wp-content\/uploads\/2016\/03\/casePelleMetal.jpg","width":700,"height":874,"caption":"casePelle+Metal"},{"@type":"WebPage","@id":"https:\/\/www.cgmouthpiece.it\/prodotto\/custodia-in-pelle\/#webpage","url":"https:\/\/www.cgmouthpiece.it\/prodotto\/custodia-in-pelle\/","name":"[:it]Custodia in pelle[:en]Leather Case[:fr]Pochette en cuir[:es]Estuche con piel[:] - CG MouthPiece","isPartOf":{"@id":"https:\/\/www.cgmouthpiece.it\/#website"},"primaryImageOfPage":{"@id":"https:\/\/www.cgmouthpiece.it\/prodotto\/custodia-in-pelle\/#primaryimage"},"datePublished":"2016-03-31T10:02:49+00:00","dateModified":"2024-08-26T10:02:47+00:00","breadcrumb":{"@id":"https:\/\/www.cgmouthpiece.it\/prodotto\/custodia-in-pelle\/#breadcrumb"},"inLanguage":"en-US","potentialAction":[{"@type":"ReadAction","target":["https:\/\/www.cgmouthpiece.it\/prodotto\/custodia-in-pelle\/"]}]},{"@type":"BreadcrumbList","@id":"https:\/\/www.cgmouthpiece.it\/prodotto\/custodia-in-pelle\/#breadcrumb","itemListElement":[{"@type":"ListItem","position":1,"name":"Home","item":"https:\/\/www.cgmouthpiece.it\/"},{"@type":"ListItem","position":2,"name":"Store","item":"https:\/\/www.cgmouthpiece.it\/store\/"},{"@type":"ListItem","position":3,"name":"Custodia in pelle"}]}]}},"_links":{"self":[{"href":"https:\/\/www.cgmouthpiece.it\/en\/wp-json\/wp\/v2\/product\/19714"}],"collection":[{"href":"https:\/\/www.cgmouthpiece.it\/en\/wp-json\/wp\/v2\/product"}],"about":[{"href":"https:\/\/www.cgmouthpiece.it\/en\/wp-json\/wp\/v2\/types\/product"}],"replies":[{"embeddable":true,"href":"https:\/\/www.cgmouthpiece.it\/en\/wp-json\/wp\/v2\/comments?post=19714"}],"wp:featuredmedia":[{"embeddable":true,"href":"https:\/\/www.cgmouthpiece.it\/en\/wp-json\/wp\/v2\/media\/19716"}],"wp:attachment":[{"href":"https:\/\/www.cgmouthpiece.it\/en\/wp-json\/wp\/v2\/media?parent=19714"}],"wp:term":[{"taxonomy":"product_cat","embeddable":true,"href":"https:\/\/www.cgmouthpiece.it\/en\/wp-json\/wp\/v2\/product_cat?post=19714"},{"taxonomy":"product_tag","embeddable":true,"href":"https:\/\/www.cgmouthpiece.it\/en\/wp-json\/wp\/v2\/product_tag?post=19714"}],"curies":[{"name":"wp","href":"https:\/\/api.w.org\/{rel}","templated":true}]}}