{"id":19768,"date":"2016-04-04T10:54:12","date_gmt":"2016-04-04T08:54:12","guid":{"rendered":"https:\/\/www.cgmouthpiece.it\/?post_type=product&#038;p=19768"},"modified":"2021-04-06T17:56:27","modified_gmt":"2021-04-06T15:56:27","slug":"infinito-ebanite","status":"publish","type":"product","link":"https:\/\/www.cgmouthpiece.it\/en\/prodotto\/infinito-ebanite\/","title":{"rendered":"Infinito tenor ebonite &#8211; serie II"},"content":{"rendered":"","protected":false},"excerpt":{"rendered":"<p>The Infinito model for tenor saxophone is the darkest of CG Mouthpiece Italy mouthpieces. It was designed with the intention of creating a dark model with a great projection. For a dark mouthpiece, the Infinito model has a very rich timber, not dull at all. Without a baffle \u2013 except a light and almost undetectable roll-over baffle on the tip \u2013 it has a medium chamber that provides the sound with great focus. The chamber was designed in order to provide the sound depth of a big chamber, while maintaining the typical projection and focus of a medium chamber. The window walls are slightly concave and seamlessly flow into the medium chamber. The Infinito model was designed for saxophonists who look for a full and dark sound, characterized by excellent focus and timbre richness that provide this model with excellent features and an unusual character for a mouthpiece that can be classified as \u201cdark\u201d.<\/p>\n<p class=\"p1\"><span class=\"s1\">Rovner Ligature &amp; cap included.<\/span><\/p>\n<hr \/>\n<h5>media (Infinito ebonite 8* &#8211; <em>performed by Claudio Guida<\/em>)<\/h5>\n[audio mp3=\"https:\/\/www.cgmouthpiece.it\/wp-content\/uploads\/2016\/05\/CGMouthpiece-Italy-Infinito.mp3\"][\/audio]\n","protected":false},"featured_media":21360,"comment_status":"closed","ping_status":"closed","template":"","meta":[],"product_cat":[15,25,34],"product_tag":[],"acf":[],"yoast_head":"<!-- This site is optimized with the Yoast SEO plugin v18.3 - https:\/\/yoast.com\/wordpress\/plugins\/seo\/ -->\n<title>Infinito tenore ebanite - CG MouthPiece<\/title>\n<meta name=\"description\" content=\"Il modello Infinito per sax tenore \u00e8 il pi\u00f9 scuro delle imboccature CG Mouthpiece Italy. \u00c8 stato progettato con l\u2019intenzione di creare un modello scuro.\" \/>\n<meta name=\"robots\" content=\"index, follow, max-snippet:-1, max-image-preview:large, max-video-preview:-1\" \/>\n<link rel=\"canonical\" href=\"https:\/\/www.cgmouthpiece.it\/prodotto\/infinito-ebanite\/\" \/>\n<meta property=\"og:locale\" content=\"en_US\" \/>\n<meta property=\"og:type\" content=\"article\" \/>\n<meta property=\"og:title\" content=\"Infinito tenore ebanite - CG MouthPiece\" \/>\n<meta property=\"og:description\" content=\"Il modello Infinito per sax tenore \u00e8 il pi\u00f9 scuro delle imboccature CG Mouthpiece Italy. \u00c8 stato progettato con l\u2019intenzione di creare un modello scuro.\" \/>\n<meta property=\"og:url\" content=\"https:\/\/www.cgmouthpiece.it\/prodotto\/infinito-ebanite\/\" \/>\n<meta property=\"og:site_name\" content=\"CG MouthPiece\" \/>\n<meta property=\"article:publisher\" content=\"https:\/\/www.facebook.com\/cgmouthpiece.it\/\" \/>\n<meta property=\"article:modified_time\" content=\"2021-04-06T15:56:27+00:00\" \/>\n<meta property=\"og:image\" content=\"https:\/\/www.cgmouthpiece.it\/wp-content\/uploads\/2016\/04\/INF-ext-M_sideSX.jpg\" \/>\n\t<meta property=\"og:image:width\" content=\"700\" \/>\n\t<meta property=\"og:image:height\" content=\"874\" \/>\n\t<meta property=\"og:image:type\" content=\"image\/jpeg\" \/>\n<meta name=\"twitter:card\" content=\"summary\" \/>\n<script type=\"application\/ld+json\" class=\"yoast-schema-graph\">{\"@context\":\"https:\/\/schema.org\",\"@graph\":[{\"@type\":\"WebSite\",\"@id\":\"https:\/\/www.cgmouthpiece.it\/#website\",\"url\":\"https:\/\/www.cgmouthpiece.it\/\",\"name\":\"CG MouthPiece\",\"description\":\"Best handcrafted mouthpieces made in Italy!\",\"potentialAction\":[{\"@type\":\"SearchAction\",\"target\":{\"@type\":\"EntryPoint\",\"urlTemplate\":\"https:\/\/www.cgmouthpiece.it\/?s={search_term_string}\"},\"query-input\":\"required name=search_term_string\"}],\"inLanguage\":\"en-US\"},{\"@type\":\"ImageObject\",\"@id\":\"https:\/\/www.cgmouthpiece.it\/prodotto\/infinito-ebanite\/#primaryimage\",\"inLanguage\":\"en-US\",\"url\":\"https:\/\/www.cgmouthpiece.it\/wp-content\/uploads\/2016\/04\/INF-ext-M_sideSX.jpg\",\"contentUrl\":\"https:\/\/www.cgmouthpiece.it\/wp-content\/uploads\/2016\/04\/INF-ext-M_sideSX.jpg\",\"width\":700,\"height\":874},{\"@type\":\"WebPage\",\"@id\":\"https:\/\/www.cgmouthpiece.it\/prodotto\/infinito-ebanite\/#webpage\",\"url\":\"https:\/\/www.cgmouthpiece.it\/prodotto\/infinito-ebanite\/\",\"name\":\"Infinito tenore ebanite - CG MouthPiece\",\"isPartOf\":{\"@id\":\"https:\/\/www.cgmouthpiece.it\/#website\"},\"primaryImageOfPage\":{\"@id\":\"https:\/\/www.cgmouthpiece.it\/prodotto\/infinito-ebanite\/#primaryimage\"},\"datePublished\":\"2016-04-04T08:54:12+00:00\",\"dateModified\":\"2021-04-06T15:56:27+00:00\",\"description\":\"Il modello Infinito per sax tenore \u00e8 il pi\u00f9 scuro delle imboccature CG Mouthpiece Italy. \u00c8 stato progettato con l\u2019intenzione di creare un modello scuro.\",\"breadcrumb\":{\"@id\":\"https:\/\/www.cgmouthpiece.it\/prodotto\/infinito-ebanite\/#breadcrumb\"},\"inLanguage\":\"en-US\",\"potentialAction\":[{\"@type\":\"ReadAction\",\"target\":[\"https:\/\/www.cgmouthpiece.it\/prodotto\/infinito-ebanite\/\"]}]},{\"@type\":\"BreadcrumbList\",\"@id\":\"https:\/\/www.cgmouthpiece.it\/prodotto\/infinito-ebanite\/#breadcrumb\",\"itemListElement\":[{\"@type\":\"ListItem\",\"position\":1,\"name\":\"Home\",\"item\":\"https:\/\/www.cgmouthpiece.it\/\"},{\"@type\":\"ListItem\",\"position\":2,\"name\":\"Store\",\"item\":\"https:\/\/www.cgmouthpiece.it\/store\/\"},{\"@type\":\"ListItem\",\"position\":3,\"name\":\"Infinito tenore ebanite &#8211; serie II\"}]}]}<\/script>\n<!-- \/ Yoast SEO plugin. -->","yoast_head_json":{"title":"Infinito tenore ebanite - CG MouthPiece","description":"Il modello Infinito per sax tenore \u00e8 il pi\u00f9 scuro delle imboccature CG Mouthpiece Italy. \u00c8 stato progettato con l\u2019intenzione di creare un modello scuro.","robots":{"index":"index","follow":"follow","max-snippet":"max-snippet:-1","max-image-preview":"max-image-preview:large","max-video-preview":"max-video-preview:-1"},"canonical":"https:\/\/www.cgmouthpiece.it\/prodotto\/infinito-ebanite\/","og_locale":"en_US","og_type":"article","og_title":"Infinito tenore ebanite - CG MouthPiece","og_description":"Il modello Infinito per sax tenore \u00e8 il pi\u00f9 scuro delle imboccature CG Mouthpiece Italy. \u00c8 stato progettato con l\u2019intenzione di creare un modello scuro.","og_url":"https:\/\/www.cgmouthpiece.it\/prodotto\/infinito-ebanite\/","og_site_name":"CG MouthPiece","article_publisher":"https:\/\/www.facebook.com\/cgmouthpiece.it\/","article_modified_time":"2021-04-06T15:56:27+00:00","og_image":[{"width":700,"height":874,"url":"https:\/\/www.cgmouthpiece.it\/wp-content\/uploads\/2016\/04\/INF-ext-M_sideSX.jpg","type":"image\/jpeg"}],"twitter_card":"summary","schema":{"@context":"https:\/\/schema.org","@graph":[{"@type":"WebSite","@id":"https:\/\/www.cgmouthpiece.it\/#website","url":"https:\/\/www.cgmouthpiece.it\/","name":"CG MouthPiece","description":"Best handcrafted mouthpieces made in Italy!","potentialAction":[{"@type":"SearchAction","target":{"@type":"EntryPoint","urlTemplate":"https:\/\/www.cgmouthpiece.it\/?s={search_term_string}"},"query-input":"required name=search_term_string"}],"inLanguage":"en-US"},{"@type":"ImageObject","@id":"https:\/\/www.cgmouthpiece.it\/prodotto\/infinito-ebanite\/#primaryimage","inLanguage":"en-US","url":"https:\/\/www.cgmouthpiece.it\/wp-content\/uploads\/2016\/04\/INF-ext-M_sideSX.jpg","contentUrl":"https:\/\/www.cgmouthpiece.it\/wp-content\/uploads\/2016\/04\/INF-ext-M_sideSX.jpg","width":700,"height":874},{"@type":"WebPage","@id":"https:\/\/www.cgmouthpiece.it\/prodotto\/infinito-ebanite\/#webpage","url":"https:\/\/www.cgmouthpiece.it\/prodotto\/infinito-ebanite\/","name":"Infinito tenore ebanite - CG MouthPiece","isPartOf":{"@id":"https:\/\/www.cgmouthpiece.it\/#website"},"primaryImageOfPage":{"@id":"https:\/\/www.cgmouthpiece.it\/prodotto\/infinito-ebanite\/#primaryimage"},"datePublished":"2016-04-04T08:54:12+00:00","dateModified":"2021-04-06T15:56:27+00:00","description":"Il modello Infinito per sax tenore \u00e8 il pi\u00f9 scuro delle imboccature CG Mouthpiece Italy. \u00c8 stato progettato con l\u2019intenzione di creare un modello scuro.","breadcrumb":{"@id":"https:\/\/www.cgmouthpiece.it\/prodotto\/infinito-ebanite\/#breadcrumb"},"inLanguage":"en-US","potentialAction":[{"@type":"ReadAction","target":["https:\/\/www.cgmouthpiece.it\/prodotto\/infinito-ebanite\/"]}]},{"@type":"BreadcrumbList","@id":"https:\/\/www.cgmouthpiece.it\/prodotto\/infinito-ebanite\/#breadcrumb","itemListElement":[{"@type":"ListItem","position":1,"name":"Home","item":"https:\/\/www.cgmouthpiece.it\/"},{"@type":"ListItem","position":2,"name":"Store","item":"https:\/\/www.cgmouthpiece.it\/store\/"},{"@type":"ListItem","position":3,"name":"Infinito tenore ebanite &#8211; serie II"}]}]}},"_links":{"self":[{"href":"https:\/\/www.cgmouthpiece.it\/en\/wp-json\/wp\/v2\/product\/19768"}],"collection":[{"href":"https:\/\/www.cgmouthpiece.it\/en\/wp-json\/wp\/v2\/product"}],"about":[{"href":"https:\/\/www.cgmouthpiece.it\/en\/wp-json\/wp\/v2\/types\/product"}],"replies":[{"embeddable":true,"href":"https:\/\/www.cgmouthpiece.it\/en\/wp-json\/wp\/v2\/comments?post=19768"}],"wp:featuredmedia":[{"embeddable":true,"href":"https:\/\/www.cgmouthpiece.it\/en\/wp-json\/wp\/v2\/media\/21360"}],"wp:attachment":[{"href":"https:\/\/www.cgmouthpiece.it\/en\/wp-json\/wp\/v2\/media?parent=19768"}],"wp:term":[{"taxonomy":"product_cat","embeddable":true,"href":"https:\/\/www.cgmouthpiece.it\/en\/wp-json\/wp\/v2\/product_cat?post=19768"},{"taxonomy":"product_tag","embeddable":true,"href":"https:\/\/www.cgmouthpiece.it\/en\/wp-json\/wp\/v2\/product_tag?post=19768"}],"curies":[{"name":"wp","href":"https:\/\/api.w.org\/{rel}","templated":true}]}}