{"id":19770,"date":"2016-04-04T10:59:28","date_gmt":"2016-04-04T08:59:28","guid":{"rendered":"https:\/\/www.cgmouthpiece.it\/?post_type=product&#038;p=19770"},"modified":"2017-05-30T00:20:09","modified_gmt":"2017-05-29T22:20:09","slug":"firenze-medium-chamber","status":"publish","type":"product","link":"https:\/\/www.cgmouthpiece.it\/en\/prodotto\/firenze-medium-chamber\/","title":{"rendered":"Firenze alto medium chamber"},"content":{"rendered":"","protected":false},"excerpt":{"rendered":"<p>The Florence model was designed for saxophonists who want their alto saxophone with a projective and not excessively light sound. It is characterized by a step baffle of average length, about one third of the window, shared by both types of chamber available for this model. The Florence model is available in the medium chamber and big chamber versions. The first one is characterized by easy emission (flat window walls perpendicular to the beak) and a centred sound; the second one by greater body, a deeper and more complex sound (big chamber, concave window walls). The latter also has a less bright timber, compared to the medium chamber, and makes it a little more similar to the sound of traditional mouthpieces (roll-over baffle).<\/p>\n<p class=\"p1\"><span class=\"s1\">Rovner Ligature &amp; cap included.<\/span><\/p>\n<hr \/>\n<h5>media (performed by Claudio Guida)<\/h5>\n[audio mp3=\"https:\/\/www.cgmouthpiece.it\/wp-content\/uploads\/2016\/04\/fir-alto-small-Xsito_01.mp3\"][\/audio]\n","protected":false},"featured_media":19774,"comment_status":"closed","ping_status":"closed","template":"","meta":[],"product_cat":[15,24,26],"product_tag":[],"acf":[],"yoast_head":"<!-- This site is optimized with the Yoast SEO plugin v18.3 - https:\/\/yoast.com\/wordpress\/plugins\/seo\/ -->\n<title>Firenze alto medium chamber - CG MouthPiece<\/title>\n<meta name=\"robots\" content=\"index, follow, max-snippet:-1, max-image-preview:large, max-video-preview:-1\" \/>\n<link rel=\"canonical\" href=\"https:\/\/www.cgmouthpiece.it\/en\/prodotto\/firenze-medium-chamber\/\" \/>\n<meta property=\"og:locale\" content=\"en_US\" \/>\n<meta property=\"og:type\" content=\"article\" \/>\n<meta property=\"og:title\" content=\"Firenze alto medium chamber - CG MouthPiece\" \/>\n<meta property=\"og:description\" content=\"[:it]Il modello Firenze \u00e8 progettato per quei saxofonisti che ricercano sul sax alto un suono proiettivo e non eccessivamente chiaro. Si contraddistingue per un baffle alto - step baffle - di media lunghezza, circa un terzo della finestra, comune a tutte e due le tipologie di camera possibili in questo medello. Il modello Firenze \u00e8 infatti disponibile nella versione medium chamber e big chamber. Il primo si contraddistingue per la sua semplicit\u00e0 di emissione (pareti della finestra piatte perpendicolari al tetto) ed un suono centrato; il secondo per un maggior corpo,\u00a0 una profondit\u00e0 del suono che \u00e8 pi\u00f9 complesso (big chamber, pareti della finestra concave)\u00a0 Quest\u2019ultimo possiede inoltre una timbrica meno brillante se paragonata al medium chamber e lo avvicina, seppur di poco, alle sonorit\u00e0 di imboccature pi\u00f9 tradizionali (roll-over baffle). Legatura e copribecco Rovner inclusi.     media (performed by Claudio Guida) [:en]The Florence model was designed for saxophonists who want their alto saxophone with a projective and not excessively light sound. It is characterized by a step baffle of average length, about one third of the window, shared by both types of chamber available for this model. The Florence model is available in the medium chamber and big chamber versions. The first one is characterized by easy emission (flat window walls perpendicular to the beak) and a centred sound; the second one by greater body, a deeper and more complex sound (big chamber, concave window walls). The latter also has a less bright timber, compared to the medium chamber, and makes it a little more similar to the sound of traditional mouthpieces (roll-over baffle). Rovner Ligature &amp; cap included.     media (performed by Claudio Guida) [:fr]Le mod\u00e8le Firenze a \u00e9t\u00e9 con\u00e7u pour les saxophonistes qui recherchent un son projectif pas excessivement clair. Il se distingue par un plafond haut (step baffle) de longueur moyenne, environ un tiers de la fen\u00eatre, qui est le m\u00eame pour les deux types de chambre. Le mod\u00e8le Firenze est disponible en version chambre moyenne (medium chamber) et grande chambre (big chamber). Le premier mod\u00e8le se distingue pour sa simplicit\u00e9 d\u2019\u00e9mission (parois de la fen\u00eatre plates perpendiculaires au plafond) et un son centr\u00e9\u00a0; le second mod\u00e8le est caract\u00e9ris\u00e9 par un corps plus grand, une profondeur du son qui est plus complexe (grande chambre, parois de la fen\u00eatre concaves). Ce dernier poss\u00e8de par ailleurs un timbre moins brillant que le mod\u00e8le \u00e0 chambre moyenne qui le rapproche, quoique peu, des sons des becs plus traditionnels (roll-over baffle). Livr\u00e9e avec Rovner ligature et couvre bec.     media (performed by Claudio Guida) [:es]El modelo Florencia se ha dise\u00f1ado para los saxofonistas que buscan en el saxo alto un sonido con proyecci\u00f3n y no excesivamente claro. Se caracteriza por un baffle alto \u2013 step baffle \u2013 de longitud mediana, aproximadamente una tercera parte de la ventana, com\u00fan a ambos tipos de c\u00e1mara que resultan posibles en este modelo. De hecho, el modelo Florencia est\u00e1 disponible en la versi\u00f3n medium chamber y en la versi\u00f3n big chamber. El primero se caracteriza por su sencillez de emisi\u00f3n (paredes de la ventana planas perpendiculares al techo) y un sonido centrado; el segundo por un mayor cuerpo, una profundidad del sonido que es m\u00e1s complejo (big chamber, paredes de la ventana c\u00f3ncavas). Este \u00faltimo adem\u00e1s posee un timbre menos brillante, si se compara con la versi\u00f3n medium chamber y lo acerca, aunque de poco, a las sonoridades de las boquillas m\u00e1s tradicionales (roll-over baffle). Incluida abrazadera y boquillero Rovner.     media (performed by Claudio Guida) [:]\" \/>\n<meta property=\"og:url\" content=\"https:\/\/www.cgmouthpiece.it\/en\/prodotto\/firenze-medium-chamber\/\" \/>\n<meta property=\"og:site_name\" content=\"CG MouthPiece\" \/>\n<meta property=\"article:publisher\" content=\"https:\/\/www.facebook.com\/cgmouthpiece.it\/\" \/>\n<meta property=\"article:modified_time\" content=\"2017-05-29T22:20:09+00:00\" \/>\n<meta property=\"og:image\" content=\"https:\/\/www.cgmouthpiece.it\/wp-content\/uploads\/2016\/04\/ALmetFImedMidSide.jpg\" \/>\n\t<meta property=\"og:image:width\" content=\"700\" \/>\n\t<meta property=\"og:image:height\" content=\"874\" \/>\n\t<meta property=\"og:image:type\" content=\"image\/jpeg\" \/>\n<meta name=\"twitter:card\" content=\"summary\" \/>\n<script type=\"application\/ld+json\" class=\"yoast-schema-graph\">{\"@context\":\"https:\/\/schema.org\",\"@graph\":[{\"@type\":\"WebSite\",\"@id\":\"https:\/\/www.cgmouthpiece.it\/#website\",\"url\":\"https:\/\/www.cgmouthpiece.it\/\",\"name\":\"CG MouthPiece\",\"description\":\"Best handcrafted mouthpieces made in Italy!\",\"potentialAction\":[{\"@type\":\"SearchAction\",\"target\":{\"@type\":\"EntryPoint\",\"urlTemplate\":\"https:\/\/www.cgmouthpiece.it\/?s={search_term_string}\"},\"query-input\":\"required name=search_term_string\"}],\"inLanguage\":\"en-US\"},{\"@type\":\"ImageObject\",\"@id\":\"https:\/\/www.cgmouthpiece.it\/en\/prodotto\/firenze-medium-chamber\/#primaryimage\",\"inLanguage\":\"en-US\",\"url\":\"https:\/\/www.cgmouthpiece.it\/wp-content\/uploads\/2016\/04\/ALmetFImedMidSide.jpg\",\"contentUrl\":\"https:\/\/www.cgmouthpiece.it\/wp-content\/uploads\/2016\/04\/ALmetFImedMidSide.jpg\",\"width\":700,\"height\":874,\"caption\":\"ALmetFImedMidSide\"},{\"@type\":\"WebPage\",\"@id\":\"https:\/\/www.cgmouthpiece.it\/en\/prodotto\/firenze-medium-chamber\/#webpage\",\"url\":\"https:\/\/www.cgmouthpiece.it\/en\/prodotto\/firenze-medium-chamber\/\",\"name\":\"Firenze alto medium chamber - CG MouthPiece\",\"isPartOf\":{\"@id\":\"https:\/\/www.cgmouthpiece.it\/#website\"},\"primaryImageOfPage\":{\"@id\":\"https:\/\/www.cgmouthpiece.it\/en\/prodotto\/firenze-medium-chamber\/#primaryimage\"},\"datePublished\":\"2016-04-04T08:59:28+00:00\",\"dateModified\":\"2017-05-29T22:20:09+00:00\",\"breadcrumb\":{\"@id\":\"https:\/\/www.cgmouthpiece.it\/en\/prodotto\/firenze-medium-chamber\/#breadcrumb\"},\"inLanguage\":\"en-US\",\"potentialAction\":[{\"@type\":\"ReadAction\",\"target\":[\"https:\/\/www.cgmouthpiece.it\/en\/prodotto\/firenze-medium-chamber\/\"]}]},{\"@type\":\"BreadcrumbList\",\"@id\":\"https:\/\/www.cgmouthpiece.it\/en\/prodotto\/firenze-medium-chamber\/#breadcrumb\",\"itemListElement\":[{\"@type\":\"ListItem\",\"position\":1,\"name\":\"Home\",\"item\":\"https:\/\/www.cgmouthpiece.it\/\"},{\"@type\":\"ListItem\",\"position\":2,\"name\":\"Store\",\"item\":\"https:\/\/www.cgmouthpiece.it\/store\/\"},{\"@type\":\"ListItem\",\"position\":3,\"name\":\"Firenze alto medium chamber\"}]}]}<\/script>\n<!-- \/ Yoast SEO plugin. -->","yoast_head_json":{"title":"Firenze alto medium chamber - CG MouthPiece","robots":{"index":"index","follow":"follow","max-snippet":"max-snippet:-1","max-image-preview":"max-image-preview:large","max-video-preview":"max-video-preview:-1"},"canonical":"https:\/\/www.cgmouthpiece.it\/en\/prodotto\/firenze-medium-chamber\/","og_locale":"en_US","og_type":"article","og_title":"Firenze alto medium chamber - CG MouthPiece","og_description":"[:it]Il modello Firenze \u00e8 progettato per quei saxofonisti che ricercano sul sax alto un suono proiettivo e non eccessivamente chiaro. Si contraddistingue per un baffle alto - step baffle - di media lunghezza, circa un terzo della finestra, comune a tutte e due le tipologie di camera possibili in questo medello. Il modello Firenze \u00e8 infatti disponibile nella versione medium chamber e big chamber. Il primo si contraddistingue per la sua semplicit\u00e0 di emissione (pareti della finestra piatte perpendicolari al tetto) ed un suono centrato; il secondo per un maggior corpo,\u00a0 una profondit\u00e0 del suono che \u00e8 pi\u00f9 complesso (big chamber, pareti della finestra concave)\u00a0 Quest\u2019ultimo possiede inoltre una timbrica meno brillante se paragonata al medium chamber e lo avvicina, seppur di poco, alle sonorit\u00e0 di imboccature pi\u00f9 tradizionali (roll-over baffle). Legatura e copribecco Rovner inclusi.     media (performed by Claudio Guida) [:en]The Florence model was designed for saxophonists who want their alto saxophone with a projective and not excessively light sound. It is characterized by a step baffle of average length, about one third of the window, shared by both types of chamber available for this model. The Florence model is available in the medium chamber and big chamber versions. The first one is characterized by easy emission (flat window walls perpendicular to the beak) and a centred sound; the second one by greater body, a deeper and more complex sound (big chamber, concave window walls). The latter also has a less bright timber, compared to the medium chamber, and makes it a little more similar to the sound of traditional mouthpieces (roll-over baffle). Rovner Ligature &amp; cap included.     media (performed by Claudio Guida) [:fr]Le mod\u00e8le Firenze a \u00e9t\u00e9 con\u00e7u pour les saxophonistes qui recherchent un son projectif pas excessivement clair. Il se distingue par un plafond haut (step baffle) de longueur moyenne, environ un tiers de la fen\u00eatre, qui est le m\u00eame pour les deux types de chambre. Le mod\u00e8le Firenze est disponible en version chambre moyenne (medium chamber) et grande chambre (big chamber). Le premier mod\u00e8le se distingue pour sa simplicit\u00e9 d\u2019\u00e9mission (parois de la fen\u00eatre plates perpendiculaires au plafond) et un son centr\u00e9\u00a0; le second mod\u00e8le est caract\u00e9ris\u00e9 par un corps plus grand, une profondeur du son qui est plus complexe (grande chambre, parois de la fen\u00eatre concaves). Ce dernier poss\u00e8de par ailleurs un timbre moins brillant que le mod\u00e8le \u00e0 chambre moyenne qui le rapproche, quoique peu, des sons des becs plus traditionnels (roll-over baffle). Livr\u00e9e avec Rovner ligature et couvre bec.     media (performed by Claudio Guida) [:es]El modelo Florencia se ha dise\u00f1ado para los saxofonistas que buscan en el saxo alto un sonido con proyecci\u00f3n y no excesivamente claro. Se caracteriza por un baffle alto \u2013 step baffle \u2013 de longitud mediana, aproximadamente una tercera parte de la ventana, com\u00fan a ambos tipos de c\u00e1mara que resultan posibles en este modelo. De hecho, el modelo Florencia est\u00e1 disponible en la versi\u00f3n medium chamber y en la versi\u00f3n big chamber. El primero se caracteriza por su sencillez de emisi\u00f3n (paredes de la ventana planas perpendiculares al techo) y un sonido centrado; el segundo por un mayor cuerpo, una profundidad del sonido que es m\u00e1s complejo (big chamber, paredes de la ventana c\u00f3ncavas). Este \u00faltimo adem\u00e1s posee un timbre menos brillante, si se compara con la versi\u00f3n medium chamber y lo acerca, aunque de poco, a las sonoridades de las boquillas m\u00e1s tradicionales (roll-over baffle). Incluida abrazadera y boquillero Rovner.     media (performed by Claudio Guida) [:]","og_url":"https:\/\/www.cgmouthpiece.it\/en\/prodotto\/firenze-medium-chamber\/","og_site_name":"CG MouthPiece","article_publisher":"https:\/\/www.facebook.com\/cgmouthpiece.it\/","article_modified_time":"2017-05-29T22:20:09+00:00","og_image":[{"width":700,"height":874,"url":"https:\/\/www.cgmouthpiece.it\/wp-content\/uploads\/2016\/04\/ALmetFImedMidSide.jpg","type":"image\/jpeg"}],"twitter_card":"summary","schema":{"@context":"https:\/\/schema.org","@graph":[{"@type":"WebSite","@id":"https:\/\/www.cgmouthpiece.it\/#website","url":"https:\/\/www.cgmouthpiece.it\/","name":"CG MouthPiece","description":"Best handcrafted mouthpieces made in Italy!","potentialAction":[{"@type":"SearchAction","target":{"@type":"EntryPoint","urlTemplate":"https:\/\/www.cgmouthpiece.it\/?s={search_term_string}"},"query-input":"required name=search_term_string"}],"inLanguage":"en-US"},{"@type":"ImageObject","@id":"https:\/\/www.cgmouthpiece.it\/en\/prodotto\/firenze-medium-chamber\/#primaryimage","inLanguage":"en-US","url":"https:\/\/www.cgmouthpiece.it\/wp-content\/uploads\/2016\/04\/ALmetFImedMidSide.jpg","contentUrl":"https:\/\/www.cgmouthpiece.it\/wp-content\/uploads\/2016\/04\/ALmetFImedMidSide.jpg","width":700,"height":874,"caption":"ALmetFImedMidSide"},{"@type":"WebPage","@id":"https:\/\/www.cgmouthpiece.it\/en\/prodotto\/firenze-medium-chamber\/#webpage","url":"https:\/\/www.cgmouthpiece.it\/en\/prodotto\/firenze-medium-chamber\/","name":"Firenze alto medium chamber - CG MouthPiece","isPartOf":{"@id":"https:\/\/www.cgmouthpiece.it\/#website"},"primaryImageOfPage":{"@id":"https:\/\/www.cgmouthpiece.it\/en\/prodotto\/firenze-medium-chamber\/#primaryimage"},"datePublished":"2016-04-04T08:59:28+00:00","dateModified":"2017-05-29T22:20:09+00:00","breadcrumb":{"@id":"https:\/\/www.cgmouthpiece.it\/en\/prodotto\/firenze-medium-chamber\/#breadcrumb"},"inLanguage":"en-US","potentialAction":[{"@type":"ReadAction","target":["https:\/\/www.cgmouthpiece.it\/en\/prodotto\/firenze-medium-chamber\/"]}]},{"@type":"BreadcrumbList","@id":"https:\/\/www.cgmouthpiece.it\/en\/prodotto\/firenze-medium-chamber\/#breadcrumb","itemListElement":[{"@type":"ListItem","position":1,"name":"Home","item":"https:\/\/www.cgmouthpiece.it\/"},{"@type":"ListItem","position":2,"name":"Store","item":"https:\/\/www.cgmouthpiece.it\/store\/"},{"@type":"ListItem","position":3,"name":"Firenze alto medium chamber"}]}]}},"_links":{"self":[{"href":"https:\/\/www.cgmouthpiece.it\/en\/wp-json\/wp\/v2\/product\/19770"}],"collection":[{"href":"https:\/\/www.cgmouthpiece.it\/en\/wp-json\/wp\/v2\/product"}],"about":[{"href":"https:\/\/www.cgmouthpiece.it\/en\/wp-json\/wp\/v2\/types\/product"}],"replies":[{"embeddable":true,"href":"https:\/\/www.cgmouthpiece.it\/en\/wp-json\/wp\/v2\/comments?post=19770"}],"wp:featuredmedia":[{"embeddable":true,"href":"https:\/\/www.cgmouthpiece.it\/en\/wp-json\/wp\/v2\/media\/19774"}],"wp:attachment":[{"href":"https:\/\/www.cgmouthpiece.it\/en\/wp-json\/wp\/v2\/media?parent=19770"}],"wp:term":[{"taxonomy":"product_cat","embeddable":true,"href":"https:\/\/www.cgmouthpiece.it\/en\/wp-json\/wp\/v2\/product_cat?post=19770"},{"taxonomy":"product_tag","embeddable":true,"href":"https:\/\/www.cgmouthpiece.it\/en\/wp-json\/wp\/v2\/product_tag?post=19770"}],"curies":[{"name":"wp","href":"https:\/\/api.w.org\/{rel}","templated":true}]}}