{"id":19780,"date":"2016-04-04T11:07:06","date_gmt":"2016-04-04T09:07:06","guid":{"rendered":"https:\/\/www.cgmouthpiece.it\/?post_type=product&#038;p=19780"},"modified":"2021-03-05T12:08:48","modified_gmt":"2021-03-05T11:08:48","slug":"venezia","status":"publish","type":"product","link":"https:\/\/www.cgmouthpiece.it\/en\/prodotto\/venezia\/","title":{"rendered":"Venezia alto"},"content":{"rendered":"","protected":false},"excerpt":{"rendered":"<p>The Venice model was designed for those who look for a sound \u2013 and convenience \u2013 that is similar to ebonite mouthpieces but with the typical projection and focus of a metal mouthpiece. In its design and prototyping, we were guided by the idea of creating a mouthpiece for the alto saxophone player who wishes to approach the world of metals, thus looking for more volume, sound projection and timbre versatility, without renouncing control and easy emission that was ensured by ebonite. Its geometries do not differ from the typical ones of a quality standard beak (our timbre idea was inspired by Meyer Bros and OttoLink vintage). The Venice model for alto saxophone has a gently designed roll-over baffle in the first part of the short beak, the window walls are not concave and flow into a medium chamber. With this mouthpiece, easy emission and control combine with the typical characteristics of metal: greater volume, projection and versatility, making it perfect for those who want to leave ebonite without straying too much from their habits.<\/p>\n<p class=\"p1\"><span class=\"s1\">Rovner Ligature &amp; cap included.<\/span><\/p>\n","protected":false},"featured_media":21372,"comment_status":"closed","ping_status":"closed","template":"","meta":[],"product_cat":[15,24,26],"product_tag":[],"acf":[],"yoast_head":"<!-- This site is optimized with the Yoast SEO plugin v18.3 - https:\/\/yoast.com\/wordpress\/plugins\/seo\/ -->\n<title>Venezia alto - CG MouthPiece<\/title>\n<meta name=\"robots\" content=\"index, follow, max-snippet:-1, max-image-preview:large, max-video-preview:-1\" \/>\n<link rel=\"canonical\" href=\"https:\/\/www.cgmouthpiece.it\/en\/prodotto\/venezia\/\" \/>\n<meta property=\"og:locale\" content=\"en_US\" \/>\n<meta property=\"og:type\" content=\"article\" \/>\n<meta property=\"og:title\" content=\"Venezia alto - CG MouthPiece\" \/>\n<meta property=\"og:description\" content=\"[:it]Il modello Venezia \u00e8 progettato per coloro che ricercano una sonorit\u00e0 - e una comodit\u00e0 - simile alle imboccature in ebanite ma con proiezione e fuoco tipici di una imboccatura in metallo. L\u2019idea che ci ha guidato gi\u00e0 nelle sue fasi di progettazione e prototipazione \u00e8 stata quella di creare un\u2019imboccatura per l\u2019altista desideroso di avvicinarsi al mondo dei metalli, in cerca quindi di pi\u00f9 volume, proiezione sonora e versatilit\u00e0 timbrica senza per\u00f2 rinunciare al controllo e alla facilit\u00e0 di emissione a cui era abituato con l\u2019ebanite. Le sue geometrie non si allontanano da quelle canoniche di un becco standard di qualit\u00e0 (la nostra idea timbrica \u00e8 stata quella inspirata dai Meyer Bros e OttoLink vintage). Il modello Venezia per sax alto ha un roll-over baffle gentilmente disegnato nel primo tratto del tetto \u2013 corto -, le pareti della finestra non sono concave e confluiscano in una camera media. In questa imboccatura la semplicit\u00e0 di emissione e controllo si fondono con le caratteristiche tipiche riscontrabili nei metalli: maggior volume, proiezione e versatilit\u00e0, rendendola perfetta per chi volesse abbandonare l\u2019ebanite senza scostarsi troppo dalle proprie abitudini. Legatura e copribecco Rovner inclusi.[:en]The Venice model was designed for those who look for a sound \u2013 and convenience \u2013 that is similar to ebonite mouthpieces but with the typical projection and focus of a metal mouthpiece. In its design and prototyping, we were guided by the idea of creating a mouthpiece for the alto saxophone player who wishes to approach the world of metals, thus looking for more volume, sound projection and timbre versatility, without renouncing control and easy emission that was ensured by ebonite. Its geometries do not differ from the typical ones of a quality standard beak (our timbre idea was inspired by Meyer Bros and OttoLink vintage). The Venice model for alto saxophone has a gently designed roll-over baffle in the first part of the short beak, the window walls are not concave and flow into a medium chamber. With this mouthpiece, easy emission and control combine with the typical characteristics of metal: greater volume, projection and versatility, making it perfect for those who want to leave ebonite without straying too much from their habits. Rovner Ligature &amp; cap included.[:fr]Le mod\u00e8le Torino a \u00e9t\u00e9 con\u00e7u pour les saxophonistes qui recherchent le son traditionnel qui caract\u00e9riseles ann\u00e9es 1940 et 1950 associ\u00e9 \u00e0 un timbre homog\u00e8ne dans tous les registres de l\u2019instrument et une excellente projection. La transition du long plafond bas dans une chambre large (bullet-cut) fournit au mod\u00e8le Torino un timbre plein et sombre en maintenant une excellente mise au point du son. Les parois de la fen\u00eatre, tout d\u2019abord plates pour concentrer l\u2019air dans la phase d\u2019attaque, deviennent graduellement concaves \u00e0 mi-hauteur de la fen\u00eatre en anticipant les dimensions de la chambre qui, gr\u00e2ce au bullet-cut du plafond prend encore plus de volume. Le mod\u00e8le Torino se distingue en effet par une excellente projection et un timbre mod\u00e9r\u00e9ment sombre \u2013 gr\u00e2ce au plafond long pas trop bas -, par un corps grand et profond du son (fat sound) - gr\u00e2ce au bullet-cut et aux parois graduellement concaves vers une grande chambre. Il est conseill\u00e9 aussi aux amateurs de l\u2019hard-bop et ceux qui pr\u00e9f\u00e8rent un son semblable au caoutchouc dur mais avec la projection et la mise au point d\u2019un bec en m\u00e9tal. Livr\u00e9e avec Rovner ligature et couvre bec.[:es]El modelo Venecia se ha dise\u00f1ado para los que buscan un sonido - y una comodidad - similar a las boquillas de ebonita, pero con una proyecci\u00f3n y un enfoque t\u00edpicos de una boquilla met\u00e1lica. La idea que nos ha guiado ya en sus fases de proyecto y prototipaci\u00f3n ha sido la de crear una boquilla para el altista que desea acercarse al mundo de los metales y que, por lo tanto, busca un mayor volumen, proyecci\u00f3n sonora y versatilidad del timbre, pero sin renunciar al control y a la facilidad de emisi\u00f3n a que se hab\u00eda acostumbrado con la ebonita. Sus geometr\u00edas no se alejan de las can\u00f3nicas de una boquilla est\u00e1ndar de calidad (nuestra idea de timbre ha sido la que nos han inspirado los Meyer Bros y OttoLink vintage). El modelo Venecia para saxo alto tiene un roll-over baffle que se ha dise\u00f1ado amablemente en el primer tramo del techo \u2013 corto \u2013 las paredes de la ventana no son c\u00f3ncavas y confluyen en una c\u00e1mara mediana. En esta boquilla, la sencillez de emisi\u00f3n y control se funden con las caracter\u00edsticas t\u00edpicas que se encuentran en los metales: Mayor volumen, proyecci\u00f3n y versatilidad, volvi\u00e9ndola perfecta para los que quieren abandonar la ebonita sin alejarse demasiado de sus costumbres. Incluida abrazadera y boquillero Rovner.[:]\" \/>\n<meta property=\"og:url\" content=\"https:\/\/www.cgmouthpiece.it\/en\/prodotto\/venezia\/\" \/>\n<meta property=\"og:site_name\" content=\"CG MouthPiece\" \/>\n<meta property=\"article:publisher\" content=\"https:\/\/www.facebook.com\/cgmouthpiece.it\/\" \/>\n<meta property=\"article:modified_time\" content=\"2021-03-05T11:08:48+00:00\" \/>\n<meta property=\"og:image\" content=\"https:\/\/www.cgmouthpiece.it\/wp-content\/uploads\/2016\/04\/ven-alto-ext-Mside-all2.jpg\" \/>\n\t<meta property=\"og:image:width\" content=\"700\" \/>\n\t<meta property=\"og:image:height\" content=\"874\" \/>\n\t<meta property=\"og:image:type\" content=\"image\/jpeg\" \/>\n<meta name=\"twitter:card\" content=\"summary\" \/>\n<script type=\"application\/ld+json\" class=\"yoast-schema-graph\">{\"@context\":\"https:\/\/schema.org\",\"@graph\":[{\"@type\":\"WebSite\",\"@id\":\"https:\/\/www.cgmouthpiece.it\/#website\",\"url\":\"https:\/\/www.cgmouthpiece.it\/\",\"name\":\"CG MouthPiece\",\"description\":\"Best handcrafted mouthpieces made in Italy!\",\"potentialAction\":[{\"@type\":\"SearchAction\",\"target\":{\"@type\":\"EntryPoint\",\"urlTemplate\":\"https:\/\/www.cgmouthpiece.it\/?s={search_term_string}\"},\"query-input\":\"required name=search_term_string\"}],\"inLanguage\":\"en-US\"},{\"@type\":\"ImageObject\",\"@id\":\"https:\/\/www.cgmouthpiece.it\/en\/prodotto\/venezia\/#primaryimage\",\"inLanguage\":\"en-US\",\"url\":\"https:\/\/www.cgmouthpiece.it\/wp-content\/uploads\/2016\/04\/ven-alto-ext-Mside-all2.jpg\",\"contentUrl\":\"https:\/\/www.cgmouthpiece.it\/wp-content\/uploads\/2016\/04\/ven-alto-ext-Mside-all2.jpg\",\"width\":700,\"height\":874},{\"@type\":\"WebPage\",\"@id\":\"https:\/\/www.cgmouthpiece.it\/en\/prodotto\/venezia\/#webpage\",\"url\":\"https:\/\/www.cgmouthpiece.it\/en\/prodotto\/venezia\/\",\"name\":\"Venezia alto - CG MouthPiece\",\"isPartOf\":{\"@id\":\"https:\/\/www.cgmouthpiece.it\/#website\"},\"primaryImageOfPage\":{\"@id\":\"https:\/\/www.cgmouthpiece.it\/en\/prodotto\/venezia\/#primaryimage\"},\"datePublished\":\"2016-04-04T09:07:06+00:00\",\"dateModified\":\"2021-03-05T11:08:48+00:00\",\"breadcrumb\":{\"@id\":\"https:\/\/www.cgmouthpiece.it\/en\/prodotto\/venezia\/#breadcrumb\"},\"inLanguage\":\"en-US\",\"potentialAction\":[{\"@type\":\"ReadAction\",\"target\":[\"https:\/\/www.cgmouthpiece.it\/en\/prodotto\/venezia\/\"]}]},{\"@type\":\"BreadcrumbList\",\"@id\":\"https:\/\/www.cgmouthpiece.it\/en\/prodotto\/venezia\/#breadcrumb\",\"itemListElement\":[{\"@type\":\"ListItem\",\"position\":1,\"name\":\"Home\",\"item\":\"https:\/\/www.cgmouthpiece.it\/\"},{\"@type\":\"ListItem\",\"position\":2,\"name\":\"Store\",\"item\":\"https:\/\/www.cgmouthpiece.it\/store\/\"},{\"@type\":\"ListItem\",\"position\":3,\"name\":\"Venezia alto\"}]}]}<\/script>\n<!-- \/ Yoast SEO plugin. -->","yoast_head_json":{"title":"Venezia alto - CG MouthPiece","robots":{"index":"index","follow":"follow","max-snippet":"max-snippet:-1","max-image-preview":"max-image-preview:large","max-video-preview":"max-video-preview:-1"},"canonical":"https:\/\/www.cgmouthpiece.it\/en\/prodotto\/venezia\/","og_locale":"en_US","og_type":"article","og_title":"Venezia alto - CG MouthPiece","og_description":"[:it]Il modello Venezia \u00e8 progettato per coloro che ricercano una sonorit\u00e0 - e una comodit\u00e0 - simile alle imboccature in ebanite ma con proiezione e fuoco tipici di una imboccatura in metallo. L\u2019idea che ci ha guidato gi\u00e0 nelle sue fasi di progettazione e prototipazione \u00e8 stata quella di creare un\u2019imboccatura per l\u2019altista desideroso di avvicinarsi al mondo dei metalli, in cerca quindi di pi\u00f9 volume, proiezione sonora e versatilit\u00e0 timbrica senza per\u00f2 rinunciare al controllo e alla facilit\u00e0 di emissione a cui era abituato con l\u2019ebanite. Le sue geometrie non si allontanano da quelle canoniche di un becco standard di qualit\u00e0 (la nostra idea timbrica \u00e8 stata quella inspirata dai Meyer Bros e OttoLink vintage). Il modello Venezia per sax alto ha un roll-over baffle gentilmente disegnato nel primo tratto del tetto \u2013 corto -, le pareti della finestra non sono concave e confluiscano in una camera media. In questa imboccatura la semplicit\u00e0 di emissione e controllo si fondono con le caratteristiche tipiche riscontrabili nei metalli: maggior volume, proiezione e versatilit\u00e0, rendendola perfetta per chi volesse abbandonare l\u2019ebanite senza scostarsi troppo dalle proprie abitudini. Legatura e copribecco Rovner inclusi.[:en]The Venice model was designed for those who look for a sound \u2013 and convenience \u2013 that is similar to ebonite mouthpieces but with the typical projection and focus of a metal mouthpiece. In its design and prototyping, we were guided by the idea of creating a mouthpiece for the alto saxophone player who wishes to approach the world of metals, thus looking for more volume, sound projection and timbre versatility, without renouncing control and easy emission that was ensured by ebonite. Its geometries do not differ from the typical ones of a quality standard beak (our timbre idea was inspired by Meyer Bros and OttoLink vintage). The Venice model for alto saxophone has a gently designed roll-over baffle in the first part of the short beak, the window walls are not concave and flow into a medium chamber. With this mouthpiece, easy emission and control combine with the typical characteristics of metal: greater volume, projection and versatility, making it perfect for those who want to leave ebonite without straying too much from their habits. Rovner Ligature &amp; cap included.[:fr]Le mod\u00e8le Torino a \u00e9t\u00e9 con\u00e7u pour les saxophonistes qui recherchent le son traditionnel qui caract\u00e9riseles ann\u00e9es 1940 et 1950 associ\u00e9 \u00e0 un timbre homog\u00e8ne dans tous les registres de l\u2019instrument et une excellente projection. La transition du long plafond bas dans une chambre large (bullet-cut) fournit au mod\u00e8le Torino un timbre plein et sombre en maintenant une excellente mise au point du son. Les parois de la fen\u00eatre, tout d\u2019abord plates pour concentrer l\u2019air dans la phase d\u2019attaque, deviennent graduellement concaves \u00e0 mi-hauteur de la fen\u00eatre en anticipant les dimensions de la chambre qui, gr\u00e2ce au bullet-cut du plafond prend encore plus de volume. Le mod\u00e8le Torino se distingue en effet par une excellente projection et un timbre mod\u00e9r\u00e9ment sombre \u2013 gr\u00e2ce au plafond long pas trop bas -, par un corps grand et profond du son (fat sound) - gr\u00e2ce au bullet-cut et aux parois graduellement concaves vers une grande chambre. Il est conseill\u00e9 aussi aux amateurs de l\u2019hard-bop et ceux qui pr\u00e9f\u00e8rent un son semblable au caoutchouc dur mais avec la projection et la mise au point d\u2019un bec en m\u00e9tal. Livr\u00e9e avec Rovner ligature et couvre bec.[:es]El modelo Venecia se ha dise\u00f1ado para los que buscan un sonido - y una comodidad - similar a las boquillas de ebonita, pero con una proyecci\u00f3n y un enfoque t\u00edpicos de una boquilla met\u00e1lica. La idea que nos ha guiado ya en sus fases de proyecto y prototipaci\u00f3n ha sido la de crear una boquilla para el altista que desea acercarse al mundo de los metales y que, por lo tanto, busca un mayor volumen, proyecci\u00f3n sonora y versatilidad del timbre, pero sin renunciar al control y a la facilidad de emisi\u00f3n a que se hab\u00eda acostumbrado con la ebonita. Sus geometr\u00edas no se alejan de las can\u00f3nicas de una boquilla est\u00e1ndar de calidad (nuestra idea de timbre ha sido la que nos han inspirado los Meyer Bros y OttoLink vintage). El modelo Venecia para saxo alto tiene un roll-over baffle que se ha dise\u00f1ado amablemente en el primer tramo del techo \u2013 corto \u2013 las paredes de la ventana no son c\u00f3ncavas y confluyen en una c\u00e1mara mediana. En esta boquilla, la sencillez de emisi\u00f3n y control se funden con las caracter\u00edsticas t\u00edpicas que se encuentran en los metales: Mayor volumen, proyecci\u00f3n y versatilidad, volvi\u00e9ndola perfecta para los que quieren abandonar la ebonita sin alejarse demasiado de sus costumbres. Incluida abrazadera y boquillero Rovner.[:]","og_url":"https:\/\/www.cgmouthpiece.it\/en\/prodotto\/venezia\/","og_site_name":"CG MouthPiece","article_publisher":"https:\/\/www.facebook.com\/cgmouthpiece.it\/","article_modified_time":"2021-03-05T11:08:48+00:00","og_image":[{"width":700,"height":874,"url":"https:\/\/www.cgmouthpiece.it\/wp-content\/uploads\/2016\/04\/ven-alto-ext-Mside-all2.jpg","type":"image\/jpeg"}],"twitter_card":"summary","schema":{"@context":"https:\/\/schema.org","@graph":[{"@type":"WebSite","@id":"https:\/\/www.cgmouthpiece.it\/#website","url":"https:\/\/www.cgmouthpiece.it\/","name":"CG MouthPiece","description":"Best handcrafted mouthpieces made in Italy!","potentialAction":[{"@type":"SearchAction","target":{"@type":"EntryPoint","urlTemplate":"https:\/\/www.cgmouthpiece.it\/?s={search_term_string}"},"query-input":"required name=search_term_string"}],"inLanguage":"en-US"},{"@type":"ImageObject","@id":"https:\/\/www.cgmouthpiece.it\/en\/prodotto\/venezia\/#primaryimage","inLanguage":"en-US","url":"https:\/\/www.cgmouthpiece.it\/wp-content\/uploads\/2016\/04\/ven-alto-ext-Mside-all2.jpg","contentUrl":"https:\/\/www.cgmouthpiece.it\/wp-content\/uploads\/2016\/04\/ven-alto-ext-Mside-all2.jpg","width":700,"height":874},{"@type":"WebPage","@id":"https:\/\/www.cgmouthpiece.it\/en\/prodotto\/venezia\/#webpage","url":"https:\/\/www.cgmouthpiece.it\/en\/prodotto\/venezia\/","name":"Venezia alto - CG MouthPiece","isPartOf":{"@id":"https:\/\/www.cgmouthpiece.it\/#website"},"primaryImageOfPage":{"@id":"https:\/\/www.cgmouthpiece.it\/en\/prodotto\/venezia\/#primaryimage"},"datePublished":"2016-04-04T09:07:06+00:00","dateModified":"2021-03-05T11:08:48+00:00","breadcrumb":{"@id":"https:\/\/www.cgmouthpiece.it\/en\/prodotto\/venezia\/#breadcrumb"},"inLanguage":"en-US","potentialAction":[{"@type":"ReadAction","target":["https:\/\/www.cgmouthpiece.it\/en\/prodotto\/venezia\/"]}]},{"@type":"BreadcrumbList","@id":"https:\/\/www.cgmouthpiece.it\/en\/prodotto\/venezia\/#breadcrumb","itemListElement":[{"@type":"ListItem","position":1,"name":"Home","item":"https:\/\/www.cgmouthpiece.it\/"},{"@type":"ListItem","position":2,"name":"Store","item":"https:\/\/www.cgmouthpiece.it\/store\/"},{"@type":"ListItem","position":3,"name":"Venezia alto"}]}]}},"_links":{"self":[{"href":"https:\/\/www.cgmouthpiece.it\/en\/wp-json\/wp\/v2\/product\/19780"}],"collection":[{"href":"https:\/\/www.cgmouthpiece.it\/en\/wp-json\/wp\/v2\/product"}],"about":[{"href":"https:\/\/www.cgmouthpiece.it\/en\/wp-json\/wp\/v2\/types\/product"}],"replies":[{"embeddable":true,"href":"https:\/\/www.cgmouthpiece.it\/en\/wp-json\/wp\/v2\/comments?post=19780"}],"wp:featuredmedia":[{"embeddable":true,"href":"https:\/\/www.cgmouthpiece.it\/en\/wp-json\/wp\/v2\/media\/21372"}],"wp:attachment":[{"href":"https:\/\/www.cgmouthpiece.it\/en\/wp-json\/wp\/v2\/media?parent=19780"}],"wp:term":[{"taxonomy":"product_cat","embeddable":true,"href":"https:\/\/www.cgmouthpiece.it\/en\/wp-json\/wp\/v2\/product_cat?post=19780"},{"taxonomy":"product_tag","embeddable":true,"href":"https:\/\/www.cgmouthpiece.it\/en\/wp-json\/wp\/v2\/product_tag?post=19780"}],"curies":[{"name":"wp","href":"https:\/\/api.w.org\/{rel}","templated":true}]}}