{"id":19789,"date":"2016-04-04T11:13:18","date_gmt":"2016-04-04T09:13:18","guid":{"rendered":"https:\/\/www.cgmouthpiece.it\/?post_type=product&#038;p=19789"},"modified":"2021-02-11T16:27:13","modified_gmt":"2021-02-11T15:27:13","slug":"venezia-2","status":"publish","type":"product","link":"https:\/\/www.cgmouthpiece.it\/en\/prodotto\/venezia-2\/","title":{"rendered":"Venezia tenor"},"content":{"rendered":"","protected":false},"excerpt":{"rendered":"<p>The Venice model was designed for musicians who look for a similar sound to hard rubber, but with typical projection and focus of metal mouthpieces. The transition of the long step baffle into a large chamber provides the Venice model with a full and not too dark timber, maintaining excellent sound focus. The timbre depth of the Venice model is also achieved thanks to the internal window walls, which become concave halfway through it, anticipating the size of the big chamber. A little brighter than the Turin model, it is perfect in contexts where this timbre characteristics can help stand out in big bands or medium bands with several wind instruments.<\/p>\n<p>Available on request in different tip openings not listed here<\/p>\n<p class=\"p1\"><span class=\"s1\">Rovner Ligature &amp; cap included.<\/span><\/p>\n<hr \/>\n<h5>media<\/h5>\n[audio mp3=\"https:\/\/www.cgmouthpiece.it\/wp-content\/uploads\/2016\/04\/Ten-Venice-bronze-smooth.mp3\"][\/audio]\n<p>&nbsp;<\/p>\n[audio mp3=\"https:\/\/www.cgmouthpiece.it\/wp-content\/uploads\/2016\/04\/exampleVeniceWol.mp3\"][\/audio]\n<p>&nbsp;<\/p>\n[audio mp3=\"https:\/\/www.cgmouthpiece.it\/wp-content\/uploads\/2016\/04\/Ten-Venice-bronze-demo-2.mp3\"][\/audio]\n<p><a href=\"https:\/\/soundcloud.com\/cg-mouthpiece-italy\/non-dimenticar-venice-bronze-for-tenor-sax\" target=\"_blank\" rel=\"noopener\">https:\/\/soundcloud.com\/cg-mouthpiece-italy\/non-dimenticar-venice-bronze-for-tenor-sax<\/a><br \/>\n<a href=\"https:\/\/soundcloud.com\/cg-mouthpiece-italy\/in-a-sentimantal-mood-venice-bronze-for-tenor-sax\" target=\"_blank\" rel=\"noopener\">https:\/\/soundcloud.com\/cg-mouthpiece-italy\/in-a-sentimantal-mood-venice-bronze-for-tenor-sax<\/a><br \/>\n<a href=\"https:\/\/www.youtube.com\/watch?v=1\u00adgw\u00adE_WKVs\" target=\"_blank\" rel=\"noopener\">https:\/\/www.youtube.com\/watch?v=1\u00adgw\u00adE_WKVs<\/a><br \/>\n<a href=\"https:\/\/www.youtube.com\/watch?v=adwBPYLr_Yc\" target=\"_blank\" rel=\"noopener\">https:\/\/www.youtube.com\/watch?v=adwBPYLr_Yc<\/a><br \/>\n<a href=\"https:\/\/www.youtube.com\/watch?v=TErJlbVapxg\" target=\"_blank\" rel=\"noopener\">https:\/\/www.youtube.com\/watch?v=TErJlbVapxg<\/a><\/p>\n","protected":false},"featured_media":21309,"comment_status":"closed","ping_status":"closed","template":"","meta":[],"product_cat":[15,25,27],"product_tag":[],"acf":[],"yoast_head":"<!-- This site is optimized with the Yoast SEO plugin v18.3 - https:\/\/yoast.com\/wordpress\/plugins\/seo\/ -->\n<title>Venezia tenor - CG MouthPiece<\/title>\n<meta name=\"robots\" content=\"index, follow, max-snippet:-1, max-image-preview:large, max-video-preview:-1\" \/>\n<link rel=\"canonical\" href=\"https:\/\/www.cgmouthpiece.it\/fr\/prodotto\/venezia-2\/\" \/>\n<meta property=\"og:locale\" content=\"en_US\" \/>\n<meta property=\"og:type\" content=\"article\" \/>\n<meta property=\"og:title\" content=\"[:it]Venezia tenore[:en]Venezia tenor[:fr]Venezia tenor[:es]Venezia tenor[:] - CG MouthPiece\" \/>\n<meta property=\"og:description\" content=\"[:it]Il modello Venezia \u00e8 progettato per musicisti che ricercano una sonorit\u00e0 simile all\u2019hard rubber ma con proiezione e fuoco tipici di una imboccatura in metallo. La transizione del lungo tetto basso \u2013 step baffle - in una camera larga fornisce al modello Venezia un timbro pieno e non eccessivamente scuro mantenendo un ottimo fuoco del suono. Contribuiscono alla profondit\u00e0 timbrica del modello Venezia anche le pareti interne alla finestra che divengono concave a met\u00e0 di questa anticipando le dimensioni della camera grande. Di poco pi\u00f9 brillante del modello Torino, \u00e8 ideale nei contesti in cui tale componente timbrica pu\u00f2 essere d\u2019aiuto ad emergere: in big band o medie formazioni con la presenza di pi\u00f9 fiati.  Disponibile a richiesta in differenti aperture qui non elencate Legatura e copribecco Rovner inclusi.     media   &nbsp;    &nbsp;    https:\/\/soundcloud.com\/cg-mouthpiece-italy\/non-dimenticar-venice-bronze-for-tenor-sax https:\/\/soundcloud.com\/cg-mouthpiece-italy\/in-a-sentimantal-mood-venice-bronze-for-tenor-sax https:\/\/www.youtube.com\/watch?v=1\u00adgw\u00adE_WKVs https:\/\/www.youtube.com\/watch?v=adwBPYLr_Yc https:\/\/www.youtube.com\/watch?v=TErJlbVapxg[:en]The Venice model was designed for musicians who look for a similar sound to hard rubber, but with typical projection and focus of metal mouthpieces. The transition of the long step baffle into a large chamber provides the Venice model with a full and not too dark timber, maintaining excellent sound focus. The timbre depth of the Venice model is also achieved thanks to the internal window walls, which become concave halfway through it, anticipating the size of the big chamber. A little brighter than the Turin model, it is perfect in contexts where this timbre characteristics can help stand out in big bands or medium bands with several wind instruments.  Available on request in different tip openings not listed here Rovner Ligature &amp; cap included.     media   &nbsp;    &nbsp;    https:\/\/soundcloud.com\/cg-mouthpiece-italy\/non-dimenticar-venice-bronze-for-tenor-sax https:\/\/soundcloud.com\/cg-mouthpiece-italy\/in-a-sentimantal-mood-venice-bronze-for-tenor-sax https:\/\/www.youtube.com\/watch?v=1\u00adgw\u00adE_WKVs https:\/\/www.youtube.com\/watch?v=adwBPYLr_Yc https:\/\/www.youtube.com\/watch?v=TErJlbVapxg[:fr]Le mod\u00e8le Venezia a \u00e9t\u00e9 con\u00e7u pour les musiciens qui recherchent un son semblable \u00e0 celui du caoutchouc dur mais avec la projection et la mise au point du son qui caract\u00e9risent le bec en m\u00e9tal. La transition du long plafond bas (step baffle) dans une chambre large fournit au mod\u00e8le Venezia un timbre plein et pas excessivement sombre tout en maintenant une excellente mise au point du son. Les parois int\u00e9rieures de la fen\u00eatre, qui deviennent concaves \u00e0 mi-hauteur de celle-ci, convergent vers une grande chambre et contribuent \u00e0 la profondeur de timbre du mod\u00e8le Venezia. Un peu plus brillant que le mod\u00e8le Turin, c\u2019est l\u2019id\u00e9al dans les contextes o\u00f9 le timbre peut aider \u00e0 \u00e9merger : dans de grands groupes ou des formations moyennes o\u00f9 sont pr\u00e9sents plusieurs instruments \u00e0 vent.  Disponible sur demande dans diff\u00e9rentes ouvertures non list\u00e9es ici Livr\u00e9e avec Rovner ligature et couvre bec.     media   &nbsp;    &nbsp;    https:\/\/soundcloud.com\/cg-mouthpiece-italy\/non-dimenticar-venice-bronze-for-tenor-sax https:\/\/soundcloud.com\/cg-mouthpiece-italy\/in-a-sentimantal-mood-venice-bronze-for-tenor-sax https:\/\/www.youtube.com\/watch?v=1\u00adgw\u00adE_WKVs https:\/\/www.youtube.com\/watch?v=adwBPYLr_Yc https:\/\/www.youtube.com\/watch?v=TErJlbVapxg[:es]El modelo Venecia se ha dise\u00f1ado para los que buscan un sonido - y una comodidad - similar a las boquillas de ebonita, pero con una proyecci\u00f3n y un enfoque t\u00edpicos de una boquilla met\u00e1lica. La idea que nos ha guiado ya en sus fases de proyecto y prototipaci\u00f3n ha sido la de crear una boquilla para el altista que desea acercarse al mundo de los metales y que, por lo tanto, busca un mayor volumen, proyecci\u00f3n sonora y versatilidad del timbre, pero sin renunciar al control y a la facilidad de emisi\u00f3n a que se hab\u00eda acostumbrado con la ebonita. Sus geometr\u00edas no se alejan de las can\u00f3nicas de una boquilla est\u00e1ndar de calidad (nuestra idea de timbre ha sido la que nos han inspirado los Meyer Bros y OttoLink vintage). El modelo Venecia para saxo alto tiene un roll-over baffle que se ha dise\u00f1ado amablemente en el primer tramo del techo \u2013 corto \u2013 las paredes de la ventana no son c\u00f3ncavas y confluyen en una c\u00e1mara mediana. En esta boquilla, la sencillez de emisi\u00f3n y control se funden con las caracter\u00edsticas t\u00edpicas que se encuentran en los metales: Mayor volumen, proyecci\u00f3n y versatilidad, volvi\u00e9ndola perfecta para los que quieren abandonar la ebonita sin alejarse demasiado de sus costumbres.  Disponible bajo pedido en diferentes aperturas no listadas aqu\u00ed Incluida abrazadera y boquillero Rovner.     media   &nbsp;    &nbsp;    https:\/\/soundcloud.com\/cg-mouthpiece-italy\/non-dimenticar-venice-bronze-for-tenor-sax https:\/\/soundcloud.com\/cg-mouthpiece-italy\/in-a-sentimantal-mood-venice-bronze-for-tenor-sax https:\/\/www.youtube.com\/watch?v=1\u00adgw\u00adE_WKVs https:\/\/www.youtube.com\/watch?v=adwBPYLr_Yc https:\/\/www.youtube.com\/watch?v=TErJlbVapxg[:]\" \/>\n<meta property=\"og:url\" content=\"https:\/\/www.cgmouthpiece.it\/fr\/prodotto\/venezia-2\/\" \/>\n<meta property=\"og:site_name\" content=\"CG MouthPiece\" \/>\n<meta property=\"article:publisher\" content=\"https:\/\/www.facebook.com\/cgmouthpiece.it\/\" \/>\n<meta property=\"article:modified_time\" content=\"2021-02-11T15:27:13+00:00\" \/>\n<meta property=\"og:image\" content=\"https:\/\/www.cgmouthpiece.it\/wp-content\/uploads\/2016\/04\/VEN-int-B.jpg\" \/>\n\t<meta property=\"og:image:width\" content=\"700\" \/>\n\t<meta property=\"og:image:height\" content=\"874\" \/>\n\t<meta property=\"og:image:type\" content=\"image\/jpeg\" \/>\n<meta name=\"twitter:card\" content=\"summary\" \/>\n<script type=\"application\/ld+json\" class=\"yoast-schema-graph\">{\"@context\":\"https:\/\/schema.org\",\"@graph\":[{\"@type\":\"WebSite\",\"@id\":\"https:\/\/www.cgmouthpiece.it\/#website\",\"url\":\"https:\/\/www.cgmouthpiece.it\/\",\"name\":\"CG MouthPiece\",\"description\":\"Best handcrafted mouthpieces made in Italy!\",\"potentialAction\":[{\"@type\":\"SearchAction\",\"target\":{\"@type\":\"EntryPoint\",\"urlTemplate\":\"https:\/\/www.cgmouthpiece.it\/?s={search_term_string}\"},\"query-input\":\"required name=search_term_string\"}],\"inLanguage\":\"en-US\"},{\"@type\":\"ImageObject\",\"@id\":\"https:\/\/www.cgmouthpiece.it\/fr\/prodotto\/venezia-2\/#primaryimage\",\"inLanguage\":\"en-US\",\"url\":\"https:\/\/www.cgmouthpiece.it\/wp-content\/uploads\/2016\/04\/VEN-int-B.jpg\",\"contentUrl\":\"https:\/\/www.cgmouthpiece.it\/wp-content\/uploads\/2016\/04\/VEN-int-B.jpg\",\"width\":700,\"height\":874},{\"@type\":\"WebPage\",\"@id\":\"https:\/\/www.cgmouthpiece.it\/fr\/prodotto\/venezia-2\/#webpage\",\"url\":\"https:\/\/www.cgmouthpiece.it\/fr\/prodotto\/venezia-2\/\",\"name\":\"[:it]Venezia tenore[:en]Venezia tenor[:fr]Venezia tenor[:es]Venezia tenor[:] - CG MouthPiece\",\"isPartOf\":{\"@id\":\"https:\/\/www.cgmouthpiece.it\/#website\"},\"primaryImageOfPage\":{\"@id\":\"https:\/\/www.cgmouthpiece.it\/fr\/prodotto\/venezia-2\/#primaryimage\"},\"datePublished\":\"2016-04-04T09:13:18+00:00\",\"dateModified\":\"2021-02-11T15:27:13+00:00\",\"breadcrumb\":{\"@id\":\"https:\/\/www.cgmouthpiece.it\/fr\/prodotto\/venezia-2\/#breadcrumb\"},\"inLanguage\":\"en-US\",\"potentialAction\":[{\"@type\":\"ReadAction\",\"target\":[\"https:\/\/www.cgmouthpiece.it\/fr\/prodotto\/venezia-2\/\"]}]},{\"@type\":\"BreadcrumbList\",\"@id\":\"https:\/\/www.cgmouthpiece.it\/fr\/prodotto\/venezia-2\/#breadcrumb\",\"itemListElement\":[{\"@type\":\"ListItem\",\"position\":1,\"name\":\"Home\",\"item\":\"https:\/\/www.cgmouthpiece.it\/\"},{\"@type\":\"ListItem\",\"position\":2,\"name\":\"Store\",\"item\":\"https:\/\/www.cgmouthpiece.it\/store\/\"},{\"@type\":\"ListItem\",\"position\":3,\"name\":\"Venezia tenor\"}]}]}<\/script>\n<!-- \/ Yoast SEO plugin. -->","yoast_head_json":{"title":"[:it]Venezia tenore[:en]Venezia tenor[:fr]Venezia tenor[:es]Venezia tenor[:] - CG MouthPiece","robots":{"index":"index","follow":"follow","max-snippet":"max-snippet:-1","max-image-preview":"max-image-preview:large","max-video-preview":"max-video-preview:-1"},"canonical":"https:\/\/www.cgmouthpiece.it\/fr\/prodotto\/venezia-2\/","og_locale":"en_US","og_type":"article","og_title":"[:it]Venezia tenore[:en]Venezia tenor[:fr]Venezia tenor[:es]Venezia tenor[:] - CG MouthPiece","og_description":"[:it]Il modello Venezia \u00e8 progettato per musicisti che ricercano una sonorit\u00e0 simile all\u2019hard rubber ma con proiezione e fuoco tipici di una imboccatura in metallo. La transizione del lungo tetto basso \u2013 step baffle - in una camera larga fornisce al modello Venezia un timbro pieno e non eccessivamente scuro mantenendo un ottimo fuoco del suono. Contribuiscono alla profondit\u00e0 timbrica del modello Venezia anche le pareti interne alla finestra che divengono concave a met\u00e0 di questa anticipando le dimensioni della camera grande. Di poco pi\u00f9 brillante del modello Torino, \u00e8 ideale nei contesti in cui tale componente timbrica pu\u00f2 essere d\u2019aiuto ad emergere: in big band o medie formazioni con la presenza di pi\u00f9 fiati.  Disponibile a richiesta in differenti aperture qui non elencate Legatura e copribecco Rovner inclusi.     media   &nbsp;    &nbsp;    https:\/\/soundcloud.com\/cg-mouthpiece-italy\/non-dimenticar-venice-bronze-for-tenor-sax https:\/\/soundcloud.com\/cg-mouthpiece-italy\/in-a-sentimantal-mood-venice-bronze-for-tenor-sax https:\/\/www.youtube.com\/watch?v=1\u00adgw\u00adE_WKVs https:\/\/www.youtube.com\/watch?v=adwBPYLr_Yc https:\/\/www.youtube.com\/watch?v=TErJlbVapxg[:en]The Venice model was designed for musicians who look for a similar sound to hard rubber, but with typical projection and focus of metal mouthpieces. The transition of the long step baffle into a large chamber provides the Venice model with a full and not too dark timber, maintaining excellent sound focus. The timbre depth of the Venice model is also achieved thanks to the internal window walls, which become concave halfway through it, anticipating the size of the big chamber. A little brighter than the Turin model, it is perfect in contexts where this timbre characteristics can help stand out in big bands or medium bands with several wind instruments.  Available on request in different tip openings not listed here Rovner Ligature &amp; cap included.     media   &nbsp;    &nbsp;    https:\/\/soundcloud.com\/cg-mouthpiece-italy\/non-dimenticar-venice-bronze-for-tenor-sax https:\/\/soundcloud.com\/cg-mouthpiece-italy\/in-a-sentimantal-mood-venice-bronze-for-tenor-sax https:\/\/www.youtube.com\/watch?v=1\u00adgw\u00adE_WKVs https:\/\/www.youtube.com\/watch?v=adwBPYLr_Yc https:\/\/www.youtube.com\/watch?v=TErJlbVapxg[:fr]Le mod\u00e8le Venezia a \u00e9t\u00e9 con\u00e7u pour les musiciens qui recherchent un son semblable \u00e0 celui du caoutchouc dur mais avec la projection et la mise au point du son qui caract\u00e9risent le bec en m\u00e9tal. La transition du long plafond bas (step baffle) dans une chambre large fournit au mod\u00e8le Venezia un timbre plein et pas excessivement sombre tout en maintenant une excellente mise au point du son. Les parois int\u00e9rieures de la fen\u00eatre, qui deviennent concaves \u00e0 mi-hauteur de celle-ci, convergent vers une grande chambre et contribuent \u00e0 la profondeur de timbre du mod\u00e8le Venezia. Un peu plus brillant que le mod\u00e8le Turin, c\u2019est l\u2019id\u00e9al dans les contextes o\u00f9 le timbre peut aider \u00e0 \u00e9merger : dans de grands groupes ou des formations moyennes o\u00f9 sont pr\u00e9sents plusieurs instruments \u00e0 vent.  Disponible sur demande dans diff\u00e9rentes ouvertures non list\u00e9es ici Livr\u00e9e avec Rovner ligature et couvre bec.     media   &nbsp;    &nbsp;    https:\/\/soundcloud.com\/cg-mouthpiece-italy\/non-dimenticar-venice-bronze-for-tenor-sax https:\/\/soundcloud.com\/cg-mouthpiece-italy\/in-a-sentimantal-mood-venice-bronze-for-tenor-sax https:\/\/www.youtube.com\/watch?v=1\u00adgw\u00adE_WKVs https:\/\/www.youtube.com\/watch?v=adwBPYLr_Yc https:\/\/www.youtube.com\/watch?v=TErJlbVapxg[:es]El modelo Venecia se ha dise\u00f1ado para los que buscan un sonido - y una comodidad - similar a las boquillas de ebonita, pero con una proyecci\u00f3n y un enfoque t\u00edpicos de una boquilla met\u00e1lica. La idea que nos ha guiado ya en sus fases de proyecto y prototipaci\u00f3n ha sido la de crear una boquilla para el altista que desea acercarse al mundo de los metales y que, por lo tanto, busca un mayor volumen, proyecci\u00f3n sonora y versatilidad del timbre, pero sin renunciar al control y a la facilidad de emisi\u00f3n a que se hab\u00eda acostumbrado con la ebonita. Sus geometr\u00edas no se alejan de las can\u00f3nicas de una boquilla est\u00e1ndar de calidad (nuestra idea de timbre ha sido la que nos han inspirado los Meyer Bros y OttoLink vintage). El modelo Venecia para saxo alto tiene un roll-over baffle que se ha dise\u00f1ado amablemente en el primer tramo del techo \u2013 corto \u2013 las paredes de la ventana no son c\u00f3ncavas y confluyen en una c\u00e1mara mediana. En esta boquilla, la sencillez de emisi\u00f3n y control se funden con las caracter\u00edsticas t\u00edpicas que se encuentran en los metales: Mayor volumen, proyecci\u00f3n y versatilidad, volvi\u00e9ndola perfecta para los que quieren abandonar la ebonita sin alejarse demasiado de sus costumbres.  Disponible bajo pedido en diferentes aperturas no listadas aqu\u00ed Incluida abrazadera y boquillero Rovner.     media   &nbsp;    &nbsp;    https:\/\/soundcloud.com\/cg-mouthpiece-italy\/non-dimenticar-venice-bronze-for-tenor-sax https:\/\/soundcloud.com\/cg-mouthpiece-italy\/in-a-sentimantal-mood-venice-bronze-for-tenor-sax https:\/\/www.youtube.com\/watch?v=1\u00adgw\u00adE_WKVs https:\/\/www.youtube.com\/watch?v=adwBPYLr_Yc https:\/\/www.youtube.com\/watch?v=TErJlbVapxg[:]","og_url":"https:\/\/www.cgmouthpiece.it\/fr\/prodotto\/venezia-2\/","og_site_name":"CG MouthPiece","article_publisher":"https:\/\/www.facebook.com\/cgmouthpiece.it\/","article_modified_time":"2021-02-11T15:27:13+00:00","og_image":[{"width":700,"height":874,"url":"https:\/\/www.cgmouthpiece.it\/wp-content\/uploads\/2016\/04\/VEN-int-B.jpg","type":"image\/jpeg"}],"twitter_card":"summary","schema":{"@context":"https:\/\/schema.org","@graph":[{"@type":"WebSite","@id":"https:\/\/www.cgmouthpiece.it\/#website","url":"https:\/\/www.cgmouthpiece.it\/","name":"CG MouthPiece","description":"Best handcrafted mouthpieces made in Italy!","potentialAction":[{"@type":"SearchAction","target":{"@type":"EntryPoint","urlTemplate":"https:\/\/www.cgmouthpiece.it\/?s={search_term_string}"},"query-input":"required name=search_term_string"}],"inLanguage":"en-US"},{"@type":"ImageObject","@id":"https:\/\/www.cgmouthpiece.it\/fr\/prodotto\/venezia-2\/#primaryimage","inLanguage":"en-US","url":"https:\/\/www.cgmouthpiece.it\/wp-content\/uploads\/2016\/04\/VEN-int-B.jpg","contentUrl":"https:\/\/www.cgmouthpiece.it\/wp-content\/uploads\/2016\/04\/VEN-int-B.jpg","width":700,"height":874},{"@type":"WebPage","@id":"https:\/\/www.cgmouthpiece.it\/fr\/prodotto\/venezia-2\/#webpage","url":"https:\/\/www.cgmouthpiece.it\/fr\/prodotto\/venezia-2\/","name":"[:it]Venezia tenore[:en]Venezia tenor[:fr]Venezia tenor[:es]Venezia tenor[:] - CG MouthPiece","isPartOf":{"@id":"https:\/\/www.cgmouthpiece.it\/#website"},"primaryImageOfPage":{"@id":"https:\/\/www.cgmouthpiece.it\/fr\/prodotto\/venezia-2\/#primaryimage"},"datePublished":"2016-04-04T09:13:18+00:00","dateModified":"2021-02-11T15:27:13+00:00","breadcrumb":{"@id":"https:\/\/www.cgmouthpiece.it\/fr\/prodotto\/venezia-2\/#breadcrumb"},"inLanguage":"en-US","potentialAction":[{"@type":"ReadAction","target":["https:\/\/www.cgmouthpiece.it\/fr\/prodotto\/venezia-2\/"]}]},{"@type":"BreadcrumbList","@id":"https:\/\/www.cgmouthpiece.it\/fr\/prodotto\/venezia-2\/#breadcrumb","itemListElement":[{"@type":"ListItem","position":1,"name":"Home","item":"https:\/\/www.cgmouthpiece.it\/"},{"@type":"ListItem","position":2,"name":"Store","item":"https:\/\/www.cgmouthpiece.it\/store\/"},{"@type":"ListItem","position":3,"name":"Venezia tenor"}]}]}},"_links":{"self":[{"href":"https:\/\/www.cgmouthpiece.it\/en\/wp-json\/wp\/v2\/product\/19789"}],"collection":[{"href":"https:\/\/www.cgmouthpiece.it\/en\/wp-json\/wp\/v2\/product"}],"about":[{"href":"https:\/\/www.cgmouthpiece.it\/en\/wp-json\/wp\/v2\/types\/product"}],"replies":[{"embeddable":true,"href":"https:\/\/www.cgmouthpiece.it\/en\/wp-json\/wp\/v2\/comments?post=19789"}],"wp:featuredmedia":[{"embeddable":true,"href":"https:\/\/www.cgmouthpiece.it\/en\/wp-json\/wp\/v2\/media\/21309"}],"wp:attachment":[{"href":"https:\/\/www.cgmouthpiece.it\/en\/wp-json\/wp\/v2\/media?parent=19789"}],"wp:term":[{"taxonomy":"product_cat","embeddable":true,"href":"https:\/\/www.cgmouthpiece.it\/en\/wp-json\/wp\/v2\/product_cat?post=19789"},{"taxonomy":"product_tag","embeddable":true,"href":"https:\/\/www.cgmouthpiece.it\/en\/wp-json\/wp\/v2\/product_tag?post=19789"}],"curies":[{"name":"wp","href":"https:\/\/api.w.org\/{rel}","templated":true}]}}