{"id":19860,"date":"2016-04-08T11:12:02","date_gmt":"2016-04-08T09:12:02","guid":{"rendered":"https:\/\/www.cgmouthpiece.it\/?post_type=product&#038;p=19860"},"modified":"2025-03-30T19:09:33","modified_gmt":"2025-03-30T17:09:33","slug":"galileo-al-vi-natural-al","status":"publish","type":"product","link":"https:\/\/www.cgmouthpiece.it\/en\/prodotto\/galileo-al-vi-natural-al\/","title":{"rendered":"Galileo AL VI natural al"},"content":{"rendered":"","protected":false},"excerpt":{"rendered":"<p>GALILEO AL, la nuova legatura per imboccature, made in Italy. Nasce da una evoluzione della Galileo in ottone di cui mantiene inalterata l\u2019omogeneit\u00e0 timbrica, offrendo per\u00f2 una libert\u00e0 maggiore all\u2019ancia. Le caratteristiche costruttive sono le medesime della Galileo brass: il corpo della legatura nasce infatti da una barra di alluminio speciale utilizzato nell\u2019industria aerospaziale, selezionato dalla CG Mouthpiece Italy per le sue caratteristiche di flessibilit\u00e0, leggerezza e nel contempo resistenza. Non per ultime poi per le sue caratteristiche acustiche eccezionali. Vite e placchetta di serraggio dell\u2019ancia sono le stesse della Galileo brass, stesso design e qualit\u00e0: in ottone sempre ricavate dal pieno e placcate oro 24kt Accuratamente rifinita a mano in ogni sua parte \u00e8 disponibile in differenti finiture: Vintage AL (corpo in lega di alluminio anodizzato, vite e placchetta in ottone placcati oro 24k &#8211; disponibile solo nella misura II) e AL (corpo in lega di alluminio color naturale, vite e placchetta in ottone placcati oro 24k\u00a0 &#8211; disponibile nelle misure IV e VI). Anche per clarinetto nella misura IVcl.<\/p>\n<p>Copribocchino incluso.<\/p>\n","protected":false},"featured_media":19859,"comment_status":"closed","ping_status":"closed","template":"","meta":[],"product_cat":[17,28,41,54],"product_tag":[],"acf":[],"yoast_head":"<!-- This site is optimized with the Yoast SEO plugin v18.3 - https:\/\/yoast.com\/wordpress\/plugins\/seo\/ -->\n<title>Galileo AL VI natural al, legatura per imboccature CG Mouthpiece<\/title>\n<meta name=\"description\" content=\"{:en}Vintage AL (corpo in lega di alluminio anodizzato, vite e placchetta in ottone placcati oro 24k - disponibile solo nella misura II) e AL...{:}\" \/>\n<meta name=\"robots\" content=\"index, follow, max-snippet:-1, max-image-preview:large, max-video-preview:-1\" \/>\n<link rel=\"canonical\" href=\"https:\/\/www.cgmouthpiece.it\/prodotto\/galileo-al-vi-natural-al\/\" \/>\n<meta property=\"og:locale\" content=\"en_US\" \/>\n<meta property=\"og:type\" content=\"article\" \/>\n<meta property=\"og:title\" content=\"[:en]Galileo AL VI natural al, legatura per imboccature CG Mouthpiece[:]\" \/>\n<meta property=\"og:description\" content=\"{:en}Vintage AL (corpo in lega di alluminio anodizzato, vite e placchetta in ottone placcati oro 24k - disponibile solo nella misura II) e AL...{:}\" \/>\n<meta property=\"og:url\" content=\"https:\/\/www.cgmouthpiece.it\/prodotto\/galileo-al-vi-natural-al\/\" \/>\n<meta property=\"og:site_name\" content=\"CG MouthPiece\" \/>\n<meta property=\"article:publisher\" content=\"https:\/\/www.facebook.com\/cgmouthpiece.it\/\" \/>\n<meta property=\"article:modified_time\" content=\"2025-03-30T17:09:33+00:00\" \/>\n<meta property=\"og:image\" content=\"https:\/\/www.cgmouthpiece.it\/wp-content\/uploads\/2016\/04\/GALal-1.jpg\" \/>\n\t<meta property=\"og:image:width\" content=\"700\" \/>\n\t<meta property=\"og:image:height\" content=\"874\" \/>\n\t<meta property=\"og:image:type\" content=\"image\/jpeg\" \/>\n<meta name=\"twitter:card\" content=\"summary\" \/>\n<script type=\"application\/ld+json\" class=\"yoast-schema-graph\">{\"@context\":\"https:\/\/schema.org\",\"@graph\":[{\"@type\":\"WebSite\",\"@id\":\"https:\/\/www.cgmouthpiece.it\/#website\",\"url\":\"https:\/\/www.cgmouthpiece.it\/\",\"name\":\"CG MouthPiece\",\"description\":\"Best handcrafted mouthpieces made in Italy!\",\"potentialAction\":[{\"@type\":\"SearchAction\",\"target\":{\"@type\":\"EntryPoint\",\"urlTemplate\":\"https:\/\/www.cgmouthpiece.it\/?s={search_term_string}\"},\"query-input\":\"required name=search_term_string\"}],\"inLanguage\":\"en-US\"},{\"@type\":\"ImageObject\",\"@id\":\"https:\/\/www.cgmouthpiece.it\/prodotto\/galileo-al-vi-natural-al\/#primaryimage\",\"inLanguage\":\"en-US\",\"url\":\"https:\/\/www.cgmouthpiece.it\/wp-content\/uploads\/2016\/04\/GALal-1.jpg\",\"contentUrl\":\"https:\/\/www.cgmouthpiece.it\/wp-content\/uploads\/2016\/04\/GALal-1.jpg\",\"width\":700,\"height\":874,\"caption\":\"GALal\"},{\"@type\":\"WebPage\",\"@id\":\"https:\/\/www.cgmouthpiece.it\/prodotto\/galileo-al-vi-natural-al\/#webpage\",\"url\":\"https:\/\/www.cgmouthpiece.it\/prodotto\/galileo-al-vi-natural-al\/\",\"name\":\"[:en]Galileo AL VI natural al, legatura per imboccature CG Mouthpiece[:]\",\"isPartOf\":{\"@id\":\"https:\/\/www.cgmouthpiece.it\/#website\"},\"primaryImageOfPage\":{\"@id\":\"https:\/\/www.cgmouthpiece.it\/prodotto\/galileo-al-vi-natural-al\/#primaryimage\"},\"datePublished\":\"2016-04-08T09:12:02+00:00\",\"dateModified\":\"2025-03-30T17:09:33+00:00\",\"description\":\"{:en}Vintage AL (corpo in lega di alluminio anodizzato, vite e placchetta in ottone placcati oro 24k - disponibile solo nella misura II) e AL...{:}\",\"breadcrumb\":{\"@id\":\"https:\/\/www.cgmouthpiece.it\/prodotto\/galileo-al-vi-natural-al\/#breadcrumb\"},\"inLanguage\":\"en-US\",\"potentialAction\":[{\"@type\":\"ReadAction\",\"target\":[\"https:\/\/www.cgmouthpiece.it\/prodotto\/galileo-al-vi-natural-al\/\"]}]},{\"@type\":\"BreadcrumbList\",\"@id\":\"https:\/\/www.cgmouthpiece.it\/prodotto\/galileo-al-vi-natural-al\/#breadcrumb\",\"itemListElement\":[{\"@type\":\"ListItem\",\"position\":1,\"name\":\"Home\",\"item\":\"https:\/\/www.cgmouthpiece.it\/\"},{\"@type\":\"ListItem\",\"position\":2,\"name\":\"Store\",\"item\":\"https:\/\/www.cgmouthpiece.it\/store\/\"},{\"@type\":\"ListItem\",\"position\":3,\"name\":\"Galileo AL VI natural al\"}]}]}<\/script>\n<!-- \/ Yoast SEO plugin. -->","yoast_head_json":{"title":"[:en]Galileo AL VI natural al, legatura per imboccature CG Mouthpiece[:]","description":"{:en}Vintage AL (corpo in lega di alluminio anodizzato, vite e placchetta in ottone placcati oro 24k - disponibile solo nella misura II) e AL...{:}","robots":{"index":"index","follow":"follow","max-snippet":"max-snippet:-1","max-image-preview":"max-image-preview:large","max-video-preview":"max-video-preview:-1"},"canonical":"https:\/\/www.cgmouthpiece.it\/prodotto\/galileo-al-vi-natural-al\/","og_locale":"en_US","og_type":"article","og_title":"[:en]Galileo AL VI natural al, legatura per imboccature CG Mouthpiece[:]","og_description":"{:en}Vintage AL (corpo in lega di alluminio anodizzato, vite e placchetta in ottone placcati oro 24k - disponibile solo nella misura II) e AL...{:}","og_url":"https:\/\/www.cgmouthpiece.it\/prodotto\/galileo-al-vi-natural-al\/","og_site_name":"CG MouthPiece","article_publisher":"https:\/\/www.facebook.com\/cgmouthpiece.it\/","article_modified_time":"2025-03-30T17:09:33+00:00","og_image":[{"width":700,"height":874,"url":"https:\/\/www.cgmouthpiece.it\/wp-content\/uploads\/2016\/04\/GALal-1.jpg","type":"image\/jpeg"}],"twitter_card":"summary","schema":{"@context":"https:\/\/schema.org","@graph":[{"@type":"WebSite","@id":"https:\/\/www.cgmouthpiece.it\/#website","url":"https:\/\/www.cgmouthpiece.it\/","name":"CG MouthPiece","description":"Best handcrafted mouthpieces made in Italy!","potentialAction":[{"@type":"SearchAction","target":{"@type":"EntryPoint","urlTemplate":"https:\/\/www.cgmouthpiece.it\/?s={search_term_string}"},"query-input":"required name=search_term_string"}],"inLanguage":"en-US"},{"@type":"ImageObject","@id":"https:\/\/www.cgmouthpiece.it\/prodotto\/galileo-al-vi-natural-al\/#primaryimage","inLanguage":"en-US","url":"https:\/\/www.cgmouthpiece.it\/wp-content\/uploads\/2016\/04\/GALal-1.jpg","contentUrl":"https:\/\/www.cgmouthpiece.it\/wp-content\/uploads\/2016\/04\/GALal-1.jpg","width":700,"height":874,"caption":"GALal"},{"@type":"WebPage","@id":"https:\/\/www.cgmouthpiece.it\/prodotto\/galileo-al-vi-natural-al\/#webpage","url":"https:\/\/www.cgmouthpiece.it\/prodotto\/galileo-al-vi-natural-al\/","name":"[:en]Galileo AL VI natural al, legatura per imboccature CG Mouthpiece[:]","isPartOf":{"@id":"https:\/\/www.cgmouthpiece.it\/#website"},"primaryImageOfPage":{"@id":"https:\/\/www.cgmouthpiece.it\/prodotto\/galileo-al-vi-natural-al\/#primaryimage"},"datePublished":"2016-04-08T09:12:02+00:00","dateModified":"2025-03-30T17:09:33+00:00","description":"{:en}Vintage AL (corpo in lega di alluminio anodizzato, vite e placchetta in ottone placcati oro 24k - disponibile solo nella misura II) e AL...{:}","breadcrumb":{"@id":"https:\/\/www.cgmouthpiece.it\/prodotto\/galileo-al-vi-natural-al\/#breadcrumb"},"inLanguage":"en-US","potentialAction":[{"@type":"ReadAction","target":["https:\/\/www.cgmouthpiece.it\/prodotto\/galileo-al-vi-natural-al\/"]}]},{"@type":"BreadcrumbList","@id":"https:\/\/www.cgmouthpiece.it\/prodotto\/galileo-al-vi-natural-al\/#breadcrumb","itemListElement":[{"@type":"ListItem","position":1,"name":"Home","item":"https:\/\/www.cgmouthpiece.it\/"},{"@type":"ListItem","position":2,"name":"Store","item":"https:\/\/www.cgmouthpiece.it\/store\/"},{"@type":"ListItem","position":3,"name":"Galileo AL VI natural al"}]}]}},"_links":{"self":[{"href":"https:\/\/www.cgmouthpiece.it\/en\/wp-json\/wp\/v2\/product\/19860"}],"collection":[{"href":"https:\/\/www.cgmouthpiece.it\/en\/wp-json\/wp\/v2\/product"}],"about":[{"href":"https:\/\/www.cgmouthpiece.it\/en\/wp-json\/wp\/v2\/types\/product"}],"replies":[{"embeddable":true,"href":"https:\/\/www.cgmouthpiece.it\/en\/wp-json\/wp\/v2\/comments?post=19860"}],"wp:featuredmedia":[{"embeddable":true,"href":"https:\/\/www.cgmouthpiece.it\/en\/wp-json\/wp\/v2\/media\/19859"}],"wp:attachment":[{"href":"https:\/\/www.cgmouthpiece.it\/en\/wp-json\/wp\/v2\/media?parent=19860"}],"wp:term":[{"taxonomy":"product_cat","embeddable":true,"href":"https:\/\/www.cgmouthpiece.it\/en\/wp-json\/wp\/v2\/product_cat?post=19860"},{"taxonomy":"product_tag","embeddable":true,"href":"https:\/\/www.cgmouthpiece.it\/en\/wp-json\/wp\/v2\/product_tag?post=19860"}],"curies":[{"name":"wp","href":"https:\/\/api.w.org\/{rel}","templated":true}]}}