{"id":19926,"date":"2016-04-22T09:37:53","date_gmt":"2016-04-22T07:37:53","guid":{"rendered":"https:\/\/www.cgmouthpiece.it\/?post_type=product&#038;p=19926"},"modified":"2025-03-30T19:07:51","modified_gmt":"2025-03-30T17:07:51","slug":"galileo-brass-iv-gold-plated","status":"publish","type":"product","link":"https:\/\/www.cgmouthpiece.it\/en\/prodotto\/galileo-brass-iv-gold-plated\/","title":{"rendered":"Galileo brass IV gold"},"content":{"rendered":"","protected":false},"excerpt":{"rendered":"<p class=\"p1\"><span class=\"s1\">GALILEO is the ultimate ligature for mouthpieces. It is made in Italy as usual at CG Mouthpiece Italy.<\/span><\/p>\n<p class=\"p1\"><span class=\"s1\">GALILEO ligature ensures an extremely homogeneous feeling while playing along the whole range of the horn. It is a real sculpture carved from solid rod of a pure brass alloy (lead free brass without any welding points). Selected material by GC Mouthpiece Italy for its exceptional acoustics attributes, worked following the grain of the metal (method already used by CG Mouthpiece Italy for its fine metal mouthpieces). The upper side of the ligature perfectly wraps the mouthpiece guaranteeing a solid support, then, the design proceeds drawing a light arc shape: like a little leaf spring, GALILEO allows a calibrated pressure of the plate on the reed.<\/span><\/p>\n<p class=\"p1\"><span class=\"s1\">The pressure amount is regulated by a solid brass screw.<\/span><\/p>\n<p class=\"p1\"><span class=\"s1\">The brass screw is fixed by pressure to the plate, without the aid of additional screws or welding points.<\/span><\/p>\n<p class=\"p1\"><span class=\"s1\">The plate, which is also made from a solid brass, is able to follow the shape of the back of the reed, which is not always symmetrical, allowing a solid support of its rails also oriented in the direction of the wood\u2019s grain. The plate rails are tailored to fit the curvature of the reed and do not leave marks on it.<\/span><\/p>\n<p class=\"p1\"><span class=\"s1\">GALILEO revolutionized the meaning of &#8220;ligature&#8221; because it is not designed to &#8220;bind&#8221;, but to ensure \u201cfreedom\u201d to the reed.The overall effect will be the supreme timbre homogeneity, a fast and accurate response of the reed, with the feeling of a single vibrating body made of mouthpiece and reed.<\/span><\/p>\n<p class=\"p1\"><span class=\"s1\">GALILEO vibration for your reed, enjoyment for your soul!<\/span><\/p>\n<p class=\"p1\"><span class=\"s1\">Cap included.<\/span><\/p>\n","protected":false},"featured_media":19924,"comment_status":"closed","ping_status":"closed","template":"","meta":[],"product_cat":[17,28,41,55],"product_tag":[],"acf":[],"yoast_head":"<!-- This site is optimized with the Yoast SEO plugin v18.3 - https:\/\/yoast.com\/wordpress\/plugins\/seo\/ -->\n<title>Galileo brass IV gold - CG MouthPiece<\/title>\n<meta name=\"robots\" content=\"index, follow, max-snippet:-1, max-image-preview:large, max-video-preview:-1\" \/>\n<link rel=\"canonical\" href=\"https:\/\/www.cgmouthpiece.it\/prodotto\/galileo-brass-iv-gold-plated\/\" \/>\n<meta property=\"og:locale\" content=\"en_US\" \/>\n<meta property=\"og:type\" content=\"article\" \/>\n<meta property=\"og:title\" content=\"Galileo brass IV gold - CG MouthPiece\" \/>\n<meta property=\"og:description\" content=\"[:it]GALILEO, la nuova legatura per imboccature, made in Italy. GALILEO, una vera e propria scultura estratta dal puro ottone, totalmente priva di saldature L&#039;ancia \u00e8 libera di vibrare in tutta la lunghezza delle fibre della cui disposizione GALILEO tiene conto: nasce infatti da una barra di ottone speciale, selezionato dalla CG Mouthpiece Italy per le sue caratteristiche acustiche eccezionali, e lavorato seguendo le venature del metallo. Metodo che la CG Mouthpiece Italy adotta anche per la lavorazione delle sue pregiate imboccature. Le sue geometrie sono accuratamente studiate per rispondere in modo omogeneo alle vibrazioni dell&#039;ancia e conseguentemente dell&#039;imboccatura. La parte superiore avvolge perfettamente il becco che funge da saldo appoggio da cui poi la legatura procede disegnando una leggera forma ad arco: come una piccola balestra permette una pressione calibrata della placchetta sull&#039;ancia, pressione che \u00e8 regolata da una solida vite, sempre in ottone massiccio. La robusta vite \u00e8 fissata alla placchetta a pressione, senza l&#039;ausilio di viti. La placchetta, anch&#039;essa ricavata da un pezzo pieno di ottone, \u00e8 snodabile per potersi adattare al non sempre simmetrico disegno del dorso dell&#039;ancia, permettendo cos\u00ec un saldo appoggio dei suoi binari anch&#039;essi disposti nel senso della fibra lignea. Quest&#039;ultimi sono raggiati per potersi adattare alla curvatura dell&#039;ancia e per non lasciare segni su di essa. GALILEO libera l&#039;ancia: l\u2019effetto sar\u00e0 quello di un&#039;omogeneit\u00e0 timbrica senza eguali e di una risposta pronta e precisa dell&#039;ancia, con la sensazione di un unico corpo vibrante composto da ancia e imboccatura. GALILEO vibration for your reed, enjoyment for your soul! Copribocchino incluso.[:en]GALILEO is the ultimate ligature for mouthpieces. It is made in Italy as usual at CG Mouthpiece Italy. GALILEO ligature ensures an extremely homogeneous feeling while playing along the whole range of the horn. It is a real sculpture carved from solid rod of a pure brass alloy (lead free brass without any welding points). Selected material by GC Mouthpiece Italy for its exceptional acoustics attributes, worked following the grain of the metal (method already used by CG Mouthpiece Italy for its fine metal mouthpieces). The upper side of the ligature perfectly wraps the mouthpiece guaranteeing a solid support, then, the design proceeds drawing a light arc shape: like a little leaf spring, GALILEO allows a calibrated pressure of the plate on the reed. The pressure amount is regulated by a solid brass screw. The brass screw is fixed by pressure to the plate, without the aid of additional screws or welding points. The plate, which is also made from a solid brass, is able to follow the shape of the back of the reed, which is not always symmetrical, allowing a solid support of its rails also oriented in the direction of the wood\u2019s grain. The plate rails are tailored to fit the curvature of the reed and do not leave marks on it. GALILEO revolutionized the meaning of &quot;ligature&quot; because it is not designed to &quot;bind&quot;, but to ensure \u201cfreedom\u201d to the reed.The overall effect will be the supreme timbre homogeneity, a fast and accurate response of the reed, with the feeling of a single vibrating body made of mouthpiece and reed. GALILEO vibration for your reed, enjoyment for your soul! Cap included.[:fr]GALILEO, la nouvelle ligature pour becs, made in Italy. GALILEO est une v\u00e9ritable sculpture extraite du laiton pur, sans soudures. Un dessin elliptique qui rappelle une orbite qui enveloppe le bec et suit ses vibrations. L\u2019anche peut vibrer librement sur toute la longueur des fibres dont GALILEO tient compte de la disposition : elle na\u00eet en effet \u00e0 partir d\u2019une barre en laiton sp\u00e9cial, s\u00e9lectionn\u00e9 par CG Mouthpiece Italy pour ses caract\u00e9ristiques acoustiques exceptionnelles et travaill\u00e9 en suivant les veines du m\u00e9tal. C\u2019est la m\u00e9thode que la CG Mouthpiece Italy adopte pour l\u2019usinage de ses becs les plus prestigieux. Ses g\u00e9om\u00e9tries sont soigneusement \u00e9tudi\u00e9es pour r\u00e9pondre de mani\u00e8re homog\u00e8ne aux vibrations de l\u2019anche et par cons\u00e9quent du bec. La partie sup\u00e9rieure enveloppe parfaitement le bec qui constitue un support robuste d\u2019o\u00f9 part la ligature en dessinant une l\u00e9g\u00e8re forme en arc : comme une petite arbal\u00e8te permettant une pression calibr\u00e9e de la plaque sur l\u2019anche, cette pression est r\u00e9gl\u00e9e par une vis robuste en laiton massif. La vis robuste est fix\u00e9e \u00e0 la plaque de pression sans aucune vis. Son ergonomie particuli\u00e8re lui permet de bien rester en position m\u00eame durant les phases d\u2019intonation du bec le long du bocal coud\u00e9. La plaque, tir\u00e9e elle aussi d\u2019une pi\u00e8ce en laiton massif, est articul\u00e9e pour s\u2019adapter au dessin du dos de l\u2019anche qui n\u2019est pas toujours sym\u00e9trique, en permettant ainsi un appui ferme de ses rails plac\u00e9s dans le sens de la fibre ligneuse. Les rails sont dot\u00e9s de rayons pour pouvoir s\u2019adapter \u00e0 la courbure de l\u2019anche et n\u2019y laisser aucun signe. GALILEO r\u00e9volutionne le sens de \u00ab ligature \u00bb car elle n\u2019a pas \u00e9t\u00e9 \u00e9tudi\u00e9e pour \u00ab ligaturer \u00bb mais pour lib\u00e9rer l\u2019anche. L\u2019effet sera une homog\u00e9n\u00e9it\u00e9 de timbre sans \u00e9gal et une r\u00e9ponse prompte et pr\u00e9cise de l\u2019anche, avec la sensation d\u2019un seul corps vibrant compos\u00e9 par le bec et l\u2019anche. GALILEO est disponible dans diff\u00e9rentes tailles pour s\u2019adapter aux divers types de becs disponibles sur le march\u00e9, les mod\u00e8les compatibles sont continuellement mis \u00e0 jour pour satisfaire de plus en plus de saxophonistes dans le monde entier! GALILEO vibration for your reed, enjoyment for your soul! Livr\u00e9e avec un couvre-bec.[:es]GALILEO, la nueva ligadura para boquillas, realizada en Italia. GALILEO, una verdadera escultura sacada del lat\u00f3n puro, sin soldaduras. La leng\u00fceta est\u00e1 libre de vibrar en toda la longitud de las fibras, de que GALILEO tiene en cuenta la disposici\u00f3n: de hecho nace de una barra de lat\u00f3n especial, seleccionado por CG Mouthpiece Italy por sus caracter\u00edsticas ac\u00fasticas excepcionales, y se ha elaborado siguiendo las vetas del metal. M\u00e9todo que CG Mouthpiece Italy adopta tambi\u00e9n para la elaboraci\u00f3n de sus boquillas valiosas. Sus geometr\u00edas se han estudiado cuidadosamente para responder de forma homog\u00e9nea a las vibraciones de la leng\u00fceta y, consiguientemente, de la boquilla. La parte superior envuelve perfectamente el pico, que funciona como apoyo firme, de que luego la ligadura procede dibujando una ligera forma de arco: como una peque\u00f1a ballesta permite una presi\u00f3n calibrada de la plaquita en la leng\u00fceta; esta presi\u00f3n se regula con un tornillo s\u00f3lido, tambi\u00e9n \u00e9ste de lat\u00f3n macizo. El tornillo robusto se ha fijado en la plaqueta por presi\u00f3n, sin la ayuda de tornillos. Su ergonom\u00eda especial le permite quedar firme en posici\u00f3n tambi\u00e9n durante las fases de entonaci\u00f3n de la boquilla a lo largo del chiver. La plaqueta, tambi\u00e9n sacada por una pieza llena de lat\u00f3n, es articulada para poderse adaptar al dise\u00f1o no siempre sim\u00e9trico del dorso de la leng\u00fceta, permitiendo de esta forma un apoyo firme de sus rieles, tambi\u00e9n \u00e9stos dispuestos en el sentido de la fibra de madera. Estos \u00faltimos tienen rayos para poderse adaptar a la curvatura de la leng\u00fceta y para no dejar marcas en la misma. GALILEO revoluciona el significado de \u201cligadura\u201d sino para liberar la leng\u00fceta. El efecto ser\u00e1 el de una homogeneidad del timbre sin iguales y de una respuesta pronta y precisa de la leng\u00fceta, con la sensaci\u00f3n de un cuerpo vibrante \u00fanico constituido por boquilla y leng\u00fceta. GALILEO est\u00e1 disponible en distintas, porque no se piensa para \u201cligar\u201d dimensiones para adaptarse a los tipos distintos de boquillas que est\u00e1n disponible en el mercado. Los modelos soportados son en continua actualizaci\u00f3n para responder a las necesidades de un n\u00famero siempre mayor de saxofonistas en el mundo! GALILEO vibration for your reed, enjoyment for your soul! Se entrega con una tapa de boquilla.[:]\" \/>\n<meta property=\"og:url\" content=\"https:\/\/www.cgmouthpiece.it\/prodotto\/galileo-brass-iv-gold-plated\/\" \/>\n<meta property=\"og:site_name\" content=\"CG MouthPiece\" \/>\n<meta property=\"article:publisher\" content=\"https:\/\/www.facebook.com\/cgmouthpiece.it\/\" \/>\n<meta property=\"article:modified_time\" content=\"2025-03-30T17:07:51+00:00\" \/>\n<meta property=\"og:image\" content=\"https:\/\/www.cgmouthpiece.it\/wp-content\/uploads\/2016\/04\/Galileo-brass-GOLD-IV.jpg\" \/>\n\t<meta property=\"og:image:width\" content=\"700\" \/>\n\t<meta property=\"og:image:height\" content=\"874\" \/>\n\t<meta property=\"og:image:type\" content=\"image\/jpeg\" \/>\n<meta name=\"twitter:card\" content=\"summary\" \/>\n<script type=\"application\/ld+json\" class=\"yoast-schema-graph\">{\"@context\":\"https:\/\/schema.org\",\"@graph\":[{\"@type\":\"WebSite\",\"@id\":\"https:\/\/www.cgmouthpiece.it\/#website\",\"url\":\"https:\/\/www.cgmouthpiece.it\/\",\"name\":\"CG MouthPiece\",\"description\":\"Best handcrafted mouthpieces made in Italy!\",\"potentialAction\":[{\"@type\":\"SearchAction\",\"target\":{\"@type\":\"EntryPoint\",\"urlTemplate\":\"https:\/\/www.cgmouthpiece.it\/?s={search_term_string}\"},\"query-input\":\"required name=search_term_string\"}],\"inLanguage\":\"en-US\"},{\"@type\":\"ImageObject\",\"@id\":\"https:\/\/www.cgmouthpiece.it\/prodotto\/galileo-brass-iv-gold-plated\/#primaryimage\",\"inLanguage\":\"en-US\",\"url\":\"https:\/\/www.cgmouthpiece.it\/wp-content\/uploads\/2016\/04\/Galileo-brass-GOLD-IV.jpg\",\"contentUrl\":\"https:\/\/www.cgmouthpiece.it\/wp-content\/uploads\/2016\/04\/Galileo-brass-GOLD-IV.jpg\",\"width\":700,\"height\":874,\"caption\":\"GalileobrassGOLD&#;IV\"},{\"@type\":\"WebPage\",\"@id\":\"https:\/\/www.cgmouthpiece.it\/prodotto\/galileo-brass-iv-gold-plated\/#webpage\",\"url\":\"https:\/\/www.cgmouthpiece.it\/prodotto\/galileo-brass-iv-gold-plated\/\",\"name\":\"Galileo brass IV gold - CG MouthPiece\",\"isPartOf\":{\"@id\":\"https:\/\/www.cgmouthpiece.it\/#website\"},\"primaryImageOfPage\":{\"@id\":\"https:\/\/www.cgmouthpiece.it\/prodotto\/galileo-brass-iv-gold-plated\/#primaryimage\"},\"datePublished\":\"2016-04-22T07:37:53+00:00\",\"dateModified\":\"2025-03-30T17:07:51+00:00\",\"breadcrumb\":{\"@id\":\"https:\/\/www.cgmouthpiece.it\/prodotto\/galileo-brass-iv-gold-plated\/#breadcrumb\"},\"inLanguage\":\"en-US\",\"potentialAction\":[{\"@type\":\"ReadAction\",\"target\":[\"https:\/\/www.cgmouthpiece.it\/prodotto\/galileo-brass-iv-gold-plated\/\"]}]},{\"@type\":\"BreadcrumbList\",\"@id\":\"https:\/\/www.cgmouthpiece.it\/prodotto\/galileo-brass-iv-gold-plated\/#breadcrumb\",\"itemListElement\":[{\"@type\":\"ListItem\",\"position\":1,\"name\":\"Home\",\"item\":\"https:\/\/www.cgmouthpiece.it\/\"},{\"@type\":\"ListItem\",\"position\":2,\"name\":\"Store\",\"item\":\"https:\/\/www.cgmouthpiece.it\/store\/\"},{\"@type\":\"ListItem\",\"position\":3,\"name\":\"Galileo brass IV gold\"}]}]}<\/script>\n<!-- \/ Yoast SEO plugin. -->","yoast_head_json":{"title":"Galileo brass IV gold - CG MouthPiece","robots":{"index":"index","follow":"follow","max-snippet":"max-snippet:-1","max-image-preview":"max-image-preview:large","max-video-preview":"max-video-preview:-1"},"canonical":"https:\/\/www.cgmouthpiece.it\/prodotto\/galileo-brass-iv-gold-plated\/","og_locale":"en_US","og_type":"article","og_title":"Galileo brass IV gold - CG MouthPiece","og_description":"[:it]GALILEO, la nuova legatura per imboccature, made in Italy. GALILEO, una vera e propria scultura estratta dal puro ottone, totalmente priva di saldature L'ancia \u00e8 libera di vibrare in tutta la lunghezza delle fibre della cui disposizione GALILEO tiene conto: nasce infatti da una barra di ottone speciale, selezionato dalla CG Mouthpiece Italy per le sue caratteristiche acustiche eccezionali, e lavorato seguendo le venature del metallo. Metodo che la CG Mouthpiece Italy adotta anche per la lavorazione delle sue pregiate imboccature. Le sue geometrie sono accuratamente studiate per rispondere in modo omogeneo alle vibrazioni dell'ancia e conseguentemente dell'imboccatura. La parte superiore avvolge perfettamente il becco che funge da saldo appoggio da cui poi la legatura procede disegnando una leggera forma ad arco: come una piccola balestra permette una pressione calibrata della placchetta sull'ancia, pressione che \u00e8 regolata da una solida vite, sempre in ottone massiccio. La robusta vite \u00e8 fissata alla placchetta a pressione, senza l'ausilio di viti. La placchetta, anch'essa ricavata da un pezzo pieno di ottone, \u00e8 snodabile per potersi adattare al non sempre simmetrico disegno del dorso dell'ancia, permettendo cos\u00ec un saldo appoggio dei suoi binari anch'essi disposti nel senso della fibra lignea. Quest'ultimi sono raggiati per potersi adattare alla curvatura dell'ancia e per non lasciare segni su di essa. GALILEO libera l'ancia: l\u2019effetto sar\u00e0 quello di un'omogeneit\u00e0 timbrica senza eguali e di una risposta pronta e precisa dell'ancia, con la sensazione di un unico corpo vibrante composto da ancia e imboccatura. GALILEO vibration for your reed, enjoyment for your soul! Copribocchino incluso.[:en]GALILEO is the ultimate ligature for mouthpieces. It is made in Italy as usual at CG Mouthpiece Italy. GALILEO ligature ensures an extremely homogeneous feeling while playing along the whole range of the horn. It is a real sculpture carved from solid rod of a pure brass alloy (lead free brass without any welding points). Selected material by GC Mouthpiece Italy for its exceptional acoustics attributes, worked following the grain of the metal (method already used by CG Mouthpiece Italy for its fine metal mouthpieces). The upper side of the ligature perfectly wraps the mouthpiece guaranteeing a solid support, then, the design proceeds drawing a light arc shape: like a little leaf spring, GALILEO allows a calibrated pressure of the plate on the reed. The pressure amount is regulated by a solid brass screw. The brass screw is fixed by pressure to the plate, without the aid of additional screws or welding points. The plate, which is also made from a solid brass, is able to follow the shape of the back of the reed, which is not always symmetrical, allowing a solid support of its rails also oriented in the direction of the wood\u2019s grain. The plate rails are tailored to fit the curvature of the reed and do not leave marks on it. GALILEO revolutionized the meaning of \"ligature\" because it is not designed to \"bind\", but to ensure \u201cfreedom\u201d to the reed.The overall effect will be the supreme timbre homogeneity, a fast and accurate response of the reed, with the feeling of a single vibrating body made of mouthpiece and reed. GALILEO vibration for your reed, enjoyment for your soul! Cap included.[:fr]GALILEO, la nouvelle ligature pour becs, made in Italy. GALILEO est une v\u00e9ritable sculpture extraite du laiton pur, sans soudures. Un dessin elliptique qui rappelle une orbite qui enveloppe le bec et suit ses vibrations. L\u2019anche peut vibrer librement sur toute la longueur des fibres dont GALILEO tient compte de la disposition : elle na\u00eet en effet \u00e0 partir d\u2019une barre en laiton sp\u00e9cial, s\u00e9lectionn\u00e9 par CG Mouthpiece Italy pour ses caract\u00e9ristiques acoustiques exceptionnelles et travaill\u00e9 en suivant les veines du m\u00e9tal. C\u2019est la m\u00e9thode que la CG Mouthpiece Italy adopte pour l\u2019usinage de ses becs les plus prestigieux. Ses g\u00e9om\u00e9tries sont soigneusement \u00e9tudi\u00e9es pour r\u00e9pondre de mani\u00e8re homog\u00e8ne aux vibrations de l\u2019anche et par cons\u00e9quent du bec. La partie sup\u00e9rieure enveloppe parfaitement le bec qui constitue un support robuste d\u2019o\u00f9 part la ligature en dessinant une l\u00e9g\u00e8re forme en arc : comme une petite arbal\u00e8te permettant une pression calibr\u00e9e de la plaque sur l\u2019anche, cette pression est r\u00e9gl\u00e9e par une vis robuste en laiton massif. La vis robuste est fix\u00e9e \u00e0 la plaque de pression sans aucune vis. Son ergonomie particuli\u00e8re lui permet de bien rester en position m\u00eame durant les phases d\u2019intonation du bec le long du bocal coud\u00e9. La plaque, tir\u00e9e elle aussi d\u2019une pi\u00e8ce en laiton massif, est articul\u00e9e pour s\u2019adapter au dessin du dos de l\u2019anche qui n\u2019est pas toujours sym\u00e9trique, en permettant ainsi un appui ferme de ses rails plac\u00e9s dans le sens de la fibre ligneuse. Les rails sont dot\u00e9s de rayons pour pouvoir s\u2019adapter \u00e0 la courbure de l\u2019anche et n\u2019y laisser aucun signe. GALILEO r\u00e9volutionne le sens de \u00ab ligature \u00bb car elle n\u2019a pas \u00e9t\u00e9 \u00e9tudi\u00e9e pour \u00ab ligaturer \u00bb mais pour lib\u00e9rer l\u2019anche. L\u2019effet sera une homog\u00e9n\u00e9it\u00e9 de timbre sans \u00e9gal et une r\u00e9ponse prompte et pr\u00e9cise de l\u2019anche, avec la sensation d\u2019un seul corps vibrant compos\u00e9 par le bec et l\u2019anche. GALILEO est disponible dans diff\u00e9rentes tailles pour s\u2019adapter aux divers types de becs disponibles sur le march\u00e9, les mod\u00e8les compatibles sont continuellement mis \u00e0 jour pour satisfaire de plus en plus de saxophonistes dans le monde entier! GALILEO vibration for your reed, enjoyment for your soul! Livr\u00e9e avec un couvre-bec.[:es]GALILEO, la nueva ligadura para boquillas, realizada en Italia. GALILEO, una verdadera escultura sacada del lat\u00f3n puro, sin soldaduras. La leng\u00fceta est\u00e1 libre de vibrar en toda la longitud de las fibras, de que GALILEO tiene en cuenta la disposici\u00f3n: de hecho nace de una barra de lat\u00f3n especial, seleccionado por CG Mouthpiece Italy por sus caracter\u00edsticas ac\u00fasticas excepcionales, y se ha elaborado siguiendo las vetas del metal. M\u00e9todo que CG Mouthpiece Italy adopta tambi\u00e9n para la elaboraci\u00f3n de sus boquillas valiosas. Sus geometr\u00edas se han estudiado cuidadosamente para responder de forma homog\u00e9nea a las vibraciones de la leng\u00fceta y, consiguientemente, de la boquilla. La parte superior envuelve perfectamente el pico, que funciona como apoyo firme, de que luego la ligadura procede dibujando una ligera forma de arco: como una peque\u00f1a ballesta permite una presi\u00f3n calibrada de la plaquita en la leng\u00fceta; esta presi\u00f3n se regula con un tornillo s\u00f3lido, tambi\u00e9n \u00e9ste de lat\u00f3n macizo. El tornillo robusto se ha fijado en la plaqueta por presi\u00f3n, sin la ayuda de tornillos. Su ergonom\u00eda especial le permite quedar firme en posici\u00f3n tambi\u00e9n durante las fases de entonaci\u00f3n de la boquilla a lo largo del chiver. La plaqueta, tambi\u00e9n sacada por una pieza llena de lat\u00f3n, es articulada para poderse adaptar al dise\u00f1o no siempre sim\u00e9trico del dorso de la leng\u00fceta, permitiendo de esta forma un apoyo firme de sus rieles, tambi\u00e9n \u00e9stos dispuestos en el sentido de la fibra de madera. Estos \u00faltimos tienen rayos para poderse adaptar a la curvatura de la leng\u00fceta y para no dejar marcas en la misma. GALILEO revoluciona el significado de \u201cligadura\u201d sino para liberar la leng\u00fceta. El efecto ser\u00e1 el de una homogeneidad del timbre sin iguales y de una respuesta pronta y precisa de la leng\u00fceta, con la sensaci\u00f3n de un cuerpo vibrante \u00fanico constituido por boquilla y leng\u00fceta. GALILEO est\u00e1 disponible en distintas, porque no se piensa para \u201cligar\u201d dimensiones para adaptarse a los tipos distintos de boquillas que est\u00e1n disponible en el mercado. Los modelos soportados son en continua actualizaci\u00f3n para responder a las necesidades de un n\u00famero siempre mayor de saxofonistas en el mundo! GALILEO vibration for your reed, enjoyment for your soul! Se entrega con una tapa de boquilla.[:]","og_url":"https:\/\/www.cgmouthpiece.it\/prodotto\/galileo-brass-iv-gold-plated\/","og_site_name":"CG MouthPiece","article_publisher":"https:\/\/www.facebook.com\/cgmouthpiece.it\/","article_modified_time":"2025-03-30T17:07:51+00:00","og_image":[{"width":700,"height":874,"url":"https:\/\/www.cgmouthpiece.it\/wp-content\/uploads\/2016\/04\/Galileo-brass-GOLD-IV.jpg","type":"image\/jpeg"}],"twitter_card":"summary","schema":{"@context":"https:\/\/schema.org","@graph":[{"@type":"WebSite","@id":"https:\/\/www.cgmouthpiece.it\/#website","url":"https:\/\/www.cgmouthpiece.it\/","name":"CG MouthPiece","description":"Best handcrafted mouthpieces made in Italy!","potentialAction":[{"@type":"SearchAction","target":{"@type":"EntryPoint","urlTemplate":"https:\/\/www.cgmouthpiece.it\/?s={search_term_string}"},"query-input":"required name=search_term_string"}],"inLanguage":"en-US"},{"@type":"ImageObject","@id":"https:\/\/www.cgmouthpiece.it\/prodotto\/galileo-brass-iv-gold-plated\/#primaryimage","inLanguage":"en-US","url":"https:\/\/www.cgmouthpiece.it\/wp-content\/uploads\/2016\/04\/Galileo-brass-GOLD-IV.jpg","contentUrl":"https:\/\/www.cgmouthpiece.it\/wp-content\/uploads\/2016\/04\/Galileo-brass-GOLD-IV.jpg","width":700,"height":874,"caption":"GalileobrassGOLD&#;IV"},{"@type":"WebPage","@id":"https:\/\/www.cgmouthpiece.it\/prodotto\/galileo-brass-iv-gold-plated\/#webpage","url":"https:\/\/www.cgmouthpiece.it\/prodotto\/galileo-brass-iv-gold-plated\/","name":"Galileo brass IV gold - CG MouthPiece","isPartOf":{"@id":"https:\/\/www.cgmouthpiece.it\/#website"},"primaryImageOfPage":{"@id":"https:\/\/www.cgmouthpiece.it\/prodotto\/galileo-brass-iv-gold-plated\/#primaryimage"},"datePublished":"2016-04-22T07:37:53+00:00","dateModified":"2025-03-30T17:07:51+00:00","breadcrumb":{"@id":"https:\/\/www.cgmouthpiece.it\/prodotto\/galileo-brass-iv-gold-plated\/#breadcrumb"},"inLanguage":"en-US","potentialAction":[{"@type":"ReadAction","target":["https:\/\/www.cgmouthpiece.it\/prodotto\/galileo-brass-iv-gold-plated\/"]}]},{"@type":"BreadcrumbList","@id":"https:\/\/www.cgmouthpiece.it\/prodotto\/galileo-brass-iv-gold-plated\/#breadcrumb","itemListElement":[{"@type":"ListItem","position":1,"name":"Home","item":"https:\/\/www.cgmouthpiece.it\/"},{"@type":"ListItem","position":2,"name":"Store","item":"https:\/\/www.cgmouthpiece.it\/store\/"},{"@type":"ListItem","position":3,"name":"Galileo brass IV gold"}]}]}},"_links":{"self":[{"href":"https:\/\/www.cgmouthpiece.it\/en\/wp-json\/wp\/v2\/product\/19926"}],"collection":[{"href":"https:\/\/www.cgmouthpiece.it\/en\/wp-json\/wp\/v2\/product"}],"about":[{"href":"https:\/\/www.cgmouthpiece.it\/en\/wp-json\/wp\/v2\/types\/product"}],"replies":[{"embeddable":true,"href":"https:\/\/www.cgmouthpiece.it\/en\/wp-json\/wp\/v2\/comments?post=19926"}],"wp:featuredmedia":[{"embeddable":true,"href":"https:\/\/www.cgmouthpiece.it\/en\/wp-json\/wp\/v2\/media\/19924"}],"wp:attachment":[{"href":"https:\/\/www.cgmouthpiece.it\/en\/wp-json\/wp\/v2\/media?parent=19926"}],"wp:term":[{"taxonomy":"product_cat","embeddable":true,"href":"https:\/\/www.cgmouthpiece.it\/en\/wp-json\/wp\/v2\/product_cat?post=19926"},{"taxonomy":"product_tag","embeddable":true,"href":"https:\/\/www.cgmouthpiece.it\/en\/wp-json\/wp\/v2\/product_tag?post=19926"}],"curies":[{"name":"wp","href":"https:\/\/api.w.org\/{rel}","templated":true}]}}