{"id":21106,"date":"2017-07-02T09:23:36","date_gmt":"2017-07-02T07:23:36","guid":{"rendered":"https:\/\/www.cgmouthpiece.it\/?post_type=product&#038;p=21106"},"modified":"2017-08-11T15:19:12","modified_gmt":"2017-08-11T13:19:12","slug":"alto-sax-siracusa-hard-rubber-7-marbled","status":"publish","type":"product","link":"https:\/\/www.cgmouthpiece.it\/en\/prodotto\/alto-sax-siracusa-hard-rubber-7-marbled\/","title":{"rendered":"Syracuse hard rubber 7M, marbled purple &#8211; Alto Sax (serial: SA1141MP) &#8211; SOLD!"},"content":{"rendered":"","protected":false},"excerpt":{"rendered":"<p><span style=\"color: #ff0000;\">SOLD<\/span><\/p>\n<p>The processes of this unique piece of a limited series (opening 7) are the same as the <a href=\"https:\/\/www.cgmouthpiece.it\/en\/store\/mouthpieces\/siracusa-camera-media\/\">Syracuse<\/a>\u00a0ebonite M\u00a0chamber model: the same facing, chamber and baffle.\u00a0Its roll-over baffle is not excessively high, designed to provide excellent projection without exceeding in brightness, thus maintaining the warm sound that is typical\u00a0of the best hard rubber\u00a0mouthpieces. Syracuse M\u00a0for alto sax\u00a0has slightly concave window walls flowing into a medium chamber;\u00a0this model is\u00a0characterized by a smaller resistance and a deeper tone that is\u00a0typical of darker mouthpieces maintaining a brightness of the sound that allow it to emerge: the perfect mouthpiece of the soloist!<\/p>\n<p>The precious material from which it is derived has particular acoustic characteristics: it has the brilliance and quick response of the sound &#8211; typical of our ebonite mouthpieces &#8211; and a typical tonal complexity of the best hard rubber that we use. Obtained always from the full bar and finely handcrafted, from the accurate internal finish to the outer polishing. The reinforcing ring is solid bronze, the same selected for\u00a0our metal mouthpiece.<\/p>\n<p>It is a unique piece, a real gem!<\/p>\n<p>Tip opening: 7 &#8211; 083 (in 1\/1000 inch)\u00a0&#8211; \u00a0Serial number:\u00a0SA1141MP<\/p>\n<p>Rovner Ligature &amp; Cap included,\u00a0but also considers the purchase of the Galileo ligature in measure III, specially designed for our alto\u00a0sax mouthpiece (with a special price, write us!)<\/p>\n<p><a href=\"https:\/\/www.youtube.com\/watch?v=OxUODixB68E\">Here<\/a> a video demonstration of this piece<\/p>\n<p><span style=\"color: #ff0000;\">SOLD<\/span><\/p>\n<p><span style=\"color: #ff0000;\">Soon another piece will be available from our catalog, always &#8220;limited edition&#8221;<\/span><\/p>\n","protected":false},"featured_media":21121,"comment_status":"closed","ping_status":"closed","template":"","meta":[],"product_cat":[70],"product_tag":[],"acf":[],"yoast_head":"<!-- This site is optimized with the Yoast SEO plugin v18.3 - https:\/\/yoast.com\/wordpress\/plugins\/seo\/ -->\n<title>alto sax - Syracuse marbled 7 - (serial: SA1141MP)<\/title>\n<meta name=\"robots\" content=\"index, follow, max-snippet:-1, max-image-preview:large, max-video-preview:-1\" \/>\n<link rel=\"canonical\" href=\"https:\/\/www.cgmouthpiece.it\/es\/prodotto\/alto-sax-siracusa-hard-rubber-7-marbled\/\" \/>\n<meta property=\"og:locale\" content=\"en_US\" \/>\n<meta property=\"og:type\" content=\"article\" \/>\n<meta property=\"og:title\" content=\"alto sax - Syracuse marbled 7 - (serial: SA1141MP)\" \/>\n<meta property=\"og:description\" content=\"[:it]VENDUTO  Le lavorazioni di questo pezzo unico di una serie limitata\u00a0(apertura 7 medium\u00a0chamber) sono le stesse del modello Siracusa\u00a0medium chamber per sax alto\u00a0in ebanite: stessa camera, facing e baffle. Possiede un roll-over baffle non eccessivamente alto studiato per dare un\u2019eccellente proiezione senza eccedere in brillantezza, mantenendo cos\u00ec la calda sonorit\u00e0 tipica nelle imboccature in hard rubber. Ha le pareti della finestra lievemente conca e\u00a0che confluiscono in una camera media;\u00a0il modello medium\u00a0chamber si caratterizza per la sua\u00a0semplicit\u00e0 di emissione, un suono corposo e rotondo ma per nulla privo di luminosit\u00e0. Caratteristiche che ne fanno l&#039;imboccatura ideale per il saxofonista che si approccia ai generi pi\u00f9 vicini al jazz.  Il pregiatissimo e selezionato materiale da cui \u00e8 ricavato ha caratteristiche acustiche particolari: in esso si fondono la brillantezza e la pronta risposta in termini di vibrazione dell&#039;ebanite, alla complessit\u00e0 timbrica dell&#039;hard rubber (contenente pi\u00f9 rubber rispetto all&#039;ebanite standard). Ricavato sempre dalla barra piena e finemente lavorato a mano, dalle finiture interne alla lucidatura esterna. L&#039;anello di rinforzo \u00e8 in bronzo, lo stesso selezionato per le nostre imboccature in metallo.  Apertura: 7 M - 083 (in 1\/1000 inch)\u00a0- \u00a0Serial number:\u00a0SA1141MP  Legatura Rovner e copribecco inclusi. Valuta anche l&#039;acquisto di una legatura Galileo nella misura III, appositamente progettata per le nostre imboccature in ebanite (ad un prezzo speciale, scrivici!)  QUI il video del test  VENDUTO  A breve disponibile un altro pezzo Limited Edition[:en]SOLD  The processes of this unique piece of a limited series (opening 7) are the same as the Syracuse\u00a0ebonite M\u00a0chamber model: the same facing, chamber and baffle.\u00a0Its roll-over baffle is not excessively high, designed to provide excellent projection without exceeding in brightness, thus maintaining the warm sound that is typical\u00a0of the best hard rubber\u00a0mouthpieces. Syracuse M\u00a0for alto sax\u00a0has slightly concave window walls flowing into a medium chamber;\u00a0this model is\u00a0characterized by a smaller resistance and a deeper tone that is\u00a0typical of darker mouthpieces maintaining a brightness of the sound that allow it to emerge: the perfect mouthpiece of the soloist!  The precious material from which it is derived has particular acoustic characteristics: it has the brilliance and quick response of the sound - typical of our ebonite mouthpieces - and a typical tonal complexity of the best hard rubber that we use. Obtained always from the full bar and finely handcrafted, from the accurate internal finish to the outer polishing. The reinforcing ring is solid bronze, the same selected for\u00a0our metal mouthpiece.  It is a unique piece, a real gem!  Tip opening: 7 - 083 (in 1\/1000 inch)\u00a0- \u00a0Serial number:\u00a0SA1141MP  Rovner Ligature &amp; Cap included,\u00a0but also considers the purchase of the Galileo ligature in measure III, specially designed for our alto\u00a0sax mouthpiece (with a special price, write us!)  Here a video demonstration of this piece  SOLD  Soon another piece will be available from our catalog, always &quot;limited edition&quot;[:fr]SOLD  The processes of this unique piece of a limited series (opening 7) are the same as the\u00a0Syracuse\u00a0ebonite M\u00a0chamber model: the same facing, chamber and baffle.\u00a0Its roll-over baffle is not excessively high, designed to provide excellent projection without exceeding in brightness, thus maintaining the warm sound that is typical\u00a0of the best hard rubber\u00a0mouthpieces. Syracuse M\u00a0for alto sax\u00a0has slightly concave window walls flowing into a medium chamber;\u00a0this model is\u00a0characterized by a smaller resistance and a deeper tone that is\u00a0typical of darker mouthpieces maintaining a brightness of the sound that allow it to emerge: the perfect mouthpiece of the soloist!  The precious material from which it is derived has particular acoustic characteristics: it has the brilliance and quick response of the sound - typical of our ebonite mouthpieces - and a typical tonal complexity of the best hard rubber that we use. Obtained always from the full bar and finely handcrafted, from the accurate internal finish to the outer polishing. The reinforcing ring is solid bronze, the same selected for\u00a0our metal mouthpiece.  It is a unique piece, a real gem!  Tip opening: 7 - 083 (in 1\/1000 inch)\u00a0- \u00a0Serial number:\u00a0SA1141MP  Rovner Ligature &amp; Cap included,\u00a0but also considers the purchase of the Galileo ligature in measure III, specially designed for our alto\u00a0sax mouthpiece (with a special price, write us!)  Here\u00a0a video demonstration of this piece  SOLD  Soon another piece will be available from our catalog, always &quot;limited edition&quot;[:es]SOLD  The processes of this unique piece of a limited series (opening 7) are the same as the\u00a0Syracuse\u00a0ebonite M\u00a0chamber model: the same facing, chamber and baffle.\u00a0Its roll-over baffle is not excessively high, designed to provide excellent projection without exceeding in brightness, thus maintaining the warm sound that is typical\u00a0of the best hard rubber\u00a0mouthpieces. Syracuse M\u00a0for alto sax\u00a0has slightly concave window walls flowing into a medium chamber;\u00a0this model is\u00a0characterized by a smaller resistance and a deeper tone that is\u00a0typical of darker mouthpieces maintaining a brightness of the sound that allow it to emerge: the perfect mouthpiece of the soloist!  The precious material from which it is derived has particular acoustic characteristics: it has the brilliance and quick response of the sound - typical of our ebonite mouthpieces - and a typical tonal complexity of the best hard rubber that we use. Obtained always from the full bar and finely handcrafted, from the accurate internal finish to the outer polishing. The reinforcing ring is solid bronze, the same selected for\u00a0our metal mouthpiece.  It is a unique piece, a real gem!  Tip opening: 7 - 083 (in 1\/1000 inch)\u00a0- \u00a0Serial number:\u00a0SA1141MP  Rovner Ligature &amp; Cap included,\u00a0but also considers the purchase of the Galileo ligature in measure III, specially designed for our alto\u00a0sax mouthpiece (with a special price, write us!)  Here\u00a0a video demonstration of this piece  SOLD  Soon another piece will be available from our catalog, always &quot;limited edition&quot;[:]\" \/>\n<meta property=\"og:url\" content=\"https:\/\/www.cgmouthpiece.it\/es\/prodotto\/alto-sax-siracusa-hard-rubber-7-marbled\/\" \/>\n<meta property=\"og:site_name\" content=\"CG MouthPiece\" \/>\n<meta property=\"article:publisher\" content=\"https:\/\/www.facebook.com\/cgmouthpiece.it\/\" \/>\n<meta property=\"article:modified_time\" content=\"2017-08-11T13:19:12+00:00\" \/>\n<meta property=\"og:image\" content=\"https:\/\/www.cgmouthpiece.it\/wp-content\/uploads\/2017\/07\/P6300084.jpg\" \/>\n\t<meta property=\"og:image:width\" content=\"1201\" \/>\n\t<meta property=\"og:image:height\" content=\"900\" \/>\n\t<meta property=\"og:image:type\" content=\"image\/jpeg\" \/>\n<meta name=\"twitter:card\" content=\"summary\" \/>\n<script type=\"application\/ld+json\" class=\"yoast-schema-graph\">{\"@context\":\"https:\/\/schema.org\",\"@graph\":[{\"@type\":\"WebSite\",\"@id\":\"https:\/\/www.cgmouthpiece.it\/#website\",\"url\":\"https:\/\/www.cgmouthpiece.it\/\",\"name\":\"CG MouthPiece\",\"description\":\"Best handcrafted mouthpieces made in Italy!\",\"potentialAction\":[{\"@type\":\"SearchAction\",\"target\":{\"@type\":\"EntryPoint\",\"urlTemplate\":\"https:\/\/www.cgmouthpiece.it\/?s={search_term_string}\"},\"query-input\":\"required name=search_term_string\"}],\"inLanguage\":\"en-US\"},{\"@type\":\"ImageObject\",\"@id\":\"https:\/\/www.cgmouthpiece.it\/es\/prodotto\/alto-sax-siracusa-hard-rubber-7-marbled\/#primaryimage\",\"inLanguage\":\"en-US\",\"url\":\"https:\/\/www.cgmouthpiece.it\/wp-content\/uploads\/2017\/07\/P6300084.jpg\",\"contentUrl\":\"https:\/\/www.cgmouthpiece.it\/wp-content\/uploads\/2017\/07\/P6300084.jpg\",\"width\":1201,\"height\":900,\"caption\":\"CG Mouthpiece marbled purple for alto sax\"},{\"@type\":\"WebPage\",\"@id\":\"https:\/\/www.cgmouthpiece.it\/es\/prodotto\/alto-sax-siracusa-hard-rubber-7-marbled\/#webpage\",\"url\":\"https:\/\/www.cgmouthpiece.it\/es\/prodotto\/alto-sax-siracusa-hard-rubber-7-marbled\/\",\"name\":\"alto sax - Syracuse marbled 7 - (serial: SA1141MP)\",\"isPartOf\":{\"@id\":\"https:\/\/www.cgmouthpiece.it\/#website\"},\"primaryImageOfPage\":{\"@id\":\"https:\/\/www.cgmouthpiece.it\/es\/prodotto\/alto-sax-siracusa-hard-rubber-7-marbled\/#primaryimage\"},\"datePublished\":\"2017-07-02T07:23:36+00:00\",\"dateModified\":\"2017-08-11T13:19:12+00:00\",\"breadcrumb\":{\"@id\":\"https:\/\/www.cgmouthpiece.it\/es\/prodotto\/alto-sax-siracusa-hard-rubber-7-marbled\/#breadcrumb\"},\"inLanguage\":\"en-US\",\"potentialAction\":[{\"@type\":\"ReadAction\",\"target\":[\"https:\/\/www.cgmouthpiece.it\/es\/prodotto\/alto-sax-siracusa-hard-rubber-7-marbled\/\"]}]},{\"@type\":\"BreadcrumbList\",\"@id\":\"https:\/\/www.cgmouthpiece.it\/es\/prodotto\/alto-sax-siracusa-hard-rubber-7-marbled\/#breadcrumb\",\"itemListElement\":[{\"@type\":\"ListItem\",\"position\":1,\"name\":\"Home\",\"item\":\"https:\/\/www.cgmouthpiece.it\/\"},{\"@type\":\"ListItem\",\"position\":2,\"name\":\"Store\",\"item\":\"https:\/\/www.cgmouthpiece.it\/store\/\"},{\"@type\":\"ListItem\",\"position\":3,\"name\":\"Syracuse hard rubber 7M, marbled purple &#8211; Alto Sax (serial: SA1141MP) &#8211; SOLD!\"}]}]}<\/script>\n<!-- \/ Yoast SEO plugin. -->","yoast_head_json":{"title":"alto sax - Syracuse marbled 7 - (serial: SA1141MP)","robots":{"index":"index","follow":"follow","max-snippet":"max-snippet:-1","max-image-preview":"max-image-preview:large","max-video-preview":"max-video-preview:-1"},"canonical":"https:\/\/www.cgmouthpiece.it\/es\/prodotto\/alto-sax-siracusa-hard-rubber-7-marbled\/","og_locale":"en_US","og_type":"article","og_title":"alto sax - Syracuse marbled 7 - (serial: SA1141MP)","og_description":"[:it]VENDUTO  Le lavorazioni di questo pezzo unico di una serie limitata\u00a0(apertura 7 medium\u00a0chamber) sono le stesse del modello Siracusa\u00a0medium chamber per sax alto\u00a0in ebanite: stessa camera, facing e baffle. Possiede un roll-over baffle non eccessivamente alto studiato per dare un\u2019eccellente proiezione senza eccedere in brillantezza, mantenendo cos\u00ec la calda sonorit\u00e0 tipica nelle imboccature in hard rubber. Ha le pareti della finestra lievemente conca e\u00a0che confluiscono in una camera media;\u00a0il modello medium\u00a0chamber si caratterizza per la sua\u00a0semplicit\u00e0 di emissione, un suono corposo e rotondo ma per nulla privo di luminosit\u00e0. Caratteristiche che ne fanno l'imboccatura ideale per il saxofonista che si approccia ai generi pi\u00f9 vicini al jazz.  Il pregiatissimo e selezionato materiale da cui \u00e8 ricavato ha caratteristiche acustiche particolari: in esso si fondono la brillantezza e la pronta risposta in termini di vibrazione dell'ebanite, alla complessit\u00e0 timbrica dell'hard rubber (contenente pi\u00f9 rubber rispetto all'ebanite standard). Ricavato sempre dalla barra piena e finemente lavorato a mano, dalle finiture interne alla lucidatura esterna. L'anello di rinforzo \u00e8 in bronzo, lo stesso selezionato per le nostre imboccature in metallo.  Apertura: 7 M - 083 (in 1\/1000 inch)\u00a0- \u00a0Serial number:\u00a0SA1141MP  Legatura Rovner e copribecco inclusi. Valuta anche l'acquisto di una legatura Galileo nella misura III, appositamente progettata per le nostre imboccature in ebanite (ad un prezzo speciale, scrivici!)  QUI il video del test  VENDUTO  A breve disponibile un altro pezzo Limited Edition[:en]SOLD  The processes of this unique piece of a limited series (opening 7) are the same as the Syracuse\u00a0ebonite M\u00a0chamber model: the same facing, chamber and baffle.\u00a0Its roll-over baffle is not excessively high, designed to provide excellent projection without exceeding in brightness, thus maintaining the warm sound that is typical\u00a0of the best hard rubber\u00a0mouthpieces. Syracuse M\u00a0for alto sax\u00a0has slightly concave window walls flowing into a medium chamber;\u00a0this model is\u00a0characterized by a smaller resistance and a deeper tone that is\u00a0typical of darker mouthpieces maintaining a brightness of the sound that allow it to emerge: the perfect mouthpiece of the soloist!  The precious material from which it is derived has particular acoustic characteristics: it has the brilliance and quick response of the sound - typical of our ebonite mouthpieces - and a typical tonal complexity of the best hard rubber that we use. Obtained always from the full bar and finely handcrafted, from the accurate internal finish to the outer polishing. The reinforcing ring is solid bronze, the same selected for\u00a0our metal mouthpiece.  It is a unique piece, a real gem!  Tip opening: 7 - 083 (in 1\/1000 inch)\u00a0- \u00a0Serial number:\u00a0SA1141MP  Rovner Ligature &amp; Cap included,\u00a0but also considers the purchase of the Galileo ligature in measure III, specially designed for our alto\u00a0sax mouthpiece (with a special price, write us!)  Here a video demonstration of this piece  SOLD  Soon another piece will be available from our catalog, always \"limited edition\"[:fr]SOLD  The processes of this unique piece of a limited series (opening 7) are the same as the\u00a0Syracuse\u00a0ebonite M\u00a0chamber model: the same facing, chamber and baffle.\u00a0Its roll-over baffle is not excessively high, designed to provide excellent projection without exceeding in brightness, thus maintaining the warm sound that is typical\u00a0of the best hard rubber\u00a0mouthpieces. Syracuse M\u00a0for alto sax\u00a0has slightly concave window walls flowing into a medium chamber;\u00a0this model is\u00a0characterized by a smaller resistance and a deeper tone that is\u00a0typical of darker mouthpieces maintaining a brightness of the sound that allow it to emerge: the perfect mouthpiece of the soloist!  The precious material from which it is derived has particular acoustic characteristics: it has the brilliance and quick response of the sound - typical of our ebonite mouthpieces - and a typical tonal complexity of the best hard rubber that we use. Obtained always from the full bar and finely handcrafted, from the accurate internal finish to the outer polishing. The reinforcing ring is solid bronze, the same selected for\u00a0our metal mouthpiece.  It is a unique piece, a real gem!  Tip opening: 7 - 083 (in 1\/1000 inch)\u00a0- \u00a0Serial number:\u00a0SA1141MP  Rovner Ligature &amp; Cap included,\u00a0but also considers the purchase of the Galileo ligature in measure III, specially designed for our alto\u00a0sax mouthpiece (with a special price, write us!)  Here\u00a0a video demonstration of this piece  SOLD  Soon another piece will be available from our catalog, always \"limited edition\"[:es]SOLD  The processes of this unique piece of a limited series (opening 7) are the same as the\u00a0Syracuse\u00a0ebonite M\u00a0chamber model: the same facing, chamber and baffle.\u00a0Its roll-over baffle is not excessively high, designed to provide excellent projection without exceeding in brightness, thus maintaining the warm sound that is typical\u00a0of the best hard rubber\u00a0mouthpieces. Syracuse M\u00a0for alto sax\u00a0has slightly concave window walls flowing into a medium chamber;\u00a0this model is\u00a0characterized by a smaller resistance and a deeper tone that is\u00a0typical of darker mouthpieces maintaining a brightness of the sound that allow it to emerge: the perfect mouthpiece of the soloist!  The precious material from which it is derived has particular acoustic characteristics: it has the brilliance and quick response of the sound - typical of our ebonite mouthpieces - and a typical tonal complexity of the best hard rubber that we use. Obtained always from the full bar and finely handcrafted, from the accurate internal finish to the outer polishing. The reinforcing ring is solid bronze, the same selected for\u00a0our metal mouthpiece.  It is a unique piece, a real gem!  Tip opening: 7 - 083 (in 1\/1000 inch)\u00a0- \u00a0Serial number:\u00a0SA1141MP  Rovner Ligature &amp; Cap included,\u00a0but also considers the purchase of the Galileo ligature in measure III, specially designed for our alto\u00a0sax mouthpiece (with a special price, write us!)  Here\u00a0a video demonstration of this piece  SOLD  Soon another piece will be available from our catalog, always \"limited edition\"[:]","og_url":"https:\/\/www.cgmouthpiece.it\/es\/prodotto\/alto-sax-siracusa-hard-rubber-7-marbled\/","og_site_name":"CG MouthPiece","article_publisher":"https:\/\/www.facebook.com\/cgmouthpiece.it\/","article_modified_time":"2017-08-11T13:19:12+00:00","og_image":[{"width":1201,"height":900,"url":"https:\/\/www.cgmouthpiece.it\/wp-content\/uploads\/2017\/07\/P6300084.jpg","type":"image\/jpeg"}],"twitter_card":"summary","schema":{"@context":"https:\/\/schema.org","@graph":[{"@type":"WebSite","@id":"https:\/\/www.cgmouthpiece.it\/#website","url":"https:\/\/www.cgmouthpiece.it\/","name":"CG MouthPiece","description":"Best handcrafted mouthpieces made in Italy!","potentialAction":[{"@type":"SearchAction","target":{"@type":"EntryPoint","urlTemplate":"https:\/\/www.cgmouthpiece.it\/?s={search_term_string}"},"query-input":"required name=search_term_string"}],"inLanguage":"en-US"},{"@type":"ImageObject","@id":"https:\/\/www.cgmouthpiece.it\/es\/prodotto\/alto-sax-siracusa-hard-rubber-7-marbled\/#primaryimage","inLanguage":"en-US","url":"https:\/\/www.cgmouthpiece.it\/wp-content\/uploads\/2017\/07\/P6300084.jpg","contentUrl":"https:\/\/www.cgmouthpiece.it\/wp-content\/uploads\/2017\/07\/P6300084.jpg","width":1201,"height":900,"caption":"CG Mouthpiece marbled purple for alto sax"},{"@type":"WebPage","@id":"https:\/\/www.cgmouthpiece.it\/es\/prodotto\/alto-sax-siracusa-hard-rubber-7-marbled\/#webpage","url":"https:\/\/www.cgmouthpiece.it\/es\/prodotto\/alto-sax-siracusa-hard-rubber-7-marbled\/","name":"alto sax - Syracuse marbled 7 - (serial: SA1141MP)","isPartOf":{"@id":"https:\/\/www.cgmouthpiece.it\/#website"},"primaryImageOfPage":{"@id":"https:\/\/www.cgmouthpiece.it\/es\/prodotto\/alto-sax-siracusa-hard-rubber-7-marbled\/#primaryimage"},"datePublished":"2017-07-02T07:23:36+00:00","dateModified":"2017-08-11T13:19:12+00:00","breadcrumb":{"@id":"https:\/\/www.cgmouthpiece.it\/es\/prodotto\/alto-sax-siracusa-hard-rubber-7-marbled\/#breadcrumb"},"inLanguage":"en-US","potentialAction":[{"@type":"ReadAction","target":["https:\/\/www.cgmouthpiece.it\/es\/prodotto\/alto-sax-siracusa-hard-rubber-7-marbled\/"]}]},{"@type":"BreadcrumbList","@id":"https:\/\/www.cgmouthpiece.it\/es\/prodotto\/alto-sax-siracusa-hard-rubber-7-marbled\/#breadcrumb","itemListElement":[{"@type":"ListItem","position":1,"name":"Home","item":"https:\/\/www.cgmouthpiece.it\/"},{"@type":"ListItem","position":2,"name":"Store","item":"https:\/\/www.cgmouthpiece.it\/store\/"},{"@type":"ListItem","position":3,"name":"Syracuse hard rubber 7M, marbled purple &#8211; Alto Sax (serial: SA1141MP) &#8211; SOLD!"}]}]}},"_links":{"self":[{"href":"https:\/\/www.cgmouthpiece.it\/en\/wp-json\/wp\/v2\/product\/21106"}],"collection":[{"href":"https:\/\/www.cgmouthpiece.it\/en\/wp-json\/wp\/v2\/product"}],"about":[{"href":"https:\/\/www.cgmouthpiece.it\/en\/wp-json\/wp\/v2\/types\/product"}],"replies":[{"embeddable":true,"href":"https:\/\/www.cgmouthpiece.it\/en\/wp-json\/wp\/v2\/comments?post=21106"}],"wp:featuredmedia":[{"embeddable":true,"href":"https:\/\/www.cgmouthpiece.it\/en\/wp-json\/wp\/v2\/media\/21121"}],"wp:attachment":[{"href":"https:\/\/www.cgmouthpiece.it\/en\/wp-json\/wp\/v2\/media?parent=21106"}],"wp:term":[{"taxonomy":"product_cat","embeddable":true,"href":"https:\/\/www.cgmouthpiece.it\/en\/wp-json\/wp\/v2\/product_cat?post=21106"},{"taxonomy":"product_tag","embeddable":true,"href":"https:\/\/www.cgmouthpiece.it\/en\/wp-json\/wp\/v2\/product_tag?post=21106"}],"curies":[{"name":"wp","href":"https:\/\/api.w.org\/{rel}","templated":true}]}}