{"id":19610,"date":"2016-03-21T11:52:20","date_gmt":"2016-03-21T10:52:20","guid":{"rendered":"https:\/\/www.cgmouthpiece.it\/?page_id=19610"},"modified":"2017-06-01T17:13:35","modified_gmt":"2017-06-01T15:13:35","slug":"chi-siamo","status":"publish","type":"page","link":"https:\/\/www.cgmouthpiece.it\/es\/chi-siamo\/","title":{"rendered":"Qui\u00e9nes Somos"},"content":{"rendered":"<p>[vc_row bg_type=\u00bbimage\u00bb parallax_style=\u00bbvcpb-default\u00bb bg_image_new=\u00bbid^20116|url^https:\/\/www.cgmouthpiece.it\/wp-content\/uploads\/2016\/03\/P1030167.jpg|caption^OLYMPUS DIGITAL CAMERA|alt^null|title^OLYMPUS DIGITAL CAMERA|description^null\u00bb bg_image_repeat=\u00bbno-repeat\u00bb bg_img_attach=\u00bbfixed\u00bb bg_override=\u00bbfull\u00bb el_class=\u00bbsection-breadcrumbs\u00bb][vc_column width=\u00bb1\/4&#8243;][\/vc_column][vc_column width=\u00bb1\/2&#8243;][vc_column_text]<\/p>\n<h1 style=\"text-align: center;\">QUI\u00c9NES SOMOS<\/h1>\n<hr \/>\n<p style=\"text-align: center;\">Artesan\u00eda, b\u00fasqueda y tecnolog\u00eda juntas<br \/>\npara crear productos de calidad al servicio del arte.<\/p>\n<p>[\/vc_column_text][\/vc_column][vc_column width=\u00bb1\/4&#8243;][\/vc_column][\/vc_row][vc_row][vc_column width=\u00bb2\/3&#8243;][vc_media_grid element_width=\u00bb3&#8243; grid_id=\u00bbvc_gid:1496329690777-238d85d6-1a2f-1&#8243; include=\u00bb20104,20106,20107,20112&#8243;][\/vc_column][vc_column width=\u00bb1\/3&#8243;][vc_column_text css=\u00bb.vc_custom_1461751378175{padding-top: 30px !important;}\u00bb]El proyecto <strong>CG Mouthpiece Italy<\/strong> nace del deseo de crear un producto de calidad, altamente artesanal y que utiliza, en fase de proyecto y de investigaci\u00f3n, unos instrumentos tecnol\u00f3gicos importantes.[\/vc_column_text][\/vc_column][\/vc_row][vc_row][vc_column][vc_column_text]<\/p>\n<h2>Qui\u00e9nes somos y por qu\u00e9 elegir nuestras boquillas de saxof\u00f3n<\/h2>\n<hr \/>\n<p>Un producto hecho a mano inspirado en la tradici\u00f3n de los grandes artesanos que, a partir de las d\u00e9cadas de los &#8217;30 y de los &#8217;40 del siglo pasado, empezaron un recorrido de b\u00fasqueda, cuyos fundamentos siguen siendo v\u00e1lidos. De \u00e9stos hemos querido partir, del estudio de las piezas mejores que poseemos: un an\u00e1lisis no meramente t\u00e9cnico, sino que se basa en la parte m\u00e1s importante, no relacionada con tecnicismos de manual. <strong>El punto inicial ha sido simplemente&#8230; tocar.<\/strong><\/p>\n<p>El proyecto <strong>CG Mouthpiece Italy<\/strong> ha sido fundado en el mes de diciembre de 2012 por Claudio Guida, Tiziano Camporelli y, durante la fase inicial de proyecto, estudio y realizaci\u00f3n de los primeros modelos, por Daniele Gardino, ingeniero y saxofonista excelente. Unidos por la pasi\u00f3n por el sonido del sax\u00f3fono y, por lo tanto, por sus innumerables potencialidades de timbres, han dado vida a este proyecto ambicioso, completamente made in Italy.<\/p>\n<p>Claudio Guida, m\u00fasico profesional y docente, siempre se ha sentido atra\u00eddo por el estudio y la comprensi\u00f3n de las posibles variables en las geometr\u00edas de las boquillas: inicialmente como observador y \u201cusuario final\u201d de los productos m\u00e1s distintos que est\u00e1n disponibles en el mercado, tanto que sean productos nuevos como vintage; sucesivamente, ha profundizado los aspectos m\u00e1s t\u00e9cnicos con las primeras experimentaciones en las boquillas, modificando las geometr\u00edas, interviniendo en los equilibrios que las caracterizan. Todo eso ha constituido las bases de una investigaci\u00f3n cient\u00edficamente m\u00e1s precisa, la que ha sido posible realizar gracias al encuentro con Tiziano Camporelli, titular de T.C.M., empresa l\u00edder en las elaboraciones mec\u00e1nicas de precisi\u00f3n. La experiencia de treinta a\u00f1os de Tiziano en el sector de la mec\u00e1nica de alt\u00edsima precisi\u00f3n ha podido fundirse con nuestra pasi\u00f3n com\u00fan y con la misma curiosidad hacia este mundo de sonidos y ha sido de importancia fundamental, porque ha ampliado los horizontes de b\u00fasqueda. Su experiencia competente en los flujos de elaboraci\u00f3n mec\u00e1nica ha podido unirse a su pasi\u00f3n infinita por el saxo, al servicio de una investigaci\u00f3n en el campo de las boquillas, que hasta la fecha contin\u00faa con Claudio Guida. Se trata de la b\u00fasqueda de ese recorrido imprescindible para la creaci\u00f3n de ideas propias, ideas <strong>CB Mouthpiece Italy<\/strong>.[\/vc_column_text][\/vc_column][\/vc_row][vc_row][vc_column][vc_text_separator title=\u00bbnuestro equipo\u00bb title_align=\u00bbseparator_align_left\u00bb][vc_row_inner][vc_column_inner width=\u00bb1\/2&#8243;]<div class=\"team-member member-type-2 \"><div class=\"row\"><div class=\"col-md-6\"><div class=\"member-image\"><img src=\"https:\/\/www.cgmouthpiece.it\/wp-content\/uploads\/2016\/03\/claudio-guida-200x200.jpg\" \/><\/div><div class=\"clear\"><\/div><\/div><div class=\"col-md-6\"><div class=\"member-details\"><h4>Claudio Guida<\/h4><h5 class=\"member-position\">m\u00fasico profesional y docente<\/h5><ul class=\"menu-social-icons\"><li><a href=\"#\"><i class=\"ico-twitter\"><\/i><svg width=\"38\" height=\"38\" xmlns=\"http:\/\/www.w3.org\/2000\/svg\" class=\"circle\"><circle cx=\"19\" cy=\"19\" r=\"18\" fill=\"#fff\" stroke=\"#000000\"><\/circle><\/svg><\/a><\/li><li><a href=\"#\"><i class=\"ico-facebook\"><\/i><svg width=\"38\" height=\"38\" xmlns=\"http:\/\/www.w3.org\/2000\/svg\" class=\"circle\"><circle cx=\"19\" cy=\"19\" r=\"18\" fill=\"#fff\" stroke=\"#000000\"><\/circle><\/svg><\/a><\/li><\/ul><\/div><\/div><\/div><\/div>[\/vc_column_inner][vc_column_inner width=\u00bb1\/2&#8243;]<div class=\"team-member member-type-2 \"><div class=\"row\"><div class=\"col-md-6\"><div class=\"member-image\"><img src=\"https:\/\/www.cgmouthpiece.it\/wp-content\/uploads\/2016\/03\/tiziano-camporelli2-200x200.jpg\" \/><\/div><div class=\"clear\"><\/div><\/div><div class=\"col-md-6\"><div class=\"member-details\"><h4>Tiziano Camporelli<\/h4><h5 class=\"member-position\">titular de T.C.M.<\/h5><ul class=\"menu-social-icons\"><li><a href=\"#\"><i class=\"ico-twitter\"><\/i><svg width=\"38\" height=\"38\" xmlns=\"http:\/\/www.w3.org\/2000\/svg\" class=\"circle\"><circle cx=\"19\" cy=\"19\" r=\"18\" fill=\"#fff\" stroke=\"#000000\"><\/circle><\/svg><\/a><\/li><li><a href=\"#\"><i class=\"ico-facebook\"><\/i><svg width=\"38\" height=\"38\" xmlns=\"http:\/\/www.w3.org\/2000\/svg\" class=\"circle\"><circle cx=\"19\" cy=\"19\" r=\"18\" fill=\"#fff\" stroke=\"#000000\"><\/circle><\/svg><\/a><\/li><\/ul><\/div><\/div><\/div><\/div>[\/vc_column_inner][\/vc_row_inner][\/vc_column][\/vc_row]<\/p>","protected":false},"excerpt":{"rendered":"<p>&#8230;<\/p>\n","protected":false},"author":1,"featured_media":0,"parent":0,"menu_order":0,"comment_status":"closed","ping_status":"closed","template":"","meta":[],"acf":[],"yoast_head":"<!-- This site is optimized with the Yoast SEO plugin v18.3 - https:\/\/yoast.com\/wordpress\/plugins\/seo\/ -->\n<title>Chi siamo e perch\u00e9 scegliere le nostre imboccature artigianali<\/title>\n<meta name=\"description\" content=\"Imboccature artigianali ispirate alla tradizione dei grandi artigiani che, dagli anni &#039;30 e &#039;40 del secolo scorso, hanno dato via ad un percorso di ricerca.\" \/>\n<meta name=\"robots\" content=\"index, follow, max-snippet:-1, max-image-preview:large, max-video-preview:-1\" \/>\n<link rel=\"canonical\" href=\"https:\/\/www.cgmouthpiece.it\/chi-siamo\/\" \/>\n<meta property=\"og:locale\" content=\"es_ES\" \/>\n<meta property=\"og:type\" content=\"article\" \/>\n<meta property=\"og:title\" content=\"Chi siamo e perch\u00e9 scegliere le nostre imboccature artigianali\" \/>\n<meta property=\"og:description\" content=\"Imboccature artigianali ispirate alla tradizione dei grandi artigiani che, dagli anni &#039;30 e &#039;40 del secolo scorso, hanno dato via ad un percorso di ricerca.\" \/>\n<meta property=\"og:url\" content=\"https:\/\/www.cgmouthpiece.it\/chi-siamo\/\" \/>\n<meta property=\"og:site_name\" content=\"CG MouthPiece\" \/>\n<meta property=\"article:publisher\" content=\"https:\/\/www.facebook.com\/cgmouthpiece.it\/\" \/>\n<meta property=\"article:modified_time\" content=\"2017-06-01T15:13:35+00:00\" \/>\n<meta name=\"twitter:card\" content=\"summary\" \/>\n<meta name=\"twitter:label1\" content=\"Tiempo de lectura\" \/>\n\t<meta name=\"twitter:data1\" content=\"12 minutos\" \/>\n<script type=\"application\/ld+json\" class=\"yoast-schema-graph\">{\"@context\":\"https:\/\/schema.org\",\"@graph\":[{\"@type\":\"WebSite\",\"@id\":\"https:\/\/www.cgmouthpiece.it\/#website\",\"url\":\"https:\/\/www.cgmouthpiece.it\/\",\"name\":\"CG MouthPiece\",\"description\":\"Best handcrafted mouthpieces made in Italy!\",\"potentialAction\":[{\"@type\":\"SearchAction\",\"target\":{\"@type\":\"EntryPoint\",\"urlTemplate\":\"https:\/\/www.cgmouthpiece.it\/?s={search_term_string}\"},\"query-input\":\"required name=search_term_string\"}],\"inLanguage\":\"es\"},{\"@type\":\"WebPage\",\"@id\":\"https:\/\/www.cgmouthpiece.it\/chi-siamo\/#webpage\",\"url\":\"https:\/\/www.cgmouthpiece.it\/chi-siamo\/\",\"name\":\"Chi siamo e perch\u00e9 scegliere le nostre imboccature artigianali\",\"isPartOf\":{\"@id\":\"https:\/\/www.cgmouthpiece.it\/#website\"},\"datePublished\":\"2016-03-21T10:52:20+00:00\",\"dateModified\":\"2017-06-01T15:13:35+00:00\",\"description\":\"Imboccature artigianali ispirate alla tradizione dei grandi artigiani che, dagli anni '30 e '40 del secolo scorso, hanno dato via ad un percorso di ricerca.\",\"breadcrumb\":{\"@id\":\"https:\/\/www.cgmouthpiece.it\/chi-siamo\/#breadcrumb\"},\"inLanguage\":\"es\",\"potentialAction\":[{\"@type\":\"ReadAction\",\"target\":[\"https:\/\/www.cgmouthpiece.it\/chi-siamo\/\"]}]},{\"@type\":\"BreadcrumbList\",\"@id\":\"https:\/\/www.cgmouthpiece.it\/chi-siamo\/#breadcrumb\",\"itemListElement\":[{\"@type\":\"ListItem\",\"position\":1,\"name\":\"Home\",\"item\":\"https:\/\/www.cgmouthpiece.it\/\"},{\"@type\":\"ListItem\",\"position\":2,\"name\":\"Chi Siamo\"}]}]}<\/script>\n<!-- \/ Yoast SEO plugin. -->","yoast_head_json":{"title":"Chi siamo e perch\u00e9 scegliere le nostre imboccature artigianali","description":"Imboccature artigianali ispirate alla tradizione dei grandi artigiani che, dagli anni '30 e '40 del secolo scorso, hanno dato via ad un percorso di ricerca.","robots":{"index":"index","follow":"follow","max-snippet":"max-snippet:-1","max-image-preview":"max-image-preview:large","max-video-preview":"max-video-preview:-1"},"canonical":"https:\/\/www.cgmouthpiece.it\/chi-siamo\/","og_locale":"es_ES","og_type":"article","og_title":"Chi siamo e perch\u00e9 scegliere le nostre imboccature artigianali","og_description":"Imboccature artigianali ispirate alla tradizione dei grandi artigiani che, dagli anni '30 e '40 del secolo scorso, hanno dato via ad un percorso di ricerca.","og_url":"https:\/\/www.cgmouthpiece.it\/chi-siamo\/","og_site_name":"CG MouthPiece","article_publisher":"https:\/\/www.facebook.com\/cgmouthpiece.it\/","article_modified_time":"2017-06-01T15:13:35+00:00","twitter_card":"summary","twitter_misc":{"Tiempo de lectura":"12 minutos"},"schema":{"@context":"https:\/\/schema.org","@graph":[{"@type":"WebSite","@id":"https:\/\/www.cgmouthpiece.it\/#website","url":"https:\/\/www.cgmouthpiece.it\/","name":"CG MouthPiece","description":"Best handcrafted mouthpieces made in Italy!","potentialAction":[{"@type":"SearchAction","target":{"@type":"EntryPoint","urlTemplate":"https:\/\/www.cgmouthpiece.it\/?s={search_term_string}"},"query-input":"required name=search_term_string"}],"inLanguage":"es"},{"@type":"WebPage","@id":"https:\/\/www.cgmouthpiece.it\/chi-siamo\/#webpage","url":"https:\/\/www.cgmouthpiece.it\/chi-siamo\/","name":"Chi siamo e perch\u00e9 scegliere le nostre imboccature artigianali","isPartOf":{"@id":"https:\/\/www.cgmouthpiece.it\/#website"},"datePublished":"2016-03-21T10:52:20+00:00","dateModified":"2017-06-01T15:13:35+00:00","description":"Imboccature artigianali ispirate alla tradizione dei grandi artigiani che, dagli anni '30 e '40 del secolo scorso, hanno dato via ad un percorso di ricerca.","breadcrumb":{"@id":"https:\/\/www.cgmouthpiece.it\/chi-siamo\/#breadcrumb"},"inLanguage":"es","potentialAction":[{"@type":"ReadAction","target":["https:\/\/www.cgmouthpiece.it\/chi-siamo\/"]}]},{"@type":"BreadcrumbList","@id":"https:\/\/www.cgmouthpiece.it\/chi-siamo\/#breadcrumb","itemListElement":[{"@type":"ListItem","position":1,"name":"Home","item":"https:\/\/www.cgmouthpiece.it\/"},{"@type":"ListItem","position":2,"name":"Chi Siamo"}]}]}},"_links":{"self":[{"href":"https:\/\/www.cgmouthpiece.it\/es\/wp-json\/wp\/v2\/pages\/19610"}],"collection":[{"href":"https:\/\/www.cgmouthpiece.it\/es\/wp-json\/wp\/v2\/pages"}],"about":[{"href":"https:\/\/www.cgmouthpiece.it\/es\/wp-json\/wp\/v2\/types\/page"}],"author":[{"embeddable":true,"href":"https:\/\/www.cgmouthpiece.it\/es\/wp-json\/wp\/v2\/users\/1"}],"replies":[{"embeddable":true,"href":"https:\/\/www.cgmouthpiece.it\/es\/wp-json\/wp\/v2\/comments?post=19610"}],"version-history":[{"count":78,"href":"https:\/\/www.cgmouthpiece.it\/es\/wp-json\/wp\/v2\/pages\/19610\/revisions"}],"predecessor-version":[{"id":21062,"href":"https:\/\/www.cgmouthpiece.it\/es\/wp-json\/wp\/v2\/pages\/19610\/revisions\/21062"}],"wp:attachment":[{"href":"https:\/\/www.cgmouthpiece.it\/es\/wp-json\/wp\/v2\/media?parent=19610"}],"curies":[{"name":"wp","href":"https:\/\/api.w.org\/{rel}","templated":true}]}}