{"id":19614,"date":"2016-03-21T12:14:06","date_gmt":"2016-03-21T11:14:06","guid":{"rendered":"https:\/\/www.cgmouthpiece.it\/?page_id=19614"},"modified":"2017-03-02T11:33:11","modified_gmt":"2017-03-02T10:33:11","slug":"how-to-buy","status":"publish","type":"page","link":"https:\/\/www.cgmouthpiece.it\/es\/how-to-buy\/","title":{"rendered":"C\u00f3mo comprar"},"content":{"rendered":"<p>[vc_row][vc_column width=\u00bb1\/2&#8243;][vc_column_text]<\/p>\n<ul style=\"padding-left: 0px; margin-top: 20px; list-style: none;\">\n<li style=\"font-family: 'Raleway', sans-serif; font-size: 13px; color: #565656; font-weight: 300; border-top: 1px solid #ececec; padding-top: 15px; margin-bottom: 15px;\"><i class=\"fa fa-star\" style=\"color: #f2ae0b; font-size: 15px; padding-left: 10px; padding-right: 10px;\"><\/i>una vez que haya encontrado el elemento que desea comprar seleccionarlo<\/li>\n<li style=\"font-family: 'Raleway', sans-serif; font-size: 13px; color: #565656; font-weight: 300; border-top: 1px solid #ececec; padding-top: 15px; margin-bottom: 15px;\"><i class=\"fa fa-star\" style=\"color: #f2ae0b; font-size: 15px; padding-left: 10px; padding-right: 10px;\"><\/i>la descripci\u00f3n del producto le permite escanear todos los detalles del producto antes de ponerlo en la cesta<\/li>\n<li style=\"font-family: 'Raleway', sans-serif; font-size: 13px; color: #565656; font-weight: 300; border-top: 1px solid #ececec; padding-top: 15px; margin-bottom: 15px;\"><i class=\"fa fa-star\" style=\"color: #f2ae0b; font-size: 15px; padding-left: 10px; padding-right: 10px;\"><\/i>se puede escuchar una muestra de audio del producto que va a comprar (para boquillas)<\/li>\n<li style=\"font-family: 'Raleway', sans-serif; font-size: 13px; color: #565656; font-weight: 300; border-top: 1px solid #ececec; padding-top: 15px; margin-bottom: 15px;\"><i class=\"fa fa-star\" style=\"color: #f2ae0b; font-size: 15px; padding-left: 10px; padding-right: 10px;\"><\/i>lea la descripci\u00f3n del producto y datos t\u00e9cnicos sobre la derecha de la foto principal<\/li>\n<li style=\"font-family: 'Raleway', sans-serif; font-size: 13px; color: #565656; font-weight: 300; border-top: 1px solid #ececec; padding-top: 15px; margin-bottom: 15px;\"><i class=\"fa fa-star\" style=\"color: #f2ae0b; font-size: 15px; padding-left: 10px; padding-right: 10px;\"><\/i>compruebe todas las variantes (apertura, materiales, etc.) y las cantidades antes de hacer la elecci\u00f3n final<\/li>\n<li style=\"font-family: 'Raleway', sans-serif; font-size: 13px; color: #565656; font-weight: 300; border-top: 1px solid #ececec; padding-top: 15px; margin-bottom: 15px;\"><i class=\"fa fa-star\" style=\"color: #f2ae0b; font-size: 15px; padding-left: 10px; padding-right: 10px;\"><\/i>seleccione la cantidad y las caracter\u00edsticas (apertura, materiales, etc.) y hacer clic en \u00abA\u00d1ADIR AL CARRITO\u00bb debajo de cada art\u00edculo<\/li>\n<li style=\"font-family: 'Raleway', sans-serif; font-size: 13px; color: #565656; font-weight: 300; border-top: 1px solid #ececec; padding-top: 15px; margin-bottom: 15px;\"><i class=\"fa fa-star\" style=\"color: #f2ae0b; font-size: 15px; padding-left: 10px; padding-right: 10px;\"><\/i>se puede utilizar el enlace Eliminar PRODUCTO eliminar art\u00edculos de su carrito<\/li>\n<li style=\"font-family: 'Raleway', sans-serif; font-size: 13px; color: #565656; font-weight: 300; border-top: 1px solid #ececec; padding-top: 15px; margin-bottom: 15px;\"><i class=\"fa fa-star\" style=\"color: #f2ae0b; font-size: 15px; padding-left: 10px; padding-right: 10px;\"><\/i>haga clic en proceder a la compra para completar su pedido. Optar por hacer la compra como invitado o cliente REGISTRADA<\/li>\n<\/ul>\n<p>[\/vc_column_text][\/vc_column][vc_column width=\u00bb1\/2&#8243;][vc_text_separator title=\u00bbUSUARIOS REGISTRADOS\u00bb title_align=\u00bbseparator_align_left\u00bb][vc_column_text]Los clientes ya registrados pueden cumplir con los pedidos con unos pocos pasos, guardar la direcci\u00f3n de env\u00edo y acelera sus pedidos posteriores, recibir vales de descuento (descuentos adicionales, etc.) y ver en cualquier momento, en su cuenta, sus compras.[\/vc_column_text][vc_text_separator title=\u00bbPRECIOS\u00bb title_align=\u00bbseparator_align_left\u00bb][vc_column_text]Los precios de nuestros productos suministrados en Europa est\u00e1n en euros con todos los impuestos incluidos (en el carrito de la compra \u2013 IVA 22%) y sin costes de tramitaci\u00f3n y env\u00edo.\u2028Los precios de nuestros productos suministrados fuera de Europa est\u00e1n en euros sin impuestos y sin costes de tramitaci\u00f3n y env\u00edo. El correspondiente pago del IVA y tasas de aduanas se realiza a cargo del cliente seg\u00fan las autoridades fiscales y aduaneras locales.\u2028cgmouthpiece.com se reserva el derecho de modificar los precios en cualquier momento, entendiendo que el precio que aparezca en el cat\u00e1logo el d\u00eda del pedido ser\u00e1 el \u00fanico aplicable al comprador. Cualquier cambio en la tasa del IVA podr\u00e1 ser repercutido en el precio de los productos o servicios.[\/vc_column_text][\/vc_column][\/vc_row]<\/p>","protected":false},"excerpt":{"rendered":"<p>&#8230;<\/p>\n","protected":false},"author":1,"featured_media":0,"parent":0,"menu_order":0,"comment_status":"closed","ping_status":"closed","template":"","meta":[],"acf":[],"yoast_head":"<!-- This site is optimized with the Yoast SEO plugin v18.3 - https:\/\/yoast.com\/wordpress\/plugins\/seo\/ -->\n<title>Come Acquistare su CG Mouthpiece - imboccature artigianali<\/title>\n<meta name=\"description\" content=\"I clienti gi\u00e0 registrati possono completare gli ordini con pochi passi, salva come &#039;predefinito&#039; il tuo indirizzo di spedizione e velocizza i tuoi ordini.\" \/>\n<meta name=\"robots\" content=\"index, follow, max-snippet:-1, max-image-preview:large, max-video-preview:-1\" \/>\n<link rel=\"canonical\" href=\"https:\/\/www.cgmouthpiece.it\/fr\/how-to-buy\/\" \/>\n<meta property=\"og:locale\" content=\"es_ES\" \/>\n<meta property=\"og:type\" content=\"article\" \/>\n<meta property=\"og:title\" content=\"Come Acquistare su CG Mouthpiece - imboccature artigianali\" \/>\n<meta property=\"og:description\" content=\"I clienti gi\u00e0 registrati possono completare gli ordini con pochi passi, salva come &#039;predefinito&#039; il tuo indirizzo di spedizione e velocizza i tuoi ordini.\" \/>\n<meta property=\"og:url\" content=\"https:\/\/www.cgmouthpiece.it\/fr\/how-to-buy\/\" \/>\n<meta property=\"og:site_name\" content=\"CG MouthPiece\" \/>\n<meta property=\"article:publisher\" content=\"https:\/\/www.facebook.com\/cgmouthpiece.it\/\" \/>\n<meta property=\"article:modified_time\" content=\"2017-03-02T10:33:11+00:00\" \/>\n<meta name=\"twitter:card\" content=\"summary\" \/>\n<meta name=\"twitter:label1\" content=\"Tiempo de lectura\" \/>\n\t<meta name=\"twitter:data1\" content=\"8 minutos\" \/>\n<script type=\"application\/ld+json\" class=\"yoast-schema-graph\">{\"@context\":\"https:\/\/schema.org\",\"@graph\":[{\"@type\":\"WebSite\",\"@id\":\"https:\/\/www.cgmouthpiece.it\/#website\",\"url\":\"https:\/\/www.cgmouthpiece.it\/\",\"name\":\"CG MouthPiece\",\"description\":\"Best handcrafted mouthpieces made in Italy!\",\"potentialAction\":[{\"@type\":\"SearchAction\",\"target\":{\"@type\":\"EntryPoint\",\"urlTemplate\":\"https:\/\/www.cgmouthpiece.it\/?s={search_term_string}\"},\"query-input\":\"required name=search_term_string\"}],\"inLanguage\":\"es\"},{\"@type\":\"WebPage\",\"@id\":\"https:\/\/www.cgmouthpiece.it\/fr\/how-to-buy\/#webpage\",\"url\":\"https:\/\/www.cgmouthpiece.it\/fr\/how-to-buy\/\",\"name\":\"Come Acquistare su CG Mouthpiece - imboccature artigianali\",\"isPartOf\":{\"@id\":\"https:\/\/www.cgmouthpiece.it\/#website\"},\"datePublished\":\"2016-03-21T11:14:06+00:00\",\"dateModified\":\"2017-03-02T10:33:11+00:00\",\"description\":\"I clienti gi\u00e0 registrati possono completare gli ordini con pochi passi, salva come 'predefinito' il tuo indirizzo di spedizione e velocizza i tuoi ordini.\",\"breadcrumb\":{\"@id\":\"https:\/\/www.cgmouthpiece.it\/fr\/how-to-buy\/#breadcrumb\"},\"inLanguage\":\"es\",\"potentialAction\":[{\"@type\":\"ReadAction\",\"target\":[\"https:\/\/www.cgmouthpiece.it\/fr\/how-to-buy\/\"]}]},{\"@type\":\"BreadcrumbList\",\"@id\":\"https:\/\/www.cgmouthpiece.it\/fr\/how-to-buy\/#breadcrumb\",\"itemListElement\":[{\"@type\":\"ListItem\",\"position\":1,\"name\":\"Home\",\"item\":\"https:\/\/www.cgmouthpiece.it\/\"},{\"@type\":\"ListItem\",\"position\":2,\"name\":\"How to Buy\"}]}]}<\/script>\n<!-- \/ Yoast SEO plugin. -->","yoast_head_json":{"title":"Come Acquistare su CG Mouthpiece - imboccature artigianali","description":"I clienti gi\u00e0 registrati possono completare gli ordini con pochi passi, salva come 'predefinito' il tuo indirizzo di spedizione e velocizza i tuoi ordini.","robots":{"index":"index","follow":"follow","max-snippet":"max-snippet:-1","max-image-preview":"max-image-preview:large","max-video-preview":"max-video-preview:-1"},"canonical":"https:\/\/www.cgmouthpiece.it\/fr\/how-to-buy\/","og_locale":"es_ES","og_type":"article","og_title":"Come Acquistare su CG Mouthpiece - imboccature artigianali","og_description":"I clienti gi\u00e0 registrati possono completare gli ordini con pochi passi, salva come 'predefinito' il tuo indirizzo di spedizione e velocizza i tuoi ordini.","og_url":"https:\/\/www.cgmouthpiece.it\/fr\/how-to-buy\/","og_site_name":"CG MouthPiece","article_publisher":"https:\/\/www.facebook.com\/cgmouthpiece.it\/","article_modified_time":"2017-03-02T10:33:11+00:00","twitter_card":"summary","twitter_misc":{"Tiempo de lectura":"8 minutos"},"schema":{"@context":"https:\/\/schema.org","@graph":[{"@type":"WebSite","@id":"https:\/\/www.cgmouthpiece.it\/#website","url":"https:\/\/www.cgmouthpiece.it\/","name":"CG MouthPiece","description":"Best handcrafted mouthpieces made in Italy!","potentialAction":[{"@type":"SearchAction","target":{"@type":"EntryPoint","urlTemplate":"https:\/\/www.cgmouthpiece.it\/?s={search_term_string}"},"query-input":"required name=search_term_string"}],"inLanguage":"es"},{"@type":"WebPage","@id":"https:\/\/www.cgmouthpiece.it\/fr\/how-to-buy\/#webpage","url":"https:\/\/www.cgmouthpiece.it\/fr\/how-to-buy\/","name":"Come Acquistare su CG Mouthpiece - imboccature artigianali","isPartOf":{"@id":"https:\/\/www.cgmouthpiece.it\/#website"},"datePublished":"2016-03-21T11:14:06+00:00","dateModified":"2017-03-02T10:33:11+00:00","description":"I clienti gi\u00e0 registrati possono completare gli ordini con pochi passi, salva come 'predefinito' il tuo indirizzo di spedizione e velocizza i tuoi ordini.","breadcrumb":{"@id":"https:\/\/www.cgmouthpiece.it\/fr\/how-to-buy\/#breadcrumb"},"inLanguage":"es","potentialAction":[{"@type":"ReadAction","target":["https:\/\/www.cgmouthpiece.it\/fr\/how-to-buy\/"]}]},{"@type":"BreadcrumbList","@id":"https:\/\/www.cgmouthpiece.it\/fr\/how-to-buy\/#breadcrumb","itemListElement":[{"@type":"ListItem","position":1,"name":"Home","item":"https:\/\/www.cgmouthpiece.it\/"},{"@type":"ListItem","position":2,"name":"How to Buy"}]}]}},"_links":{"self":[{"href":"https:\/\/www.cgmouthpiece.it\/es\/wp-json\/wp\/v2\/pages\/19614"}],"collection":[{"href":"https:\/\/www.cgmouthpiece.it\/es\/wp-json\/wp\/v2\/pages"}],"about":[{"href":"https:\/\/www.cgmouthpiece.it\/es\/wp-json\/wp\/v2\/types\/page"}],"author":[{"embeddable":true,"href":"https:\/\/www.cgmouthpiece.it\/es\/wp-json\/wp\/v2\/users\/1"}],"replies":[{"embeddable":true,"href":"https:\/\/www.cgmouthpiece.it\/es\/wp-json\/wp\/v2\/comments?post=19614"}],"version-history":[{"count":10,"href":"https:\/\/www.cgmouthpiece.it\/es\/wp-json\/wp\/v2\/pages\/19614\/revisions"}],"predecessor-version":[{"id":20091,"href":"https:\/\/www.cgmouthpiece.it\/es\/wp-json\/wp\/v2\/pages\/19614\/revisions\/20091"}],"wp:attachment":[{"href":"https:\/\/www.cgmouthpiece.it\/es\/wp-json\/wp\/v2\/media?parent=19614"}],"curies":[{"name":"wp","href":"https:\/\/api.w.org\/{rel}","templated":true}]}}