{"id":19620,"date":"2016-03-21T12:26:24","date_gmt":"2016-03-21T11:26:24","guid":{"rendered":"https:\/\/www.cgmouthpiece.it\/?page_id=19620"},"modified":"2017-03-02T11:34:38","modified_gmt":"2017-03-02T10:34:38","slug":"shipping","status":"publish","type":"page","link":"https:\/\/www.cgmouthpiece.it\/es\/shipping\/","title":{"rendered":"Los tiempos y los costos de env\u00edo"},"content":{"rendered":"<p>[vc_row][vc_column width=\u00bb1\/4&#8243;][\/vc_column][vc_column width=\u00bb1\/2&#8243;][vc_column_text]<strong>CG Mouthpiece Italy<\/strong> tiene un stock limitado de de boquillas, y aunque en constante renovaci\u00f3n, tiempo de entrega y preparaci\u00f3n de la boca,\u00a0si no inmediatamente disponibles, pueden variar en funci\u00f3n del volumen de pedidos que estamos trabajando. Los tiempos pueden variar de 1 a 3 semanas. Para averiguar la disponibilidad de un art\u00edculo, escriba a <a href=\"mailto:order@cgmouthpiece.it\">order@cgmouthpiece.it<\/a><\/p>\n<h4>CG Mouthpiece Italy entrega en todo el mundo con la entrega urgente DHL.<\/h4>\n<p>Se puede Asegure su env\u00edo. Dicho seguro se puede seleccionar, a un costo de 10 \u20ac, antes de enviar el pedido.[\/vc_column_text][\/vc_column][vc_column width=\u00bb1\/4&#8243;][\/vc_column][\/vc_row][vc_row][vc_column width=\u00bb1\/4&#8243;][\/vc_column][vc_column width=\u00bb1\/2&#8243;]<div id=\"ultimate-heading-45896a066b0e2b0a9\" class=\"uvc-heading ult-adjust-bottom-margin ultimate-heading-45896a066b0e2b0a9 uvc-2340 \" data-hspacer=\"no_spacer\"  data-halign=\"center\" style=\"text-align:center\"><div class=\"uvc-heading-spacer no_spacer\" style=\"top\"><\/div><div class=\"uvc-main-heading ult-responsive\"  data-ultimate-target='.uvc-heading.ultimate-heading-45896a066b0e2b0a9 h5'  data-responsive-json-new='{\"font-size\":\"\",\"line-height\":\"\"}' ><h5 style=\"font-weight:normal;\">M\u00e9todo, tiempos de entrega y costos de env\u00edo para su destino se muestran en la siguiente tabla:<\/h5><\/div><\/div>[vc_column_text]<\/p>\n<table class=\"shipping\" border=\"0\">\n<tbody>\n<tr>\n<td class=\"top-td\"><strong>Destinaci\u00f3n<\/strong><\/td>\n<td class=\"top-td\"><strong>Servicio de Entregas Express<\/strong><\/td>\n<td class=\"top-td\"><strong>Tiempos de tr\u00e0nsito estimado<\/strong><\/td>\n<td class=\"top-td\"><strong>Tarifas<\/strong><\/td>\n<\/tr>\n<tr>\n<td>Italia*<\/td>\n<td>Express<\/td>\n<td>1-2 d\u00edas laborables<\/td>\n<td>EUR 12.00<\/td>\n<\/tr>\n<tr>\n<td>Comunidad Europa **<\/td>\n<td>Express<\/td>\n<td>1-2 d\u00edas laborables<\/td>\n<td>EUR 22.00<\/td>\n<\/tr>\n<tr>\n<td>Resto de Europa ***<\/td>\n<td>Express<\/td>\n<td>1-2 d\u00edas laborables<\/td>\n<td>EUR 30.00<\/td>\n<\/tr>\n<tr>\n<td>U.S.A. &amp; Canada ****<\/td>\n<td>Express<\/td>\n<td>1-2 d\u00edas laborables<\/td>\n<td>EUR 30.00<\/td>\n<\/tr>\n<tr>\n<td>Resto del Mundo ****<\/td>\n<td>Express<\/td>\n<td>1-2 d\u00edas laborables<\/td>\n<td>EUR 40.00<\/td>\n<\/tr>\n<\/tbody>\n<\/table>\n<p>[\/vc_column_text][vc_column_text]<em><strong>Env\u00edo libre por todo el mundo para pedidos superiores a 1.000 \u20ac (sin IVA)<\/strong><\/em><\/p>\n<p><em>* Para Basilicata, Calabria, Campania, Puglia y islas italianas la entrega puede tardar 1-2 d\u00edas adicionales<\/em><br \/>\n<em>** Andorra, Islas Faroe, Groenlandia: dentro de 4-10 d\u00edas laborables<\/em><br \/>\n<em>*** Incluyendo: Gibraltar, Islandia, Noruega, Principado de M\u00f3naco, Suiza<\/em><br \/>\n<em>**** el tiempo de entrega excluyendo el despacho de aduanas<br \/>\n<\/em>[\/vc_column_text][\/vc_column][vc_column width=\u00bb1\/4&#8243;][\/vc_column][\/vc_row][vc_row][vc_column width=\u00bb1\/2&#8243;][vc_text_separator title=\u00bbENVIO\u00bb title_align=\u00bbseparator_align_left\u00bb][vc_column_text]<strong>Env\u00edo expr\u00e9s. Entrega de lunes a viernes<\/strong><\/p>\n<p>El cliente se compromete, por \u00e9l o por el destinatario del pedido, a recibir la entrega de la mercanc\u00eda en la direcci\u00f3n indicada en el pedido. A la entrega, el cliente o el destinatario de los productos, debe, si as\u00ed se le solicita, demostrar su identidad. El cliente se compromete, despu\u00e9s de comprobar el contenido del paquete en presencia del mensajero, a firmar el recibo de entrega presentado por el repartidor.<\/p>\n<p>Una vez enviado, no ser\u00e1n redirigidos \u00f3rdenes.<\/p>\n<p>Si el producto est\u00e1 da\u00f1ado, el cliente deber\u00e1, necesariamente, rechazar el paquete y anotar la incidencia en la hoja de entrega (paquete rechazado por haber llegado abierto o da\u00f1ado durante el transporte, indicando los da\u00f1os de manera precisa).<\/p>\n<p>El plazo de entrega de los pedidos se entiende en horas de transporte y d\u00edas laborales.\u2028En caso de pago por transferencia bancaria, el pedido ser\u00e1 tramitado una vez recibido el pago. En consecuencia, los plazos en este caso se cuentan a partir del d\u00eda de la recepci\u00f3n del pago y pueden ser diferentes de los que se enumeran en el d\u00eda de la realizaci\u00f3n del pedido.[\/vc_column_text][vc_text_separator title=\u00bbSeguimiento de Env\u00edos\u00bb title_align=\u00bbseparator_align_left\u00bb][vc_column_text]En el momento del env\u00edo del pedido, cgmouthpiece.it le enviar\u00e1 un correo electr\u00f3nico con el n\u00famero de seguimiento proporcionado por correo urgente, con un enlace para comprobar el estado del env\u00edo.[\/vc_column_text][\/vc_column][vc_column width=\u00bb1\/2&#8243;][vc_text_separator title=\u00bbImpuestos\u00bb title_align=\u00bbseparator_align_left\u00bb][vc_column_text]Nuestros productos suministrados en Europa est\u00e1n en euros con todos los impuestos incluidos (en el carrito de la compra \u2013 IVA 22%) y sin costes de tramitaci\u00f3n y env\u00edo.\u2028Los precios de nuestros productos suministrados fuera de Europa est\u00e1n en euros sin impuestos y sin costes de tramitaci\u00f3n y env\u00edo.\u00a0El correspondiente pago del IVA y tasas de aduanas se realiza a cargo del cliente seg\u00fan las autoridades fiscales y aduaneras locales.<\/p>\n<p>En caso de retirada o hechos, impuestos, derechos de aduana y los gastos de fabricaci\u00f3n se cobrar\u00e1 al destinatario de DHL para la orden aduana, as\u00ed como los gastos de env\u00edo no se reembolsan.[\/vc_column_text][vc_text_separator title=\u00bbexenci\u00f3n del IVA\u00bb title_align=\u00bbseparator_align_left\u00bb][vc_column_text]Si su empresa tiene sede en otro pa\u00eds de la Uni\u00f3n Europea que no sea Italia y si proporciona a cgmothpiece.it un n\u00famero de IVA intracomunitario (VAT) v\u00e1lido expedido por el pa\u00eds de la Uni\u00f3n Europea en el que tenga la sede su empresa, cgmothpiece.it no le har\u00e1 pagar el IVA sobre el importe de su pedido.\u2028Este n\u00famero de IVA intracomunitario (VAT) v\u00e1lido es expedido por la autoridad fiscal competente y adem\u00e1s deber\u00e1 leer y aceptar las condiciones que figuran a continuaci\u00f3n: usted manifiesta y garantiza que el n\u00famero VAT que proporciona a cgmothpiece.it corresponde a su empresa y \u00e9sta tiene su sede en un pa\u00eds de la Uni\u00f3n Europea;\u00a0 usted manifiesta y garantiza que todos los pedidos realizados en sus transacciones con su cuenta ser\u00e1n realizados por su empresa con el n\u00famero VAT que ya ha proporcionado a cgmothpiece.it;\u00a0\u2028usted manifiesta y garantiza que el n\u00famero de IVA intracomunitario y cualquier otra informaci\u00f3n que proporcione est\u00e1 actualizada, es verdadera y exacta y que nos notificar\u00e1 inmediatamente cualquier cambio o actualizaci\u00f3n de la misma;\u00a0cgmothpiece.it se reserva el derecho de solicitar informaci\u00f3n adicional y de solicitar la confirmaci\u00f3n de la validez de la informaci\u00f3n de su cuenta (incluyendo su n\u00famero de IVA intracomunitario) a usted o a cualquier autoridad competente como la ley autoriza. Usted autoriza expresamente a cgmothpiece.it a recabar y obtener la informaci\u00f3n de las autoridades pertinentes. Adem\u00e1s, usted se compromete a proporcionar informaci\u00f3n a cgmothpiece.it sobre su cuenta en cuanto lo solicite cgmothpiece.it;\u00a0cgmothpiece.it proceder\u00e1 a la anulaci\u00f3n del pedido si el n\u00famero de VAT proporcionado resulta no ser v\u00e1lido o si no se ha proporcionado evidencia documental de la exenci\u00f3n.[\/vc_column_text][\/vc_column][\/vc_row]<\/p>","protected":false},"excerpt":{"rendered":"<p>&#8230;<\/p>\n","protected":false},"author":1,"featured_media":0,"parent":0,"menu_order":0,"comment_status":"closed","ping_status":"closed","template":"","meta":[],"acf":[],"yoast_head":"<!-- This site is optimized with the Yoast SEO plugin v18.3 - https:\/\/yoast.com\/wordpress\/plugins\/seo\/ -->\n<title>Scopri i nostri tempi e costi di spedizione - CG Moutpiece<\/title>\n<meta name=\"description\" content=\"Tutti gli ordini disponibili in magazzino vengono spediti entro 2 giorni lavorativi successivi alla conferma del tuo ordine.\" \/>\n<meta name=\"robots\" content=\"index, follow, max-snippet:-1, max-image-preview:large, max-video-preview:-1\" \/>\n<link rel=\"canonical\" href=\"https:\/\/www.cgmouthpiece.it\/shipping\/\" \/>\n<meta property=\"og:locale\" content=\"es_ES\" \/>\n<meta property=\"og:type\" content=\"article\" \/>\n<meta property=\"og:title\" content=\"Scopri i nostri tempi e costi di spedizione - CG Moutpiece\" \/>\n<meta property=\"og:description\" content=\"Tutti gli ordini disponibili in magazzino vengono spediti entro 2 giorni lavorativi successivi alla conferma del tuo ordine.\" \/>\n<meta property=\"og:url\" content=\"https:\/\/www.cgmouthpiece.it\/shipping\/\" \/>\n<meta property=\"og:site_name\" content=\"CG MouthPiece\" \/>\n<meta property=\"article:publisher\" content=\"https:\/\/www.facebook.com\/cgmouthpiece.it\/\" \/>\n<meta property=\"article:modified_time\" content=\"2017-03-02T10:34:38+00:00\" \/>\n<meta name=\"twitter:card\" content=\"summary\" \/>\n<meta name=\"twitter:label1\" content=\"Tiempo de lectura\" \/>\n\t<meta name=\"twitter:data1\" content=\"19 minutos\" \/>\n<script type=\"application\/ld+json\" class=\"yoast-schema-graph\">{\"@context\":\"https:\/\/schema.org\",\"@graph\":[{\"@type\":\"WebSite\",\"@id\":\"https:\/\/www.cgmouthpiece.it\/#website\",\"url\":\"https:\/\/www.cgmouthpiece.it\/\",\"name\":\"CG MouthPiece\",\"description\":\"Best handcrafted mouthpieces made in Italy!\",\"potentialAction\":[{\"@type\":\"SearchAction\",\"target\":{\"@type\":\"EntryPoint\",\"urlTemplate\":\"https:\/\/www.cgmouthpiece.it\/?s={search_term_string}\"},\"query-input\":\"required name=search_term_string\"}],\"inLanguage\":\"es\"},{\"@type\":\"WebPage\",\"@id\":\"https:\/\/www.cgmouthpiece.it\/shipping\/#webpage\",\"url\":\"https:\/\/www.cgmouthpiece.it\/shipping\/\",\"name\":\"Scopri i nostri tempi e costi di spedizione - CG Moutpiece\",\"isPartOf\":{\"@id\":\"https:\/\/www.cgmouthpiece.it\/#website\"},\"datePublished\":\"2016-03-21T11:26:24+00:00\",\"dateModified\":\"2017-03-02T10:34:38+00:00\",\"description\":\"Tutti gli ordini disponibili in magazzino vengono spediti entro 2 giorni lavorativi successivi alla conferma del tuo ordine.\",\"breadcrumb\":{\"@id\":\"https:\/\/www.cgmouthpiece.it\/shipping\/#breadcrumb\"},\"inLanguage\":\"es\",\"potentialAction\":[{\"@type\":\"ReadAction\",\"target\":[\"https:\/\/www.cgmouthpiece.it\/shipping\/\"]}]},{\"@type\":\"BreadcrumbList\",\"@id\":\"https:\/\/www.cgmouthpiece.it\/shipping\/#breadcrumb\",\"itemListElement\":[{\"@type\":\"ListItem\",\"position\":1,\"name\":\"Home\",\"item\":\"https:\/\/www.cgmouthpiece.it\/\"},{\"@type\":\"ListItem\",\"position\":2,\"name\":\"Tempi e costi di spedizione\"}]}]}<\/script>\n<!-- \/ Yoast SEO plugin. -->","yoast_head_json":{"title":"Scopri i nostri tempi e costi di spedizione - CG Moutpiece","description":"Tutti gli ordini disponibili in magazzino vengono spediti entro 2 giorni lavorativi successivi alla conferma del tuo ordine.","robots":{"index":"index","follow":"follow","max-snippet":"max-snippet:-1","max-image-preview":"max-image-preview:large","max-video-preview":"max-video-preview:-1"},"canonical":"https:\/\/www.cgmouthpiece.it\/shipping\/","og_locale":"es_ES","og_type":"article","og_title":"Scopri i nostri tempi e costi di spedizione - CG Moutpiece","og_description":"Tutti gli ordini disponibili in magazzino vengono spediti entro 2 giorni lavorativi successivi alla conferma del tuo ordine.","og_url":"https:\/\/www.cgmouthpiece.it\/shipping\/","og_site_name":"CG MouthPiece","article_publisher":"https:\/\/www.facebook.com\/cgmouthpiece.it\/","article_modified_time":"2017-03-02T10:34:38+00:00","twitter_card":"summary","twitter_misc":{"Tiempo de lectura":"19 minutos"},"schema":{"@context":"https:\/\/schema.org","@graph":[{"@type":"WebSite","@id":"https:\/\/www.cgmouthpiece.it\/#website","url":"https:\/\/www.cgmouthpiece.it\/","name":"CG MouthPiece","description":"Best handcrafted mouthpieces made in Italy!","potentialAction":[{"@type":"SearchAction","target":{"@type":"EntryPoint","urlTemplate":"https:\/\/www.cgmouthpiece.it\/?s={search_term_string}"},"query-input":"required name=search_term_string"}],"inLanguage":"es"},{"@type":"WebPage","@id":"https:\/\/www.cgmouthpiece.it\/shipping\/#webpage","url":"https:\/\/www.cgmouthpiece.it\/shipping\/","name":"Scopri i nostri tempi e costi di spedizione - CG Moutpiece","isPartOf":{"@id":"https:\/\/www.cgmouthpiece.it\/#website"},"datePublished":"2016-03-21T11:26:24+00:00","dateModified":"2017-03-02T10:34:38+00:00","description":"Tutti gli ordini disponibili in magazzino vengono spediti entro 2 giorni lavorativi successivi alla conferma del tuo ordine.","breadcrumb":{"@id":"https:\/\/www.cgmouthpiece.it\/shipping\/#breadcrumb"},"inLanguage":"es","potentialAction":[{"@type":"ReadAction","target":["https:\/\/www.cgmouthpiece.it\/shipping\/"]}]},{"@type":"BreadcrumbList","@id":"https:\/\/www.cgmouthpiece.it\/shipping\/#breadcrumb","itemListElement":[{"@type":"ListItem","position":1,"name":"Home","item":"https:\/\/www.cgmouthpiece.it\/"},{"@type":"ListItem","position":2,"name":"Tempi e costi di spedizione"}]}]}},"_links":{"self":[{"href":"https:\/\/www.cgmouthpiece.it\/es\/wp-json\/wp\/v2\/pages\/19620"}],"collection":[{"href":"https:\/\/www.cgmouthpiece.it\/es\/wp-json\/wp\/v2\/pages"}],"about":[{"href":"https:\/\/www.cgmouthpiece.it\/es\/wp-json\/wp\/v2\/types\/page"}],"author":[{"embeddable":true,"href":"https:\/\/www.cgmouthpiece.it\/es\/wp-json\/wp\/v2\/users\/1"}],"replies":[{"embeddable":true,"href":"https:\/\/www.cgmouthpiece.it\/es\/wp-json\/wp\/v2\/comments?post=19620"}],"version-history":[{"count":18,"href":"https:\/\/www.cgmouthpiece.it\/es\/wp-json\/wp\/v2\/pages\/19620\/revisions"}],"predecessor-version":[{"id":20968,"href":"https:\/\/www.cgmouthpiece.it\/es\/wp-json\/wp\/v2\/pages\/19620\/revisions\/20968"}],"wp:attachment":[{"href":"https:\/\/www.cgmouthpiece.it\/es\/wp-json\/wp\/v2\/media?parent=19620"}],"curies":[{"name":"wp","href":"https:\/\/api.w.org\/{rel}","templated":true}]}}