{"id":19627,"date":"2016-03-21T12:39:52","date_gmt":"2016-03-21T11:39:52","guid":{"rendered":"https:\/\/www.cgmouthpiece.it\/?page_id=19627"},"modified":"2017-03-02T10:29:00","modified_gmt":"2017-03-02T09:29:00","slug":"orders-and-returns","status":"publish","type":"page","link":"https:\/\/www.cgmouthpiece.it\/es\/orders-and-returns\/","title":{"rendered":"Devoluci\u00f3n, cambio o reembolso"},"content":{"rendered":"<p>[vc_row][vc_column][vc_column_text]Los compradores, personas f\u00edsicas no profesionales, se benefician de un per\u00edodo de cancelaci\u00f3n de siete (7) d\u00edas a partir de la entrega de su pedido para devolver el producto al vendedor o para su cambio o reembolso. La fecha de recepci\u00f3n del producto entregado es el inicio del per\u00edodo de catorce d\u00edas de prueba.<\/p>\n<p>Para recibir un reembolso completo, las boquillas no se deben tener sin rayones y deben de ser limpias. Toda la mercader\u00eda original y embalaje se debe incluir con el producto devuelto.<\/p>\n<p>En caso de reembolso se deducir\u00e1 la cantidad de 10 \u20ac para los costes de gesti\u00f3n de las mercanc\u00edas de retorno (control, desinfecci\u00f3n, pulido, etc.). Pueden agregarse las siguientes sanciones:<\/p>\n<p>En la boquilla de metal:<\/p>\n<ul>\n<li>superficie ranurada (marcas de los dientes, ara\u00f1azos ligaduras met\u00e1licas, etc) se deducir\u00e1 un penal adicional \u20ac 50<\/li>\n<li>Cualquier manipulaci\u00f3n como la rec\u00e1mara de la boquilla, planta y geometr\u00edas internas, da\u00f1os estructurales normalmente se deducir\u00e1 una cantidad igual al valor de la mercanc\u00eda (la devoluci\u00f3n \/ cambio \/ buena emisi\u00f3n ser\u00e1n rechazadas y se ripedito al remitente una vez que esto afectar\u00e1 el pago de la el env\u00edo.<\/li>\n<\/ul>\n<p>[\/vc_column_text][vc_text_separator title=\u00bb\u00bfc\u00f3mo hacer que la restituci\u00f3n\u00bb title_align=\u00bbseparator_align_left\u00bb][vc_column_text]Los gastos de devoluci\u00f3n corren a cargo del cliente.<\/p>\n<p>Para solicitar una autorizaci\u00f3n de devoluci\u00f3n, debe enviar una solicitud a <a href=\"mailto:order@cgmouthpiece.it\">order@cgmouthpiece.it<\/a> plazo de 7 d\u00edas desde la recepci\u00f3n del pedido. En el e-mail debe especificar el n\u00famero de orden, c\u00f3digos y \/ o nombres de los elementos que ser devueltos, una copia del documento de compra (factura &#8211; documento de transporte) en relaci\u00f3n con el objeto y fin de la compensaci\u00f3n deseada: (bienes de igual o mayor valor), vales o reembolso *.<\/p>\n<p>la recepci\u00f3n de la solicitud presentada, www.cgmouthpiece.it le enviar\u00e1 una confirmaci\u00f3n por escrito que contiene el n\u00famero de autorizaci\u00f3n (R.A.N.). Los costes y riesgos de transporte para el retorno est\u00e1n completamente a cargo del cliente.<\/p>\n<p>*ver las deducciones y otras sanciones<\/p>\n<p>Se puede elegir entre estos dos modos:<\/p>\n<ul>\n<li><u>CAMBIO DE PRODUCTOS<\/u>: se puede cambiar la boquilla con una boquilla diferente pero de igual o mayor valor. Cualquier diferencia se debe pagar por www.cgmouthpiece.it que posteriormente enviar\u00e1 el nuevo producto. S\u00f3lo se puede intercambiar mercanc\u00eda por cada vuelta autorizada. Que ser\u00e1 deducida la cantidad de 10 \u20ac para los gastos de gesti\u00f3n de las mercanc\u00edas de retorno (control, desinfectantes, pulido, etc.), en adici\u00f3n a las sanciones ya descritos. Cambio de producto se aplica con respecto a los bienes comprados y por lo tanto excluye el costo de la entrega al destinatario que conforman un servicio del cual esta \u00faltima se ha beneficiado. Los nuevos gastos de env\u00edo ser\u00e1n entonces a cargo del cliente.<\/li>\n<li><u>Vale de compra:<\/u> Se puede utilizar una sola vez el plazo de 6 meses desde el momento de la devoluci\u00f3n y no se puede combinar con otros cupones o promociones.<\/li>\n<li>Debe ser utilizado en su totalidad en una de orden igual o mayor valor.<\/li>\n<li>La cantidad del bono se relaciona \u00fanicamente con los bienes comprados y por lo tanto excluye el costo de la entrega al destinatario que conforman un servicio del cual esta \u00faltima se ha beneficiado.<\/li>\n<\/ul>\n<p>Se debe mandar los objetos para devolver a: CG Mouthpiece by T.C.M. di Camporelli Tiziano, Via Delle Robinie, 8-10\/A \u2013 28040 Mezzomerico (NO) Italia[\/vc_column_text][vc_text_separator title=\u00bbReembolso\u00bb title_align=\u00bbseparator_align_left\u00bb][vc_column_text]Para recibir un reembolso completo, las boquillas no se deben tener sin rayones y deben de ser limpias. Toda la mercader\u00eda original y embalaje se debe incluir con el producto devuelto.<\/p>\n<p>Al devolver un golpecito con la solicitud de reembolso, el env\u00edo de devoluci\u00f3n y los derechos de importaci\u00f3n ser\u00e1n a cargo del cliente.<\/p>\n<p>Que ser\u00e1 deducida la cantidad de 10 \u20ac para los gastos de gesti\u00f3n de las mercanc\u00edas de retorno (control, desinfectantes, pulido, etc.), adem\u00e1s de las sanciones ya descritos.<\/p>\n<p>Los gastos de impuestos de importaci\u00f3n var\u00edan seg\u00fan el pa\u00eds de origen. Estas cantidades se deducir\u00e1n de la restituci\u00f3n final.<\/p>\n<p>Los productos devueltos deber\u00e1n estar en su EMBALAJE ORIGINAL, en perfecto estado, acompa\u00f1ados de todos sus respectivos accesorios y manuales, as\u00ed como de la hoja de entrega del producto, debidamente cumplimentada. Los art\u00edculos devueltos incompletos, da\u00f1ados, usados o sucios no ser\u00e1n aceptados y ser\u00e1n devueltos a cargo del cliente.<\/p>\n<p>El reembolso de los productos se efectuar\u00e1 en un plazo menor o igual a 30 d\u00edas despu\u00e9s de la recepci\u00f3n efectiva del paquete por nosotros. Los reembolsos se realizar\u00e1n mediante abono en la cuenta bancaria del cliente o la tarjeta de cr\u00e9dito utilizada para el pago.<\/p>\n<p>Todos los productos pasan un exhaustivo control de calidad antes de ser enviados.<\/p>\n<p>En el caso de que el cliente recibe mercanc\u00eda defectuosa, o que los errores en los env\u00edos por www.cgmouthpiece.it, est\u00e1 obligado a seguir las mismas instrucciones anteriores. www.cgmouthpiece.it se reserva el derecho de solicitar pruebas fotogr\u00e1ficas antes de permitir que los rendimientos de la mercanc\u00eda defectuosa y pagar los gastos de env\u00edo para la devoluci\u00f3n de la mercanc\u00eda en sus propios locales.<\/p>\n<p>www.cgmouthpiece.it se reserva el derecho de rechazar devoluciones o enviado sin paquete original o faltan accesorios no autorizados. Cualquier aceptaci\u00f3n de tal hecho lo contrario incurrir\u00e1 en un cargo equivalente al 20% del valor de la mercanc\u00eda devuelta.[\/vc_column_text][\/vc_column][\/vc_row]<\/p>","protected":false},"excerpt":{"rendered":"<p>&#8230;<\/p>\n","protected":false},"author":1,"featured_media":0,"parent":0,"menu_order":0,"comment_status":"closed","ping_status":"closed","template":"","meta":[],"acf":[],"yoast_head":"<!-- This site is optimized with the Yoast SEO plugin v18.3 - https:\/\/yoast.com\/wordpress\/plugins\/seo\/ -->\n<title>CG Mouthpiece - resi - imboccature artigianali per sax e clarinetto<\/title>\n<meta name=\"description\" content=\"E\u2019 possibile cambiare il prodotto con un articolo differente ma di pari o superiore valore. L\u2019eventuale differenza dovr\u00e0 essere corrisposta...\" \/>\n<meta name=\"robots\" content=\"index, follow, max-snippet:-1, max-image-preview:large, max-video-preview:-1\" \/>\n<link rel=\"canonical\" href=\"https:\/\/www.cgmouthpiece.it\/fr\/orders-and-returns\/\" \/>\n<meta property=\"og:locale\" content=\"es_ES\" \/>\n<meta property=\"og:type\" content=\"article\" \/>\n<meta property=\"og:title\" content=\"CG Mouthpiece - resi - imboccature artigianali per sax e clarinetto\" \/>\n<meta property=\"og:description\" content=\"E\u2019 possibile cambiare il prodotto con un articolo differente ma di pari o superiore valore. L\u2019eventuale differenza dovr\u00e0 essere corrisposta...\" \/>\n<meta property=\"og:url\" content=\"https:\/\/www.cgmouthpiece.it\/fr\/orders-and-returns\/\" \/>\n<meta property=\"og:site_name\" content=\"CG MouthPiece\" \/>\n<meta property=\"article:publisher\" content=\"https:\/\/www.facebook.com\/cgmouthpiece.it\/\" \/>\n<meta property=\"article:modified_time\" content=\"2017-03-02T09:29:00+00:00\" \/>\n<meta name=\"twitter:card\" content=\"summary\" \/>\n<meta name=\"twitter:label1\" content=\"Tiempo de lectura\" \/>\n\t<meta name=\"twitter:data1\" content=\"14 minutos\" \/>\n<script type=\"application\/ld+json\" class=\"yoast-schema-graph\">{\"@context\":\"https:\/\/schema.org\",\"@graph\":[{\"@type\":\"WebSite\",\"@id\":\"https:\/\/www.cgmouthpiece.it\/#website\",\"url\":\"https:\/\/www.cgmouthpiece.it\/\",\"name\":\"CG MouthPiece\",\"description\":\"Best handcrafted mouthpieces made in Italy!\",\"potentialAction\":[{\"@type\":\"SearchAction\",\"target\":{\"@type\":\"EntryPoint\",\"urlTemplate\":\"https:\/\/www.cgmouthpiece.it\/?s={search_term_string}\"},\"query-input\":\"required name=search_term_string\"}],\"inLanguage\":\"es\"},{\"@type\":\"WebPage\",\"@id\":\"https:\/\/www.cgmouthpiece.it\/fr\/orders-and-returns\/#webpage\",\"url\":\"https:\/\/www.cgmouthpiece.it\/fr\/orders-and-returns\/\",\"name\":\"CG Mouthpiece - resi - imboccature artigianali per sax e clarinetto\",\"isPartOf\":{\"@id\":\"https:\/\/www.cgmouthpiece.it\/#website\"},\"datePublished\":\"2016-03-21T11:39:52+00:00\",\"dateModified\":\"2017-03-02T09:29:00+00:00\",\"description\":\"E\u2019 possibile cambiare il prodotto con un articolo differente ma di pari o superiore valore. L\u2019eventuale differenza dovr\u00e0 essere corrisposta...\",\"breadcrumb\":{\"@id\":\"https:\/\/www.cgmouthpiece.it\/fr\/orders-and-returns\/#breadcrumb\"},\"inLanguage\":\"es\",\"potentialAction\":[{\"@type\":\"ReadAction\",\"target\":[\"https:\/\/www.cgmouthpiece.it\/fr\/orders-and-returns\/\"]}]},{\"@type\":\"BreadcrumbList\",\"@id\":\"https:\/\/www.cgmouthpiece.it\/fr\/orders-and-returns\/#breadcrumb\",\"itemListElement\":[{\"@type\":\"ListItem\",\"position\":1,\"name\":\"Home\",\"item\":\"https:\/\/www.cgmouthpiece.it\/\"},{\"@type\":\"ListItem\",\"position\":2,\"name\":\"Orders and Returns\"}]}]}<\/script>\n<!-- \/ Yoast SEO plugin. -->","yoast_head_json":{"title":"CG Mouthpiece - resi - imboccature artigianali per sax e clarinetto","description":"E\u2019 possibile cambiare il prodotto con un articolo differente ma di pari o superiore valore. L\u2019eventuale differenza dovr\u00e0 essere corrisposta...","robots":{"index":"index","follow":"follow","max-snippet":"max-snippet:-1","max-image-preview":"max-image-preview:large","max-video-preview":"max-video-preview:-1"},"canonical":"https:\/\/www.cgmouthpiece.it\/fr\/orders-and-returns\/","og_locale":"es_ES","og_type":"article","og_title":"CG Mouthpiece - resi - imboccature artigianali per sax e clarinetto","og_description":"E\u2019 possibile cambiare il prodotto con un articolo differente ma di pari o superiore valore. L\u2019eventuale differenza dovr\u00e0 essere corrisposta...","og_url":"https:\/\/www.cgmouthpiece.it\/fr\/orders-and-returns\/","og_site_name":"CG MouthPiece","article_publisher":"https:\/\/www.facebook.com\/cgmouthpiece.it\/","article_modified_time":"2017-03-02T09:29:00+00:00","twitter_card":"summary","twitter_misc":{"Tiempo de lectura":"14 minutos"},"schema":{"@context":"https:\/\/schema.org","@graph":[{"@type":"WebSite","@id":"https:\/\/www.cgmouthpiece.it\/#website","url":"https:\/\/www.cgmouthpiece.it\/","name":"CG MouthPiece","description":"Best handcrafted mouthpieces made in Italy!","potentialAction":[{"@type":"SearchAction","target":{"@type":"EntryPoint","urlTemplate":"https:\/\/www.cgmouthpiece.it\/?s={search_term_string}"},"query-input":"required name=search_term_string"}],"inLanguage":"es"},{"@type":"WebPage","@id":"https:\/\/www.cgmouthpiece.it\/fr\/orders-and-returns\/#webpage","url":"https:\/\/www.cgmouthpiece.it\/fr\/orders-and-returns\/","name":"CG Mouthpiece - resi - imboccature artigianali per sax e clarinetto","isPartOf":{"@id":"https:\/\/www.cgmouthpiece.it\/#website"},"datePublished":"2016-03-21T11:39:52+00:00","dateModified":"2017-03-02T09:29:00+00:00","description":"E\u2019 possibile cambiare il prodotto con un articolo differente ma di pari o superiore valore. L\u2019eventuale differenza dovr\u00e0 essere corrisposta...","breadcrumb":{"@id":"https:\/\/www.cgmouthpiece.it\/fr\/orders-and-returns\/#breadcrumb"},"inLanguage":"es","potentialAction":[{"@type":"ReadAction","target":["https:\/\/www.cgmouthpiece.it\/fr\/orders-and-returns\/"]}]},{"@type":"BreadcrumbList","@id":"https:\/\/www.cgmouthpiece.it\/fr\/orders-and-returns\/#breadcrumb","itemListElement":[{"@type":"ListItem","position":1,"name":"Home","item":"https:\/\/www.cgmouthpiece.it\/"},{"@type":"ListItem","position":2,"name":"Orders and Returns"}]}]}},"_links":{"self":[{"href":"https:\/\/www.cgmouthpiece.it\/es\/wp-json\/wp\/v2\/pages\/19627"}],"collection":[{"href":"https:\/\/www.cgmouthpiece.it\/es\/wp-json\/wp\/v2\/pages"}],"about":[{"href":"https:\/\/www.cgmouthpiece.it\/es\/wp-json\/wp\/v2\/types\/page"}],"author":[{"embeddable":true,"href":"https:\/\/www.cgmouthpiece.it\/es\/wp-json\/wp\/v2\/users\/1"}],"replies":[{"embeddable":true,"href":"https:\/\/www.cgmouthpiece.it\/es\/wp-json\/wp\/v2\/comments?post=19627"}],"version-history":[{"count":11,"href":"https:\/\/www.cgmouthpiece.it\/es\/wp-json\/wp\/v2\/pages\/19627\/revisions"}],"predecessor-version":[{"id":20529,"href":"https:\/\/www.cgmouthpiece.it\/es\/wp-json\/wp\/v2\/pages\/19627\/revisions\/20529"}],"wp:attachment":[{"href":"https:\/\/www.cgmouthpiece.it\/es\/wp-json\/wp\/v2\/media?parent=19627"}],"curies":[{"name":"wp","href":"https:\/\/api.w.org\/{rel}","templated":true}]}}