{"id":19633,"date":"2016-03-22T10:29:04","date_gmt":"2016-03-22T09:29:04","guid":{"rendered":"https:\/\/www.cgmouthpiece.it\/?page_id=19633"},"modified":"2017-03-06T15:26:25","modified_gmt":"2017-03-06T14:26:25","slug":"legal","status":"publish","type":"page","link":"https:\/\/www.cgmouthpiece.it\/es\/legal\/","title":{"rendered":"Informaci\u00f3n legal"},"content":{"rendered":"<p>[vc_row][vc_column][vc_column_text]Las condiciones de venta se celebran entre:<\/p>\n<p>De una parte la empresa <strong>CG Mouthpiece Italy by T.C.M. di Tiziano Camporelli (<\/strong>en lo sucesivo denominada \u201c<strong>CG Mouthpiece Italy\u201d \/ \u201ccgmouthpiece.it\u201d), <\/strong>\u00a0Via delle Robinie 8-10a \u2013 28040 Mezzomerico (NO), Italy \u2013 C.F. CMP TZN 61A28 F205G P. iva 01490020037 \u2013Via delle Robinie 8-10a \u2013 28040 Mezzomerico (NO), Italia<\/p>\n<p>Y de otra parte, cualquier persona o entidad que desee realizar una compra en la p\u00e1gina web de cgmouthpiece.it \/ cgmouthpiece.com. En lo sucesivo denominada, \u00abel cliente\u00bb o \u00abel comprador\u00bb.<\/p>\n<p>Las presentes condiciones de venta definen la relaci\u00f3n contractual entre cgmouthpiece.it y el comprador, dichas condiciones se aplican a todas las compras realizadas a trav\u00e9s de la p\u00e1gina web de la tienda cgmouthpiece.it que realice el comprador, ya sea profesional o consumidor final.<\/p>\n<p>La adquisici\u00f3n de un bien o servicio a trav\u00e9s de esta p\u00e1gina web implica la aceptaci\u00f3n por el comprador de estos t\u00e9rminos y condiciones de venta.<\/p>\n<p>Estas condiciones de venta se aplican excluyendo cualesquiera otras condiciones, incluidas las aplicables en la tienda. Prevalecer\u00e1n sobre cualesquiera otras condiciones generales o especiales que no est\u00e9n aprobadas espec\u00edficamente por cgmouthpiece.it.<\/p>\n<p>cgmouthpiece.it se reserva el derecho de modificar estas condiciones de venta en cualquier momento. De darse ese caso, las condiciones ser\u00e1n las vigentes en la fecha del pedido por parte del comprador.<\/p>\n<p>Los productos y servicios que se ofrecen son los que figuran en el cat\u00e1logo publicado en la p\u00e1gina web de cgmouthpiece.it.<\/p>\n<p>Estos productos y servicios se ofrecen sujetos a disponibilidad de stock.<\/p>\n<p>Las fotograf\u00edas del cat\u00e1logo son lo m\u00e1s precisas posibles, pero no pueden garantizar una similitud exacta con el producto ofrecido, especialmente en lo concerniente a los colores.<\/p>\n<p>Los productos y precios ofrecidos son v\u00e1lidos mientras sean visibles en la p\u00e1gina web de CG Mouthpiece Italy, dentro de los l\u00edmites de las existencias disponibles<\/p>\n<p>Los pedidos se tramitar\u00e1n al recibir el pago y en base a la disponibilidad de los productos. En caso de falta de disponibilidad de un producto despu\u00e9s de haber sido realizado el pedido, se informar\u00e1 al comprador por correo electr\u00f3nico indicando la fecha de disponibilidad del producto. En caso de no disponibilidad permanente del producto, el pedido ser\u00e1 cancelado y se reembolsar\u00e1 su importe inmediatamente al comprador si ya hab\u00eda sido cargado en su cuenta bancaria.<\/p>\n<p>El comprador, que desee comprar un producto o servicio debe, obligatoriamente:<\/p>\n<p>\u2013 Rellenar el formulario de identificaci\u00f3n en el que se indicar\u00e1n todos los datos solicitados, as\u00ed como toda la informaci\u00f3n necesaria para el env\u00edo (incluyendo los c\u00f3digos de acceso a las puertas de los edificios).<\/p>\n<p>La contrase\u00f1a que permite acceder a su cuenta de cliente es estrictamente personal. En cada visita, al acceder a los datos personales en la sesi\u00f3n, o al hacer un pedido, el cliente habr\u00e1 sido previamente identificado por un nombre de usuario y contrase\u00f1a, si bien se indica que \u00e9sta no servir\u00e1 para hacer un pago.<\/p>\n<p>\u2013 Rellenar el formulario de pedido en l\u00ednea dando todas las referencias de los productos o servicios elegidos;<\/p>\n<p>\u2013 Validar el pedido despu\u00e9s de revisarlo;<\/p>\n<p>\u2013 Realizar el pago seg\u00fan las condiciones estipuladas;<\/p>\n<p>La confirmaci\u00f3n del pedido implica la aceptaci\u00f3n de las presentes condiciones de venta, el reconocimiento de tener una perfecta comprensi\u00f3n de las mismas y la renuncia a sus propias condiciones de compra o a otras condiciones.<\/p>\n<p>Todos los datos facilitados y la confirmaci\u00f3n del registro son prueba v\u00e1lida de la transacci\u00f3n. La confirmaci\u00f3n vale como firma y aceptaci\u00f3n de las operaciones realizadas.<\/p>\n<p>cgmouthpiece.it le enviar\u00e1 un correo electr\u00f3nico de confirmaci\u00f3n del registro del pedido.<\/p>\n<p>cgmouthpiece.it se reserva el derecho a cancelar el pedido en caso de la no recepci\u00f3n de los documentos justificativos o de recibir documentos que estime que no son adecuados.<\/p>\n<p>El cliente se compromete a indicar, en el pedido, toda la informaci\u00f3n necesaria para el env\u00edo, a fin de garantizar su entrega. El cliente debe indicar un n\u00famero de tel\u00e9fono al que el mensajero pueda llamar durante el d\u00eda.\u2028\u2028El cliente se compromete, por \u00e9l o por el destinatario del pedido, a recibir la entrega de la mercanc\u00eda en la direcci\u00f3n indicada en el pedido. A la entrega, el cliente o el destinatario de los productos, debe, si as\u00ed se le solicita, demostrar su identidad. El cliente se compromete, despu\u00e9s de comprobar el contenido del paquete en presencia del mensajero, a firmar el recibo de entrega presentado por el repartidor.<\/p>\n<p>El vendedor, en el proceso de venta en l\u00ednea no asume ninguna obligaci\u00f3n m\u00e1s; no se hace responsable de los da\u00f1os resultantes de la utilizaci\u00f3n de Internet, tales como la p\u00e9rdida de datos, intrusiones, virus, ruptura del servicio, u otros problemas no deseados.<\/p>\n<p>cgmouthpiece.it no se hace responsable por el incumplimiento de contrato debido a la ocurrencia de un evento de fuerza mayor, en particular en caso de huelga total o parcial de los servicios postales, de transporte y por cat\u00e1strofes causadas por inundaciones o incendios. En cuanto a los productos adquiridos para satisfacer las necesidades profesionales, cgmouthpiece.it no ser\u00e1 responsable de ning\u00fan da\u00f1o indirecto debido a estos hechos, p\u00e9rdidas de explotaci\u00f3n, p\u00e9rdida de beneficios, da\u00f1os o gastos que puedan surgir.<\/p>\n<p>La selecci\u00f3n y la compra de un producto o servicio quedan bajo la responsabilidad exclusiva del cliente. La imposibilidad total o parcial para utilizar los productos debido a la incompatibilidad de los materiales no dar\u00e1n lugar a ninguna compensaci\u00f3n, reembolso o pondr\u00e1n en duda la responsabilidad de cgmouthpiece.it, excepto en el caso de vicio oculto encontrado, no conformidad, defecto o para ejercer el derecho de cancelaci\u00f3n.<\/p>\n<p>www.cgmouthpiece.it utilizan cookies. cgmouthpiece.it declina cualquier responsabilidad por cualquier mal funcionamiento en relaci\u00f3n con el desmantelamiento de las cookies en su navegador.<\/p>\n<p>La ley aplicable es la ley italiana, con especial referencia a la Corte de Novara.<\/p>\n<p>Los usuarios que acceden al sitio www.cgmouthpiece.it de acuerdo en que las disputas relacionadas con el uso del sitio www.cgmouthpiece.it se regir\u00e1n por la legislaci\u00f3n aplicable del Estado italiano. Ellos declaran que s\u00f3lo se someten a la jurisdicci\u00f3n del Tribunal de Novara para cualquier disputa antes mencionados. CG Mouthpiece Italy by T.C.M. no garantiza ni asegura que el contenido del sitio est\u00e1 en cumplimiento con los requisitos reguladores de otros pa\u00edses.<\/p>\n<p>CG Mouthpiece Italy by T.C.M. se reserva el derecho a modificar \/ revisar los t\u00e9rminos y condiciones contenidos en el presente aviso legal, mediante la actualizaci\u00f3n de \u00e9l, cuando lo estime conveniente, sin obligaci\u00f3n de preaviso.<\/p>\n<p>El cliente est\u00e1 obligado por los t\u00e9rminos contenidos en el presente aviso legal, comprobando peri\u00f3dicamente si hay actualizaciones, cambios y correcciones.[\/vc_column_text][\/vc_column][\/vc_row]<\/p>","protected":false},"excerpt":{"rendered":"<p>&#8230;<\/p>\n","protected":false},"author":1,"featured_media":0,"parent":0,"menu_order":0,"comment_status":"closed","ping_status":"closed","template":"","meta":[],"acf":[],"yoast_head":"<!-- This site is optimized with the Yoast SEO plugin v18.3 - https:\/\/yoast.com\/wordpress\/plugins\/seo\/ -->\n<title>Area legale CG Mouthpiece<\/title>\n<meta name=\"description\" content=\"Il contenuto di questo sito (testi, immagini, dati) appartiene a CG Mouthpiece Italy by TCM ed \u00e8 protetto dalla legge internazionale e italiana sul copy...\" \/>\n<meta name=\"robots\" content=\"index, follow, max-snippet:-1, max-image-preview:large, max-video-preview:-1\" \/>\n<link rel=\"canonical\" href=\"https:\/\/www.cgmouthpiece.it\/legal\/\" \/>\n<meta property=\"og:locale\" content=\"es_ES\" \/>\n<meta property=\"og:type\" content=\"article\" \/>\n<meta property=\"og:title\" content=\"Area legale CG Mouthpiece\" \/>\n<meta property=\"og:description\" content=\"Il contenuto di questo sito (testi, immagini, dati) appartiene a CG Mouthpiece Italy by TCM ed \u00e8 protetto dalla legge internazionale e italiana sul copy...\" \/>\n<meta property=\"og:url\" content=\"https:\/\/www.cgmouthpiece.it\/legal\/\" \/>\n<meta property=\"og:site_name\" content=\"CG MouthPiece\" \/>\n<meta property=\"article:publisher\" content=\"https:\/\/www.facebook.com\/cgmouthpiece.it\/\" \/>\n<meta property=\"article:modified_time\" content=\"2017-03-06T14:26:25+00:00\" \/>\n<meta name=\"twitter:card\" content=\"summary\" \/>\n<meta name=\"twitter:label1\" content=\"Tiempo de lectura\" \/>\n\t<meta name=\"twitter:data1\" content=\"17 minutos\" \/>\n<script type=\"application\/ld+json\" class=\"yoast-schema-graph\">{\"@context\":\"https:\/\/schema.org\",\"@graph\":[{\"@type\":\"WebSite\",\"@id\":\"https:\/\/www.cgmouthpiece.it\/#website\",\"url\":\"https:\/\/www.cgmouthpiece.it\/\",\"name\":\"CG MouthPiece\",\"description\":\"Best handcrafted mouthpieces made in Italy!\",\"potentialAction\":[{\"@type\":\"SearchAction\",\"target\":{\"@type\":\"EntryPoint\",\"urlTemplate\":\"https:\/\/www.cgmouthpiece.it\/?s={search_term_string}\"},\"query-input\":\"required name=search_term_string\"}],\"inLanguage\":\"es\"},{\"@type\":\"WebPage\",\"@id\":\"https:\/\/www.cgmouthpiece.it\/legal\/#webpage\",\"url\":\"https:\/\/www.cgmouthpiece.it\/legal\/\",\"name\":\"Area legale CG Mouthpiece\",\"isPartOf\":{\"@id\":\"https:\/\/www.cgmouthpiece.it\/#website\"},\"datePublished\":\"2016-03-22T09:29:04+00:00\",\"dateModified\":\"2017-03-06T14:26:25+00:00\",\"description\":\"Il contenuto di questo sito (testi, immagini, dati) appartiene a CG Mouthpiece Italy by TCM ed \u00e8 protetto dalla legge internazionale e italiana sul copy...\",\"breadcrumb\":{\"@id\":\"https:\/\/www.cgmouthpiece.it\/legal\/#breadcrumb\"},\"inLanguage\":\"es\",\"potentialAction\":[{\"@type\":\"ReadAction\",\"target\":[\"https:\/\/www.cgmouthpiece.it\/legal\/\"]}]},{\"@type\":\"BreadcrumbList\",\"@id\":\"https:\/\/www.cgmouthpiece.it\/legal\/#breadcrumb\",\"itemListElement\":[{\"@type\":\"ListItem\",\"position\":1,\"name\":\"Home\",\"item\":\"https:\/\/www.cgmouthpiece.it\/\"},{\"@type\":\"ListItem\",\"position\":2,\"name\":\"Area Legale\"}]}]}<\/script>\n<!-- \/ Yoast SEO plugin. -->","yoast_head_json":{"title":"Area legale CG Mouthpiece","description":"Il contenuto di questo sito (testi, immagini, dati) appartiene a CG Mouthpiece Italy by TCM ed \u00e8 protetto dalla legge internazionale e italiana sul copy...","robots":{"index":"index","follow":"follow","max-snippet":"max-snippet:-1","max-image-preview":"max-image-preview:large","max-video-preview":"max-video-preview:-1"},"canonical":"https:\/\/www.cgmouthpiece.it\/legal\/","og_locale":"es_ES","og_type":"article","og_title":"Area legale CG Mouthpiece","og_description":"Il contenuto di questo sito (testi, immagini, dati) appartiene a CG Mouthpiece Italy by TCM ed \u00e8 protetto dalla legge internazionale e italiana sul copy...","og_url":"https:\/\/www.cgmouthpiece.it\/legal\/","og_site_name":"CG MouthPiece","article_publisher":"https:\/\/www.facebook.com\/cgmouthpiece.it\/","article_modified_time":"2017-03-06T14:26:25+00:00","twitter_card":"summary","twitter_misc":{"Tiempo de lectura":"17 minutos"},"schema":{"@context":"https:\/\/schema.org","@graph":[{"@type":"WebSite","@id":"https:\/\/www.cgmouthpiece.it\/#website","url":"https:\/\/www.cgmouthpiece.it\/","name":"CG MouthPiece","description":"Best handcrafted mouthpieces made in Italy!","potentialAction":[{"@type":"SearchAction","target":{"@type":"EntryPoint","urlTemplate":"https:\/\/www.cgmouthpiece.it\/?s={search_term_string}"},"query-input":"required name=search_term_string"}],"inLanguage":"es"},{"@type":"WebPage","@id":"https:\/\/www.cgmouthpiece.it\/legal\/#webpage","url":"https:\/\/www.cgmouthpiece.it\/legal\/","name":"Area legale CG Mouthpiece","isPartOf":{"@id":"https:\/\/www.cgmouthpiece.it\/#website"},"datePublished":"2016-03-22T09:29:04+00:00","dateModified":"2017-03-06T14:26:25+00:00","description":"Il contenuto di questo sito (testi, immagini, dati) appartiene a CG Mouthpiece Italy by TCM ed \u00e8 protetto dalla legge internazionale e italiana sul copy...","breadcrumb":{"@id":"https:\/\/www.cgmouthpiece.it\/legal\/#breadcrumb"},"inLanguage":"es","potentialAction":[{"@type":"ReadAction","target":["https:\/\/www.cgmouthpiece.it\/legal\/"]}]},{"@type":"BreadcrumbList","@id":"https:\/\/www.cgmouthpiece.it\/legal\/#breadcrumb","itemListElement":[{"@type":"ListItem","position":1,"name":"Home","item":"https:\/\/www.cgmouthpiece.it\/"},{"@type":"ListItem","position":2,"name":"Area Legale"}]}]}},"_links":{"self":[{"href":"https:\/\/www.cgmouthpiece.it\/es\/wp-json\/wp\/v2\/pages\/19633"}],"collection":[{"href":"https:\/\/www.cgmouthpiece.it\/es\/wp-json\/wp\/v2\/pages"}],"about":[{"href":"https:\/\/www.cgmouthpiece.it\/es\/wp-json\/wp\/v2\/types\/page"}],"author":[{"embeddable":true,"href":"https:\/\/www.cgmouthpiece.it\/es\/wp-json\/wp\/v2\/users\/1"}],"replies":[{"embeddable":true,"href":"https:\/\/www.cgmouthpiece.it\/es\/wp-json\/wp\/v2\/comments?post=19633"}],"version-history":[{"count":7,"href":"https:\/\/www.cgmouthpiece.it\/es\/wp-json\/wp\/v2\/pages\/19633\/revisions"}],"predecessor-version":[{"id":20097,"href":"https:\/\/www.cgmouthpiece.it\/es\/wp-json\/wp\/v2\/pages\/19633\/revisions\/20097"}],"wp:attachment":[{"href":"https:\/\/www.cgmouthpiece.it\/es\/wp-json\/wp\/v2\/media?parent=19633"}],"curies":[{"name":"wp","href":"https:\/\/api.w.org\/{rel}","templated":true}]}}