{"id":20042,"date":"2016-05-03T12:07:19","date_gmt":"2016-05-03T10:07:19","guid":{"rendered":"https:\/\/www.cgmouthpiece.it\/?page_id=20042"},"modified":"2017-03-02T12:46:36","modified_gmt":"2017-03-02T11:46:36","slug":"carrello","status":"publish","type":"page","link":"https:\/\/www.cgmouthpiece.it\/es\/carrello\/","title":{"rendered":"Cesta"},"content":{"rendered":"<p>[vc_row][vc_column]<div id=\"ultimate-heading-552069ec97777bb6e\" class=\"uvc-heading ult-adjust-bottom-margin ultimate-heading-552069ec97777bb6e uvc-2993 \" data-hspacer=\"no_spacer\"  data-halign=\"center\" style=\"text-align:center\"><div class=\"uvc-heading-spacer no_spacer\" style=\"top\"><\/div><div class=\"uvc-main-heading ult-responsive\"  data-ultimate-target='.uvc-heading.ultimate-heading-552069ec97777bb6e h1'  data-responsive-json-new='{\"font-size\":\"\",\"line-height\":\"\"}' ><h1 style=\"font-weight:normal;margin-bottom:30px;\">Su Cesta<\/h1><\/div><\/div>[\/vc_column][\/vc_row][vc_row][vc_column][\/vc_column][\/vc_row]<\/p>","protected":false},"excerpt":{"rendered":"<p>&#8230;<\/p>\n","protected":false},"author":1,"featured_media":0,"parent":0,"menu_order":0,"comment_status":"closed","ping_status":"closed","template":"","meta":[],"acf":[],"yoast_head":"<!-- This site is optimized with the Yoast SEO plugin v18.3 - https:\/\/yoast.com\/wordpress\/plugins\/seo\/ -->\n<title>Votre panier de CG Mouthpiece, choisissez nos produits faits \u00e0 la main<\/title>\n<meta name=\"description\" content=\"Votre panier avec les produits s\u00e9lectionn\u00e9s. Confi\u00e9e \u00e0 nos embouchures artisanales pour saxophones et clarinette et gratuitement votre art.\" \/>\n<meta name=\"robots\" content=\"index, follow, max-snippet:-1, max-image-preview:large, max-video-preview:-1\" \/>\n<link rel=\"canonical\" href=\"https:\/\/www.cgmouthpiece.it\/fr\/carrello\/\" \/>\n<meta property=\"og:locale\" content=\"es_ES\" \/>\n<meta property=\"og:type\" content=\"article\" \/>\n<meta property=\"og:title\" content=\"Votre panier de CG Mouthpiece, choisissez nos produits faits \u00e0 la main\" \/>\n<meta property=\"og:description\" content=\"Votre panier avec les produits s\u00e9lectionn\u00e9s. Confi\u00e9e \u00e0 nos embouchures artisanales pour saxophones et clarinette et gratuitement votre art.\" \/>\n<meta property=\"og:url\" content=\"https:\/\/www.cgmouthpiece.it\/fr\/carrello\/\" \/>\n<meta property=\"og:site_name\" content=\"CG MouthPiece\" \/>\n<meta property=\"article:publisher\" content=\"https:\/\/www.facebook.com\/cgmouthpiece.it\/\" \/>\n<meta property=\"article:modified_time\" content=\"2017-03-02T11:46:36+00:00\" \/>\n<meta name=\"twitter:card\" content=\"summary\" \/>\n<meta name=\"twitter:label1\" content=\"Tiempo de lectura\" \/>\n\t<meta name=\"twitter:data1\" content=\"1 minuto\" \/>\n<script type=\"application\/ld+json\" class=\"yoast-schema-graph\">{\"@context\":\"https:\/\/schema.org\",\"@graph\":[{\"@type\":\"WebSite\",\"@id\":\"https:\/\/www.cgmouthpiece.it\/#website\",\"url\":\"https:\/\/www.cgmouthpiece.it\/\",\"name\":\"CG MouthPiece\",\"description\":\"Best handcrafted mouthpieces made in Italy!\",\"potentialAction\":[{\"@type\":\"SearchAction\",\"target\":{\"@type\":\"EntryPoint\",\"urlTemplate\":\"https:\/\/www.cgmouthpiece.it\/?s={search_term_string}\"},\"query-input\":\"required name=search_term_string\"}],\"inLanguage\":\"es\"},{\"@type\":\"WebPage\",\"@id\":\"https:\/\/www.cgmouthpiece.it\/fr\/carrello\/#webpage\",\"url\":\"https:\/\/www.cgmouthpiece.it\/fr\/carrello\/\",\"name\":\"Votre panier de CG Mouthpiece, choisissez nos produits faits \u00e0 la main\",\"isPartOf\":{\"@id\":\"https:\/\/www.cgmouthpiece.it\/#website\"},\"datePublished\":\"2016-05-03T10:07:19+00:00\",\"dateModified\":\"2017-03-02T11:46:36+00:00\",\"description\":\"Votre panier avec les produits s\u00e9lectionn\u00e9s. Confi\u00e9e \u00e0 nos embouchures artisanales pour saxophones et clarinette et gratuitement votre art.\",\"breadcrumb\":{\"@id\":\"https:\/\/www.cgmouthpiece.it\/fr\/carrello\/#breadcrumb\"},\"inLanguage\":\"es\",\"potentialAction\":[{\"@type\":\"ReadAction\",\"target\":[\"https:\/\/www.cgmouthpiece.it\/fr\/carrello\/\"]}]},{\"@type\":\"BreadcrumbList\",\"@id\":\"https:\/\/www.cgmouthpiece.it\/fr\/carrello\/#breadcrumb\",\"itemListElement\":[{\"@type\":\"ListItem\",\"position\":1,\"name\":\"Home\",\"item\":\"https:\/\/www.cgmouthpiece.it\/\"},{\"@type\":\"ListItem\",\"position\":2,\"name\":\"Panier\"}]}]}<\/script>\n<!-- \/ Yoast SEO plugin. -->","yoast_head_json":{"title":"Votre panier de CG Mouthpiece, choisissez nos produits faits \u00e0 la main","description":"Votre panier avec les produits s\u00e9lectionn\u00e9s. Confi\u00e9e \u00e0 nos embouchures artisanales pour saxophones et clarinette et gratuitement votre art.","robots":{"index":"index","follow":"follow","max-snippet":"max-snippet:-1","max-image-preview":"max-image-preview:large","max-video-preview":"max-video-preview:-1"},"canonical":"https:\/\/www.cgmouthpiece.it\/fr\/carrello\/","og_locale":"es_ES","og_type":"article","og_title":"Votre panier de CG Mouthpiece, choisissez nos produits faits \u00e0 la main","og_description":"Votre panier avec les produits s\u00e9lectionn\u00e9s. Confi\u00e9e \u00e0 nos embouchures artisanales pour saxophones et clarinette et gratuitement votre art.","og_url":"https:\/\/www.cgmouthpiece.it\/fr\/carrello\/","og_site_name":"CG MouthPiece","article_publisher":"https:\/\/www.facebook.com\/cgmouthpiece.it\/","article_modified_time":"2017-03-02T11:46:36+00:00","twitter_card":"summary","twitter_misc":{"Tiempo de lectura":"1 minuto"},"schema":{"@context":"https:\/\/schema.org","@graph":[{"@type":"WebSite","@id":"https:\/\/www.cgmouthpiece.it\/#website","url":"https:\/\/www.cgmouthpiece.it\/","name":"CG MouthPiece","description":"Best handcrafted mouthpieces made in Italy!","potentialAction":[{"@type":"SearchAction","target":{"@type":"EntryPoint","urlTemplate":"https:\/\/www.cgmouthpiece.it\/?s={search_term_string}"},"query-input":"required name=search_term_string"}],"inLanguage":"es"},{"@type":"WebPage","@id":"https:\/\/www.cgmouthpiece.it\/fr\/carrello\/#webpage","url":"https:\/\/www.cgmouthpiece.it\/fr\/carrello\/","name":"Votre panier de CG Mouthpiece, choisissez nos produits faits \u00e0 la main","isPartOf":{"@id":"https:\/\/www.cgmouthpiece.it\/#website"},"datePublished":"2016-05-03T10:07:19+00:00","dateModified":"2017-03-02T11:46:36+00:00","description":"Votre panier avec les produits s\u00e9lectionn\u00e9s. Confi\u00e9e \u00e0 nos embouchures artisanales pour saxophones et clarinette et gratuitement votre art.","breadcrumb":{"@id":"https:\/\/www.cgmouthpiece.it\/fr\/carrello\/#breadcrumb"},"inLanguage":"es","potentialAction":[{"@type":"ReadAction","target":["https:\/\/www.cgmouthpiece.it\/fr\/carrello\/"]}]},{"@type":"BreadcrumbList","@id":"https:\/\/www.cgmouthpiece.it\/fr\/carrello\/#breadcrumb","itemListElement":[{"@type":"ListItem","position":1,"name":"Home","item":"https:\/\/www.cgmouthpiece.it\/"},{"@type":"ListItem","position":2,"name":"Panier"}]}]}},"_links":{"self":[{"href":"https:\/\/www.cgmouthpiece.it\/es\/wp-json\/wp\/v2\/pages\/20042"}],"collection":[{"href":"https:\/\/www.cgmouthpiece.it\/es\/wp-json\/wp\/v2\/pages"}],"about":[{"href":"https:\/\/www.cgmouthpiece.it\/es\/wp-json\/wp\/v2\/types\/page"}],"author":[{"embeddable":true,"href":"https:\/\/www.cgmouthpiece.it\/es\/wp-json\/wp\/v2\/users\/1"}],"replies":[{"embeddable":true,"href":"https:\/\/www.cgmouthpiece.it\/es\/wp-json\/wp\/v2\/comments?post=20042"}],"version-history":[{"count":8,"href":"https:\/\/www.cgmouthpiece.it\/es\/wp-json\/wp\/v2\/pages\/20042\/revisions"}],"predecessor-version":[{"id":20891,"href":"https:\/\/www.cgmouthpiece.it\/es\/wp-json\/wp\/v2\/pages\/20042\/revisions\/20891"}],"wp:attachment":[{"href":"https:\/\/www.cgmouthpiece.it\/es\/wp-json\/wp\/v2\/media?parent=20042"}],"curies":[{"name":"wp","href":"https:\/\/api.w.org\/{rel}","templated":true}]}}