{"id":19752,"date":"2016-04-04T10:23:00","date_gmt":"2016-04-04T08:23:00","guid":{"rendered":"https:\/\/www.cgmouthpiece.it\/?post_type=product&#038;p=19752"},"modified":"2021-02-18T09:32:55","modified_gmt":"2021-02-18T08:32:55","slug":"siracusa-camera-media","status":"publish","type":"product","link":"https:\/\/www.cgmouthpiece.it\/es\/prodotto\/siracusa-camera-media\/","title":{"rendered":"Siracusa medium chamber"},"content":{"rendered":"","protected":false},"excerpt":{"rendered":"<p>El modelo Siracusa para saxo alto se ha dise\u00f1ado teniendo en cuenta la sonoridad c\u00e1lida y plena t\u00edpica de las boquillas vintage. Recuerda el brillo de los viejos Meyer Bros NY, pero con la a\u00f1adidura de la proyecci\u00f3n t\u00edpica de las boquillas modernas. Posee un roll-over baffle no excesivamente alto, estudiado para brindar una proyecci\u00f3n excelente sin exceder en brillo, manteniendo de esta forma la c\u00e1lida sonoridad t\u00edpica de las boquillas construidas con la mejor ebonita. El modelo Siracusa para saxo alto est\u00e1 disponible en dos variantes: small chamber y medium chamber. Comparten el mismo baffle, pero el primero tiene las paredes de la ventana llanas que confluyen en una c\u00e1mara peque\u00f1a, mientras que el segundo tiene paredes de la ventana ligeramente c\u00f3ncavas, que confluyen en una c\u00e1mara mediana. A pesar de que las caracter\u00edsticas principales del timbre sean muy parecidas, el modelo small chamber se caracteriza por una menor resistencia \u2013 y por lo tanto por la sencillez de la emisi\u00f3n &#8211; y un color del sonido ligeramente m\u00e1s claro y proyectivo con respecto al modelo medium chamber, que a su vez se caracteriza por una profundidad del timbre t\u00edpica de las boquillas m\u00e1s oscuras y con menor proyecci\u00f3n. La alta calidad de la ebonita utilizada de cualquier forma garantiza a todas las dos variantes de Siracusa un sonido rico y arm\u00f3nicamente complejo, apto en conjunto como en los contextos sol\u00edsticos. Ambas variantes, S y M, si son utilizadas oportunamente por el instrumentista tienen una potencia sonora inigualable para una boquilla de ebonita. El modelo Siracusa para saxo alto, por lo tanto se ha dise\u00f1ado para el m\u00fasico que ama un timbre luminoso, que se destaca entre los otros por su facilidad de emisi\u00f3n y de control.<\/p>\n<p>Disponible bajo pedido en diferentes aperturas no listadas aqu\u00ed<\/p>\n<p class=\"p1\"><span class=\"s1\">Incluida abrazadera y <\/span><span class=\"s2\">boquillero<\/span><span class=\"s1\"><b> <\/b>Rovner.<\/span><\/p>\n<p class=\"p1\"><a href=\"https:\/\/www.youtube.com\/watch?v=axdlnzTfXYc\">https:\/\/www.youtube.com\/watch?v=axdlnzTfXYc<\/a><\/p>\n","protected":false},"featured_media":21326,"comment_status":"closed","ping_status":"closed","template":"","meta":[],"product_cat":[15,24,33],"product_tag":[],"acf":[],"yoast_head":"<!-- This site is optimized with the Yoast SEO plugin v18.3 - https:\/\/yoast.com\/wordpress\/plugins\/seo\/ -->\n<title>Siracusa camera media CG Mouthpiece<\/title>\n<meta name=\"description\" content=\"Possiede un roll-over baffle non eccessivamente alto studiato per dare un\u2019eccellente proiezione senza eccedere in brillantezza, mantenendo...\" \/>\n<meta name=\"robots\" content=\"index, follow, max-snippet:-1, max-image-preview:large, max-video-preview:-1\" \/>\n<link rel=\"canonical\" href=\"https:\/\/www.cgmouthpiece.it\/en\/prodotto\/siracusa-camera-media\/\" \/>\n<meta property=\"og:locale\" content=\"es_ES\" \/>\n<meta property=\"og:type\" content=\"article\" \/>\n<meta property=\"og:title\" content=\"Siracusa camera media CG Mouthpiece\" \/>\n<meta property=\"og:description\" content=\"Possiede un roll-over baffle non eccessivamente alto studiato per dare un\u2019eccellente proiezione senza eccedere in brillantezza, mantenendo...\" \/>\n<meta property=\"og:url\" content=\"https:\/\/www.cgmouthpiece.it\/en\/prodotto\/siracusa-camera-media\/\" \/>\n<meta property=\"og:site_name\" content=\"CG MouthPiece\" \/>\n<meta property=\"article:publisher\" content=\"https:\/\/www.facebook.com\/cgmouthpiece.it\/\" \/>\n<meta property=\"article:modified_time\" content=\"2021-02-18T08:32:55+00:00\" \/>\n<meta property=\"og:image\" content=\"https:\/\/www.cgmouthpiece.it\/wp-content\/uploads\/2016\/04\/SAS-front-ext.jpg\" \/>\n\t<meta property=\"og:image:width\" content=\"700\" \/>\n\t<meta property=\"og:image:height\" content=\"874\" \/>\n\t<meta property=\"og:image:type\" content=\"image\/jpeg\" \/>\n<meta name=\"twitter:card\" content=\"summary\" \/>\n<script type=\"application\/ld+json\" class=\"yoast-schema-graph\">{\"@context\":\"https:\/\/schema.org\",\"@graph\":[{\"@type\":\"WebSite\",\"@id\":\"https:\/\/www.cgmouthpiece.it\/#website\",\"url\":\"https:\/\/www.cgmouthpiece.it\/\",\"name\":\"CG MouthPiece\",\"description\":\"Best handcrafted mouthpieces made in Italy!\",\"potentialAction\":[{\"@type\":\"SearchAction\",\"target\":{\"@type\":\"EntryPoint\",\"urlTemplate\":\"https:\/\/www.cgmouthpiece.it\/?s={search_term_string}\"},\"query-input\":\"required name=search_term_string\"}],\"inLanguage\":\"es\"},{\"@type\":\"ImageObject\",\"@id\":\"https:\/\/www.cgmouthpiece.it\/en\/prodotto\/siracusa-camera-media\/#primaryimage\",\"inLanguage\":\"es\",\"url\":\"https:\/\/www.cgmouthpiece.it\/wp-content\/uploads\/2016\/04\/SAS-front-ext.jpg\",\"contentUrl\":\"https:\/\/www.cgmouthpiece.it\/wp-content\/uploads\/2016\/04\/SAS-front-ext.jpg\",\"width\":700,\"height\":874},{\"@type\":\"WebPage\",\"@id\":\"https:\/\/www.cgmouthpiece.it\/en\/prodotto\/siracusa-camera-media\/#webpage\",\"url\":\"https:\/\/www.cgmouthpiece.it\/en\/prodotto\/siracusa-camera-media\/\",\"name\":\"Siracusa camera media CG Mouthpiece\",\"isPartOf\":{\"@id\":\"https:\/\/www.cgmouthpiece.it\/#website\"},\"primaryImageOfPage\":{\"@id\":\"https:\/\/www.cgmouthpiece.it\/en\/prodotto\/siracusa-camera-media\/#primaryimage\"},\"datePublished\":\"2016-04-04T08:23:00+00:00\",\"dateModified\":\"2021-02-18T08:32:55+00:00\",\"description\":\"Possiede un roll-over baffle non eccessivamente alto studiato per dare un\u2019eccellente proiezione senza eccedere in brillantezza, mantenendo...\",\"breadcrumb\":{\"@id\":\"https:\/\/www.cgmouthpiece.it\/en\/prodotto\/siracusa-camera-media\/#breadcrumb\"},\"inLanguage\":\"es\",\"potentialAction\":[{\"@type\":\"ReadAction\",\"target\":[\"https:\/\/www.cgmouthpiece.it\/en\/prodotto\/siracusa-camera-media\/\"]}]},{\"@type\":\"BreadcrumbList\",\"@id\":\"https:\/\/www.cgmouthpiece.it\/en\/prodotto\/siracusa-camera-media\/#breadcrumb\",\"itemListElement\":[{\"@type\":\"ListItem\",\"position\":1,\"name\":\"Home\",\"item\":\"https:\/\/www.cgmouthpiece.it\/\"},{\"@type\":\"ListItem\",\"position\":2,\"name\":\"Store\",\"item\":\"https:\/\/www.cgmouthpiece.it\/store\/\"},{\"@type\":\"ListItem\",\"position\":3,\"name\":\"Siracusa medium chamber\"}]}]}<\/script>\n<!-- \/ Yoast SEO plugin. -->","yoast_head_json":{"title":"Siracusa camera media CG Mouthpiece","description":"Possiede un roll-over baffle non eccessivamente alto studiato per dare un\u2019eccellente proiezione senza eccedere in brillantezza, mantenendo...","robots":{"index":"index","follow":"follow","max-snippet":"max-snippet:-1","max-image-preview":"max-image-preview:large","max-video-preview":"max-video-preview:-1"},"canonical":"https:\/\/www.cgmouthpiece.it\/en\/prodotto\/siracusa-camera-media\/","og_locale":"es_ES","og_type":"article","og_title":"Siracusa camera media CG Mouthpiece","og_description":"Possiede un roll-over baffle non eccessivamente alto studiato per dare un\u2019eccellente proiezione senza eccedere in brillantezza, mantenendo...","og_url":"https:\/\/www.cgmouthpiece.it\/en\/prodotto\/siracusa-camera-media\/","og_site_name":"CG MouthPiece","article_publisher":"https:\/\/www.facebook.com\/cgmouthpiece.it\/","article_modified_time":"2021-02-18T08:32:55+00:00","og_image":[{"width":700,"height":874,"url":"https:\/\/www.cgmouthpiece.it\/wp-content\/uploads\/2016\/04\/SAS-front-ext.jpg","type":"image\/jpeg"}],"twitter_card":"summary","schema":{"@context":"https:\/\/schema.org","@graph":[{"@type":"WebSite","@id":"https:\/\/www.cgmouthpiece.it\/#website","url":"https:\/\/www.cgmouthpiece.it\/","name":"CG MouthPiece","description":"Best handcrafted mouthpieces made in Italy!","potentialAction":[{"@type":"SearchAction","target":{"@type":"EntryPoint","urlTemplate":"https:\/\/www.cgmouthpiece.it\/?s={search_term_string}"},"query-input":"required name=search_term_string"}],"inLanguage":"es"},{"@type":"ImageObject","@id":"https:\/\/www.cgmouthpiece.it\/en\/prodotto\/siracusa-camera-media\/#primaryimage","inLanguage":"es","url":"https:\/\/www.cgmouthpiece.it\/wp-content\/uploads\/2016\/04\/SAS-front-ext.jpg","contentUrl":"https:\/\/www.cgmouthpiece.it\/wp-content\/uploads\/2016\/04\/SAS-front-ext.jpg","width":700,"height":874},{"@type":"WebPage","@id":"https:\/\/www.cgmouthpiece.it\/en\/prodotto\/siracusa-camera-media\/#webpage","url":"https:\/\/www.cgmouthpiece.it\/en\/prodotto\/siracusa-camera-media\/","name":"Siracusa camera media CG Mouthpiece","isPartOf":{"@id":"https:\/\/www.cgmouthpiece.it\/#website"},"primaryImageOfPage":{"@id":"https:\/\/www.cgmouthpiece.it\/en\/prodotto\/siracusa-camera-media\/#primaryimage"},"datePublished":"2016-04-04T08:23:00+00:00","dateModified":"2021-02-18T08:32:55+00:00","description":"Possiede un roll-over baffle non eccessivamente alto studiato per dare un\u2019eccellente proiezione senza eccedere in brillantezza, mantenendo...","breadcrumb":{"@id":"https:\/\/www.cgmouthpiece.it\/en\/prodotto\/siracusa-camera-media\/#breadcrumb"},"inLanguage":"es","potentialAction":[{"@type":"ReadAction","target":["https:\/\/www.cgmouthpiece.it\/en\/prodotto\/siracusa-camera-media\/"]}]},{"@type":"BreadcrumbList","@id":"https:\/\/www.cgmouthpiece.it\/en\/prodotto\/siracusa-camera-media\/#breadcrumb","itemListElement":[{"@type":"ListItem","position":1,"name":"Home","item":"https:\/\/www.cgmouthpiece.it\/"},{"@type":"ListItem","position":2,"name":"Store","item":"https:\/\/www.cgmouthpiece.it\/store\/"},{"@type":"ListItem","position":3,"name":"Siracusa medium chamber"}]}]}},"_links":{"self":[{"href":"https:\/\/www.cgmouthpiece.it\/es\/wp-json\/wp\/v2\/product\/19752"}],"collection":[{"href":"https:\/\/www.cgmouthpiece.it\/es\/wp-json\/wp\/v2\/product"}],"about":[{"href":"https:\/\/www.cgmouthpiece.it\/es\/wp-json\/wp\/v2\/types\/product"}],"replies":[{"embeddable":true,"href":"https:\/\/www.cgmouthpiece.it\/es\/wp-json\/wp\/v2\/comments?post=19752"}],"wp:featuredmedia":[{"embeddable":true,"href":"https:\/\/www.cgmouthpiece.it\/es\/wp-json\/wp\/v2\/media\/21326"}],"wp:attachment":[{"href":"https:\/\/www.cgmouthpiece.it\/es\/wp-json\/wp\/v2\/media?parent=19752"}],"wp:term":[{"taxonomy":"product_cat","embeddable":true,"href":"https:\/\/www.cgmouthpiece.it\/es\/wp-json\/wp\/v2\/product_cat?post=19752"},{"taxonomy":"product_tag","embeddable":true,"href":"https:\/\/www.cgmouthpiece.it\/es\/wp-json\/wp\/v2\/product_tag?post=19752"}],"curies":[{"name":"wp","href":"https:\/\/api.w.org\/{rel}","templated":true}]}}