{"id":19756,"date":"2016-04-04T10:31:59","date_gmt":"2016-04-04T08:31:59","guid":{"rendered":"https:\/\/www.cgmouthpiece.it\/?post_type=product&#038;p=19756"},"modified":"2021-03-04T13:36:24","modified_gmt":"2021-03-04T12:36:24","slug":"siracusa-ebanite","status":"publish","type":"product","link":"https:\/\/www.cgmouthpiece.it\/es\/prodotto\/siracusa-ebanite\/","title":{"rendered":"Siracusa tenor ebonita &#8211; serie II"},"content":{"rendered":"","protected":false},"excerpt":{"rendered":"<p>El modelo Siracusa se ha dise\u00f1ado para los m\u00fasicos que buscan un sonido tradicional, c\u00e1lido y pleno, junto a la homogeneidad del timbre y a una proyecci\u00f3n \u00f3ptima. El roll-over baffle corto, confluyendo en una c\u00e1mara mediana-grande, brinda al modelo Siracusa un timbre pleno, no excesivamente oscuro. Las paredes de la ventana son c\u00f3ncavas, para garantizar una profundidad del timbre evidente en todos los registros. El anillo espeso de refuerzo del cuello es de bronce, y es el mismo que se utiliza en nuestras boquillas met\u00e1licas, revestido con oro de 24 quilates. El modelo Siracusa est\u00e1 disponible tanto en ebanito como en hard rubber. Este \u00faltimo, en su composici\u00f3n, ve un porcentaje mayor de goma natural, que brinda a la boquilla caracter\u00edsticas arm\u00f3nicas distintas de la ebonita, seguramente m\u00e1s complejas. El modelo Siracusa se aconseja a los que prefieren un sonido oscuro, pero que conserve una cierta luminosidad, y asimismo un buen punto intermedio entre resistencia y proyecci\u00f3n del sonido.<\/p>\n<p class=\"p1\"><span class=\"s1\">Incluida abrazadera y <\/span><span class=\"s2\">boquillero<\/span><span class=\"s1\"><b> <\/b>Rovner.<\/span><\/p>\n<hr \/>\n<h5>media (performed by Claudio Allifranchini)<\/h5>\n[audio mp3=\"https:\/\/www.cgmouthpiece.it\/wp-content\/uploads\/2016\/04\/star-cross-CUT-wolly-Syracuse-HR.mp3\"][\/audio]\n<p><a href=\"https:\/\/www.youtube.com\/watch?v=adHEbKGjyQI\" target=\"_blank\" rel=\"noopener\">https:\/\/www.youtube.com\/watch?v=adHEbKGjyQI<\/a> (video descrittivo con sottotitoli ENG)<br \/>\n<a href=\"https:\/\/www.youtube.com\/watch?v=yX-mFoVpjVE\">https:\/\/www.youtube.com\/watch?v=yX-mFoVpjVE<\/a><\/p>\n","protected":false},"featured_media":21350,"comment_status":"closed","ping_status":"closed","template":"","meta":[],"product_cat":[15,25,34],"product_tag":[],"acf":[],"yoast_head":"<!-- This site is optimized with the Yoast SEO plugin v18.3 - https:\/\/yoast.com\/wordpress\/plugins\/seo\/ -->\n<title>Siracusa tenore ebanite - CG MouthPiece<\/title>\n<meta name=\"description\" content=\"Il modello Siracusa \u00e8 progettato per musicisti che ricercano un suono tradizionale, caldo e pieno unitamente ad un\u2019omogeneit\u00e0 timbrica e ad un\u2019ottima...\" \/>\n<meta name=\"robots\" content=\"index, follow, max-snippet:-1, max-image-preview:large, max-video-preview:-1\" \/>\n<link rel=\"canonical\" href=\"https:\/\/www.cgmouthpiece.it\/prodotto\/siracusa-ebanite\/\" \/>\n<meta property=\"og:locale\" content=\"es_ES\" \/>\n<meta property=\"og:type\" content=\"article\" \/>\n<meta property=\"og:title\" content=\"Siracusa tenore ebanite - CG MouthPiece\" \/>\n<meta property=\"og:description\" content=\"Il modello Siracusa \u00e8 progettato per musicisti che ricercano un suono tradizionale, caldo e pieno unitamente ad un\u2019omogeneit\u00e0 timbrica e ad un\u2019ottima...\" \/>\n<meta property=\"og:url\" content=\"https:\/\/www.cgmouthpiece.it\/prodotto\/siracusa-ebanite\/\" \/>\n<meta property=\"og:site_name\" content=\"CG MouthPiece\" \/>\n<meta property=\"article:publisher\" content=\"https:\/\/www.facebook.com\/cgmouthpiece.it\/\" \/>\n<meta property=\"article:modified_time\" content=\"2021-03-04T12:36:24+00:00\" \/>\n<meta property=\"og:image\" content=\"https:\/\/www.cgmouthpiece.it\/wp-content\/uploads\/2016\/04\/SIR-ten-sideEXT_MS-sx-.jpg\" \/>\n\t<meta property=\"og:image:width\" content=\"700\" \/>\n\t<meta property=\"og:image:height\" content=\"874\" \/>\n\t<meta property=\"og:image:type\" content=\"image\/jpeg\" \/>\n<meta name=\"twitter:card\" content=\"summary\" \/>\n<script type=\"application\/ld+json\" class=\"yoast-schema-graph\">{\"@context\":\"https:\/\/schema.org\",\"@graph\":[{\"@type\":\"WebSite\",\"@id\":\"https:\/\/www.cgmouthpiece.it\/#website\",\"url\":\"https:\/\/www.cgmouthpiece.it\/\",\"name\":\"CG MouthPiece\",\"description\":\"Best handcrafted mouthpieces made in Italy!\",\"potentialAction\":[{\"@type\":\"SearchAction\",\"target\":{\"@type\":\"EntryPoint\",\"urlTemplate\":\"https:\/\/www.cgmouthpiece.it\/?s={search_term_string}\"},\"query-input\":\"required name=search_term_string\"}],\"inLanguage\":\"es\"},{\"@type\":\"ImageObject\",\"@id\":\"https:\/\/www.cgmouthpiece.it\/prodotto\/siracusa-ebanite\/#primaryimage\",\"inLanguage\":\"es\",\"url\":\"https:\/\/www.cgmouthpiece.it\/wp-content\/uploads\/2016\/04\/SIR-ten-sideEXT_MS-sx-.jpg\",\"contentUrl\":\"https:\/\/www.cgmouthpiece.it\/wp-content\/uploads\/2016\/04\/SIR-ten-sideEXT_MS-sx-.jpg\",\"width\":700,\"height\":874},{\"@type\":\"WebPage\",\"@id\":\"https:\/\/www.cgmouthpiece.it\/prodotto\/siracusa-ebanite\/#webpage\",\"url\":\"https:\/\/www.cgmouthpiece.it\/prodotto\/siracusa-ebanite\/\",\"name\":\"Siracusa tenore ebanite - CG MouthPiece\",\"isPartOf\":{\"@id\":\"https:\/\/www.cgmouthpiece.it\/#website\"},\"primaryImageOfPage\":{\"@id\":\"https:\/\/www.cgmouthpiece.it\/prodotto\/siracusa-ebanite\/#primaryimage\"},\"datePublished\":\"2016-04-04T08:31:59+00:00\",\"dateModified\":\"2021-03-04T12:36:24+00:00\",\"description\":\"Il modello Siracusa \u00e8 progettato per musicisti che ricercano un suono tradizionale, caldo e pieno unitamente ad un\u2019omogeneit\u00e0 timbrica e ad un\u2019ottima...\",\"breadcrumb\":{\"@id\":\"https:\/\/www.cgmouthpiece.it\/prodotto\/siracusa-ebanite\/#breadcrumb\"},\"inLanguage\":\"es\",\"potentialAction\":[{\"@type\":\"ReadAction\",\"target\":[\"https:\/\/www.cgmouthpiece.it\/prodotto\/siracusa-ebanite\/\"]}]},{\"@type\":\"BreadcrumbList\",\"@id\":\"https:\/\/www.cgmouthpiece.it\/prodotto\/siracusa-ebanite\/#breadcrumb\",\"itemListElement\":[{\"@type\":\"ListItem\",\"position\":1,\"name\":\"Home\",\"item\":\"https:\/\/www.cgmouthpiece.it\/\"},{\"@type\":\"ListItem\",\"position\":2,\"name\":\"Store\",\"item\":\"https:\/\/www.cgmouthpiece.it\/store\/\"},{\"@type\":\"ListItem\",\"position\":3,\"name\":\"Siracusa tenore ebanite &#8211; serie II\"}]}]}<\/script>\n<!-- \/ Yoast SEO plugin. -->","yoast_head_json":{"title":"Siracusa tenore ebanite - CG MouthPiece","description":"Il modello Siracusa \u00e8 progettato per musicisti che ricercano un suono tradizionale, caldo e pieno unitamente ad un\u2019omogeneit\u00e0 timbrica e ad un\u2019ottima...","robots":{"index":"index","follow":"follow","max-snippet":"max-snippet:-1","max-image-preview":"max-image-preview:large","max-video-preview":"max-video-preview:-1"},"canonical":"https:\/\/www.cgmouthpiece.it\/prodotto\/siracusa-ebanite\/","og_locale":"es_ES","og_type":"article","og_title":"Siracusa tenore ebanite - CG MouthPiece","og_description":"Il modello Siracusa \u00e8 progettato per musicisti che ricercano un suono tradizionale, caldo e pieno unitamente ad un\u2019omogeneit\u00e0 timbrica e ad un\u2019ottima...","og_url":"https:\/\/www.cgmouthpiece.it\/prodotto\/siracusa-ebanite\/","og_site_name":"CG MouthPiece","article_publisher":"https:\/\/www.facebook.com\/cgmouthpiece.it\/","article_modified_time":"2021-03-04T12:36:24+00:00","og_image":[{"width":700,"height":874,"url":"https:\/\/www.cgmouthpiece.it\/wp-content\/uploads\/2016\/04\/SIR-ten-sideEXT_MS-sx-.jpg","type":"image\/jpeg"}],"twitter_card":"summary","schema":{"@context":"https:\/\/schema.org","@graph":[{"@type":"WebSite","@id":"https:\/\/www.cgmouthpiece.it\/#website","url":"https:\/\/www.cgmouthpiece.it\/","name":"CG MouthPiece","description":"Best handcrafted mouthpieces made in Italy!","potentialAction":[{"@type":"SearchAction","target":{"@type":"EntryPoint","urlTemplate":"https:\/\/www.cgmouthpiece.it\/?s={search_term_string}"},"query-input":"required name=search_term_string"}],"inLanguage":"es"},{"@type":"ImageObject","@id":"https:\/\/www.cgmouthpiece.it\/prodotto\/siracusa-ebanite\/#primaryimage","inLanguage":"es","url":"https:\/\/www.cgmouthpiece.it\/wp-content\/uploads\/2016\/04\/SIR-ten-sideEXT_MS-sx-.jpg","contentUrl":"https:\/\/www.cgmouthpiece.it\/wp-content\/uploads\/2016\/04\/SIR-ten-sideEXT_MS-sx-.jpg","width":700,"height":874},{"@type":"WebPage","@id":"https:\/\/www.cgmouthpiece.it\/prodotto\/siracusa-ebanite\/#webpage","url":"https:\/\/www.cgmouthpiece.it\/prodotto\/siracusa-ebanite\/","name":"Siracusa tenore ebanite - CG MouthPiece","isPartOf":{"@id":"https:\/\/www.cgmouthpiece.it\/#website"},"primaryImageOfPage":{"@id":"https:\/\/www.cgmouthpiece.it\/prodotto\/siracusa-ebanite\/#primaryimage"},"datePublished":"2016-04-04T08:31:59+00:00","dateModified":"2021-03-04T12:36:24+00:00","description":"Il modello Siracusa \u00e8 progettato per musicisti che ricercano un suono tradizionale, caldo e pieno unitamente ad un\u2019omogeneit\u00e0 timbrica e ad un\u2019ottima...","breadcrumb":{"@id":"https:\/\/www.cgmouthpiece.it\/prodotto\/siracusa-ebanite\/#breadcrumb"},"inLanguage":"es","potentialAction":[{"@type":"ReadAction","target":["https:\/\/www.cgmouthpiece.it\/prodotto\/siracusa-ebanite\/"]}]},{"@type":"BreadcrumbList","@id":"https:\/\/www.cgmouthpiece.it\/prodotto\/siracusa-ebanite\/#breadcrumb","itemListElement":[{"@type":"ListItem","position":1,"name":"Home","item":"https:\/\/www.cgmouthpiece.it\/"},{"@type":"ListItem","position":2,"name":"Store","item":"https:\/\/www.cgmouthpiece.it\/store\/"},{"@type":"ListItem","position":3,"name":"Siracusa tenore ebanite &#8211; serie II"}]}]}},"_links":{"self":[{"href":"https:\/\/www.cgmouthpiece.it\/es\/wp-json\/wp\/v2\/product\/19756"}],"collection":[{"href":"https:\/\/www.cgmouthpiece.it\/es\/wp-json\/wp\/v2\/product"}],"about":[{"href":"https:\/\/www.cgmouthpiece.it\/es\/wp-json\/wp\/v2\/types\/product"}],"replies":[{"embeddable":true,"href":"https:\/\/www.cgmouthpiece.it\/es\/wp-json\/wp\/v2\/comments?post=19756"}],"wp:featuredmedia":[{"embeddable":true,"href":"https:\/\/www.cgmouthpiece.it\/es\/wp-json\/wp\/v2\/media\/21350"}],"wp:attachment":[{"href":"https:\/\/www.cgmouthpiece.it\/es\/wp-json\/wp\/v2\/media?parent=19756"}],"wp:term":[{"taxonomy":"product_cat","embeddable":true,"href":"https:\/\/www.cgmouthpiece.it\/es\/wp-json\/wp\/v2\/product_cat?post=19756"},{"taxonomy":"product_tag","embeddable":true,"href":"https:\/\/www.cgmouthpiece.it\/es\/wp-json\/wp\/v2\/product_tag?post=19756"}],"curies":[{"name":"wp","href":"https:\/\/api.w.org\/{rel}","templated":true}]}}