{"id":19763,"date":"2016-04-04T10:55:18","date_gmt":"2016-04-04T08:55:18","guid":{"rendered":"https:\/\/www.cgmouthpiece.it\/?post_type=product&#038;p=19763"},"modified":"2017-02-23T23:36:38","modified_gmt":"2017-02-23T22:36:38","slug":"amalfi-ebanite","status":"publish","type":"product","link":"https:\/\/www.cgmouthpiece.it\/es\/prodotto\/amalfi-ebanite\/","title":{"rendered":"Amalfi tenor ebonita"},"content":{"rendered":"","protected":false},"excerpt":{"rendered":"<p>El modelo Amalfi se ha dise\u00f1ado para m\u00fasicos que buscan un sonido tradicional, c\u00e1lido y pleno, junto a una proyecci\u00f3n \u00f3ptima. El roll-over baffle corto, confluyendo en una c\u00e1mara mediana-grande, brinda al modelo Amalfi un timbre pleno, no excesivamente oscuro. Las paredes de la ventana son planas, para garantizar una mayor proyecci\u00f3n y enfoque del sonido, adem\u00e1s de una evidente sencillez de emisi\u00f3n. La c\u00e1mara no excesivamente grande contribuye a obtener un gran control en la boquilla. El anillo espeso de refuerzo del cuello es de bronce, y es el mismo que se utiliza en nuestras boquillas met\u00e1licas, revestido con oro de 24 quilates. El modelo Amalfi se aconseja a los que prefieren un sonido oscuro, con una escasa resistencia y que conserve una cierta luminosidad.<\/p>\n<p class=\"p1\"><span class=\"s1\">Incluida abrazadera y <\/span><span class=\"s2\">boquillero<\/span><span class=\"s1\"><b> <\/b>Rovner.<\/span><\/p>\n","protected":false},"featured_media":19766,"comment_status":"closed","ping_status":"closed","template":"","meta":[],"product_cat":[15,25,34],"product_tag":[],"acf":[],"yoast_head":"<!-- This site is optimized with the Yoast SEO plugin v18.3 - https:\/\/yoast.com\/wordpress\/plugins\/seo\/ -->\n<title>Amalfi tenor ebonita - CG MouthPiece<\/title>\n<meta name=\"robots\" content=\"index, follow, max-snippet:-1, max-image-preview:large, max-video-preview:-1\" \/>\n<link rel=\"canonical\" href=\"https:\/\/www.cgmouthpiece.it\/prodotto\/amalfi-ebanite\/\" \/>\n<meta property=\"og:locale\" content=\"es_ES\" \/>\n<meta property=\"og:type\" content=\"article\" \/>\n<meta property=\"og:title\" content=\"[:it]Amalfi tenore ebanite[:en]Amalfi tenor ebonite[:fr]Amalfi tenor \u00e9bonite[:es]Amalfi tenor ebonita[:] - CG MouthPiece\" \/>\n<meta property=\"og:description\" content=\"[:it]Il modello Amalfi \u00e8 progettato per musicisti che ricercano un suono tradizionale, caldo e pieno, unitamente ad un\u2019ottima proiezione. Il corto roll-over baffle confluendo in una camera medio-grande fornisce al modello Amalfi un timbro pieno, non eccessivamente scuro. Le pareti della finestra sono piatte a garantire una maggior proiezione e fuoco del suono oltre ad un\u2019evidente semplicit\u00e0 di emissione. La camera non eccessivamente grande contribuisce ad avere un grande controllo sull\u2019imboccatura. Lo spesso anello di rinforzo del collo \u00e8 in bronzo, lo stesso utilizzato nelle nostre imboccature in metallo, placcato oro 24 carati. Il modello Amalfi \u00e8 consigliato a chi predilige un suono scuro, con poca resistenza e che conservi una certa luminosit\u00e0. Legatura e copribecco Rovner inclusi.[:en]The Amalfi model was designed for musicians that look for a traditional sound, warm and full, combined with a great projection. Its short roll-over baffle, flowing into a medium-large chamber, provides the Amalfi model with a full, not excessively dark timbre. The window walls are flat, ensuring a greater projection and focus for the sound as well as an obviously easy emission. The not excessively large chamber helps have great control over the mouthpiece. The thick shank is made of brass and is the same as the one used for our metal mouthpieces, plated with 24-carat gold. The Amalfi model is recommended for those who prefer a dark, not very resistant sound and with a certain brightness. Rovner Ligature &amp; cap included.[:fr]Le mod\u00e8le Amalfi a \u00e9t\u00e9 con\u00e7u pour les musiciens qui recherchent un son traditionnel, chaud et plein, associ\u00e9 \u00e0 une excellente projection. Le plafond court (roll-over baffle) qui converge dans une chambre moyenne-grande fournit au mod\u00e8le Amalfi un timbre plein qui n\u2019est pas excessivement sombre. Les parois de la fen\u00eatre sont plates pour garantir une plus grande projection et une meilleure mise au point du son ainsi qu\u2019une simplicit\u00e9 d\u2019\u00e9mission \u00e9vidente. La chambre qui n\u2019est pas excessivement grande assure un grand contr\u00f4le sur le bec. La bague de renfort \u00e9paisse du cou est en bronze comme celui utilis\u00e9 dans nos becs en m\u00e9tal, plaqu\u00e9 or 24 carats. Le mod\u00e8le Amalfi est conseill\u00e9 \u00e0 ceux qui pr\u00e9f\u00e8rent un son sombre avec peu de r\u00e9sistance et qui conserve une certaine brillance. Livr\u00e9e avec Rovner ligature et couvre bec.[:es]El modelo Amalfi se ha dise\u00f1ado para m\u00fasicos que buscan un sonido tradicional, c\u00e1lido y pleno, junto a una proyecci\u00f3n \u00f3ptima. El roll-over baffle corto, confluyendo en una c\u00e1mara mediana-grande, brinda al modelo Amalfi un timbre pleno, no excesivamente oscuro. Las paredes de la ventana son planas, para garantizar una mayor proyecci\u00f3n y enfoque del sonido, adem\u00e1s de una evidente sencillez de emisi\u00f3n. La c\u00e1mara no excesivamente grande contribuye a obtener un gran control en la boquilla. El anillo espeso de refuerzo del cuello es de bronce, y es el mismo que se utiliza en nuestras boquillas met\u00e1licas, revestido con oro de 24 quilates. El modelo Amalfi se aconseja a los que prefieren un sonido oscuro, con una escasa resistencia y que conserve una cierta luminosidad. Incluida abrazadera y boquillero Rovner.[:]\" \/>\n<meta property=\"og:url\" content=\"https:\/\/www.cgmouthpiece.it\/prodotto\/amalfi-ebanite\/\" \/>\n<meta property=\"og:site_name\" content=\"CG MouthPiece\" \/>\n<meta property=\"article:publisher\" content=\"https:\/\/www.facebook.com\/cgmouthpiece.it\/\" \/>\n<meta property=\"article:modified_time\" content=\"2017-02-23T22:36:38+00:00\" \/>\n<meta property=\"og:image\" content=\"https:\/\/www.cgmouthpiece.it\/wp-content\/uploads\/2016\/04\/TENamalEbaMidSide.jpg\" \/>\n\t<meta property=\"og:image:width\" content=\"700\" \/>\n\t<meta property=\"og:image:height\" content=\"874\" \/>\n\t<meta property=\"og:image:type\" content=\"image\/jpeg\" \/>\n<meta name=\"twitter:card\" content=\"summary\" \/>\n<script type=\"application\/ld+json\" class=\"yoast-schema-graph\">{\"@context\":\"https:\/\/schema.org\",\"@graph\":[{\"@type\":\"WebSite\",\"@id\":\"https:\/\/www.cgmouthpiece.it\/#website\",\"url\":\"https:\/\/www.cgmouthpiece.it\/\",\"name\":\"CG MouthPiece\",\"description\":\"Best handcrafted mouthpieces made in Italy!\",\"potentialAction\":[{\"@type\":\"SearchAction\",\"target\":{\"@type\":\"EntryPoint\",\"urlTemplate\":\"https:\/\/www.cgmouthpiece.it\/?s={search_term_string}\"},\"query-input\":\"required name=search_term_string\"}],\"inLanguage\":\"es\"},{\"@type\":\"ImageObject\",\"@id\":\"https:\/\/www.cgmouthpiece.it\/prodotto\/amalfi-ebanite\/#primaryimage\",\"inLanguage\":\"es\",\"url\":\"https:\/\/www.cgmouthpiece.it\/wp-content\/uploads\/2016\/04\/TENamalEbaMidSide.jpg\",\"contentUrl\":\"https:\/\/www.cgmouthpiece.it\/wp-content\/uploads\/2016\/04\/TENamalEbaMidSide.jpg\",\"width\":700,\"height\":874,\"caption\":\"TENamalEbaMidSide\"},{\"@type\":\"WebPage\",\"@id\":\"https:\/\/www.cgmouthpiece.it\/prodotto\/amalfi-ebanite\/#webpage\",\"url\":\"https:\/\/www.cgmouthpiece.it\/prodotto\/amalfi-ebanite\/\",\"name\":\"[:it]Amalfi tenore ebanite[:en]Amalfi tenor ebonite[:fr]Amalfi tenor \u00e9bonite[:es]Amalfi tenor ebonita[:] - CG MouthPiece\",\"isPartOf\":{\"@id\":\"https:\/\/www.cgmouthpiece.it\/#website\"},\"primaryImageOfPage\":{\"@id\":\"https:\/\/www.cgmouthpiece.it\/prodotto\/amalfi-ebanite\/#primaryimage\"},\"datePublished\":\"2016-04-04T08:55:18+00:00\",\"dateModified\":\"2017-02-23T22:36:38+00:00\",\"breadcrumb\":{\"@id\":\"https:\/\/www.cgmouthpiece.it\/prodotto\/amalfi-ebanite\/#breadcrumb\"},\"inLanguage\":\"es\",\"potentialAction\":[{\"@type\":\"ReadAction\",\"target\":[\"https:\/\/www.cgmouthpiece.it\/prodotto\/amalfi-ebanite\/\"]}]},{\"@type\":\"BreadcrumbList\",\"@id\":\"https:\/\/www.cgmouthpiece.it\/prodotto\/amalfi-ebanite\/#breadcrumb\",\"itemListElement\":[{\"@type\":\"ListItem\",\"position\":1,\"name\":\"Home\",\"item\":\"https:\/\/www.cgmouthpiece.it\/\"},{\"@type\":\"ListItem\",\"position\":2,\"name\":\"Store\",\"item\":\"https:\/\/www.cgmouthpiece.it\/store\/\"},{\"@type\":\"ListItem\",\"position\":3,\"name\":\"Amalfi tenore ebanite\"}]}]}<\/script>\n<!-- \/ Yoast SEO plugin. -->","yoast_head_json":{"title":"[:it]Amalfi tenore ebanite[:en]Amalfi tenor ebonite[:fr]Amalfi tenor \u00e9bonite[:es]Amalfi tenor ebonita[:] - CG MouthPiece","robots":{"index":"index","follow":"follow","max-snippet":"max-snippet:-1","max-image-preview":"max-image-preview:large","max-video-preview":"max-video-preview:-1"},"canonical":"https:\/\/www.cgmouthpiece.it\/prodotto\/amalfi-ebanite\/","og_locale":"es_ES","og_type":"article","og_title":"[:it]Amalfi tenore ebanite[:en]Amalfi tenor ebonite[:fr]Amalfi tenor \u00e9bonite[:es]Amalfi tenor ebonita[:] - CG MouthPiece","og_description":"[:it]Il modello Amalfi \u00e8 progettato per musicisti che ricercano un suono tradizionale, caldo e pieno, unitamente ad un\u2019ottima proiezione. Il corto roll-over baffle confluendo in una camera medio-grande fornisce al modello Amalfi un timbro pieno, non eccessivamente scuro. Le pareti della finestra sono piatte a garantire una maggior proiezione e fuoco del suono oltre ad un\u2019evidente semplicit\u00e0 di emissione. La camera non eccessivamente grande contribuisce ad avere un grande controllo sull\u2019imboccatura. Lo spesso anello di rinforzo del collo \u00e8 in bronzo, lo stesso utilizzato nelle nostre imboccature in metallo, placcato oro 24 carati. Il modello Amalfi \u00e8 consigliato a chi predilige un suono scuro, con poca resistenza e che conservi una certa luminosit\u00e0. Legatura e copribecco Rovner inclusi.[:en]The Amalfi model was designed for musicians that look for a traditional sound, warm and full, combined with a great projection. Its short roll-over baffle, flowing into a medium-large chamber, provides the Amalfi model with a full, not excessively dark timbre. The window walls are flat, ensuring a greater projection and focus for the sound as well as an obviously easy emission. The not excessively large chamber helps have great control over the mouthpiece. The thick shank is made of brass and is the same as the one used for our metal mouthpieces, plated with 24-carat gold. The Amalfi model is recommended for those who prefer a dark, not very resistant sound and with a certain brightness. Rovner Ligature &amp; cap included.[:fr]Le mod\u00e8le Amalfi a \u00e9t\u00e9 con\u00e7u pour les musiciens qui recherchent un son traditionnel, chaud et plein, associ\u00e9 \u00e0 une excellente projection. Le plafond court (roll-over baffle) qui converge dans une chambre moyenne-grande fournit au mod\u00e8le Amalfi un timbre plein qui n\u2019est pas excessivement sombre. Les parois de la fen\u00eatre sont plates pour garantir une plus grande projection et une meilleure mise au point du son ainsi qu\u2019une simplicit\u00e9 d\u2019\u00e9mission \u00e9vidente. La chambre qui n\u2019est pas excessivement grande assure un grand contr\u00f4le sur le bec. La bague de renfort \u00e9paisse du cou est en bronze comme celui utilis\u00e9 dans nos becs en m\u00e9tal, plaqu\u00e9 or 24 carats. Le mod\u00e8le Amalfi est conseill\u00e9 \u00e0 ceux qui pr\u00e9f\u00e8rent un son sombre avec peu de r\u00e9sistance et qui conserve une certaine brillance. Livr\u00e9e avec Rovner ligature et couvre bec.[:es]El modelo Amalfi se ha dise\u00f1ado para m\u00fasicos que buscan un sonido tradicional, c\u00e1lido y pleno, junto a una proyecci\u00f3n \u00f3ptima. El roll-over baffle corto, confluyendo en una c\u00e1mara mediana-grande, brinda al modelo Amalfi un timbre pleno, no excesivamente oscuro. Las paredes de la ventana son planas, para garantizar una mayor proyecci\u00f3n y enfoque del sonido, adem\u00e1s de una evidente sencillez de emisi\u00f3n. La c\u00e1mara no excesivamente grande contribuye a obtener un gran control en la boquilla. El anillo espeso de refuerzo del cuello es de bronce, y es el mismo que se utiliza en nuestras boquillas met\u00e1licas, revestido con oro de 24 quilates. El modelo Amalfi se aconseja a los que prefieren un sonido oscuro, con una escasa resistencia y que conserve una cierta luminosidad. Incluida abrazadera y boquillero Rovner.[:]","og_url":"https:\/\/www.cgmouthpiece.it\/prodotto\/amalfi-ebanite\/","og_site_name":"CG MouthPiece","article_publisher":"https:\/\/www.facebook.com\/cgmouthpiece.it\/","article_modified_time":"2017-02-23T22:36:38+00:00","og_image":[{"width":700,"height":874,"url":"https:\/\/www.cgmouthpiece.it\/wp-content\/uploads\/2016\/04\/TENamalEbaMidSide.jpg","type":"image\/jpeg"}],"twitter_card":"summary","schema":{"@context":"https:\/\/schema.org","@graph":[{"@type":"WebSite","@id":"https:\/\/www.cgmouthpiece.it\/#website","url":"https:\/\/www.cgmouthpiece.it\/","name":"CG MouthPiece","description":"Best handcrafted mouthpieces made in Italy!","potentialAction":[{"@type":"SearchAction","target":{"@type":"EntryPoint","urlTemplate":"https:\/\/www.cgmouthpiece.it\/?s={search_term_string}"},"query-input":"required name=search_term_string"}],"inLanguage":"es"},{"@type":"ImageObject","@id":"https:\/\/www.cgmouthpiece.it\/prodotto\/amalfi-ebanite\/#primaryimage","inLanguage":"es","url":"https:\/\/www.cgmouthpiece.it\/wp-content\/uploads\/2016\/04\/TENamalEbaMidSide.jpg","contentUrl":"https:\/\/www.cgmouthpiece.it\/wp-content\/uploads\/2016\/04\/TENamalEbaMidSide.jpg","width":700,"height":874,"caption":"TENamalEbaMidSide"},{"@type":"WebPage","@id":"https:\/\/www.cgmouthpiece.it\/prodotto\/amalfi-ebanite\/#webpage","url":"https:\/\/www.cgmouthpiece.it\/prodotto\/amalfi-ebanite\/","name":"[:it]Amalfi tenore ebanite[:en]Amalfi tenor ebonite[:fr]Amalfi tenor \u00e9bonite[:es]Amalfi tenor ebonita[:] - CG MouthPiece","isPartOf":{"@id":"https:\/\/www.cgmouthpiece.it\/#website"},"primaryImageOfPage":{"@id":"https:\/\/www.cgmouthpiece.it\/prodotto\/amalfi-ebanite\/#primaryimage"},"datePublished":"2016-04-04T08:55:18+00:00","dateModified":"2017-02-23T22:36:38+00:00","breadcrumb":{"@id":"https:\/\/www.cgmouthpiece.it\/prodotto\/amalfi-ebanite\/#breadcrumb"},"inLanguage":"es","potentialAction":[{"@type":"ReadAction","target":["https:\/\/www.cgmouthpiece.it\/prodotto\/amalfi-ebanite\/"]}]},{"@type":"BreadcrumbList","@id":"https:\/\/www.cgmouthpiece.it\/prodotto\/amalfi-ebanite\/#breadcrumb","itemListElement":[{"@type":"ListItem","position":1,"name":"Home","item":"https:\/\/www.cgmouthpiece.it\/"},{"@type":"ListItem","position":2,"name":"Store","item":"https:\/\/www.cgmouthpiece.it\/store\/"},{"@type":"ListItem","position":3,"name":"Amalfi tenore ebanite"}]}]}},"_links":{"self":[{"href":"https:\/\/www.cgmouthpiece.it\/es\/wp-json\/wp\/v2\/product\/19763"}],"collection":[{"href":"https:\/\/www.cgmouthpiece.it\/es\/wp-json\/wp\/v2\/product"}],"about":[{"href":"https:\/\/www.cgmouthpiece.it\/es\/wp-json\/wp\/v2\/types\/product"}],"replies":[{"embeddable":true,"href":"https:\/\/www.cgmouthpiece.it\/es\/wp-json\/wp\/v2\/comments?post=19763"}],"wp:featuredmedia":[{"embeddable":true,"href":"https:\/\/www.cgmouthpiece.it\/es\/wp-json\/wp\/v2\/media\/19766"}],"wp:attachment":[{"href":"https:\/\/www.cgmouthpiece.it\/es\/wp-json\/wp\/v2\/media?parent=19763"}],"wp:term":[{"taxonomy":"product_cat","embeddable":true,"href":"https:\/\/www.cgmouthpiece.it\/es\/wp-json\/wp\/v2\/product_cat?post=19763"},{"taxonomy":"product_tag","embeddable":true,"href":"https:\/\/www.cgmouthpiece.it\/es\/wp-json\/wp\/v2\/product_tag?post=19763"}],"curies":[{"name":"wp","href":"https:\/\/api.w.org\/{rel}","templated":true}]}}