{"id":19847,"date":"2016-04-08T10:38:15","date_gmt":"2016-04-08T08:38:15","guid":{"rendered":"https:\/\/www.cgmouthpiece.it\/?post_type=product&#038;p=19847"},"modified":"2025-03-30T19:12:12","modified_gmt":"2025-03-30T17:12:12","slug":"galileo-brass-lvcl-gold","status":"publish","type":"product","link":"https:\/\/www.cgmouthpiece.it\/es\/prodotto\/galileo-brass-lvcl-gold\/","title":{"rendered":"Galileo brass IVcl gold"},"content":{"rendered":"","protected":false},"excerpt":{"rendered":"<p>Galileo, la nueva ligadura para boquillas, realizada en Italia. Al gran cient\u00edfico italiano CG Mouthpiece Italy ha querido dedicar su nueva creaci\u00f3n. GALILEO, aparentemente sencilla y esencial pero, como las teor\u00edas de Galileo Galilei, revolucionaria.<br \/>\nGALILEO, una verdadera escultura sacada del lat\u00f3n puro, sin soldaduras.<br \/>\nUn dise\u00f1o el\u00edptico para recordar una \u00f3rbita que envuelve la boquilla y que sigue sus vibraciones: una referencia al estudio de los cuerpos celestiales del f\u00edsico y fil\u00f3sofo de la naturaleza. La leng\u00fceta est\u00e1 libre de vibrar en toda la longitud de las fibras, de que GALILEO tiene en cuenta la disposici\u00f3n: de hecho nace de una barra de lat\u00f3n especial, seleccionado por CG Mouthpiece por sus caracter\u00edsticas ac\u00fasticas excepcionales, y se ha elaborado siguiendo las vetas del metal. M\u00e9todo que CG Mouthpiece Italy adopta tambi\u00e9n para la elaboraci\u00f3n de sus boquillas valiosas.<br \/>\nSus geometr\u00edas se han estudiado cuidadosamente para responder de forma homog\u00e9nea a las vibraciones de la leng\u00fceta y, consiguientemente, de la boquilla. La parte superior envuelve perfectamente el pico, que funciona como apoyo firme, de que luego la ligadura procede dibujando una ligera forma de arco: como una peque\u00f1a ballesta permite una presi\u00f3n calibrada de la plaquita en la leng\u00fceta; esta presi\u00f3n se regula con un tornillo s\u00f3lido, tambi\u00e9n \u00e9ste de lat\u00f3n macizo. El tornillo robusto se ha fijado en la plaqueta por presi\u00f3n, sin la ayuda de tornillos. Su ergonom\u00eda especial le permite quedar firme en posici\u00f3n tambi\u00e9n durante las fases de entonaci\u00f3n de la boquilla a lo largo del chiver.<br \/>\nLa plaqueta, tambi\u00e9n sacada por una pieza llena de lat\u00f3n, es articulada para poderse adaptar al dise\u00f1o no siempre sim\u00e9trico del dorso de la leng\u00fceta, permitiendo de esta forma un apoyo firme de sus rieles, tambi\u00e9n \u00e9stos dispuestos en el sentido de la fibra de madera. Estos \u00faltimos tienen rayos para poderse adaptar a la curvatura de la leng\u00fceta y para no dejar marcas en la misma.<br \/>\nCuidadosamente acabada a mano en todas sus partes est\u00e1 disponible en distintos acabados, como revestimiento de oro 24 kt, en la versi\u00f3n elegante negro antracita y en los acabados \u201cFusion\u201d.<br \/>\nGALILEO revoluciona el significado de \u201cligadura\u201d sino para liberar la leng\u00fceta. El efecto ser\u00e1 el de una homogeneidad del timbre sin iguales y de una respuesta pronta y precisa de la leng\u00fceta, con la sensaci\u00f3n de un cuerpo vibrante \u00fanico constituido por boquilla y leng\u00fceta.<br \/>\nGALILEO est\u00e1 disponible en distintas, porque no se piensa para \u201cligar\u201d dimensiones para adaptarse a los tipos distintos de boquillas que est\u00e1n disponible en el mercado. \u00a1En la p\u00e1gina web www.cgmouthpiece.it los modelos soportados son en continua actualizaci\u00f3n para responder a las necesidades de un n\u00famero siempre mayor de saxofonistas en el mundo!<\/p>\n<p>GALILEO vibration for your reed, enjoyment for your soul!<\/p>\n<p><span class=\"s1\">Boquillero incluido.<\/span><\/p>\n","protected":false},"featured_media":19951,"comment_status":"closed","ping_status":"closed","template":"","meta":[],"product_cat":[28,42,43],"product_tag":[],"acf":[],"yoast_head":"<!-- This site is optimized with the Yoast SEO plugin v18.3 - https:\/\/yoast.com\/wordpress\/plugins\/seo\/ -->\n<title><\/title>\n<meta name=\"description\" content=\"{:it}L&#039;ancia \u00e8 libera di vibrare in tutta la lunghezza delle fibre della cui disposizione GALILEO tiene conto: nasce infatti da una barra di ottone speciale.{:}\" \/>\n<meta name=\"robots\" content=\"index, follow, max-snippet:-1, max-image-preview:large, max-video-preview:-1\" \/>\n<link rel=\"canonical\" href=\"https:\/\/www.cgmouthpiece.it\/prodotto\/galileo-brass-lvcl-gold\/\" \/>\n<meta property=\"og:locale\" content=\"es_ES\" \/>\n<meta property=\"og:type\" content=\"article\" \/>\n<meta property=\"og:title\" content=\"[:it]Galileo brass IVcl gold, una legatura per imboccature artigianale[:]\" \/>\n<meta property=\"og:description\" content=\"{:it}L&#039;ancia \u00e8 libera di vibrare in tutta la lunghezza delle fibre della cui disposizione GALILEO tiene conto: nasce infatti da una barra di ottone speciale.{:}\" \/>\n<meta property=\"og:url\" content=\"https:\/\/www.cgmouthpiece.it\/prodotto\/galileo-brass-lvcl-gold\/\" \/>\n<meta property=\"og:site_name\" content=\"CG MouthPiece\" \/>\n<meta property=\"article:publisher\" content=\"https:\/\/www.facebook.com\/cgmouthpiece.it\/\" \/>\n<meta property=\"article:modified_time\" content=\"2025-03-30T17:12:12+00:00\" \/>\n<meta property=\"og:image\" content=\"https:\/\/www.cgmouthpiece.it\/wp-content\/uploads\/2016\/04\/GAL-CL-gold.jpg\" \/>\n\t<meta property=\"og:image:width\" content=\"700\" \/>\n\t<meta property=\"og:image:height\" content=\"874\" \/>\n\t<meta property=\"og:image:type\" content=\"image\/jpeg\" \/>\n<meta name=\"twitter:card\" content=\"summary\" \/>\n<script type=\"application\/ld+json\" class=\"yoast-schema-graph\">{\"@context\":\"https:\/\/schema.org\",\"@graph\":[{\"@type\":\"WebSite\",\"@id\":\"https:\/\/www.cgmouthpiece.it\/#website\",\"url\":\"https:\/\/www.cgmouthpiece.it\/\",\"name\":\"CG MouthPiece\",\"description\":\"Best handcrafted mouthpieces made in Italy!\",\"potentialAction\":[{\"@type\":\"SearchAction\",\"target\":{\"@type\":\"EntryPoint\",\"urlTemplate\":\"https:\/\/www.cgmouthpiece.it\/?s={search_term_string}\"},\"query-input\":\"required name=search_term_string\"}],\"inLanguage\":\"es\"},{\"@type\":\"ImageObject\",\"@id\":\"https:\/\/www.cgmouthpiece.it\/prodotto\/galileo-brass-lvcl-gold\/#primaryimage\",\"inLanguage\":\"es\",\"url\":\"https:\/\/www.cgmouthpiece.it\/wp-content\/uploads\/2016\/04\/GAL-CL-gold.jpg\",\"contentUrl\":\"https:\/\/www.cgmouthpiece.it\/wp-content\/uploads\/2016\/04\/GAL-CL-gold.jpg\",\"width\":700,\"height\":874,\"caption\":\"GAL CL gold\"},{\"@type\":\"WebPage\",\"@id\":\"https:\/\/www.cgmouthpiece.it\/prodotto\/galileo-brass-lvcl-gold\/#webpage\",\"url\":\"https:\/\/www.cgmouthpiece.it\/prodotto\/galileo-brass-lvcl-gold\/\",\"name\":\"[:it]Galileo brass IVcl gold, una legatura per imboccature artigianale[:]\",\"isPartOf\":{\"@id\":\"https:\/\/www.cgmouthpiece.it\/#website\"},\"primaryImageOfPage\":{\"@id\":\"https:\/\/www.cgmouthpiece.it\/prodotto\/galileo-brass-lvcl-gold\/#primaryimage\"},\"datePublished\":\"2016-04-08T08:38:15+00:00\",\"dateModified\":\"2025-03-30T17:12:12+00:00\",\"description\":\"{:it}L'ancia \u00e8 libera di vibrare in tutta la lunghezza delle fibre della cui disposizione GALILEO tiene conto: nasce infatti da una barra di ottone speciale.{:}\",\"breadcrumb\":{\"@id\":\"https:\/\/www.cgmouthpiece.it\/prodotto\/galileo-brass-lvcl-gold\/#breadcrumb\"},\"inLanguage\":\"es\",\"potentialAction\":[{\"@type\":\"ReadAction\",\"target\":[\"https:\/\/www.cgmouthpiece.it\/prodotto\/galileo-brass-lvcl-gold\/\"]}]},{\"@type\":\"BreadcrumbList\",\"@id\":\"https:\/\/www.cgmouthpiece.it\/prodotto\/galileo-brass-lvcl-gold\/#breadcrumb\",\"itemListElement\":[{\"@type\":\"ListItem\",\"position\":1,\"name\":\"Home\",\"item\":\"https:\/\/www.cgmouthpiece.it\/\"},{\"@type\":\"ListItem\",\"position\":2,\"name\":\"Store\",\"item\":\"https:\/\/www.cgmouthpiece.it\/store\/\"},{\"@type\":\"ListItem\",\"position\":3,\"name\":\"Galileo brass IVcl gold\"}]}]}<\/script>\n<!-- \/ Yoast SEO plugin. -->","yoast_head_json":{"title":"[:it]Galileo brass IVcl gold, una legatura per imboccature artigianale[:]","description":"{:it}L'ancia \u00e8 libera di vibrare in tutta la lunghezza delle fibre della cui disposizione GALILEO tiene conto: nasce infatti da una barra di ottone speciale.{:}","robots":{"index":"index","follow":"follow","max-snippet":"max-snippet:-1","max-image-preview":"max-image-preview:large","max-video-preview":"max-video-preview:-1"},"canonical":"https:\/\/www.cgmouthpiece.it\/prodotto\/galileo-brass-lvcl-gold\/","og_locale":"es_ES","og_type":"article","og_title":"[:it]Galileo brass IVcl gold, una legatura per imboccature artigianale[:]","og_description":"{:it}L'ancia \u00e8 libera di vibrare in tutta la lunghezza delle fibre della cui disposizione GALILEO tiene conto: nasce infatti da una barra di ottone speciale.{:}","og_url":"https:\/\/www.cgmouthpiece.it\/prodotto\/galileo-brass-lvcl-gold\/","og_site_name":"CG MouthPiece","article_publisher":"https:\/\/www.facebook.com\/cgmouthpiece.it\/","article_modified_time":"2025-03-30T17:12:12+00:00","og_image":[{"width":700,"height":874,"url":"https:\/\/www.cgmouthpiece.it\/wp-content\/uploads\/2016\/04\/GAL-CL-gold.jpg","type":"image\/jpeg"}],"twitter_card":"summary","schema":{"@context":"https:\/\/schema.org","@graph":[{"@type":"WebSite","@id":"https:\/\/www.cgmouthpiece.it\/#website","url":"https:\/\/www.cgmouthpiece.it\/","name":"CG MouthPiece","description":"Best handcrafted mouthpieces made in Italy!","potentialAction":[{"@type":"SearchAction","target":{"@type":"EntryPoint","urlTemplate":"https:\/\/www.cgmouthpiece.it\/?s={search_term_string}"},"query-input":"required name=search_term_string"}],"inLanguage":"es"},{"@type":"ImageObject","@id":"https:\/\/www.cgmouthpiece.it\/prodotto\/galileo-brass-lvcl-gold\/#primaryimage","inLanguage":"es","url":"https:\/\/www.cgmouthpiece.it\/wp-content\/uploads\/2016\/04\/GAL-CL-gold.jpg","contentUrl":"https:\/\/www.cgmouthpiece.it\/wp-content\/uploads\/2016\/04\/GAL-CL-gold.jpg","width":700,"height":874,"caption":"GAL CL gold"},{"@type":"WebPage","@id":"https:\/\/www.cgmouthpiece.it\/prodotto\/galileo-brass-lvcl-gold\/#webpage","url":"https:\/\/www.cgmouthpiece.it\/prodotto\/galileo-brass-lvcl-gold\/","name":"[:it]Galileo brass IVcl gold, una legatura per imboccature artigianale[:]","isPartOf":{"@id":"https:\/\/www.cgmouthpiece.it\/#website"},"primaryImageOfPage":{"@id":"https:\/\/www.cgmouthpiece.it\/prodotto\/galileo-brass-lvcl-gold\/#primaryimage"},"datePublished":"2016-04-08T08:38:15+00:00","dateModified":"2025-03-30T17:12:12+00:00","description":"{:it}L'ancia \u00e8 libera di vibrare in tutta la lunghezza delle fibre della cui disposizione GALILEO tiene conto: nasce infatti da una barra di ottone speciale.{:}","breadcrumb":{"@id":"https:\/\/www.cgmouthpiece.it\/prodotto\/galileo-brass-lvcl-gold\/#breadcrumb"},"inLanguage":"es","potentialAction":[{"@type":"ReadAction","target":["https:\/\/www.cgmouthpiece.it\/prodotto\/galileo-brass-lvcl-gold\/"]}]},{"@type":"BreadcrumbList","@id":"https:\/\/www.cgmouthpiece.it\/prodotto\/galileo-brass-lvcl-gold\/#breadcrumb","itemListElement":[{"@type":"ListItem","position":1,"name":"Home","item":"https:\/\/www.cgmouthpiece.it\/"},{"@type":"ListItem","position":2,"name":"Store","item":"https:\/\/www.cgmouthpiece.it\/store\/"},{"@type":"ListItem","position":3,"name":"Galileo brass IVcl gold"}]}]}},"_links":{"self":[{"href":"https:\/\/www.cgmouthpiece.it\/es\/wp-json\/wp\/v2\/product\/19847"}],"collection":[{"href":"https:\/\/www.cgmouthpiece.it\/es\/wp-json\/wp\/v2\/product"}],"about":[{"href":"https:\/\/www.cgmouthpiece.it\/es\/wp-json\/wp\/v2\/types\/product"}],"replies":[{"embeddable":true,"href":"https:\/\/www.cgmouthpiece.it\/es\/wp-json\/wp\/v2\/comments?post=19847"}],"wp:featuredmedia":[{"embeddable":true,"href":"https:\/\/www.cgmouthpiece.it\/es\/wp-json\/wp\/v2\/media\/19951"}],"wp:attachment":[{"href":"https:\/\/www.cgmouthpiece.it\/es\/wp-json\/wp\/v2\/media?parent=19847"}],"wp:term":[{"taxonomy":"product_cat","embeddable":true,"href":"https:\/\/www.cgmouthpiece.it\/es\/wp-json\/wp\/v2\/product_cat?post=19847"},{"taxonomy":"product_tag","embeddable":true,"href":"https:\/\/www.cgmouthpiece.it\/es\/wp-json\/wp\/v2\/product_tag?post=19847"}],"curies":[{"name":"wp","href":"https:\/\/api.w.org\/{rel}","templated":true}]}}