{"id":19860,"date":"2016-04-08T11:12:02","date_gmt":"2016-04-08T09:12:02","guid":{"rendered":"https:\/\/www.cgmouthpiece.it\/?post_type=product&#038;p=19860"},"modified":"2025-03-30T19:09:33","modified_gmt":"2025-03-30T17:09:33","slug":"galileo-al-vi-natural-al","status":"publish","type":"product","link":"https:\/\/www.cgmouthpiece.it\/es\/prodotto\/galileo-al-vi-natural-al\/","title":{"rendered":"Galileo AL VI natural al"},"content":{"rendered":"","protected":false},"excerpt":{"rendered":"<p>GALILEO AL, la nueva ligadura para boquillas realizada en Italia.<br \/>\nNace de una evoluci\u00f3n de la boquilla Galileo de lat\u00f3n de la cual mantiene inalterada la homogeneidad del timbre, ofreciendo sin embargo una libertad mayor en la leng\u00fceta. GALILEO AL, aparentemente sencilla y esencial pero, como las teor\u00edas de Galileo Galilei, revolucionaria.<br \/>\nGALILEO, una verdadera escultura sacada del lat\u00f3n puro, sin soldaduras.<br \/>\nUn dise\u00f1o el\u00edptico para recordar una \u00f3rbita que envuelve la boquilla y que sigue sus vibraciones: una referencia al estudio de los cuerpos celestiales del f\u00edsico y fil\u00f3sofo de la naturaleza. La leng\u00fceta est\u00e1 libre de vibrar en toda la longitud de las fibras, de que GALILEO AL tiene en cuenta la disposici\u00f3n: de hecho nace de una barra de aluminio especial, seleccionado por CG Mouthpiece por sus caracter\u00edsticas ac\u00fasticas excepcionales, y elaborado siguiendo las vetas del metal. M\u00e9todo que CG Mouthpiece Italy adopta tambi\u00e9n para la elaboraci\u00f3n de sus boquillas valiosas.<br \/>\nSus geometr\u00edas se han estudiado cuidadosamente para responder de forma homog\u00e9nea para las vibraciones de la leng\u00fceta y, consiguientemente, de la boquilla. La parte superior envuelve perfectamente el pico, que funciona como apoyo firme, de que luego la ligadura procede dibujando una ligera forma de arco: como una peque\u00f1a ballesta permite una presi\u00f3n calibrada de la plaquita en la leng\u00fceta; esta presi\u00f3n se regula con un tornillo s\u00f3lido de lat\u00f3n macizo.<br \/>\nEl tornillo robusto se ha fijado en la plaqueta por presi\u00f3n, sin la ayuda de tornillos. La plaqueta, tambi\u00e9n sacada por una pieza llena de lat\u00f3n, es articulada para poderse adaptar al dise\u00f1o no siempre sim\u00e9trico del dorso de la leng\u00fceta, permitiendo de esta forma un apoyo firme de sus rieles, tambi\u00e9n \u00e9stos dispuestos en el sentido de la fibra de madera. Estos \u00faltimos tienen rayos para poderse adaptar a la curvatura de la leng\u00fceta y para no dejar marcas en la misma.<\/p>\n<p>Cuidadosamente acabada a mano en todas sus partes est\u00e1 disponible en distintos acabados: Vintage AL (cuerpo de aleaci\u00f3n de aluminio anodizado, tornillo y plaqueta de lat\u00f3n revestidos de oro 24k \u2013 disponible s\u00f3lo en la medida II) y AL (cuerpo de aleaci\u00f3n de aluminio color natural, tornillo y plaqueta de lat\u00f3n revestidos de oro 24k\u2014disponible en las medidas IV y VI). Tambi\u00e9n para clarinete en la medida IV cl.<br \/>\nGALILEO AL revoluciona el significado de \u201cligadura\u201d porque no se piensa para \u201cligar\u201d leng\u00fceta. El efecto ser\u00e1 el de una homogeneidad del timbre sin iguales y de una respuesta pronta y precisa de la leng\u00fceta, con la sensaci\u00f3n de un cuerpo vibrante \u00fanico constituido por boquilla y leng\u00fceta.<br \/>\nGALILEO AL est\u00e1 disponible en distintas dimensiones para adaptarse a los tipos distintos de boquillas que est\u00e1n disponibles en el mercado. \u00a1En la p\u00e1gina web los modelos soportados son en continua actualizaci\u00f3n para conformar siempre m\u00e1s saxofonistas en el mundo!<\/p>\n<p>GALILEO ligaduras: vibration for your reed, enjoyment for your soul!<\/p>\n<p class=\"p1\"><span class=\"s1\">Boquillero incluido.<\/span><\/p>\n","protected":false},"featured_media":19859,"comment_status":"closed","ping_status":"closed","template":"","meta":[],"product_cat":[17,28,41,54],"product_tag":[],"acf":[],"yoast_head":"<!-- This site is optimized with the Yoast SEO plugin v18.3 - https:\/\/yoast.com\/wordpress\/plugins\/seo\/ -->\n<title><\/title>\n<meta name=\"description\" content=\"{:en}Vintage AL (corpo in lega di alluminio anodizzato, vite e placchetta in ottone placcati oro 24k - disponibile solo nella misura II) e AL...{:}\" \/>\n<meta name=\"robots\" content=\"index, follow, max-snippet:-1, max-image-preview:large, max-video-preview:-1\" \/>\n<link rel=\"canonical\" href=\"https:\/\/www.cgmouthpiece.it\/prodotto\/galileo-al-vi-natural-al\/\" \/>\n<meta property=\"og:locale\" content=\"es_ES\" \/>\n<meta property=\"og:type\" content=\"article\" \/>\n<meta property=\"og:title\" content=\"[:en]Galileo AL VI natural al, legatura per imboccature CG Mouthpiece[:]\" \/>\n<meta property=\"og:description\" content=\"{:en}Vintage AL (corpo in lega di alluminio anodizzato, vite e placchetta in ottone placcati oro 24k - disponibile solo nella misura II) e AL...{:}\" \/>\n<meta property=\"og:url\" content=\"https:\/\/www.cgmouthpiece.it\/prodotto\/galileo-al-vi-natural-al\/\" \/>\n<meta property=\"og:site_name\" content=\"CG MouthPiece\" \/>\n<meta property=\"article:publisher\" content=\"https:\/\/www.facebook.com\/cgmouthpiece.it\/\" \/>\n<meta property=\"article:modified_time\" content=\"2025-03-30T17:09:33+00:00\" \/>\n<meta property=\"og:image\" content=\"https:\/\/www.cgmouthpiece.it\/wp-content\/uploads\/2016\/04\/GALal-1.jpg\" \/>\n\t<meta property=\"og:image:width\" content=\"700\" \/>\n\t<meta property=\"og:image:height\" content=\"874\" \/>\n\t<meta property=\"og:image:type\" content=\"image\/jpeg\" \/>\n<meta name=\"twitter:card\" content=\"summary\" \/>\n<script type=\"application\/ld+json\" class=\"yoast-schema-graph\">{\"@context\":\"https:\/\/schema.org\",\"@graph\":[{\"@type\":\"WebSite\",\"@id\":\"https:\/\/www.cgmouthpiece.it\/#website\",\"url\":\"https:\/\/www.cgmouthpiece.it\/\",\"name\":\"CG MouthPiece\",\"description\":\"Best handcrafted mouthpieces made in Italy!\",\"potentialAction\":[{\"@type\":\"SearchAction\",\"target\":{\"@type\":\"EntryPoint\",\"urlTemplate\":\"https:\/\/www.cgmouthpiece.it\/?s={search_term_string}\"},\"query-input\":\"required name=search_term_string\"}],\"inLanguage\":\"es\"},{\"@type\":\"ImageObject\",\"@id\":\"https:\/\/www.cgmouthpiece.it\/prodotto\/galileo-al-vi-natural-al\/#primaryimage\",\"inLanguage\":\"es\",\"url\":\"https:\/\/www.cgmouthpiece.it\/wp-content\/uploads\/2016\/04\/GALal-1.jpg\",\"contentUrl\":\"https:\/\/www.cgmouthpiece.it\/wp-content\/uploads\/2016\/04\/GALal-1.jpg\",\"width\":700,\"height\":874,\"caption\":\"GALal\"},{\"@type\":\"WebPage\",\"@id\":\"https:\/\/www.cgmouthpiece.it\/prodotto\/galileo-al-vi-natural-al\/#webpage\",\"url\":\"https:\/\/www.cgmouthpiece.it\/prodotto\/galileo-al-vi-natural-al\/\",\"name\":\"[:en]Galileo AL VI natural al, legatura per imboccature CG Mouthpiece[:]\",\"isPartOf\":{\"@id\":\"https:\/\/www.cgmouthpiece.it\/#website\"},\"primaryImageOfPage\":{\"@id\":\"https:\/\/www.cgmouthpiece.it\/prodotto\/galileo-al-vi-natural-al\/#primaryimage\"},\"datePublished\":\"2016-04-08T09:12:02+00:00\",\"dateModified\":\"2025-03-30T17:09:33+00:00\",\"description\":\"{:en}Vintage AL (corpo in lega di alluminio anodizzato, vite e placchetta in ottone placcati oro 24k - disponibile solo nella misura II) e AL...{:}\",\"breadcrumb\":{\"@id\":\"https:\/\/www.cgmouthpiece.it\/prodotto\/galileo-al-vi-natural-al\/#breadcrumb\"},\"inLanguage\":\"es\",\"potentialAction\":[{\"@type\":\"ReadAction\",\"target\":[\"https:\/\/www.cgmouthpiece.it\/prodotto\/galileo-al-vi-natural-al\/\"]}]},{\"@type\":\"BreadcrumbList\",\"@id\":\"https:\/\/www.cgmouthpiece.it\/prodotto\/galileo-al-vi-natural-al\/#breadcrumb\",\"itemListElement\":[{\"@type\":\"ListItem\",\"position\":1,\"name\":\"Home\",\"item\":\"https:\/\/www.cgmouthpiece.it\/\"},{\"@type\":\"ListItem\",\"position\":2,\"name\":\"Store\",\"item\":\"https:\/\/www.cgmouthpiece.it\/store\/\"},{\"@type\":\"ListItem\",\"position\":3,\"name\":\"Galileo AL VI natural al\"}]}]}<\/script>\n<!-- \/ Yoast SEO plugin. -->","yoast_head_json":{"title":"[:en]Galileo AL VI natural al, legatura per imboccature CG Mouthpiece[:]","description":"{:en}Vintage AL (corpo in lega di alluminio anodizzato, vite e placchetta in ottone placcati oro 24k - disponibile solo nella misura II) e AL...{:}","robots":{"index":"index","follow":"follow","max-snippet":"max-snippet:-1","max-image-preview":"max-image-preview:large","max-video-preview":"max-video-preview:-1"},"canonical":"https:\/\/www.cgmouthpiece.it\/prodotto\/galileo-al-vi-natural-al\/","og_locale":"es_ES","og_type":"article","og_title":"[:en]Galileo AL VI natural al, legatura per imboccature CG Mouthpiece[:]","og_description":"{:en}Vintage AL (corpo in lega di alluminio anodizzato, vite e placchetta in ottone placcati oro 24k - disponibile solo nella misura II) e AL...{:}","og_url":"https:\/\/www.cgmouthpiece.it\/prodotto\/galileo-al-vi-natural-al\/","og_site_name":"CG MouthPiece","article_publisher":"https:\/\/www.facebook.com\/cgmouthpiece.it\/","article_modified_time":"2025-03-30T17:09:33+00:00","og_image":[{"width":700,"height":874,"url":"https:\/\/www.cgmouthpiece.it\/wp-content\/uploads\/2016\/04\/GALal-1.jpg","type":"image\/jpeg"}],"twitter_card":"summary","schema":{"@context":"https:\/\/schema.org","@graph":[{"@type":"WebSite","@id":"https:\/\/www.cgmouthpiece.it\/#website","url":"https:\/\/www.cgmouthpiece.it\/","name":"CG MouthPiece","description":"Best handcrafted mouthpieces made in Italy!","potentialAction":[{"@type":"SearchAction","target":{"@type":"EntryPoint","urlTemplate":"https:\/\/www.cgmouthpiece.it\/?s={search_term_string}"},"query-input":"required name=search_term_string"}],"inLanguage":"es"},{"@type":"ImageObject","@id":"https:\/\/www.cgmouthpiece.it\/prodotto\/galileo-al-vi-natural-al\/#primaryimage","inLanguage":"es","url":"https:\/\/www.cgmouthpiece.it\/wp-content\/uploads\/2016\/04\/GALal-1.jpg","contentUrl":"https:\/\/www.cgmouthpiece.it\/wp-content\/uploads\/2016\/04\/GALal-1.jpg","width":700,"height":874,"caption":"GALal"},{"@type":"WebPage","@id":"https:\/\/www.cgmouthpiece.it\/prodotto\/galileo-al-vi-natural-al\/#webpage","url":"https:\/\/www.cgmouthpiece.it\/prodotto\/galileo-al-vi-natural-al\/","name":"[:en]Galileo AL VI natural al, legatura per imboccature CG Mouthpiece[:]","isPartOf":{"@id":"https:\/\/www.cgmouthpiece.it\/#website"},"primaryImageOfPage":{"@id":"https:\/\/www.cgmouthpiece.it\/prodotto\/galileo-al-vi-natural-al\/#primaryimage"},"datePublished":"2016-04-08T09:12:02+00:00","dateModified":"2025-03-30T17:09:33+00:00","description":"{:en}Vintage AL (corpo in lega di alluminio anodizzato, vite e placchetta in ottone placcati oro 24k - disponibile solo nella misura II) e AL...{:}","breadcrumb":{"@id":"https:\/\/www.cgmouthpiece.it\/prodotto\/galileo-al-vi-natural-al\/#breadcrumb"},"inLanguage":"es","potentialAction":[{"@type":"ReadAction","target":["https:\/\/www.cgmouthpiece.it\/prodotto\/galileo-al-vi-natural-al\/"]}]},{"@type":"BreadcrumbList","@id":"https:\/\/www.cgmouthpiece.it\/prodotto\/galileo-al-vi-natural-al\/#breadcrumb","itemListElement":[{"@type":"ListItem","position":1,"name":"Home","item":"https:\/\/www.cgmouthpiece.it\/"},{"@type":"ListItem","position":2,"name":"Store","item":"https:\/\/www.cgmouthpiece.it\/store\/"},{"@type":"ListItem","position":3,"name":"Galileo AL VI natural al"}]}]}},"_links":{"self":[{"href":"https:\/\/www.cgmouthpiece.it\/es\/wp-json\/wp\/v2\/product\/19860"}],"collection":[{"href":"https:\/\/www.cgmouthpiece.it\/es\/wp-json\/wp\/v2\/product"}],"about":[{"href":"https:\/\/www.cgmouthpiece.it\/es\/wp-json\/wp\/v2\/types\/product"}],"replies":[{"embeddable":true,"href":"https:\/\/www.cgmouthpiece.it\/es\/wp-json\/wp\/v2\/comments?post=19860"}],"wp:featuredmedia":[{"embeddable":true,"href":"https:\/\/www.cgmouthpiece.it\/es\/wp-json\/wp\/v2\/media\/19859"}],"wp:attachment":[{"href":"https:\/\/www.cgmouthpiece.it\/es\/wp-json\/wp\/v2\/media?parent=19860"}],"wp:term":[{"taxonomy":"product_cat","embeddable":true,"href":"https:\/\/www.cgmouthpiece.it\/es\/wp-json\/wp\/v2\/product_cat?post=19860"},{"taxonomy":"product_tag","embeddable":true,"href":"https:\/\/www.cgmouthpiece.it\/es\/wp-json\/wp\/v2\/product_tag?post=19860"}],"curies":[{"name":"wp","href":"https:\/\/api.w.org\/{rel}","templated":true}]}}