{"id":20604,"date":"2017-01-04T22:05:24","date_gmt":"2017-01-04T21:05:24","guid":{"rendered":"https:\/\/www.cgmouthpiece.it\/store\/accessories\/galileo-brass-misura-ii-black\/"},"modified":"2026-01-25T11:19:20","modified_gmt":"2026-01-25T10:19:20","slug":"galileo-brass-misura-ii-black","status":"publish","type":"product","link":"https:\/\/www.cgmouthpiece.it\/es\/prodotto\/galileo-brass-misura-ii-black\/","title":{"rendered":"Galileo brass size II &#8211; black"},"content":{"rendered":"<p><strong>Acabado Negro<\/strong>: Cuerpo, el tornillo y la placa de lat\u00f3n lacado negro.<\/p>","protected":false},"excerpt":{"rendered":"<p class=\"p1\"><span class=\"s1\">GALILEO, una verdadera escultura sacada del lat\u00f3n puro, sin soldaduras.<br \/>\nLa leng\u00fceta est\u00e1 libre de vibrar en toda la longitud de las fibras, de que GALILEO tiene en cuenta la disposici\u00f3n: de hecho nace de una barra de lat\u00f3n especial, seleccionado por CG Mouthpiece Italy por sus caracter\u00edsticas ac\u00fasticas excepcionales, y se ha elaborado siguiendo las vetas del metal. M\u00e9todo que CG Mouthpiece Italy adopta tambi\u00e9n para la elaboraci\u00f3n de sus boquillas valiosas.<br \/>\nSus geometr\u00edas se han estudiado cuidadosamente para responder de forma homog\u00e9nea a las vibraciones de la leng\u00fceta y, consiguientemente, de la boquilla. La parte superior envuelve perfectamente el pico, que funciona como apoyo firme, de que luego la ligadura procede dibujando una ligera forma de arco: como una peque\u00f1a ballesta permite una presi\u00f3n calibrada de la plaquita en la leng\u00fceta; esta presi\u00f3n se regula con un tornillo s\u00f3lido, tambi\u00e9n \u00e9ste de lat\u00f3n macizo. El tornillo robusto se ha fijado en la plaqueta por presi\u00f3n, sin la ayuda de tornillos. Su ergonom\u00eda especial le permite quedar firme en posici\u00f3n tambi\u00e9n durante las fases de entonaci\u00f3n de la boquilla a lo largo del chiver.<br \/>\nLa plaqueta, tambi\u00e9n sacada por una pieza llena de lat\u00f3n, es articulada para poderse adaptar al dise\u00f1o no siempre sim\u00e9trico del dorso de la leng\u00fceta, permitiendo de esta forma un apoyo firme de sus rieles, tambi\u00e9n \u00e9stos dispuestos en el sentido de la fibra de madera. Estos \u00faltimos tienen rayos para poderse adaptar a la curvatura de la leng\u00fceta y para no dejar marcas en la misma.<br \/>\nGALILEO revoluciona el significado de \u201cligadura\u201d sino para liberar la leng\u00fceta. El efecto ser\u00e1 el de una homogeneidad del timbre sin iguales y de una respuesta pronta y precisa de la leng\u00fceta, con la sensaci\u00f3n de un cuerpo vibrante \u00fanico constituido por boquilla y leng\u00fceta.<br \/>\nGALILEO est\u00e1 disponible en distintas, porque no se piensa para \u201cligar\u201d dimensiones para adaptarse a los tipos distintos de boquillas que est\u00e1n disponible en el mercado. Los modelos soportados son en continua actualizaci\u00f3n para responder a las necesidades de un n\u00famero siempre mayor de saxofonistas en el mundo!<\/span><\/p>\n<p class=\"p1\">El Galileo brass\u00a0II est\u00e1 disponible en dos acabados. Ambos ofrecen la homogeneidad t\u00edpica del timbre de ligaduras de Galileo aunque cada uno tiene sus propias peculiaridades:<\/p>\n<ul>\n<li class=\"p1\">chapado en oro de 24 kt: un sonido rico,\u00a0espeso<\/li>\n<li class=\"p1\">acabado negro: sonido centrado y proyectiva<\/li>\n<\/ul>\n<p class=\"p1\"><span class=\"s1\">Boquillero incluido.<\/span><\/p>\n","protected":false},"featured_media":20606,"comment_status":"closed","ping_status":"closed","template":"","meta":[],"product_cat":[17,28,41,55],"product_tag":[114,113,112,111],"acf":[],"yoast_head":"<!-- This site is optimized with the Yoast SEO plugin v18.3 - https:\/\/yoast.com\/wordpress\/plugins\/seo\/ -->\n<title>Galileo brass size II - black<\/title>\n<meta name=\"description\" content=\"{:it}La misura II in ottone \u00e8 disponibile in due finiture. Entrambe offrono la tipica omogeneit\u00e0 timbrica delle legature Galileo anche se ognuna possiede...{:}\" \/>\n<meta name=\"robots\" content=\"index, follow, max-snippet:-1, max-image-preview:large, max-video-preview:-1\" \/>\n<link rel=\"canonical\" href=\"https:\/\/www.cgmouthpiece.it\/prodotto\/galileo-brass-misura-ii-black\/\" \/>\n<meta property=\"og:locale\" content=\"es_ES\" \/>\n<meta property=\"og:type\" content=\"article\" \/>\n<meta property=\"og:title\" content=\"[:it]Galileo brass misura II - Black - legatura per imboccature CG[:es]Galileo brass size II - black[:]\" \/>\n<meta property=\"og:description\" content=\"{:it}La misura II in ottone \u00e8 disponibile in due finiture. Entrambe offrono la tipica omogeneit\u00e0 timbrica delle legature Galileo anche se ognuna possiede...{:}\" \/>\n<meta property=\"og:url\" content=\"https:\/\/www.cgmouthpiece.it\/prodotto\/galileo-brass-misura-ii-black\/\" \/>\n<meta property=\"og:site_name\" content=\"CG MouthPiece\" \/>\n<meta property=\"article:publisher\" content=\"https:\/\/www.facebook.com\/cgmouthpiece.it\/\" \/>\n<meta property=\"article:modified_time\" content=\"2026-01-25T10:19:20+00:00\" \/>\n<meta property=\"og:image\" content=\"https:\/\/www.cgmouthpiece.it\/wp-content\/uploads\/2017\/01\/Galileo-brass-BLACK-II-b.jpg\" \/>\n\t<meta property=\"og:image:width\" content=\"700\" \/>\n\t<meta property=\"og:image:height\" content=\"874\" \/>\n\t<meta property=\"og:image:type\" content=\"image\/jpeg\" \/>\n<meta name=\"twitter:card\" content=\"summary\" \/>\n<script type=\"application\/ld+json\" class=\"yoast-schema-graph\">{\"@context\":\"https:\/\/schema.org\",\"@graph\":[{\"@type\":\"WebSite\",\"@id\":\"https:\/\/www.cgmouthpiece.it\/#website\",\"url\":\"https:\/\/www.cgmouthpiece.it\/\",\"name\":\"CG MouthPiece\",\"description\":\"Best handcrafted mouthpieces made in Italy!\",\"potentialAction\":[{\"@type\":\"SearchAction\",\"target\":{\"@type\":\"EntryPoint\",\"urlTemplate\":\"https:\/\/www.cgmouthpiece.it\/?s={search_term_string}\"},\"query-input\":\"required name=search_term_string\"}],\"inLanguage\":\"es\"},{\"@type\":\"ImageObject\",\"@id\":\"https:\/\/www.cgmouthpiece.it\/prodotto\/galileo-brass-misura-ii-black\/#primaryimage\",\"inLanguage\":\"es\",\"url\":\"https:\/\/www.cgmouthpiece.it\/wp-content\/uploads\/2017\/01\/Galileo-brass-BLACK-II-b.jpg\",\"contentUrl\":\"https:\/\/www.cgmouthpiece.it\/wp-content\/uploads\/2017\/01\/Galileo-brass-BLACK-II-b.jpg\",\"width\":700,\"height\":874,\"caption\":\"Galileo brass BLACK&#;II b\"},{\"@type\":\"WebPage\",\"@id\":\"https:\/\/www.cgmouthpiece.it\/prodotto\/galileo-brass-misura-ii-black\/#webpage\",\"url\":\"https:\/\/www.cgmouthpiece.it\/prodotto\/galileo-brass-misura-ii-black\/\",\"name\":\"[:it]Galileo brass misura II - Black - legatura per imboccature CG[:es]Galileo brass size II - black[:]\",\"isPartOf\":{\"@id\":\"https:\/\/www.cgmouthpiece.it\/#website\"},\"primaryImageOfPage\":{\"@id\":\"https:\/\/www.cgmouthpiece.it\/prodotto\/galileo-brass-misura-ii-black\/#primaryimage\"},\"datePublished\":\"2017-01-04T21:05:24+00:00\",\"dateModified\":\"2026-01-25T10:19:20+00:00\",\"description\":\"{:it}La misura II in ottone \u00e8 disponibile in due finiture. Entrambe offrono la tipica omogeneit\u00e0 timbrica delle legature Galileo anche se ognuna possiede...{:}\",\"breadcrumb\":{\"@id\":\"https:\/\/www.cgmouthpiece.it\/prodotto\/galileo-brass-misura-ii-black\/#breadcrumb\"},\"inLanguage\":\"es\",\"potentialAction\":[{\"@type\":\"ReadAction\",\"target\":[\"https:\/\/www.cgmouthpiece.it\/prodotto\/galileo-brass-misura-ii-black\/\"]}]},{\"@type\":\"BreadcrumbList\",\"@id\":\"https:\/\/www.cgmouthpiece.it\/prodotto\/galileo-brass-misura-ii-black\/#breadcrumb\",\"itemListElement\":[{\"@type\":\"ListItem\",\"position\":1,\"name\":\"Home\",\"item\":\"https:\/\/www.cgmouthpiece.it\/\"},{\"@type\":\"ListItem\",\"position\":2,\"name\":\"Store\",\"item\":\"https:\/\/www.cgmouthpiece.it\/store\/\"},{\"@type\":\"ListItem\",\"position\":3,\"name\":\"[:it]Galileo brass misura II &#8211; Black[:en]Galileo brass size II &#8211; black[:fr]Galileo brass size II &#8211; black[:es]Galileo brass size II &#8211; black[:]\"}]}]}<\/script>\n<!-- \/ Yoast SEO plugin. -->","yoast_head_json":{"title":"[:it]Galileo brass misura II - Black - legatura per imboccature CG[:es]Galileo brass size II - black[:]","description":"{:it}La misura II in ottone \u00e8 disponibile in due finiture. Entrambe offrono la tipica omogeneit\u00e0 timbrica delle legature Galileo anche se ognuna possiede...{:}","robots":{"index":"index","follow":"follow","max-snippet":"max-snippet:-1","max-image-preview":"max-image-preview:large","max-video-preview":"max-video-preview:-1"},"canonical":"https:\/\/www.cgmouthpiece.it\/prodotto\/galileo-brass-misura-ii-black\/","og_locale":"es_ES","og_type":"article","og_title":"[:it]Galileo brass misura II - Black - legatura per imboccature CG[:es]Galileo brass size II - black[:]","og_description":"{:it}La misura II in ottone \u00e8 disponibile in due finiture. Entrambe offrono la tipica omogeneit\u00e0 timbrica delle legature Galileo anche se ognuna possiede...{:}","og_url":"https:\/\/www.cgmouthpiece.it\/prodotto\/galileo-brass-misura-ii-black\/","og_site_name":"CG MouthPiece","article_publisher":"https:\/\/www.facebook.com\/cgmouthpiece.it\/","article_modified_time":"2026-01-25T10:19:20+00:00","og_image":[{"width":700,"height":874,"url":"https:\/\/www.cgmouthpiece.it\/wp-content\/uploads\/2017\/01\/Galileo-brass-BLACK-II-b.jpg","type":"image\/jpeg"}],"twitter_card":"summary","schema":{"@context":"https:\/\/schema.org","@graph":[{"@type":"WebSite","@id":"https:\/\/www.cgmouthpiece.it\/#website","url":"https:\/\/www.cgmouthpiece.it\/","name":"CG MouthPiece","description":"Best handcrafted mouthpieces made in Italy!","potentialAction":[{"@type":"SearchAction","target":{"@type":"EntryPoint","urlTemplate":"https:\/\/www.cgmouthpiece.it\/?s={search_term_string}"},"query-input":"required name=search_term_string"}],"inLanguage":"es"},{"@type":"ImageObject","@id":"https:\/\/www.cgmouthpiece.it\/prodotto\/galileo-brass-misura-ii-black\/#primaryimage","inLanguage":"es","url":"https:\/\/www.cgmouthpiece.it\/wp-content\/uploads\/2017\/01\/Galileo-brass-BLACK-II-b.jpg","contentUrl":"https:\/\/www.cgmouthpiece.it\/wp-content\/uploads\/2017\/01\/Galileo-brass-BLACK-II-b.jpg","width":700,"height":874,"caption":"Galileo brass BLACK&#;II b"},{"@type":"WebPage","@id":"https:\/\/www.cgmouthpiece.it\/prodotto\/galileo-brass-misura-ii-black\/#webpage","url":"https:\/\/www.cgmouthpiece.it\/prodotto\/galileo-brass-misura-ii-black\/","name":"[:it]Galileo brass misura II - Black - legatura per imboccature CG[:es]Galileo brass size II - black[:]","isPartOf":{"@id":"https:\/\/www.cgmouthpiece.it\/#website"},"primaryImageOfPage":{"@id":"https:\/\/www.cgmouthpiece.it\/prodotto\/galileo-brass-misura-ii-black\/#primaryimage"},"datePublished":"2017-01-04T21:05:24+00:00","dateModified":"2026-01-25T10:19:20+00:00","description":"{:it}La misura II in ottone \u00e8 disponibile in due finiture. Entrambe offrono la tipica omogeneit\u00e0 timbrica delle legature Galileo anche se ognuna possiede...{:}","breadcrumb":{"@id":"https:\/\/www.cgmouthpiece.it\/prodotto\/galileo-brass-misura-ii-black\/#breadcrumb"},"inLanguage":"es","potentialAction":[{"@type":"ReadAction","target":["https:\/\/www.cgmouthpiece.it\/prodotto\/galileo-brass-misura-ii-black\/"]}]},{"@type":"BreadcrumbList","@id":"https:\/\/www.cgmouthpiece.it\/prodotto\/galileo-brass-misura-ii-black\/#breadcrumb","itemListElement":[{"@type":"ListItem","position":1,"name":"Home","item":"https:\/\/www.cgmouthpiece.it\/"},{"@type":"ListItem","position":2,"name":"Store","item":"https:\/\/www.cgmouthpiece.it\/store\/"},{"@type":"ListItem","position":3,"name":"[:it]Galileo brass misura II &#8211; Black[:en]Galileo brass size II &#8211; black[:fr]Galileo brass size II &#8211; black[:es]Galileo brass size II &#8211; black[:]"}]}]}},"_links":{"self":[{"href":"https:\/\/www.cgmouthpiece.it\/es\/wp-json\/wp\/v2\/product\/20604"}],"collection":[{"href":"https:\/\/www.cgmouthpiece.it\/es\/wp-json\/wp\/v2\/product"}],"about":[{"href":"https:\/\/www.cgmouthpiece.it\/es\/wp-json\/wp\/v2\/types\/product"}],"replies":[{"embeddable":true,"href":"https:\/\/www.cgmouthpiece.it\/es\/wp-json\/wp\/v2\/comments?post=20604"}],"wp:featuredmedia":[{"embeddable":true,"href":"https:\/\/www.cgmouthpiece.it\/es\/wp-json\/wp\/v2\/media\/20606"}],"wp:attachment":[{"href":"https:\/\/www.cgmouthpiece.it\/es\/wp-json\/wp\/v2\/media?parent=20604"}],"wp:term":[{"taxonomy":"product_cat","embeddable":true,"href":"https:\/\/www.cgmouthpiece.it\/es\/wp-json\/wp\/v2\/product_cat?post=20604"},{"taxonomy":"product_tag","embeddable":true,"href":"https:\/\/www.cgmouthpiece.it\/es\/wp-json\/wp\/v2\/product_tag?post=20604"}],"curies":[{"name":"wp","href":"https:\/\/api.w.org\/{rel}","templated":true}]}}