{"id":19566,"date":"2015-07-04T08:04:27","date_gmt":"2015-07-04T08:04:27","guid":{"rendered":"http:\/\/8theme.com\/demo\/woopress\/coffee\/?page_id=19566"},"modified":"2022-01-13T15:32:42","modified_gmt":"2022-01-13T14:32:42","slug":"home","status":"publish","type":"page","link":"https:\/\/www.cgmouthpiece.it\/fr\/","title":{"rendered":"Home"},"content":{"rendered":"<p><\/p>\n<p>[vc_row full_width=\u00a0\u00bbstretch_row\u00a0\u00bb css=\u00a0\u00bb.vc_custom_1625492459780{margin-top: -45px !important;margin-bottom: -12px !important;padding-top: 250px !important;padding-bottom: 250px !important;background-image: url(https:\/\/www.cgmouthpiece.it\/wp-content\/uploads\/2016\/03\/gc-home.jpg?id=21474) !important;}\u00a0\u00bb el_class=\u00a0\u00bbsl\u00a0\u00bb][vc_column][\/vc_column][\/vc_row][vc_row el_class=\u00a0\u00bbbanner-top-coffee\u00a0\u00bb][vc_column width=\u00a0\u00bb1\/4&Prime;]<div class=\"banner  align-left valign-bottom responsive-fonts cursor-pointer banner-font- hover-zoom\" onclick=\"window.location='https:\/\/www.cgmouthpiece.it\/product-category\/mouthpieces\/imboccature-sax-alto'\"><div class=\"banner-content\"><div class=\"banner-inner\"><\/p>\n<h3 style=\"font-size: 28px; color: #594006; line-height: 30px; font-weight: 800; padding-left: 20px; font-family: Raleway;\">ALTO<\/h3>\n<h3 style=\"font-size: 28px; color: #594006; line-height: 30px; font-weight: 800; padding-left: 20px; font-family: Raleway;\">SAX<\/h3>\n<p><\/div><\/div><img src=\"https:\/\/www.cgmouthpiece.it\/wp-content\/uploads\/2021\/03\/ALTO-sax-menu-home-370x238.jpg\" alt=\"\"\/><\/div>[\/vc_column][vc_column width=\u00a0\u00bb1\/4&Prime;]<div class=\"banner  align-left valign-bottom responsive-fonts cursor-pointer banner-font- hover-zoom\" onclick=\"window.location='https:\/\/www.cgmouthpiece.it\/product-category\/mouthpieces\/imboccature-sax-tenore'\"><div class=\"banner-content\"><div class=\"banner-inner\"><\/p>\n<h3 style=\"font-size: 28px; color: #594006; line-height: 30px; font-weight: 800; padding-left: 20px; font-family: Raleway;\">TENOR<\/h3>\n<h3 style=\"font-size: 28px; color: #594006; line-height: 30px; font-weight: 800; padding-left: 20px; font-family: Raleway;\">SAX<\/h3>\n<p><\/div><\/div><img src=\"https:\/\/www.cgmouthpiece.it\/wp-content\/uploads\/2021\/03\/TENOR-sax-menu-home-370x238.jpg\" alt=\"\"\/><\/div>[\/vc_column][vc_column width=\u00a0\u00bb1\/4&Prime;]<div class=\"banner  align-left valign-bottom responsive-fonts cursor-pointer banner-font- hover-zoom\" onclick=\"window.location='https:\/\/www.cgmouthpiece.it\/product-category\/accessori-per-sax-e-clarinetto-artigianali'\"><div class=\"banner-content\"><div class=\"banner-inner\"><\/p>\n<h3 style=\"font-size: 28px; color: #594006; line-height: 30px; font-weight: 800; padding-left: 20px; font-family: Raleway;\">ACCESSORIES<\/h3>\n<p><\/div><\/div><img src=\"https:\/\/www.cgmouthpiece.it\/wp-content\/uploads\/2021\/03\/ACCESSORI-menu-home-370x238.jpg\" alt=\"\"\/><\/div>[\/vc_column][vc_column width=\u00a0\u00bb1\/4&Prime;]<div class=\"banner  align-left valign-bottom responsive-fonts cursor-pointer banner-font- hover-zoom\" onclick=\"window.location='https:\/\/www.cgmouthpiece.it\/product-category\/imboccature-sax-limited-custom\/'\"><div class=\"banner-content\"><div class=\"banner-inner\"><\/p>\n<h3 style=\"font-size: 28px; color: #594006; line-height: 30px; font-weight: 800; padding-left: 20px; font-family: Raleway;\">LIMITED<\/h3>\n<h3 style=\"font-size: 28px; color: #594006; line-height: 30px; font-weight: 800; padding-left: 20px; font-family: Raleway;\">EDITION<\/h3>\n<p><\/div><\/div><img src=\"https:\/\/www.cgmouthpiece.it\/wp-content\/uploads\/2021\/03\/LIMITED-menu-HOME-370x238.jpg\" alt=\"\"\/><\/div>[\/vc_column][\/vc_row][vc_row bg_type=\u00a0\u00bbno_bg\u00a0\u00bb css=\u00a0\u00bb.vc_custom_1421333651393{margin-top: 10px !important;border-top-width: 20px !important;border-right-width: 20px !important;border-bottom-width: 20px !important;border-left-width: 20px !important;border-left-color: #f5f5f5 !important;border-left-style: solid !important;border-right-color: #f5f5f5 !important;border-right-style: solid !important;border-top-color: #f5f5f5 !important;border-top-style: solid !important;border-bottom-color: #f5f5f5 !important;border-bottom-style: solid !important;}\u00a0\u00bb el_class=\u00a0\u00bbfull-width-ie\u00a0\u00bb][vc_column][vc_column_text]<\/p>\n<h1 style=\"text-align: center;\">CG Mouthpiece Italy<\/h1>\n<hr \/>\n<h2 style=\"text-align: center;\">CG Mouthpiece Italy &#8211; imboccature per saxofono artigianali<\/h2>\n<p>[\/vc_column_text][vc_text_separator title=\u00a0\u00bbUltime Notizie\u00a0\u00bb][vc_basic_grid post_type=\u00a0\u00bbpost\u00a0\u00bb max_items=\u00a0\u00bb3&Prime; grid_id=\u00a0\u00bbvc_gid:1640171261958-da16537c75bd337805b3808b58b2bad7-1&Prime;][\/vc_column][\/vc_row][vc_row][vc_column width=\u00a0\u00bb1\/2&Prime;][vc_custom_heading text=\u00a0\u00bbIscriviti<br \/>\nalla newsletter\u00a0\u00bb font_container=\u00a0\u00bbtag:h4|text_align:right\u00a0\u00bb google_fonts=\u00a0\u00bbfont_family:Raleway%3A100%2C200%2C300%2Cregular%2C500%2C600%2C700%2C800%2C900|font_style:400%20regular%3A400%3Anormal\u00a0\u00bb][\/vc_column][vc_column width=\u00a0\u00bb1\/2&Prime;][vc_column_text]<div class=\"widget_wysija_cont shortcode_wysija\"><div id=\"msg-form-wysija-shortcode69dcda5ce76c1-1\" class=\"wysija-msg ajax\"><\/div><form id=\"form-wysija-shortcode69dcda5ce76c1-1\" method=\"post\" action=\"#wysija\" class=\"widget_wysija shortcode_wysija\">\n<p class=\"wysija-paragraph\">\n    <label>Email <span class=\"wysija-required\">*<\/span><\/label>\n    \n    \t<input type=\"text\" name=\"wysija[user][email]\" class=\"wysija-input validate[required,custom[email]]\" title=\"Email\"  value=\"\" \/>\n    \n    \n    \n    <span class=\"abs-req\">\n        <input type=\"text\" name=\"wysija[user][abs][email]\" class=\"wysija-input validated[abs][email]\" value=\"\" \/>\n    <\/span>\n    \n<\/p>\n\r\n<input class=\"wysija-submit wysija-submit-field\" type=\"submit\" value=\"Iscriviti\" \/>\n\n    <input type=\"hidden\" name=\"form_id\" value=\"1\" \/>\n    <input type=\"hidden\" name=\"action\" value=\"save\" \/>\n    <input type=\"hidden\" name=\"controller\" value=\"subscribers\" \/>\n    <input type=\"hidden\" value=\"1\" name=\"wysija-page\" \/>\n\n    \n        <input type=\"hidden\" name=\"wysija[user_list][list_ids]\" value=\"3\" \/>\n    \n <\/form><\/div>[\/vc_column_text][\/vc_column][\/vc_row][vc_row][vc_column][vc_raw_html]JTNDbGluayUyMGhyZWYlM0QlMjdodHRwJTNBJTJGJTJGZm9udHMuZ29vZ2xlYXBpcy5jb20lMkZjc3MlM0ZmYW1pbHklM0RBbWF0aWMlMkJTQyUzQTQwMCUyQzcwMCUyNyUyMHJlbCUzRCUyN3N0eWxlc2hlZXQlMjclMjB0eXBlJTNEJTI3dGV4dCUyRmNzcyUyNyUzRQ==[\/vc_raw_html][\/vc_column][\/vc_row]<\/p>\n<p><\/p>","protected":false},"excerpt":{"rendered":"<p>&#8230;<\/p>\n","protected":false},"author":1,"featured_media":0,"parent":0,"menu_order":0,"comment_status":"open","ping_status":"closed","template":"","meta":[],"acf":[],"yoast_head":"<!-- This site is optimized with the Yoast SEO plugin v18.3 - https:\/\/yoast.com\/wordpress\/plugins\/seo\/ -->\n<title>CG Mouthpiece Italy - bec pour saxophone artisanat<\/title>\n<meta name=\"description\" content=\"{:it}Negozio online di imboccature per saxofono realizzate a mano: ampia scelta di becchi per sax alto e tenore, legature per clarinetto e sassofono.{:en}Online store of handmade saxophone mouthpieces: a wide selection of mouthpiece for alto and tenor, ligature for clarinet and saxophone.{:fr}On-line store pour bec de saxophone atisanal: un large choix de embouchures pour saxo alto et t\u00e9nor, ligatures pour clarinette et saxophone.{:es}On-line store para boquillas de saxof\u00f3n hecho a mano: una amplia selecci\u00f3n de boquillas de alto y tenor, ligadura para clarinete y saxof\u00f3n.{:}\" \/>\n<meta name=\"robots\" content=\"index, follow, max-snippet:-1, max-image-preview:large, max-video-preview:-1\" \/>\n<link rel=\"canonical\" href=\"https:\/\/www.cgmouthpiece.it\/\" \/>\n<meta property=\"og:locale\" content=\"fr_FR\" \/>\n<meta property=\"og:type\" content=\"article\" \/>\n<meta property=\"og:title\" content=\"[:it]CG Mouthpiece Italy - imboccature per saxofono artigianali[:en]CG Mouthpiece Italy - Handcrafted saxophone mouthpieces[:fr]CG Mouthpiece Italy - bec pour saxophone artisanat[:es]CG Mouthpiece Italy - artesan\u00eda boquillas de saxof\u00f3n[:]\" \/>\n<meta property=\"og:description\" content=\"{:it}Negozio online di imboccature per saxofono realizzate a mano: ampia scelta di becchi per sax alto e tenore, legature per clarinetto e sassofono.{:en}Online store of handmade saxophone mouthpieces: a wide selection of mouthpiece for alto and tenor, ligature for clarinet and saxophone.{:fr}On-line store pour bec de saxophone atisanal: un large choix de embouchures pour saxo alto et t\u00e9nor, ligatures pour clarinette et saxophone.{:es}On-line store para boquillas de saxof\u00f3n hecho a mano: una amplia selecci\u00f3n de boquillas de alto y tenor, ligadura para clarinete y saxof\u00f3n.{:}\" \/>\n<meta property=\"og:url\" content=\"https:\/\/www.cgmouthpiece.it\/\" \/>\n<meta property=\"og:site_name\" content=\"CG MouthPiece\" \/>\n<meta property=\"article:publisher\" content=\"https:\/\/www.facebook.com\/cgmouthpiece.it\/\" \/>\n<meta property=\"article:modified_time\" content=\"2022-01-13T14:32:42+00:00\" \/>\n<meta name=\"twitter:card\" content=\"summary\" \/>\n<meta name=\"twitter:label1\" content=\"Dur\u00e9e de lecture estim\u00e9e\" \/>\n\t<meta name=\"twitter:data1\" content=\"1 minute\" \/>\n<script type=\"application\/ld+json\" class=\"yoast-schema-graph\">{\"@context\":\"https:\/\/schema.org\",\"@graph\":[{\"@type\":\"WebSite\",\"@id\":\"https:\/\/www.cgmouthpiece.it\/#website\",\"url\":\"https:\/\/www.cgmouthpiece.it\/\",\"name\":\"CG MouthPiece\",\"description\":\"Best handcrafted mouthpieces made in Italy!\",\"potentialAction\":[{\"@type\":\"SearchAction\",\"target\":{\"@type\":\"EntryPoint\",\"urlTemplate\":\"https:\/\/www.cgmouthpiece.it\/?s={search_term_string}\"},\"query-input\":\"required name=search_term_string\"}],\"inLanguage\":\"fr-FR\"},{\"@type\":\"WebPage\",\"@id\":\"https:\/\/www.cgmouthpiece.it\/#webpage\",\"url\":\"https:\/\/www.cgmouthpiece.it\/\",\"name\":\"[:it]CG Mouthpiece Italy - imboccature per saxofono artigianali[:en]CG Mouthpiece Italy - Handcrafted saxophone mouthpieces[:fr]CG Mouthpiece Italy - bec pour saxophone artisanat[:es]CG Mouthpiece Italy - artesan\u00eda boquillas de saxof\u00f3n[:]\",\"isPartOf\":{\"@id\":\"https:\/\/www.cgmouthpiece.it\/#website\"},\"datePublished\":\"2015-07-04T08:04:27+00:00\",\"dateModified\":\"2022-01-13T14:32:42+00:00\",\"description\":\"{:it}Negozio online di imboccature per saxofono realizzate a mano: ampia scelta di becchi per sax alto e tenore, legature per clarinetto e sassofono.{:en}Online store of handmade saxophone mouthpieces: a wide selection of mouthpiece for alto and tenor, ligature for clarinet and saxophone.{:fr}On-line store pour bec de saxophone atisanal: un large choix de embouchures pour saxo alto et t\u00e9nor, ligatures pour clarinette et saxophone.{:es}On-line store para boquillas de saxof\u00f3n hecho a mano: una amplia selecci\u00f3n de boquillas de alto y tenor, ligadura para clarinete y saxof\u00f3n.{:}\",\"breadcrumb\":{\"@id\":\"https:\/\/www.cgmouthpiece.it\/#breadcrumb\"},\"inLanguage\":\"fr-FR\",\"potentialAction\":[{\"@type\":\"ReadAction\",\"target\":[\"https:\/\/www.cgmouthpiece.it\/\"]}]},{\"@type\":\"BreadcrumbList\",\"@id\":\"https:\/\/www.cgmouthpiece.it\/#breadcrumb\",\"itemListElement\":[{\"@type\":\"ListItem\",\"position\":1,\"name\":\"Home\",\"item\":\"https:\/\/www.cgmouthpiece.it\/\"},{\"@type\":\"ListItem\",\"position\":2,\"name\":\"Home\"}]}]}<\/script>\n<!-- \/ Yoast SEO plugin. -->","yoast_head_json":{"title":"[:it]CG Mouthpiece Italy - imboccature per saxofono artigianali[:en]CG Mouthpiece Italy - Handcrafted saxophone mouthpieces[:fr]CG Mouthpiece Italy - bec pour saxophone artisanat[:es]CG Mouthpiece Italy - artesan\u00eda boquillas de saxof\u00f3n[:]","description":"{:it}Negozio online di imboccature per saxofono realizzate a mano: ampia scelta di becchi per sax alto e tenore, legature per clarinetto e sassofono.{:en}Online store of handmade saxophone mouthpieces: a wide selection of mouthpiece for alto and tenor, ligature for clarinet and saxophone.{:fr}On-line store pour bec de saxophone atisanal: un large choix de embouchures pour saxo alto et t\u00e9nor, ligatures pour clarinette et saxophone.{:es}On-line store para boquillas de saxof\u00f3n hecho a mano: una amplia selecci\u00f3n de boquillas de alto y tenor, ligadura para clarinete y saxof\u00f3n.{:}","robots":{"index":"index","follow":"follow","max-snippet":"max-snippet:-1","max-image-preview":"max-image-preview:large","max-video-preview":"max-video-preview:-1"},"canonical":"https:\/\/www.cgmouthpiece.it\/","og_locale":"fr_FR","og_type":"article","og_title":"[:it]CG Mouthpiece Italy - imboccature per saxofono artigianali[:en]CG Mouthpiece Italy - Handcrafted saxophone mouthpieces[:fr]CG Mouthpiece Italy - bec pour saxophone artisanat[:es]CG Mouthpiece Italy - artesan\u00eda boquillas de saxof\u00f3n[:]","og_description":"{:it}Negozio online di imboccature per saxofono realizzate a mano: ampia scelta di becchi per sax alto e tenore, legature per clarinetto e sassofono.{:en}Online store of handmade saxophone mouthpieces: a wide selection of mouthpiece for alto and tenor, ligature for clarinet and saxophone.{:fr}On-line store pour bec de saxophone atisanal: un large choix de embouchures pour saxo alto et t\u00e9nor, ligatures pour clarinette et saxophone.{:es}On-line store para boquillas de saxof\u00f3n hecho a mano: una amplia selecci\u00f3n de boquillas de alto y tenor, ligadura para clarinete y saxof\u00f3n.{:}","og_url":"https:\/\/www.cgmouthpiece.it\/","og_site_name":"CG MouthPiece","article_publisher":"https:\/\/www.facebook.com\/cgmouthpiece.it\/","article_modified_time":"2022-01-13T14:32:42+00:00","twitter_card":"summary","twitter_misc":{"Dur\u00e9e de lecture estim\u00e9e":"1 minute"},"schema":{"@context":"https:\/\/schema.org","@graph":[{"@type":"WebSite","@id":"https:\/\/www.cgmouthpiece.it\/#website","url":"https:\/\/www.cgmouthpiece.it\/","name":"CG MouthPiece","description":"Best handcrafted mouthpieces made in Italy!","potentialAction":[{"@type":"SearchAction","target":{"@type":"EntryPoint","urlTemplate":"https:\/\/www.cgmouthpiece.it\/?s={search_term_string}"},"query-input":"required name=search_term_string"}],"inLanguage":"fr-FR"},{"@type":"WebPage","@id":"https:\/\/www.cgmouthpiece.it\/#webpage","url":"https:\/\/www.cgmouthpiece.it\/","name":"[:it]CG Mouthpiece Italy - imboccature per saxofono artigianali[:en]CG Mouthpiece Italy - Handcrafted saxophone mouthpieces[:fr]CG Mouthpiece Italy - bec pour saxophone artisanat[:es]CG Mouthpiece Italy - artesan\u00eda boquillas de saxof\u00f3n[:]","isPartOf":{"@id":"https:\/\/www.cgmouthpiece.it\/#website"},"datePublished":"2015-07-04T08:04:27+00:00","dateModified":"2022-01-13T14:32:42+00:00","description":"{:it}Negozio online di imboccature per saxofono realizzate a mano: ampia scelta di becchi per sax alto e tenore, legature per clarinetto e sassofono.{:en}Online store of handmade saxophone mouthpieces: a wide selection of mouthpiece for alto and tenor, ligature for clarinet and saxophone.{:fr}On-line store pour bec de saxophone atisanal: un large choix de embouchures pour saxo alto et t\u00e9nor, ligatures pour clarinette et saxophone.{:es}On-line store para boquillas de saxof\u00f3n hecho a mano: una amplia selecci\u00f3n de boquillas de alto y tenor, ligadura para clarinete y saxof\u00f3n.{:}","breadcrumb":{"@id":"https:\/\/www.cgmouthpiece.it\/#breadcrumb"},"inLanguage":"fr-FR","potentialAction":[{"@type":"ReadAction","target":["https:\/\/www.cgmouthpiece.it\/"]}]},{"@type":"BreadcrumbList","@id":"https:\/\/www.cgmouthpiece.it\/#breadcrumb","itemListElement":[{"@type":"ListItem","position":1,"name":"Home","item":"https:\/\/www.cgmouthpiece.it\/"},{"@type":"ListItem","position":2,"name":"Home"}]}]}},"_links":{"self":[{"href":"https:\/\/www.cgmouthpiece.it\/fr\/wp-json\/wp\/v2\/pages\/19566"}],"collection":[{"href":"https:\/\/www.cgmouthpiece.it\/fr\/wp-json\/wp\/v2\/pages"}],"about":[{"href":"https:\/\/www.cgmouthpiece.it\/fr\/wp-json\/wp\/v2\/types\/page"}],"author":[{"embeddable":true,"href":"https:\/\/www.cgmouthpiece.it\/fr\/wp-json\/wp\/v2\/users\/1"}],"replies":[{"embeddable":true,"href":"https:\/\/www.cgmouthpiece.it\/fr\/wp-json\/wp\/v2\/comments?post=19566"}],"version-history":[{"count":93,"href":"https:\/\/www.cgmouthpiece.it\/fr\/wp-json\/wp\/v2\/pages\/19566\/revisions"}],"predecessor-version":[{"id":21520,"href":"https:\/\/www.cgmouthpiece.it\/fr\/wp-json\/wp\/v2\/pages\/19566\/revisions\/21520"}],"wp:attachment":[{"href":"https:\/\/www.cgmouthpiece.it\/fr\/wp-json\/wp\/v2\/media?parent=19566"}],"curies":[{"name":"wp","href":"https:\/\/api.w.org\/{rel}","templated":true}]}}