{"id":19610,"date":"2016-03-21T11:52:20","date_gmt":"2016-03-21T10:52:20","guid":{"rendered":"https:\/\/www.cgmouthpiece.it\/?page_id=19610"},"modified":"2017-06-01T17:13:35","modified_gmt":"2017-06-01T15:13:35","slug":"chi-siamo","status":"publish","type":"page","link":"https:\/\/www.cgmouthpiece.it\/fr\/chi-siamo\/","title":{"rendered":"Qui sommes-nous"},"content":{"rendered":"<p>[vc_row bg_type=\u00a0\u00bbimage\u00a0\u00bb parallax_style=\u00a0\u00bbvcpb-default\u00a0\u00bb bg_image_new=\u00a0\u00bbid^20116|url^https:\/\/www.cgmouthpiece.it\/wp-content\/uploads\/2016\/03\/P1030167.jpg|caption^OLYMPUS DIGITAL CAMERA|alt^null|title^OLYMPUS DIGITAL CAMERA|description^null\u00a0\u00bb bg_image_repeat=\u00a0\u00bbno-repeat\u00a0\u00bb bg_img_attach=\u00a0\u00bbfixed\u00a0\u00bb bg_override=\u00a0\u00bbfull\u00a0\u00bb el_class=\u00a0\u00bbsection-breadcrumbs\u00a0\u00bb][vc_column width=\u00a0\u00bb1\/4&Prime;][\/vc_column][vc_column width=\u00a0\u00bb1\/2&Prime;][vc_column_text]<\/p>\n<h1 style=\"text-align: center;\">QUI SOMMES-NOUS<\/h1>\n<hr \/>\n<p style=\"text-align: center;\">Artisanat, recherche et technologie unis<br \/>\npour cr\u00e9er un produit de qualit\u00e9 au service de l\u2019art<\/p>\n<p>[\/vc_column_text][\/vc_column][vc_column width=\u00a0\u00bb1\/4&Prime;][\/vc_column][\/vc_row][vc_row][vc_column width=\u00a0\u00bb2\/3&Prime;][vc_media_grid element_width=\u00a0\u00bb3&Prime; grid_id=\u00a0\u00bbvc_gid:1496329821312-7ac17945-9300-2&Prime; include=\u00a0\u00bb20104,20106,20107,20112&Prime;][\/vc_column][vc_column width=\u00a0\u00bb1\/3&Prime;][vc_column_text css=\u00a0\u00bb.vc_custom_1461751143702{padding-top: 30px !important;}\u00a0\u00bb]Le projet <strong>CG Mouthpiece Italy<\/strong> na\u00eet du d\u00e9sir de cr\u00e9er un produit de qualit\u00e9, tr\u00e8s artisanal mais qui utilise, en phase de projet et de recherche, d\u2019importants instruments technologiques.[\/vc_column_text][\/vc_column][\/vc_row][vc_row][vc_column][vc_column_text]<\/p>\n<h2>Qui sommes-nous et pourquoi choisir nos embout buccal fait \u00e0 la main<\/h2>\n<hr \/>\n<p>Un produit fait \u00e0 la main inspir\u00e9 de la tradition de grands artisans qui, dans les ann\u00e9es 1930 et 1940, ont lanc\u00e9 un parcours de recherche dont les fondements sont encore valables. C\u2019est de l\u00e0 que nous sommes partis, de l\u2019\u00e9tude des meilleures pi\u00e8ces que nous poss\u00e9dons : une analyse qui n\u2019est pas purement technique, qui n\u2019est pas li\u00e9e \u00e0 la technicit\u00e9 des manuels, une analyse qui commence par la partie la plus importante, <strong>\u00e0 savoir simplement\u2026.jouer<\/strong>.<\/p>\n<p>Le projet <strong>CG Mouthpiece Italy<\/strong> a \u00e9t\u00e9 fond\u00e9 en d\u00e9cembre 2012 par Claudio Guida, Tiziano Camporelli et, dans la phase initiale de projet, d\u2019\u00e9tude et de r\u00e9alisation des premiers mod\u00e8les, par Daniele Gardino, ing\u00e9nieur et excellent saxophoniste. Unis par la passion pour les sons du saxophone et ses innombrables possibilit\u00e9s de timbre, nous avons donn\u00e9 vie \u00e0 ce projet ambitieux enti\u00e8rement made in Italy.<\/p>\n<p>Claudio Guida, musicien professionnel et professeur, a toujours \u00e9t\u00e9 attir\u00e9 par l\u2019\u00e9tude et la compr\u00e9hension des variables possibles dans les g\u00e9om\u00e9tries des becs : au d\u00e9but en tant qu\u2019observateur et \u00ab utilisateur final \u00bb, il a observ\u00e9 et utilis\u00e9 les produits les plus divers disponibles sur le march\u00e9 du neuf et vintage ; ensuite, il a approfondi les aspects plus techniques avec les premi\u00e8res exp\u00e9rimentations artisanales sur les becs en modifiant les g\u00e9om\u00e9tries, en agissant sur les \u00e9quilibres qui les caract\u00e9risent. Tout cela a pos\u00e9 les bases d\u2019une recherche scientifiquement plus pr\u00e9cise, celle que nous avons pu entreprendre gr\u00e2ce \u00e0 la rencontre avec Tiziano Camporelli, propri\u00e9taire de la T.C.M. entreprise leader dans les usinages m\u00e9caniques de pr\u00e9cision. L\u2019exp\u00e9rience trentenaire de Tiziano dans le secteur de la m\u00e9canique de tr\u00e8s haute pr\u00e9cision s\u2019est unie \u00e0 notre passion commune, avec la m\u00eame curiosit\u00e9 envers le monde des sons, ce qui a \u00e9t\u00e9 tr\u00e8s important car cela a agrandi les horizons de recherche. Son exp\u00e9rience comp\u00e9tente dans les flux d\u2019usinage m\u00e9canique s\u2019est unie \u00e0 notre passion infinie pour le saxophone, au service d\u2019une recherche dans le secteur des becs qui continue aujourd\u2019hui encore avec Claudio Guida. La recherche du parcours indispensable pour cr\u00e9er nos propres id\u00e9es, des id\u00e9es <strong>CG Mouthpiece Italy<\/strong>.[\/vc_column_text][\/vc_column][\/vc_row][vc_row][vc_column][vc_text_separator title=\u00a0\u00bbrencontrer notre \u00e9quipe\u00a0\u00bb title_align=\u00a0\u00bbseparator_align_left\u00a0\u00bb][vc_row_inner][vc_column_inner width=\u00a0\u00bb1\/2&Prime;]<div class=\"team-member member-type-2 \"><div class=\"row\"><div class=\"col-md-6\"><div class=\"member-image\"><img src=\"https:\/\/www.cgmouthpiece.it\/wp-content\/uploads\/2016\/03\/claudio-guida-200x200.jpg\" \/><\/div><div class=\"clear\"><\/div><\/div><div class=\"col-md-6\"><div class=\"member-details\"><h4>Claudio Guida<\/h4><h5 class=\"member-position\">musicien professionnel et professeur<\/h5><ul class=\"menu-social-icons\"><li><a href=\"#\"><i class=\"ico-twitter\"><\/i><svg width=\"38\" height=\"38\" xmlns=\"http:\/\/www.w3.org\/2000\/svg\" class=\"circle\"><circle cx=\"19\" cy=\"19\" r=\"18\" fill=\"#fff\" stroke=\"#000000\"><\/circle><\/svg><\/a><\/li><li><a href=\"#\"><i class=\"ico-facebook\"><\/i><svg width=\"38\" height=\"38\" xmlns=\"http:\/\/www.w3.org\/2000\/svg\" class=\"circle\"><circle cx=\"19\" cy=\"19\" r=\"18\" fill=\"#fff\" stroke=\"#000000\"><\/circle><\/svg><\/a><\/li><\/ul><\/div><\/div><\/div><\/div>[\/vc_column_inner][vc_column_inner width=\u00a0\u00bb1\/2&Prime;]<div class=\"team-member member-type-2 \"><div class=\"row\"><div class=\"col-md-6\"><div class=\"member-image\"><img src=\"https:\/\/www.cgmouthpiece.it\/wp-content\/uploads\/2016\/03\/tiziano-camporelli2-200x200.jpg\" \/><\/div><div class=\"clear\"><\/div><\/div><div class=\"col-md-6\"><div class=\"member-details\"><h4>Tiziano Camporelli<\/h4><h5 class=\"member-position\">propri\u00e9taire de la T.C.M.<\/h5><ul class=\"menu-social-icons\"><li><a href=\"#\"><i class=\"ico-twitter\"><\/i><svg width=\"38\" height=\"38\" xmlns=\"http:\/\/www.w3.org\/2000\/svg\" class=\"circle\"><circle cx=\"19\" cy=\"19\" r=\"18\" fill=\"#fff\" stroke=\"#000000\"><\/circle><\/svg><\/a><\/li><li><a href=\"#\"><i class=\"ico-facebook\"><\/i><svg width=\"38\" height=\"38\" xmlns=\"http:\/\/www.w3.org\/2000\/svg\" class=\"circle\"><circle cx=\"19\" cy=\"19\" r=\"18\" fill=\"#fff\" stroke=\"#000000\"><\/circle><\/svg><\/a><\/li><\/ul><\/div><\/div><\/div><\/div>[\/vc_column_inner][\/vc_row_inner][\/vc_column][\/vc_row]<\/p>","protected":false},"excerpt":{"rendered":"<p>&#8230;<\/p>\n","protected":false},"author":1,"featured_media":0,"parent":0,"menu_order":0,"comment_status":"closed","ping_status":"closed","template":"","meta":[],"acf":[],"yoast_head":"<!-- This site is optimized with the Yoast SEO plugin v18.3 - https:\/\/yoast.com\/wordpress\/plugins\/seo\/ -->\n<title>Chi siamo e perch\u00e9 scegliere le nostre imboccature artigianali<\/title>\n<meta name=\"description\" content=\"Imboccature artigianali ispirate alla tradizione dei grandi artigiani che, dagli anni &#039;30 e &#039;40 del secolo scorso, hanno dato via ad un percorso di ricerca.\" \/>\n<meta name=\"robots\" content=\"index, follow, max-snippet:-1, max-image-preview:large, max-video-preview:-1\" \/>\n<link rel=\"canonical\" href=\"https:\/\/www.cgmouthpiece.it\/chi-siamo\/\" \/>\n<meta property=\"og:locale\" content=\"fr_FR\" \/>\n<meta property=\"og:type\" content=\"article\" \/>\n<meta property=\"og:title\" content=\"Chi siamo e perch\u00e9 scegliere le nostre imboccature artigianali\" \/>\n<meta property=\"og:description\" content=\"Imboccature artigianali ispirate alla tradizione dei grandi artigiani che, dagli anni &#039;30 e &#039;40 del secolo scorso, hanno dato via ad un percorso di ricerca.\" \/>\n<meta property=\"og:url\" content=\"https:\/\/www.cgmouthpiece.it\/chi-siamo\/\" \/>\n<meta property=\"og:site_name\" content=\"CG MouthPiece\" \/>\n<meta property=\"article:publisher\" content=\"https:\/\/www.facebook.com\/cgmouthpiece.it\/\" \/>\n<meta property=\"article:modified_time\" content=\"2017-06-01T15:13:35+00:00\" \/>\n<meta name=\"twitter:card\" content=\"summary\" \/>\n<meta name=\"twitter:label1\" content=\"Dur\u00e9e de lecture estim\u00e9e\" \/>\n\t<meta name=\"twitter:data1\" content=\"12 minutes\" \/>\n<script type=\"application\/ld+json\" class=\"yoast-schema-graph\">{\"@context\":\"https:\/\/schema.org\",\"@graph\":[{\"@type\":\"WebSite\",\"@id\":\"https:\/\/www.cgmouthpiece.it\/#website\",\"url\":\"https:\/\/www.cgmouthpiece.it\/\",\"name\":\"CG MouthPiece\",\"description\":\"Best handcrafted mouthpieces made in Italy!\",\"potentialAction\":[{\"@type\":\"SearchAction\",\"target\":{\"@type\":\"EntryPoint\",\"urlTemplate\":\"https:\/\/www.cgmouthpiece.it\/?s={search_term_string}\"},\"query-input\":\"required name=search_term_string\"}],\"inLanguage\":\"fr-FR\"},{\"@type\":\"WebPage\",\"@id\":\"https:\/\/www.cgmouthpiece.it\/chi-siamo\/#webpage\",\"url\":\"https:\/\/www.cgmouthpiece.it\/chi-siamo\/\",\"name\":\"Chi siamo e perch\u00e9 scegliere le nostre imboccature artigianali\",\"isPartOf\":{\"@id\":\"https:\/\/www.cgmouthpiece.it\/#website\"},\"datePublished\":\"2016-03-21T10:52:20+00:00\",\"dateModified\":\"2017-06-01T15:13:35+00:00\",\"description\":\"Imboccature artigianali ispirate alla tradizione dei grandi artigiani che, dagli anni '30 e '40 del secolo scorso, hanno dato via ad un percorso di ricerca.\",\"breadcrumb\":{\"@id\":\"https:\/\/www.cgmouthpiece.it\/chi-siamo\/#breadcrumb\"},\"inLanguage\":\"fr-FR\",\"potentialAction\":[{\"@type\":\"ReadAction\",\"target\":[\"https:\/\/www.cgmouthpiece.it\/chi-siamo\/\"]}]},{\"@type\":\"BreadcrumbList\",\"@id\":\"https:\/\/www.cgmouthpiece.it\/chi-siamo\/#breadcrumb\",\"itemListElement\":[{\"@type\":\"ListItem\",\"position\":1,\"name\":\"Home\",\"item\":\"https:\/\/www.cgmouthpiece.it\/\"},{\"@type\":\"ListItem\",\"position\":2,\"name\":\"Chi Siamo\"}]}]}<\/script>\n<!-- \/ Yoast SEO plugin. -->","yoast_head_json":{"title":"Chi siamo e perch\u00e9 scegliere le nostre imboccature artigianali","description":"Imboccature artigianali ispirate alla tradizione dei grandi artigiani che, dagli anni '30 e '40 del secolo scorso, hanno dato via ad un percorso di ricerca.","robots":{"index":"index","follow":"follow","max-snippet":"max-snippet:-1","max-image-preview":"max-image-preview:large","max-video-preview":"max-video-preview:-1"},"canonical":"https:\/\/www.cgmouthpiece.it\/chi-siamo\/","og_locale":"fr_FR","og_type":"article","og_title":"Chi siamo e perch\u00e9 scegliere le nostre imboccature artigianali","og_description":"Imboccature artigianali ispirate alla tradizione dei grandi artigiani che, dagli anni '30 e '40 del secolo scorso, hanno dato via ad un percorso di ricerca.","og_url":"https:\/\/www.cgmouthpiece.it\/chi-siamo\/","og_site_name":"CG MouthPiece","article_publisher":"https:\/\/www.facebook.com\/cgmouthpiece.it\/","article_modified_time":"2017-06-01T15:13:35+00:00","twitter_card":"summary","twitter_misc":{"Dur\u00e9e de lecture estim\u00e9e":"12 minutes"},"schema":{"@context":"https:\/\/schema.org","@graph":[{"@type":"WebSite","@id":"https:\/\/www.cgmouthpiece.it\/#website","url":"https:\/\/www.cgmouthpiece.it\/","name":"CG MouthPiece","description":"Best handcrafted mouthpieces made in Italy!","potentialAction":[{"@type":"SearchAction","target":{"@type":"EntryPoint","urlTemplate":"https:\/\/www.cgmouthpiece.it\/?s={search_term_string}"},"query-input":"required name=search_term_string"}],"inLanguage":"fr-FR"},{"@type":"WebPage","@id":"https:\/\/www.cgmouthpiece.it\/chi-siamo\/#webpage","url":"https:\/\/www.cgmouthpiece.it\/chi-siamo\/","name":"Chi siamo e perch\u00e9 scegliere le nostre imboccature artigianali","isPartOf":{"@id":"https:\/\/www.cgmouthpiece.it\/#website"},"datePublished":"2016-03-21T10:52:20+00:00","dateModified":"2017-06-01T15:13:35+00:00","description":"Imboccature artigianali ispirate alla tradizione dei grandi artigiani che, dagli anni '30 e '40 del secolo scorso, hanno dato via ad un percorso di ricerca.","breadcrumb":{"@id":"https:\/\/www.cgmouthpiece.it\/chi-siamo\/#breadcrumb"},"inLanguage":"fr-FR","potentialAction":[{"@type":"ReadAction","target":["https:\/\/www.cgmouthpiece.it\/chi-siamo\/"]}]},{"@type":"BreadcrumbList","@id":"https:\/\/www.cgmouthpiece.it\/chi-siamo\/#breadcrumb","itemListElement":[{"@type":"ListItem","position":1,"name":"Home","item":"https:\/\/www.cgmouthpiece.it\/"},{"@type":"ListItem","position":2,"name":"Chi Siamo"}]}]}},"_links":{"self":[{"href":"https:\/\/www.cgmouthpiece.it\/fr\/wp-json\/wp\/v2\/pages\/19610"}],"collection":[{"href":"https:\/\/www.cgmouthpiece.it\/fr\/wp-json\/wp\/v2\/pages"}],"about":[{"href":"https:\/\/www.cgmouthpiece.it\/fr\/wp-json\/wp\/v2\/types\/page"}],"author":[{"embeddable":true,"href":"https:\/\/www.cgmouthpiece.it\/fr\/wp-json\/wp\/v2\/users\/1"}],"replies":[{"embeddable":true,"href":"https:\/\/www.cgmouthpiece.it\/fr\/wp-json\/wp\/v2\/comments?post=19610"}],"version-history":[{"count":78,"href":"https:\/\/www.cgmouthpiece.it\/fr\/wp-json\/wp\/v2\/pages\/19610\/revisions"}],"predecessor-version":[{"id":21062,"href":"https:\/\/www.cgmouthpiece.it\/fr\/wp-json\/wp\/v2\/pages\/19610\/revisions\/21062"}],"wp:attachment":[{"href":"https:\/\/www.cgmouthpiece.it\/fr\/wp-json\/wp\/v2\/media?parent=19610"}],"curies":[{"name":"wp","href":"https:\/\/api.w.org\/{rel}","templated":true}]}}