{"id":19713,"date":"2016-04-01T11:28:43","date_gmt":"2016-04-01T09:28:43","guid":{"rendered":"https:\/\/www.cgmouthpiece.it\/?post_type=product&#038;p=19713"},"modified":"2025-03-30T19:13:24","modified_gmt":"2025-03-30T17:13:24","slug":"comparatore","status":"publish","type":"product","link":"https:\/\/www.cgmouthpiece.it\/fr\/prodotto\/comparatore\/","title":{"rendered":"Indicateur d&rsquo;Ouverture pour embouchures"},"content":{"rendered":"<p>Comparateur num\u00e9rique \u00e0 cadran en alliage d&rsquo;aluminium et plastique avec \u00e9cran LCD \u00e0 4 chiffres install\u00e9 sur une barre en aluminium millim\u00e9trique ergonomique et parfaitement plate.<\/p>\n<p>Plage de mesure extr\u00eamement pr\u00e9cise: 0 ~ 12,7 mm avec une r\u00e9solution de 0,01 mm (0,0005 inch). Commutable entre mm et pouces en appuyant sur un bouton.<\/p>\n<p>Les dimensions du pointeur sph\u00e9rique sont sp\u00e9cialement con\u00e7ues pour permettre un positionnement facile sur la pointe de l&#8217;embouchure.<\/p>","protected":false},"excerpt":{"rendered":"<p>&#8230;<\/p>\n","protected":false},"featured_media":21381,"comment_status":"closed","ping_status":"closed","template":"","meta":[],"product_cat":[17],"product_tag":[],"acf":[],"yoast_head":"<!-- This site is optimized with the Yoast SEO plugin v18.3 - https:\/\/yoast.com\/wordpress\/plugins\/seo\/ -->\n<title><\/title>\n<meta name=\"description\" content=\"{:it}Il comparatore digitale CG mouthpiece, \u00e8 uno strumento indispensabile al fine di misurare l\u2019effettiva apertura del tip delle imboccature...{:}\" \/>\n<meta name=\"robots\" content=\"index, follow, max-snippet:-1, max-image-preview:large, max-video-preview:-1\" \/>\n<link rel=\"canonical\" href=\"https:\/\/www.cgmouthpiece.it\/prodotto\/comparatore\/\" \/>\n<meta property=\"og:locale\" content=\"fr_FR\" \/>\n<meta property=\"og:type\" content=\"article\" \/>\n<meta property=\"og:title\" content=\"[:it]Comparatore Digitale CG Mouthpiece[:]\" \/>\n<meta property=\"og:description\" content=\"{:it}Il comparatore digitale CG mouthpiece, \u00e8 uno strumento indispensabile al fine di misurare l\u2019effettiva apertura del tip delle imboccature...{:}\" \/>\n<meta property=\"og:url\" content=\"https:\/\/www.cgmouthpiece.it\/prodotto\/comparatore\/\" \/>\n<meta property=\"og:site_name\" content=\"CG MouthPiece\" \/>\n<meta property=\"article:publisher\" content=\"https:\/\/www.facebook.com\/cgmouthpiece.it\/\" \/>\n<meta property=\"article:modified_time\" content=\"2025-03-30T17:13:24+00:00\" \/>\n<meta property=\"og:image\" content=\"https:\/\/www.cgmouthpiece.it\/wp-content\/uploads\/2016\/04\/comparatore_display.jpg\" \/>\n\t<meta property=\"og:image:width\" content=\"700\" \/>\n\t<meta property=\"og:image:height\" content=\"874\" \/>\n\t<meta property=\"og:image:type\" content=\"image\/jpeg\" \/>\n<meta name=\"twitter:card\" content=\"summary\" \/>\n<meta name=\"twitter:label1\" content=\"Dur\u00e9e de lecture estim\u00e9e\" \/>\n\t<meta name=\"twitter:data1\" content=\"1 minute\" \/>\n<script type=\"application\/ld+json\" class=\"yoast-schema-graph\">{\"@context\":\"https:\/\/schema.org\",\"@graph\":[{\"@type\":\"WebSite\",\"@id\":\"https:\/\/www.cgmouthpiece.it\/#website\",\"url\":\"https:\/\/www.cgmouthpiece.it\/\",\"name\":\"CG MouthPiece\",\"description\":\"Best handcrafted mouthpieces made in Italy!\",\"potentialAction\":[{\"@type\":\"SearchAction\",\"target\":{\"@type\":\"EntryPoint\",\"urlTemplate\":\"https:\/\/www.cgmouthpiece.it\/?s={search_term_string}\"},\"query-input\":\"required name=search_term_string\"}],\"inLanguage\":\"fr-FR\"},{\"@type\":\"ImageObject\",\"@id\":\"https:\/\/www.cgmouthpiece.it\/prodotto\/comparatore\/#primaryimage\",\"inLanguage\":\"fr-FR\",\"url\":\"https:\/\/www.cgmouthpiece.it\/wp-content\/uploads\/2016\/04\/comparatore_display.jpg\",\"contentUrl\":\"https:\/\/www.cgmouthpiece.it\/wp-content\/uploads\/2016\/04\/comparatore_display.jpg\",\"width\":700,\"height\":874},{\"@type\":\"WebPage\",\"@id\":\"https:\/\/www.cgmouthpiece.it\/prodotto\/comparatore\/#webpage\",\"url\":\"https:\/\/www.cgmouthpiece.it\/prodotto\/comparatore\/\",\"name\":\"[:it]Comparatore Digitale CG Mouthpiece[:]\",\"isPartOf\":{\"@id\":\"https:\/\/www.cgmouthpiece.it\/#website\"},\"primaryImageOfPage\":{\"@id\":\"https:\/\/www.cgmouthpiece.it\/prodotto\/comparatore\/#primaryimage\"},\"datePublished\":\"2016-04-01T09:28:43+00:00\",\"dateModified\":\"2025-03-30T17:13:24+00:00\",\"description\":\"{:it}Il comparatore digitale CG mouthpiece, \u00e8 uno strumento indispensabile al fine di misurare l\u2019effettiva apertura del tip delle imboccature...{:}\",\"breadcrumb\":{\"@id\":\"https:\/\/www.cgmouthpiece.it\/prodotto\/comparatore\/#breadcrumb\"},\"inLanguage\":\"fr-FR\",\"potentialAction\":[{\"@type\":\"ReadAction\",\"target\":[\"https:\/\/www.cgmouthpiece.it\/prodotto\/comparatore\/\"]}]},{\"@type\":\"BreadcrumbList\",\"@id\":\"https:\/\/www.cgmouthpiece.it\/prodotto\/comparatore\/#breadcrumb\",\"itemListElement\":[{\"@type\":\"ListItem\",\"position\":1,\"name\":\"Home\",\"item\":\"https:\/\/www.cgmouthpiece.it\/\"},{\"@type\":\"ListItem\",\"position\":2,\"name\":\"Store\",\"item\":\"https:\/\/www.cgmouthpiece.it\/store\/\"},{\"@type\":\"ListItem\",\"position\":3,\"name\":\"[:it]Comparatore Digitale[:en]Tip Opening Gauge[:fr]Indicateur d&#8217;Ouverture pour embouchures[:es]Indicador de Apertura para Boquillas[:]\"}]}]}<\/script>\n<!-- \/ Yoast SEO plugin. -->","yoast_head_json":{"title":"[:it]Comparatore Digitale CG Mouthpiece[:]","description":"{:it}Il comparatore digitale CG mouthpiece, \u00e8 uno strumento indispensabile al fine di misurare l\u2019effettiva apertura del tip delle imboccature...{:}","robots":{"index":"index","follow":"follow","max-snippet":"max-snippet:-1","max-image-preview":"max-image-preview:large","max-video-preview":"max-video-preview:-1"},"canonical":"https:\/\/www.cgmouthpiece.it\/prodotto\/comparatore\/","og_locale":"fr_FR","og_type":"article","og_title":"[:it]Comparatore Digitale CG Mouthpiece[:]","og_description":"{:it}Il comparatore digitale CG mouthpiece, \u00e8 uno strumento indispensabile al fine di misurare l\u2019effettiva apertura del tip delle imboccature...{:}","og_url":"https:\/\/www.cgmouthpiece.it\/prodotto\/comparatore\/","og_site_name":"CG MouthPiece","article_publisher":"https:\/\/www.facebook.com\/cgmouthpiece.it\/","article_modified_time":"2025-03-30T17:13:24+00:00","og_image":[{"width":700,"height":874,"url":"https:\/\/www.cgmouthpiece.it\/wp-content\/uploads\/2016\/04\/comparatore_display.jpg","type":"image\/jpeg"}],"twitter_card":"summary","twitter_misc":{"Dur\u00e9e de lecture estim\u00e9e":"1 minute"},"schema":{"@context":"https:\/\/schema.org","@graph":[{"@type":"WebSite","@id":"https:\/\/www.cgmouthpiece.it\/#website","url":"https:\/\/www.cgmouthpiece.it\/","name":"CG MouthPiece","description":"Best handcrafted mouthpieces made in Italy!","potentialAction":[{"@type":"SearchAction","target":{"@type":"EntryPoint","urlTemplate":"https:\/\/www.cgmouthpiece.it\/?s={search_term_string}"},"query-input":"required name=search_term_string"}],"inLanguage":"fr-FR"},{"@type":"ImageObject","@id":"https:\/\/www.cgmouthpiece.it\/prodotto\/comparatore\/#primaryimage","inLanguage":"fr-FR","url":"https:\/\/www.cgmouthpiece.it\/wp-content\/uploads\/2016\/04\/comparatore_display.jpg","contentUrl":"https:\/\/www.cgmouthpiece.it\/wp-content\/uploads\/2016\/04\/comparatore_display.jpg","width":700,"height":874},{"@type":"WebPage","@id":"https:\/\/www.cgmouthpiece.it\/prodotto\/comparatore\/#webpage","url":"https:\/\/www.cgmouthpiece.it\/prodotto\/comparatore\/","name":"[:it]Comparatore Digitale CG Mouthpiece[:]","isPartOf":{"@id":"https:\/\/www.cgmouthpiece.it\/#website"},"primaryImageOfPage":{"@id":"https:\/\/www.cgmouthpiece.it\/prodotto\/comparatore\/#primaryimage"},"datePublished":"2016-04-01T09:28:43+00:00","dateModified":"2025-03-30T17:13:24+00:00","description":"{:it}Il comparatore digitale CG mouthpiece, \u00e8 uno strumento indispensabile al fine di misurare l\u2019effettiva apertura del tip delle imboccature...{:}","breadcrumb":{"@id":"https:\/\/www.cgmouthpiece.it\/prodotto\/comparatore\/#breadcrumb"},"inLanguage":"fr-FR","potentialAction":[{"@type":"ReadAction","target":["https:\/\/www.cgmouthpiece.it\/prodotto\/comparatore\/"]}]},{"@type":"BreadcrumbList","@id":"https:\/\/www.cgmouthpiece.it\/prodotto\/comparatore\/#breadcrumb","itemListElement":[{"@type":"ListItem","position":1,"name":"Home","item":"https:\/\/www.cgmouthpiece.it\/"},{"@type":"ListItem","position":2,"name":"Store","item":"https:\/\/www.cgmouthpiece.it\/store\/"},{"@type":"ListItem","position":3,"name":"[:it]Comparatore Digitale[:en]Tip Opening Gauge[:fr]Indicateur d&#8217;Ouverture pour embouchures[:es]Indicador de Apertura para Boquillas[:]"}]}]}},"_links":{"self":[{"href":"https:\/\/www.cgmouthpiece.it\/fr\/wp-json\/wp\/v2\/product\/19713"}],"collection":[{"href":"https:\/\/www.cgmouthpiece.it\/fr\/wp-json\/wp\/v2\/product"}],"about":[{"href":"https:\/\/www.cgmouthpiece.it\/fr\/wp-json\/wp\/v2\/types\/product"}],"replies":[{"embeddable":true,"href":"https:\/\/www.cgmouthpiece.it\/fr\/wp-json\/wp\/v2\/comments?post=19713"}],"wp:featuredmedia":[{"embeddable":true,"href":"https:\/\/www.cgmouthpiece.it\/fr\/wp-json\/wp\/v2\/media\/21381"}],"wp:attachment":[{"href":"https:\/\/www.cgmouthpiece.it\/fr\/wp-json\/wp\/v2\/media?parent=19713"}],"wp:term":[{"taxonomy":"product_cat","embeddable":true,"href":"https:\/\/www.cgmouthpiece.it\/fr\/wp-json\/wp\/v2\/product_cat?post=19713"},{"taxonomy":"product_tag","embeddable":true,"href":"https:\/\/www.cgmouthpiece.it\/fr\/wp-json\/wp\/v2\/product_tag?post=19713"}],"curies":[{"name":"wp","href":"https:\/\/api.w.org\/{rel}","templated":true}]}}