{"id":19739,"date":"2016-04-04T09:36:32","date_gmt":"2016-04-04T07:36:32","guid":{"rendered":"https:\/\/www.cgmouthpiece.it\/?post_type=product&#038;p=19739"},"modified":"2021-02-18T09:42:09","modified_gmt":"2021-02-18T08:42:09","slug":"siracusa-camera-small","status":"publish","type":"product","link":"https:\/\/www.cgmouthpiece.it\/fr\/prodotto\/siracusa-camera-small\/","title":{"rendered":"Siracusa camera small"},"content":{"rendered":"","protected":false},"excerpt":{"rendered":"<p>Le mod\u00e8le Siracusa pour saxophone alto a \u00e9t\u00e9 con\u00e7u en pensant au son chaud et plein des becs vintage. Il rappelle la brillance des vieux Meyer Bros New York mais avec la projection du son qui caract\u00e9rise les becs modernes. Il poss\u00e8de un plafond (roll-over baffle) qui n\u2019est pas excessivement haut et a \u00e9t\u00e9 con\u00e7u pour donner une projection excellente sans trop de brillance, en maintenant ainsi le son chaud typique des becs en \u00e9bonite de qualit\u00e9. Le mod\u00e8le Siracusa pour saxophone alto est disponible en deux variantes : petite chambre (small chamber) et chambre moyenne (medium chamber) qui ont le m\u00eame plafond mais le premier a les parois de la fen\u00eatre plates qui convergent dans une petite chambre tandis que le second a les parois de la fen\u00eatre l\u00e9g\u00e8rement concaves qui convergent dans une chambre moyenne. Bien que les caract\u00e9ristiques de timbre principales soient tr\u00e8s semblables, le mod\u00e8le small chamber est caract\u00e9ris\u00e9 par une plus petite r\u00e9sistance \u2013 donc une simplicit\u00e9 d\u2019\u00e9mission &#8211;\u00a0 et une couleur du son l\u00e9g\u00e8rement plus claire et projective par rapport au mod\u00e8le medium chambrer qui poss\u00e8de la profondeur de timbre typique des becs plus sombres et moins projectifs. La qualit\u00e9 \u00e9lev\u00e9e de l\u2019\u00e9bonite utilis\u00e9e garantit sur les deux variantes du Siracusa un son riche et harmoniquement complexe, appropri\u00e9 en section ou comme soliste.Les deux mod\u00e8les, S et M, convenablement sollicit\u00e9s par l\u2019instrumentiste ont une puissance sonore sans \u00e9gal pour un bec en \u00e9bonite. Le mod\u00e8le Siracusa pour saxophone alto a donc \u00e9t\u00e9 con\u00e7u pour le musicien qui aime un timbre lumineux qui \u00e9merge parmi les autres pour sa facilit\u00e9 d\u2019\u00e9mission et de contr\u00f4le.<\/p>\n<p>Disponible sur demande dans diff\u00e9rentes ouvertures non list\u00e9es ici<\/p>\n<p class=\"p1\"><span class=\"s1\">Livr\u00e9e avec\u00a0<\/span><span class=\"s2\">Rovner ligature et couvre bec.<\/span><\/p>\n","protected":false},"featured_media":21332,"comment_status":"closed","ping_status":"closed","template":"","meta":[],"product_cat":[15,24,33],"product_tag":[],"acf":[],"yoast_head":"<!-- This site is optimized with the Yoast SEO plugin v18.3 - https:\/\/yoast.com\/wordpress\/plugins\/seo\/ -->\n<title>Siracusa per sax alto camera small CG Mouthpiece<\/title>\n<meta name=\"description\" content=\"Il modello Siracusa per sax alto \u00e8 stato progettato con in mente la calda e piena sonorit\u00e0 tipica delle imboccature vintage. Richiama la brillantezza...\" \/>\n<meta name=\"robots\" content=\"index, follow, max-snippet:-1, max-image-preview:large, max-video-preview:-1\" \/>\n<link rel=\"canonical\" href=\"https:\/\/www.cgmouthpiece.it\/en\/prodotto\/siracusa-camera-small\/\" \/>\n<meta property=\"og:locale\" content=\"fr_FR\" \/>\n<meta property=\"og:type\" content=\"article\" \/>\n<meta property=\"og:title\" content=\"Siracusa per sax alto camera small CG Mouthpiece\" \/>\n<meta property=\"og:description\" content=\"Il modello Siracusa per sax alto \u00e8 stato progettato con in mente la calda e piena sonorit\u00e0 tipica delle imboccature vintage. Richiama la brillantezza...\" \/>\n<meta property=\"og:url\" content=\"https:\/\/www.cgmouthpiece.it\/en\/prodotto\/siracusa-camera-small\/\" \/>\n<meta property=\"og:site_name\" content=\"CG MouthPiece\" \/>\n<meta property=\"article:publisher\" content=\"https:\/\/www.facebook.com\/cgmouthpiece.it\/\" \/>\n<meta property=\"article:modified_time\" content=\"2021-02-18T08:42:09+00:00\" \/>\n<meta property=\"og:image\" content=\"https:\/\/www.cgmouthpiece.it\/wp-content\/uploads\/2016\/04\/SAS-mSideExt.jpg\" \/>\n\t<meta property=\"og:image:width\" content=\"700\" \/>\n\t<meta property=\"og:image:height\" content=\"874\" \/>\n\t<meta property=\"og:image:type\" content=\"image\/jpeg\" \/>\n<meta name=\"twitter:card\" content=\"summary\" \/>\n<script type=\"application\/ld+json\" class=\"yoast-schema-graph\">{\"@context\":\"https:\/\/schema.org\",\"@graph\":[{\"@type\":\"WebSite\",\"@id\":\"https:\/\/www.cgmouthpiece.it\/#website\",\"url\":\"https:\/\/www.cgmouthpiece.it\/\",\"name\":\"CG MouthPiece\",\"description\":\"Best handcrafted mouthpieces made in Italy!\",\"potentialAction\":[{\"@type\":\"SearchAction\",\"target\":{\"@type\":\"EntryPoint\",\"urlTemplate\":\"https:\/\/www.cgmouthpiece.it\/?s={search_term_string}\"},\"query-input\":\"required name=search_term_string\"}],\"inLanguage\":\"fr-FR\"},{\"@type\":\"ImageObject\",\"@id\":\"https:\/\/www.cgmouthpiece.it\/en\/prodotto\/siracusa-camera-small\/#primaryimage\",\"inLanguage\":\"fr-FR\",\"url\":\"https:\/\/www.cgmouthpiece.it\/wp-content\/uploads\/2016\/04\/SAS-mSideExt.jpg\",\"contentUrl\":\"https:\/\/www.cgmouthpiece.it\/wp-content\/uploads\/2016\/04\/SAS-mSideExt.jpg\",\"width\":700,\"height\":874},{\"@type\":\"WebPage\",\"@id\":\"https:\/\/www.cgmouthpiece.it\/en\/prodotto\/siracusa-camera-small\/#webpage\",\"url\":\"https:\/\/www.cgmouthpiece.it\/en\/prodotto\/siracusa-camera-small\/\",\"name\":\"Siracusa per sax alto camera small CG Mouthpiece\",\"isPartOf\":{\"@id\":\"https:\/\/www.cgmouthpiece.it\/#website\"},\"primaryImageOfPage\":{\"@id\":\"https:\/\/www.cgmouthpiece.it\/en\/prodotto\/siracusa-camera-small\/#primaryimage\"},\"datePublished\":\"2016-04-04T07:36:32+00:00\",\"dateModified\":\"2021-02-18T08:42:09+00:00\",\"description\":\"Il modello Siracusa per sax alto \u00e8 stato progettato con in mente la calda e piena sonorit\u00e0 tipica delle imboccature vintage. Richiama la brillantezza...\",\"breadcrumb\":{\"@id\":\"https:\/\/www.cgmouthpiece.it\/en\/prodotto\/siracusa-camera-small\/#breadcrumb\"},\"inLanguage\":\"fr-FR\",\"potentialAction\":[{\"@type\":\"ReadAction\",\"target\":[\"https:\/\/www.cgmouthpiece.it\/en\/prodotto\/siracusa-camera-small\/\"]}]},{\"@type\":\"BreadcrumbList\",\"@id\":\"https:\/\/www.cgmouthpiece.it\/en\/prodotto\/siracusa-camera-small\/#breadcrumb\",\"itemListElement\":[{\"@type\":\"ListItem\",\"position\":1,\"name\":\"Home\",\"item\":\"https:\/\/www.cgmouthpiece.it\/\"},{\"@type\":\"ListItem\",\"position\":2,\"name\":\"Store\",\"item\":\"https:\/\/www.cgmouthpiece.it\/store\/\"},{\"@type\":\"ListItem\",\"position\":3,\"name\":\"Siracusa camera small\"}]}]}<\/script>\n<!-- \/ Yoast SEO plugin. -->","yoast_head_json":{"title":"Siracusa per sax alto camera small CG Mouthpiece","description":"Il modello Siracusa per sax alto \u00e8 stato progettato con in mente la calda e piena sonorit\u00e0 tipica delle imboccature vintage. Richiama la brillantezza...","robots":{"index":"index","follow":"follow","max-snippet":"max-snippet:-1","max-image-preview":"max-image-preview:large","max-video-preview":"max-video-preview:-1"},"canonical":"https:\/\/www.cgmouthpiece.it\/en\/prodotto\/siracusa-camera-small\/","og_locale":"fr_FR","og_type":"article","og_title":"Siracusa per sax alto camera small CG Mouthpiece","og_description":"Il modello Siracusa per sax alto \u00e8 stato progettato con in mente la calda e piena sonorit\u00e0 tipica delle imboccature vintage. Richiama la brillantezza...","og_url":"https:\/\/www.cgmouthpiece.it\/en\/prodotto\/siracusa-camera-small\/","og_site_name":"CG MouthPiece","article_publisher":"https:\/\/www.facebook.com\/cgmouthpiece.it\/","article_modified_time":"2021-02-18T08:42:09+00:00","og_image":[{"width":700,"height":874,"url":"https:\/\/www.cgmouthpiece.it\/wp-content\/uploads\/2016\/04\/SAS-mSideExt.jpg","type":"image\/jpeg"}],"twitter_card":"summary","schema":{"@context":"https:\/\/schema.org","@graph":[{"@type":"WebSite","@id":"https:\/\/www.cgmouthpiece.it\/#website","url":"https:\/\/www.cgmouthpiece.it\/","name":"CG MouthPiece","description":"Best handcrafted mouthpieces made in Italy!","potentialAction":[{"@type":"SearchAction","target":{"@type":"EntryPoint","urlTemplate":"https:\/\/www.cgmouthpiece.it\/?s={search_term_string}"},"query-input":"required name=search_term_string"}],"inLanguage":"fr-FR"},{"@type":"ImageObject","@id":"https:\/\/www.cgmouthpiece.it\/en\/prodotto\/siracusa-camera-small\/#primaryimage","inLanguage":"fr-FR","url":"https:\/\/www.cgmouthpiece.it\/wp-content\/uploads\/2016\/04\/SAS-mSideExt.jpg","contentUrl":"https:\/\/www.cgmouthpiece.it\/wp-content\/uploads\/2016\/04\/SAS-mSideExt.jpg","width":700,"height":874},{"@type":"WebPage","@id":"https:\/\/www.cgmouthpiece.it\/en\/prodotto\/siracusa-camera-small\/#webpage","url":"https:\/\/www.cgmouthpiece.it\/en\/prodotto\/siracusa-camera-small\/","name":"Siracusa per sax alto camera small CG Mouthpiece","isPartOf":{"@id":"https:\/\/www.cgmouthpiece.it\/#website"},"primaryImageOfPage":{"@id":"https:\/\/www.cgmouthpiece.it\/en\/prodotto\/siracusa-camera-small\/#primaryimage"},"datePublished":"2016-04-04T07:36:32+00:00","dateModified":"2021-02-18T08:42:09+00:00","description":"Il modello Siracusa per sax alto \u00e8 stato progettato con in mente la calda e piena sonorit\u00e0 tipica delle imboccature vintage. Richiama la brillantezza...","breadcrumb":{"@id":"https:\/\/www.cgmouthpiece.it\/en\/prodotto\/siracusa-camera-small\/#breadcrumb"},"inLanguage":"fr-FR","potentialAction":[{"@type":"ReadAction","target":["https:\/\/www.cgmouthpiece.it\/en\/prodotto\/siracusa-camera-small\/"]}]},{"@type":"BreadcrumbList","@id":"https:\/\/www.cgmouthpiece.it\/en\/prodotto\/siracusa-camera-small\/#breadcrumb","itemListElement":[{"@type":"ListItem","position":1,"name":"Home","item":"https:\/\/www.cgmouthpiece.it\/"},{"@type":"ListItem","position":2,"name":"Store","item":"https:\/\/www.cgmouthpiece.it\/store\/"},{"@type":"ListItem","position":3,"name":"Siracusa camera small"}]}]}},"_links":{"self":[{"href":"https:\/\/www.cgmouthpiece.it\/fr\/wp-json\/wp\/v2\/product\/19739"}],"collection":[{"href":"https:\/\/www.cgmouthpiece.it\/fr\/wp-json\/wp\/v2\/product"}],"about":[{"href":"https:\/\/www.cgmouthpiece.it\/fr\/wp-json\/wp\/v2\/types\/product"}],"replies":[{"embeddable":true,"href":"https:\/\/www.cgmouthpiece.it\/fr\/wp-json\/wp\/v2\/comments?post=19739"}],"wp:featuredmedia":[{"embeddable":true,"href":"https:\/\/www.cgmouthpiece.it\/fr\/wp-json\/wp\/v2\/media\/21332"}],"wp:attachment":[{"href":"https:\/\/www.cgmouthpiece.it\/fr\/wp-json\/wp\/v2\/media?parent=19739"}],"wp:term":[{"taxonomy":"product_cat","embeddable":true,"href":"https:\/\/www.cgmouthpiece.it\/fr\/wp-json\/wp\/v2\/product_cat?post=19739"},{"taxonomy":"product_tag","embeddable":true,"href":"https:\/\/www.cgmouthpiece.it\/fr\/wp-json\/wp\/v2\/product_tag?post=19739"}],"curies":[{"name":"wp","href":"https:\/\/api.w.org\/{rel}","templated":true}]}}