{"id":19756,"date":"2016-04-04T10:31:59","date_gmt":"2016-04-04T08:31:59","guid":{"rendered":"https:\/\/www.cgmouthpiece.it\/?post_type=product&#038;p=19756"},"modified":"2021-03-04T13:36:24","modified_gmt":"2021-03-04T12:36:24","slug":"siracusa-ebanite","status":"publish","type":"product","link":"https:\/\/www.cgmouthpiece.it\/fr\/prodotto\/siracusa-ebanite\/","title":{"rendered":"Siracusa tenor \u00e9bonite &#8211; serie II"},"content":{"rendered":"","protected":false},"excerpt":{"rendered":"<p>Le mod\u00e8le Siracusa a \u00e9t\u00e9 con\u00e7u pour les musiciens qui recherchent un son traditionnel chaud et plein avec un timbre homog\u00e8ne et une excellente projection. Le plafond court (roll-over baffle), qui converge dans une chambre moyenne-grande, fournit au mod\u00e8le Siracusa un timbre plein non excessivement sombre. Les parois de la fen\u00eatre sont concaves pour garantir une profondeur de timbre \u00e9vidente dans tous les registres. La bague de renfort du cou est en bronze, comme celui utilis\u00e9 pour nos becs en m\u00e9tal plaqu\u00e9 or 24 carats. Le mod\u00e8le Siracura est disponible en \u00e9bonite et en caoutchouc dur. Ce dernier contient un plus grand pourcentage de caoutchouc naturel qui donne au bec des caract\u00e9ristiques harmoniques diff\u00e9rentes de l\u2019\u00e9bonite, s\u00fbrement plus complexes. Le mod\u00e8le Siracusa est conseill\u00e9 \u00e0 ceux qui pr\u00e9f\u00e8rent un son sombre mais qui conserve une certaine brillance avec un bon compromis entre la r\u00e9sistance et la projection du son.<\/p>\n<p class=\"p1\"><span class=\"s1\">Livr\u00e9e avec <\/span><span class=\"s2\">Rovner ligature et couvre bec.<\/span><\/p>\n<hr \/>\n<h5>media (performed by Claudio Allifranchini)<\/h5>\n[audio mp3=\"https:\/\/www.cgmouthpiece.it\/wp-content\/uploads\/2016\/04\/star-cross-CUT-wolly-Syracuse-HR.mp3\"][\/audio]\n<p><a href=\"https:\/\/www.youtube.com\/watch?v=adHEbKGjyQI\" target=\"_blank\" rel=\"noopener\">https:\/\/www.youtube.com\/watch?v=adHEbKGjyQI<\/a> (video descrittivo con sottotitoli ENG)<br \/>\n<a href=\"https:\/\/www.youtube.com\/watch?v=yX-mFoVpjVE\">https:\/\/www.youtube.com\/watch?v=yX-mFoVpjVE<\/a><\/p>\n","protected":false},"featured_media":21350,"comment_status":"closed","ping_status":"closed","template":"","meta":[],"product_cat":[15,25,34],"product_tag":[],"acf":[],"yoast_head":"<!-- This site is optimized with the Yoast SEO plugin v18.3 - https:\/\/yoast.com\/wordpress\/plugins\/seo\/ -->\n<title>Siracusa tenore ebanite - CG MouthPiece<\/title>\n<meta name=\"description\" content=\"Il modello Siracusa \u00e8 progettato per musicisti che ricercano un suono tradizionale, caldo e pieno unitamente ad un\u2019omogeneit\u00e0 timbrica e ad un\u2019ottima...\" \/>\n<meta name=\"robots\" content=\"index, follow, max-snippet:-1, max-image-preview:large, max-video-preview:-1\" \/>\n<link rel=\"canonical\" href=\"https:\/\/www.cgmouthpiece.it\/prodotto\/siracusa-ebanite\/\" \/>\n<meta property=\"og:locale\" content=\"fr_FR\" \/>\n<meta property=\"og:type\" content=\"article\" \/>\n<meta property=\"og:title\" content=\"Siracusa tenore ebanite - CG MouthPiece\" \/>\n<meta property=\"og:description\" content=\"Il modello Siracusa \u00e8 progettato per musicisti che ricercano un suono tradizionale, caldo e pieno unitamente ad un\u2019omogeneit\u00e0 timbrica e ad un\u2019ottima...\" \/>\n<meta property=\"og:url\" content=\"https:\/\/www.cgmouthpiece.it\/prodotto\/siracusa-ebanite\/\" \/>\n<meta property=\"og:site_name\" content=\"CG MouthPiece\" \/>\n<meta property=\"article:publisher\" content=\"https:\/\/www.facebook.com\/cgmouthpiece.it\/\" \/>\n<meta property=\"article:modified_time\" content=\"2021-03-04T12:36:24+00:00\" \/>\n<meta property=\"og:image\" content=\"https:\/\/www.cgmouthpiece.it\/wp-content\/uploads\/2016\/04\/SIR-ten-sideEXT_MS-sx-.jpg\" \/>\n\t<meta property=\"og:image:width\" content=\"700\" \/>\n\t<meta property=\"og:image:height\" content=\"874\" \/>\n\t<meta property=\"og:image:type\" content=\"image\/jpeg\" \/>\n<meta name=\"twitter:card\" content=\"summary\" \/>\n<script type=\"application\/ld+json\" class=\"yoast-schema-graph\">{\"@context\":\"https:\/\/schema.org\",\"@graph\":[{\"@type\":\"WebSite\",\"@id\":\"https:\/\/www.cgmouthpiece.it\/#website\",\"url\":\"https:\/\/www.cgmouthpiece.it\/\",\"name\":\"CG MouthPiece\",\"description\":\"Best handcrafted mouthpieces made in Italy!\",\"potentialAction\":[{\"@type\":\"SearchAction\",\"target\":{\"@type\":\"EntryPoint\",\"urlTemplate\":\"https:\/\/www.cgmouthpiece.it\/?s={search_term_string}\"},\"query-input\":\"required name=search_term_string\"}],\"inLanguage\":\"fr-FR\"},{\"@type\":\"ImageObject\",\"@id\":\"https:\/\/www.cgmouthpiece.it\/prodotto\/siracusa-ebanite\/#primaryimage\",\"inLanguage\":\"fr-FR\",\"url\":\"https:\/\/www.cgmouthpiece.it\/wp-content\/uploads\/2016\/04\/SIR-ten-sideEXT_MS-sx-.jpg\",\"contentUrl\":\"https:\/\/www.cgmouthpiece.it\/wp-content\/uploads\/2016\/04\/SIR-ten-sideEXT_MS-sx-.jpg\",\"width\":700,\"height\":874},{\"@type\":\"WebPage\",\"@id\":\"https:\/\/www.cgmouthpiece.it\/prodotto\/siracusa-ebanite\/#webpage\",\"url\":\"https:\/\/www.cgmouthpiece.it\/prodotto\/siracusa-ebanite\/\",\"name\":\"Siracusa tenore ebanite - CG MouthPiece\",\"isPartOf\":{\"@id\":\"https:\/\/www.cgmouthpiece.it\/#website\"},\"primaryImageOfPage\":{\"@id\":\"https:\/\/www.cgmouthpiece.it\/prodotto\/siracusa-ebanite\/#primaryimage\"},\"datePublished\":\"2016-04-04T08:31:59+00:00\",\"dateModified\":\"2021-03-04T12:36:24+00:00\",\"description\":\"Il modello Siracusa \u00e8 progettato per musicisti che ricercano un suono tradizionale, caldo e pieno unitamente ad un\u2019omogeneit\u00e0 timbrica e ad un\u2019ottima...\",\"breadcrumb\":{\"@id\":\"https:\/\/www.cgmouthpiece.it\/prodotto\/siracusa-ebanite\/#breadcrumb\"},\"inLanguage\":\"fr-FR\",\"potentialAction\":[{\"@type\":\"ReadAction\",\"target\":[\"https:\/\/www.cgmouthpiece.it\/prodotto\/siracusa-ebanite\/\"]}]},{\"@type\":\"BreadcrumbList\",\"@id\":\"https:\/\/www.cgmouthpiece.it\/prodotto\/siracusa-ebanite\/#breadcrumb\",\"itemListElement\":[{\"@type\":\"ListItem\",\"position\":1,\"name\":\"Home\",\"item\":\"https:\/\/www.cgmouthpiece.it\/\"},{\"@type\":\"ListItem\",\"position\":2,\"name\":\"Store\",\"item\":\"https:\/\/www.cgmouthpiece.it\/store\/\"},{\"@type\":\"ListItem\",\"position\":3,\"name\":\"Siracusa tenore ebanite &#8211; serie II\"}]}]}<\/script>\n<!-- \/ Yoast SEO plugin. -->","yoast_head_json":{"title":"Siracusa tenore ebanite - CG MouthPiece","description":"Il modello Siracusa \u00e8 progettato per musicisti che ricercano un suono tradizionale, caldo e pieno unitamente ad un\u2019omogeneit\u00e0 timbrica e ad un\u2019ottima...","robots":{"index":"index","follow":"follow","max-snippet":"max-snippet:-1","max-image-preview":"max-image-preview:large","max-video-preview":"max-video-preview:-1"},"canonical":"https:\/\/www.cgmouthpiece.it\/prodotto\/siracusa-ebanite\/","og_locale":"fr_FR","og_type":"article","og_title":"Siracusa tenore ebanite - CG MouthPiece","og_description":"Il modello Siracusa \u00e8 progettato per musicisti che ricercano un suono tradizionale, caldo e pieno unitamente ad un\u2019omogeneit\u00e0 timbrica e ad un\u2019ottima...","og_url":"https:\/\/www.cgmouthpiece.it\/prodotto\/siracusa-ebanite\/","og_site_name":"CG MouthPiece","article_publisher":"https:\/\/www.facebook.com\/cgmouthpiece.it\/","article_modified_time":"2021-03-04T12:36:24+00:00","og_image":[{"width":700,"height":874,"url":"https:\/\/www.cgmouthpiece.it\/wp-content\/uploads\/2016\/04\/SIR-ten-sideEXT_MS-sx-.jpg","type":"image\/jpeg"}],"twitter_card":"summary","schema":{"@context":"https:\/\/schema.org","@graph":[{"@type":"WebSite","@id":"https:\/\/www.cgmouthpiece.it\/#website","url":"https:\/\/www.cgmouthpiece.it\/","name":"CG MouthPiece","description":"Best handcrafted mouthpieces made in Italy!","potentialAction":[{"@type":"SearchAction","target":{"@type":"EntryPoint","urlTemplate":"https:\/\/www.cgmouthpiece.it\/?s={search_term_string}"},"query-input":"required name=search_term_string"}],"inLanguage":"fr-FR"},{"@type":"ImageObject","@id":"https:\/\/www.cgmouthpiece.it\/prodotto\/siracusa-ebanite\/#primaryimage","inLanguage":"fr-FR","url":"https:\/\/www.cgmouthpiece.it\/wp-content\/uploads\/2016\/04\/SIR-ten-sideEXT_MS-sx-.jpg","contentUrl":"https:\/\/www.cgmouthpiece.it\/wp-content\/uploads\/2016\/04\/SIR-ten-sideEXT_MS-sx-.jpg","width":700,"height":874},{"@type":"WebPage","@id":"https:\/\/www.cgmouthpiece.it\/prodotto\/siracusa-ebanite\/#webpage","url":"https:\/\/www.cgmouthpiece.it\/prodotto\/siracusa-ebanite\/","name":"Siracusa tenore ebanite - CG MouthPiece","isPartOf":{"@id":"https:\/\/www.cgmouthpiece.it\/#website"},"primaryImageOfPage":{"@id":"https:\/\/www.cgmouthpiece.it\/prodotto\/siracusa-ebanite\/#primaryimage"},"datePublished":"2016-04-04T08:31:59+00:00","dateModified":"2021-03-04T12:36:24+00:00","description":"Il modello Siracusa \u00e8 progettato per musicisti che ricercano un suono tradizionale, caldo e pieno unitamente ad un\u2019omogeneit\u00e0 timbrica e ad un\u2019ottima...","breadcrumb":{"@id":"https:\/\/www.cgmouthpiece.it\/prodotto\/siracusa-ebanite\/#breadcrumb"},"inLanguage":"fr-FR","potentialAction":[{"@type":"ReadAction","target":["https:\/\/www.cgmouthpiece.it\/prodotto\/siracusa-ebanite\/"]}]},{"@type":"BreadcrumbList","@id":"https:\/\/www.cgmouthpiece.it\/prodotto\/siracusa-ebanite\/#breadcrumb","itemListElement":[{"@type":"ListItem","position":1,"name":"Home","item":"https:\/\/www.cgmouthpiece.it\/"},{"@type":"ListItem","position":2,"name":"Store","item":"https:\/\/www.cgmouthpiece.it\/store\/"},{"@type":"ListItem","position":3,"name":"Siracusa tenore ebanite &#8211; serie II"}]}]}},"_links":{"self":[{"href":"https:\/\/www.cgmouthpiece.it\/fr\/wp-json\/wp\/v2\/product\/19756"}],"collection":[{"href":"https:\/\/www.cgmouthpiece.it\/fr\/wp-json\/wp\/v2\/product"}],"about":[{"href":"https:\/\/www.cgmouthpiece.it\/fr\/wp-json\/wp\/v2\/types\/product"}],"replies":[{"embeddable":true,"href":"https:\/\/www.cgmouthpiece.it\/fr\/wp-json\/wp\/v2\/comments?post=19756"}],"wp:featuredmedia":[{"embeddable":true,"href":"https:\/\/www.cgmouthpiece.it\/fr\/wp-json\/wp\/v2\/media\/21350"}],"wp:attachment":[{"href":"https:\/\/www.cgmouthpiece.it\/fr\/wp-json\/wp\/v2\/media?parent=19756"}],"wp:term":[{"taxonomy":"product_cat","embeddable":true,"href":"https:\/\/www.cgmouthpiece.it\/fr\/wp-json\/wp\/v2\/product_cat?post=19756"},{"taxonomy":"product_tag","embeddable":true,"href":"https:\/\/www.cgmouthpiece.it\/fr\/wp-json\/wp\/v2\/product_tag?post=19756"}],"curies":[{"name":"wp","href":"https:\/\/api.w.org\/{rel}","templated":true}]}}