{"id":19761,"date":"2016-04-04T10:55:42","date_gmt":"2016-04-04T08:55:42","guid":{"rendered":"https:\/\/www.cgmouthpiece.it\/?post_type=product&#038;p=19761"},"modified":"2017-03-06T15:24:34","modified_gmt":"2017-03-06T14:24:34","slug":"siracusa-hard-rubber","status":"publish","type":"product","link":"https:\/\/www.cgmouthpiece.it\/fr\/prodotto\/siracusa-hard-rubber\/","title":{"rendered":"Siracusa tenor &#8211; hard rubber"},"content":{"rendered":"","protected":false},"excerpt":{"rendered":"<p>Le mod\u00e8le Siracusa a \u00e9t\u00e9 con\u00e7u pour les musiciens qui recherchent un son traditionnel chaud et plein avec un timbre homog\u00e8ne et une excellente projection. Le plafond court (roll-over baffle), qui converge dans une chambre moyenne-grande, fournit au mod\u00e8le Siracusa un timbre plein non excessivement sombre. Les parois de la fen\u00eatre sont concaves pour garantir une profondeur de timbre \u00e9vidente dans tous les registres. La bague de renfort du cou est en bronze, comme celui utilis\u00e9 pour nos becs en m\u00e9tal plaqu\u00e9 or 24 carats. Le mod\u00e8le Siracura est disponible en \u00e9bonite et en caoutchouc dur. Ce dernier contient un plus grand pourcentage de caoutchouc naturel qui donne au bec des caract\u00e9ristiques harmoniques diff\u00e9rentes de l\u2019\u00e9bonite, s\u00fbrement plus complexes. Le mod\u00e8le Siracusa est conseill\u00e9 \u00e0 ceux qui pr\u00e9f\u00e8rent un son sombre mais qui conserve une certaine brillance avec un bon compromis entre la r\u00e9sistance et la projection du son.<\/p>\n<p class=\"p1\"><span class=\"s1\">Livr\u00e9e avec <\/span><span class=\"s2\">Rovner ligature et couvre bec.<\/span><\/p>\n<hr \/>\n<h5>media (performed by Claudio Allifranchini)<\/h5>\n<p>[audio mp3=\"https:\/\/www.cgmouthpiece.it\/wp-content\/uploads\/2016\/04\/star-cross-CUT-wolly-Syracuse-HR.mp3\"][\/audio]<br \/>\n<a href=\"https:\/\/www.youtube.com\/watch?v=adHEbKGjyQI\" target=\"_blank\">https:\/\/www.youtube.com\/watch?v=adHEbKGjyQI<\/a> (video descrittivo con sottotitoli ENG)<br \/>\n<a href=\"https:\/\/soundcloud.com\/cg-mouthpiece-italy\/syracuse-hard-rubber-8\" target=\"_blank\">https:\/\/soundcloud.com\/cg-mouthpiece-italy\/syracuse-hard-rubber-8<\/a><br \/>\n<a href=\"https:\/\/www.youtube.com\/watch?v=fsTF\u00adrpyxn8\" target=\"_blank\">https:\/\/www.youtube.com\/watch?v=fsTF\u00adrpyxn8<\/a><br \/>\n<a href=\"https:\/\/www.youtube.com\/watch?v=_uFZrqahJKU\" target=\"_blank\">https:\/\/www.youtube.com\/watch?v=_uFZrqahJKU<\/a><br \/>\n<a href=\"https:\/\/soundcloud.com\/cg-mouthpiece-italy\/all-is-fear-in-love\" target=\"_blank\">https:\/\/soundcloud.com\/cg-mouthpiece-italy\/all-is-fear-in-love<\/a><\/p>\n<p><a href=\"https:\/\/www.youtube.com\/watch?v=oS9BVrnQqlA\">https:\/\/www.youtube.com\/watch?v=oS9BVrnQqlA<\/a><\/p>\n<p><a href=\"https:\/\/www.youtube.com\/watch?v=DLG9OKcMqR4\">https:\/\/www.youtube.com\/watch?v=DLG9OKcMqR4<\/a><\/p>\n<p>&nbsp;<\/p>\n<p>&nbsp;<\/p>\n","protected":false},"featured_media":19759,"comment_status":"closed","ping_status":"closed","template":"","meta":[],"product_cat":[15,25,34],"product_tag":[],"acf":[],"yoast_head":"<!-- This site is optimized with the Yoast SEO plugin v18.3 - https:\/\/yoast.com\/wordpress\/plugins\/seo\/ -->\n<title>Siracusa tenore - hard rubber - CG MouthPiece<\/title>\n<meta name=\"description\" content=\"L\u2019anello di rinforzo del collo \u00e8 in bronzo, lo stesso utilizzato nelle nostre imboccature in metallo e placcato oro 24 carati. Il modello Siracusa \u00e8...\" \/>\n<meta name=\"robots\" content=\"index, follow, max-snippet:-1, max-image-preview:large, max-video-preview:-1\" \/>\n<link rel=\"canonical\" href=\"https:\/\/www.cgmouthpiece.it\/prodotto\/siracusa-hard-rubber\/\" \/>\n<meta property=\"og:locale\" content=\"fr_FR\" \/>\n<meta property=\"og:type\" content=\"article\" \/>\n<meta property=\"og:title\" content=\"Siracusa tenore - hard rubber - CG MouthPiece\" \/>\n<meta property=\"og:description\" content=\"L\u2019anello di rinforzo del collo \u00e8 in bronzo, lo stesso utilizzato nelle nostre imboccature in metallo e placcato oro 24 carati. Il modello Siracusa \u00e8...\" \/>\n<meta property=\"og:url\" content=\"https:\/\/www.cgmouthpiece.it\/prodotto\/siracusa-hard-rubber\/\" \/>\n<meta property=\"og:site_name\" content=\"CG MouthPiece\" \/>\n<meta property=\"article:publisher\" content=\"https:\/\/www.facebook.com\/cgmouthpiece.it\/\" \/>\n<meta property=\"article:modified_time\" content=\"2017-03-06T14:24:34+00:00\" \/>\n<meta property=\"og:image\" content=\"https:\/\/www.cgmouthpiece.it\/wp-content\/uploads\/2016\/04\/TENebaSiraMidSide.jpg\" \/>\n\t<meta property=\"og:image:width\" content=\"700\" \/>\n\t<meta property=\"og:image:height\" content=\"874\" \/>\n\t<meta property=\"og:image:type\" content=\"image\/jpeg\" \/>\n<meta name=\"twitter:card\" content=\"summary\" \/>\n<script type=\"application\/ld+json\" class=\"yoast-schema-graph\">{\"@context\":\"https:\/\/schema.org\",\"@graph\":[{\"@type\":\"WebSite\",\"@id\":\"https:\/\/www.cgmouthpiece.it\/#website\",\"url\":\"https:\/\/www.cgmouthpiece.it\/\",\"name\":\"CG MouthPiece\",\"description\":\"Best handcrafted mouthpieces made in Italy!\",\"potentialAction\":[{\"@type\":\"SearchAction\",\"target\":{\"@type\":\"EntryPoint\",\"urlTemplate\":\"https:\/\/www.cgmouthpiece.it\/?s={search_term_string}\"},\"query-input\":\"required name=search_term_string\"}],\"inLanguage\":\"fr-FR\"},{\"@type\":\"ImageObject\",\"@id\":\"https:\/\/www.cgmouthpiece.it\/prodotto\/siracusa-hard-rubber\/#primaryimage\",\"inLanguage\":\"fr-FR\",\"url\":\"https:\/\/www.cgmouthpiece.it\/wp-content\/uploads\/2016\/04\/TENebaSiraMidSide.jpg\",\"contentUrl\":\"https:\/\/www.cgmouthpiece.it\/wp-content\/uploads\/2016\/04\/TENebaSiraMidSide.jpg\",\"width\":700,\"height\":874,\"caption\":\"TENebaSiraMidSide\"},{\"@type\":\"WebPage\",\"@id\":\"https:\/\/www.cgmouthpiece.it\/prodotto\/siracusa-hard-rubber\/#webpage\",\"url\":\"https:\/\/www.cgmouthpiece.it\/prodotto\/siracusa-hard-rubber\/\",\"name\":\"Siracusa tenore - hard rubber - CG MouthPiece\",\"isPartOf\":{\"@id\":\"https:\/\/www.cgmouthpiece.it\/#website\"},\"primaryImageOfPage\":{\"@id\":\"https:\/\/www.cgmouthpiece.it\/prodotto\/siracusa-hard-rubber\/#primaryimage\"},\"datePublished\":\"2016-04-04T08:55:42+00:00\",\"dateModified\":\"2017-03-06T14:24:34+00:00\",\"description\":\"L\u2019anello di rinforzo del collo \u00e8 in bronzo, lo stesso utilizzato nelle nostre imboccature in metallo e placcato oro 24 carati. Il modello Siracusa \u00e8...\",\"breadcrumb\":{\"@id\":\"https:\/\/www.cgmouthpiece.it\/prodotto\/siracusa-hard-rubber\/#breadcrumb\"},\"inLanguage\":\"fr-FR\",\"potentialAction\":[{\"@type\":\"ReadAction\",\"target\":[\"https:\/\/www.cgmouthpiece.it\/prodotto\/siracusa-hard-rubber\/\"]}]},{\"@type\":\"BreadcrumbList\",\"@id\":\"https:\/\/www.cgmouthpiece.it\/prodotto\/siracusa-hard-rubber\/#breadcrumb\",\"itemListElement\":[{\"@type\":\"ListItem\",\"position\":1,\"name\":\"Home\",\"item\":\"https:\/\/www.cgmouthpiece.it\/\"},{\"@type\":\"ListItem\",\"position\":2,\"name\":\"Store\",\"item\":\"https:\/\/www.cgmouthpiece.it\/store\/\"},{\"@type\":\"ListItem\",\"position\":3,\"name\":\"Siracusa tenore &#8211; hard rubber\"}]}]}<\/script>\n<!-- \/ Yoast SEO plugin. -->","yoast_head_json":{"title":"Siracusa tenore - hard rubber - CG MouthPiece","description":"L\u2019anello di rinforzo del collo \u00e8 in bronzo, lo stesso utilizzato nelle nostre imboccature in metallo e placcato oro 24 carati. Il modello Siracusa \u00e8...","robots":{"index":"index","follow":"follow","max-snippet":"max-snippet:-1","max-image-preview":"max-image-preview:large","max-video-preview":"max-video-preview:-1"},"canonical":"https:\/\/www.cgmouthpiece.it\/prodotto\/siracusa-hard-rubber\/","og_locale":"fr_FR","og_type":"article","og_title":"Siracusa tenore - hard rubber - CG MouthPiece","og_description":"L\u2019anello di rinforzo del collo \u00e8 in bronzo, lo stesso utilizzato nelle nostre imboccature in metallo e placcato oro 24 carati. Il modello Siracusa \u00e8...","og_url":"https:\/\/www.cgmouthpiece.it\/prodotto\/siracusa-hard-rubber\/","og_site_name":"CG MouthPiece","article_publisher":"https:\/\/www.facebook.com\/cgmouthpiece.it\/","article_modified_time":"2017-03-06T14:24:34+00:00","og_image":[{"width":700,"height":874,"url":"https:\/\/www.cgmouthpiece.it\/wp-content\/uploads\/2016\/04\/TENebaSiraMidSide.jpg","type":"image\/jpeg"}],"twitter_card":"summary","schema":{"@context":"https:\/\/schema.org","@graph":[{"@type":"WebSite","@id":"https:\/\/www.cgmouthpiece.it\/#website","url":"https:\/\/www.cgmouthpiece.it\/","name":"CG MouthPiece","description":"Best handcrafted mouthpieces made in Italy!","potentialAction":[{"@type":"SearchAction","target":{"@type":"EntryPoint","urlTemplate":"https:\/\/www.cgmouthpiece.it\/?s={search_term_string}"},"query-input":"required name=search_term_string"}],"inLanguage":"fr-FR"},{"@type":"ImageObject","@id":"https:\/\/www.cgmouthpiece.it\/prodotto\/siracusa-hard-rubber\/#primaryimage","inLanguage":"fr-FR","url":"https:\/\/www.cgmouthpiece.it\/wp-content\/uploads\/2016\/04\/TENebaSiraMidSide.jpg","contentUrl":"https:\/\/www.cgmouthpiece.it\/wp-content\/uploads\/2016\/04\/TENebaSiraMidSide.jpg","width":700,"height":874,"caption":"TENebaSiraMidSide"},{"@type":"WebPage","@id":"https:\/\/www.cgmouthpiece.it\/prodotto\/siracusa-hard-rubber\/#webpage","url":"https:\/\/www.cgmouthpiece.it\/prodotto\/siracusa-hard-rubber\/","name":"Siracusa tenore - hard rubber - CG MouthPiece","isPartOf":{"@id":"https:\/\/www.cgmouthpiece.it\/#website"},"primaryImageOfPage":{"@id":"https:\/\/www.cgmouthpiece.it\/prodotto\/siracusa-hard-rubber\/#primaryimage"},"datePublished":"2016-04-04T08:55:42+00:00","dateModified":"2017-03-06T14:24:34+00:00","description":"L\u2019anello di rinforzo del collo \u00e8 in bronzo, lo stesso utilizzato nelle nostre imboccature in metallo e placcato oro 24 carati. Il modello Siracusa \u00e8...","breadcrumb":{"@id":"https:\/\/www.cgmouthpiece.it\/prodotto\/siracusa-hard-rubber\/#breadcrumb"},"inLanguage":"fr-FR","potentialAction":[{"@type":"ReadAction","target":["https:\/\/www.cgmouthpiece.it\/prodotto\/siracusa-hard-rubber\/"]}]},{"@type":"BreadcrumbList","@id":"https:\/\/www.cgmouthpiece.it\/prodotto\/siracusa-hard-rubber\/#breadcrumb","itemListElement":[{"@type":"ListItem","position":1,"name":"Home","item":"https:\/\/www.cgmouthpiece.it\/"},{"@type":"ListItem","position":2,"name":"Store","item":"https:\/\/www.cgmouthpiece.it\/store\/"},{"@type":"ListItem","position":3,"name":"Siracusa tenore &#8211; hard rubber"}]}]}},"_links":{"self":[{"href":"https:\/\/www.cgmouthpiece.it\/fr\/wp-json\/wp\/v2\/product\/19761"}],"collection":[{"href":"https:\/\/www.cgmouthpiece.it\/fr\/wp-json\/wp\/v2\/product"}],"about":[{"href":"https:\/\/www.cgmouthpiece.it\/fr\/wp-json\/wp\/v2\/types\/product"}],"replies":[{"embeddable":true,"href":"https:\/\/www.cgmouthpiece.it\/fr\/wp-json\/wp\/v2\/comments?post=19761"}],"wp:featuredmedia":[{"embeddable":true,"href":"https:\/\/www.cgmouthpiece.it\/fr\/wp-json\/wp\/v2\/media\/19759"}],"wp:attachment":[{"href":"https:\/\/www.cgmouthpiece.it\/fr\/wp-json\/wp\/v2\/media?parent=19761"}],"wp:term":[{"taxonomy":"product_cat","embeddable":true,"href":"https:\/\/www.cgmouthpiece.it\/fr\/wp-json\/wp\/v2\/product_cat?post=19761"},{"taxonomy":"product_tag","embeddable":true,"href":"https:\/\/www.cgmouthpiece.it\/fr\/wp-json\/wp\/v2\/product_tag?post=19761"}],"curies":[{"name":"wp","href":"https:\/\/api.w.org\/{rel}","templated":true}]}}