{"id":19783,"date":"2016-04-04T11:09:36","date_gmt":"2016-04-04T09:09:36","guid":{"rendered":"https:\/\/www.cgmouthpiece.it\/?post_type=product&#038;p=19783"},"modified":"2017-05-30T00:17:24","modified_gmt":"2017-05-29T22:17:24","slug":"roma","status":"publish","type":"product","link":"https:\/\/www.cgmouthpiece.it\/fr\/prodotto\/roma\/","title":{"rendered":"Roma alto"},"content":{"rendered":"","protected":false},"excerpt":{"rendered":"<p>Le mod\u00e8le Roma a \u00e9t\u00e9 con\u00e7u pour les musiciens qui recherchent un son clair, brillant avec une grande projection. La transition du plafond haut et long (step baffle) dans une chambre moyenne-petite offre au mod\u00e8le Roma un timbre brillant et puissant. Les parois int\u00e9rieures de la fen\u00eatre perpendiculaire au plafond sont plates pour acc\u00e9l\u00e9rer le passage de l\u2019air vers la chambre ovale moyenne-petite. Il a \u00e9t\u00e9 \u00e9tudi\u00e9 pour le saxophoniste qui veut jouer les genres musicaux les plus modernes et qui a besoin d\u2019\u00e9merger parmi les autres instruments. Les hautes fr\u00e9quences harmoniques, obtenues gr\u00e2ce au plafond haut, aident l\u2019instrumentiste \u00e0 distinguer le son du saxophone m\u00eame dans des contextes sonores bond\u00e9s (instruments amplifi\u00e9s, grandes pressions sonores). Le bronze que nous avons s\u00e9lectionn\u00e9 se r\u00e9v\u00e8le un tr\u00e8s bon choix parce que la riche brillance du timbre n\u2019est absolument pas sacrifi\u00e9e par le corps du son qui reste puissant et plein dans tous les registres du saxophone alto.<\/p>\n<p class=\"p1\"><span class=\"s1\">Livr\u00e9e avec <\/span><span class=\"s2\">Rovner ligature et couvre bec.<\/span><\/p>\n<hr \/>\n<p>&nbsp;<\/p>\n<h5>media<\/h5>\n[audio mp3=\"https:\/\/www.cgmouthpiece.it\/wp-content\/uploads\/2016\/04\/roma-alto-met-demo-C-Guida-OK.mp3\"][\/audio]\n","protected":false},"featured_media":19787,"comment_status":"closed","ping_status":"closed","template":"","meta":[],"product_cat":[15,24,26],"product_tag":[],"acf":[],"yoast_head":"<!-- This site is optimized with the Yoast SEO plugin v18.3 - https:\/\/yoast.com\/wordpress\/plugins\/seo\/ -->\n<title>Roma alto - CG MouthPiece<\/title>\n<meta name=\"robots\" content=\"index, follow, max-snippet:-1, max-image-preview:large, max-video-preview:-1\" \/>\n<link rel=\"canonical\" href=\"https:\/\/www.cgmouthpiece.it\/en\/prodotto\/roma\/\" \/>\n<meta property=\"og:locale\" content=\"fr_FR\" \/>\n<meta property=\"og:type\" content=\"article\" \/>\n<meta property=\"og:title\" content=\"Roma alto - CG MouthPiece\" \/>\n<meta property=\"og:description\" content=\"[:it]Il modello Roma \u00e8 progettato per quei musicisti che ricercano un suono chiaro, brillante e con molta proiezione. La transizione del baffle alto e lungo \u2013 step baffle - in una camera medio-piccola offre al modello Roma un timbro brillante e potente. Le pareti interne della finestra perpendicolari al tetto sono piatte in modo da dare velocit\u00e0 all\u2019aria che viene indirizzata nella camera ovale media-piccola. Progettato per il saxofonista che vuole approcciarsi ai pi\u00f9 moderni generi musicali e che ha necessit\u00e0 di emergere facilmente fra gli altri strumenti. Le alte frequenze armoniche, ottenute grazie al tetto alto, aiutano il saxofonista a distinguere il proprio suono all\u2019interno di contesti sonori anche affollati (strumenti amplificati, grandi pressioni sonore). Il bronzo da noi selezionato si \u00e8 rivelata un\u2019ottima scelta poich\u00e9 la ricerca della brillantezza timbrica non ha per nulla sacrificato il corpo dello suono che rimane possente e pieno in tutti i registri del sax alto. Legatura e copribecco Rovner inclusi.     &nbsp; media [:en]The Rome model was designed for those musicians who look for a clear and bright sound with great projection. The transition of the step baffle into a medium-small chamber provides the Rome model with a bright and powerful timbre. The internal walls of the window are perpendicular to the beak and flat, so that they provide the air directed to the medium-small oval chamber with speed. Designed for the saxophonist who wants to approach the most modern musical genres and needs to stand out easily among the other instruments. The harmonic frequencies, achieved thanks to the high beak, help saxophonists make their sound stand out also within crowded sound contexts (amplified instruments, great sound pressure). The bronze we selected proved to be a great choice, because the research for timbre brightness did not jeopardize the sound body, which is still powerful and full in all the registers of alto saxophone. Rovner Ligature &amp; cap included.     &nbsp; media [:fr]Le mod\u00e8le Roma a \u00e9t\u00e9 con\u00e7u pour les musiciens qui recherchent un son clair, brillant avec une grande projection. La transition du plafond haut et long (step baffle) dans une chambre moyenne-petite offre au mod\u00e8le Roma un timbre brillant et puissant. Les parois int\u00e9rieures de la fen\u00eatre perpendiculaire au plafond sont plates pour acc\u00e9l\u00e9rer le passage de l\u2019air vers la chambre ovale moyenne-petite. Il a \u00e9t\u00e9 \u00e9tudi\u00e9 pour le saxophoniste qui veut jouer les genres musicaux les plus modernes et qui a besoin d\u2019\u00e9merger parmi les autres instruments. Les hautes fr\u00e9quences harmoniques, obtenues gr\u00e2ce au plafond haut, aident l\u2019instrumentiste \u00e0 distinguer le son du saxophone m\u00eame dans des contextes sonores bond\u00e9s (instruments amplifi\u00e9s, grandes pressions sonores). Le bronze que nous avons s\u00e9lectionn\u00e9 se r\u00e9v\u00e8le un tr\u00e8s bon choix parce que la riche brillance du timbre n\u2019est absolument pas sacrifi\u00e9e par le corps du son qui reste puissant et plein dans tous les registres du saxophone alto. Livr\u00e9e avec Rovner ligature et couvre bec.     &nbsp; media [:es]El modelo Roma se ha dise\u00f1ado para los m\u00fasicos que buscan un sonido claro, brillante y con mucha proyecci\u00f3n. La transici\u00f3n del baffle alto y largo \u2013 step baffle \u2013 en una c\u00e1mara mediano-peque\u00f1a brinda al modelo Roma un timbre brillante y poderoso. Las paredes internas de la ventana perpendiculares al techo son planas, de forma de dar velocidad al aire, que se env\u00eda a la c\u00e1mara ovalada mediano-peque\u00f1a. Se ha dise\u00f1ado para el saxofonista que quiere acercarse a los g\u00e9neros musicales m\u00e1s modernos y que tiene necesidad de emerger f\u00e1cilmente entre los otros instrumentos. Las frecuencias arm\u00f3nicas altas, que se obtienen gracias al techo alto, ayudan al saxofonista a distinguir su sonido en el interior de contextos sonoros incluso concurridos (instrumentos amplificados, presiones sonoras grandes). El bronce que hemos seleccionado se ha revelado una elecci\u00f3n \u00f3ptima, ya que la b\u00fasqueda del brillo del timbre no sacrifica absolutamente el cuerpo del sonido, que queda poderoso y lleno de todos los registros del saxo alto. Incluida abrazadera y boquillero Rovner.     &nbsp; media [:]\" \/>\n<meta property=\"og:url\" content=\"https:\/\/www.cgmouthpiece.it\/en\/prodotto\/roma\/\" \/>\n<meta property=\"og:site_name\" content=\"CG MouthPiece\" \/>\n<meta property=\"article:publisher\" content=\"https:\/\/www.facebook.com\/cgmouthpiece.it\/\" \/>\n<meta property=\"article:modified_time\" content=\"2017-05-29T22:17:24+00:00\" \/>\n<meta property=\"og:image\" content=\"https:\/\/www.cgmouthpiece.it\/wp-content\/uploads\/2016\/04\/ALmetROmidSide.jpg\" \/>\n\t<meta property=\"og:image:width\" content=\"700\" \/>\n\t<meta property=\"og:image:height\" content=\"874\" \/>\n\t<meta property=\"og:image:type\" content=\"image\/jpeg\" \/>\n<meta name=\"twitter:card\" content=\"summary\" \/>\n<script type=\"application\/ld+json\" class=\"yoast-schema-graph\">{\"@context\":\"https:\/\/schema.org\",\"@graph\":[{\"@type\":\"WebSite\",\"@id\":\"https:\/\/www.cgmouthpiece.it\/#website\",\"url\":\"https:\/\/www.cgmouthpiece.it\/\",\"name\":\"CG MouthPiece\",\"description\":\"Best handcrafted mouthpieces made in Italy!\",\"potentialAction\":[{\"@type\":\"SearchAction\",\"target\":{\"@type\":\"EntryPoint\",\"urlTemplate\":\"https:\/\/www.cgmouthpiece.it\/?s={search_term_string}\"},\"query-input\":\"required name=search_term_string\"}],\"inLanguage\":\"fr-FR\"},{\"@type\":\"ImageObject\",\"@id\":\"https:\/\/www.cgmouthpiece.it\/en\/prodotto\/roma\/#primaryimage\",\"inLanguage\":\"fr-FR\",\"url\":\"https:\/\/www.cgmouthpiece.it\/wp-content\/uploads\/2016\/04\/ALmetROmidSide.jpg\",\"contentUrl\":\"https:\/\/www.cgmouthpiece.it\/wp-content\/uploads\/2016\/04\/ALmetROmidSide.jpg\",\"width\":700,\"height\":874,\"caption\":\"ALmetROmidSide\"},{\"@type\":\"WebPage\",\"@id\":\"https:\/\/www.cgmouthpiece.it\/en\/prodotto\/roma\/#webpage\",\"url\":\"https:\/\/www.cgmouthpiece.it\/en\/prodotto\/roma\/\",\"name\":\"Roma alto - CG MouthPiece\",\"isPartOf\":{\"@id\":\"https:\/\/www.cgmouthpiece.it\/#website\"},\"primaryImageOfPage\":{\"@id\":\"https:\/\/www.cgmouthpiece.it\/en\/prodotto\/roma\/#primaryimage\"},\"datePublished\":\"2016-04-04T09:09:36+00:00\",\"dateModified\":\"2017-05-29T22:17:24+00:00\",\"breadcrumb\":{\"@id\":\"https:\/\/www.cgmouthpiece.it\/en\/prodotto\/roma\/#breadcrumb\"},\"inLanguage\":\"fr-FR\",\"potentialAction\":[{\"@type\":\"ReadAction\",\"target\":[\"https:\/\/www.cgmouthpiece.it\/en\/prodotto\/roma\/\"]}]},{\"@type\":\"BreadcrumbList\",\"@id\":\"https:\/\/www.cgmouthpiece.it\/en\/prodotto\/roma\/#breadcrumb\",\"itemListElement\":[{\"@type\":\"ListItem\",\"position\":1,\"name\":\"Home\",\"item\":\"https:\/\/www.cgmouthpiece.it\/\"},{\"@type\":\"ListItem\",\"position\":2,\"name\":\"Store\",\"item\":\"https:\/\/www.cgmouthpiece.it\/store\/\"},{\"@type\":\"ListItem\",\"position\":3,\"name\":\"Roma alto\"}]}]}<\/script>\n<!-- \/ Yoast SEO plugin. -->","yoast_head_json":{"title":"Roma alto - CG MouthPiece","robots":{"index":"index","follow":"follow","max-snippet":"max-snippet:-1","max-image-preview":"max-image-preview:large","max-video-preview":"max-video-preview:-1"},"canonical":"https:\/\/www.cgmouthpiece.it\/en\/prodotto\/roma\/","og_locale":"fr_FR","og_type":"article","og_title":"Roma alto - CG MouthPiece","og_description":"[:it]Il modello Roma \u00e8 progettato per quei musicisti che ricercano un suono chiaro, brillante e con molta proiezione. La transizione del baffle alto e lungo \u2013 step baffle - in una camera medio-piccola offre al modello Roma un timbro brillante e potente. Le pareti interne della finestra perpendicolari al tetto sono piatte in modo da dare velocit\u00e0 all\u2019aria che viene indirizzata nella camera ovale media-piccola. Progettato per il saxofonista che vuole approcciarsi ai pi\u00f9 moderni generi musicali e che ha necessit\u00e0 di emergere facilmente fra gli altri strumenti. Le alte frequenze armoniche, ottenute grazie al tetto alto, aiutano il saxofonista a distinguere il proprio suono all\u2019interno di contesti sonori anche affollati (strumenti amplificati, grandi pressioni sonore). Il bronzo da noi selezionato si \u00e8 rivelata un\u2019ottima scelta poich\u00e9 la ricerca della brillantezza timbrica non ha per nulla sacrificato il corpo dello suono che rimane possente e pieno in tutti i registri del sax alto. Legatura e copribecco Rovner inclusi.     &nbsp; media [:en]The Rome model was designed for those musicians who look for a clear and bright sound with great projection. The transition of the step baffle into a medium-small chamber provides the Rome model with a bright and powerful timbre. The internal walls of the window are perpendicular to the beak and flat, so that they provide the air directed to the medium-small oval chamber with speed. Designed for the saxophonist who wants to approach the most modern musical genres and needs to stand out easily among the other instruments. The harmonic frequencies, achieved thanks to the high beak, help saxophonists make their sound stand out also within crowded sound contexts (amplified instruments, great sound pressure). The bronze we selected proved to be a great choice, because the research for timbre brightness did not jeopardize the sound body, which is still powerful and full in all the registers of alto saxophone. Rovner Ligature &amp; cap included.     &nbsp; media [:fr]Le mod\u00e8le Roma a \u00e9t\u00e9 con\u00e7u pour les musiciens qui recherchent un son clair, brillant avec une grande projection. La transition du plafond haut et long (step baffle) dans une chambre moyenne-petite offre au mod\u00e8le Roma un timbre brillant et puissant. Les parois int\u00e9rieures de la fen\u00eatre perpendiculaire au plafond sont plates pour acc\u00e9l\u00e9rer le passage de l\u2019air vers la chambre ovale moyenne-petite. Il a \u00e9t\u00e9 \u00e9tudi\u00e9 pour le saxophoniste qui veut jouer les genres musicaux les plus modernes et qui a besoin d\u2019\u00e9merger parmi les autres instruments. Les hautes fr\u00e9quences harmoniques, obtenues gr\u00e2ce au plafond haut, aident l\u2019instrumentiste \u00e0 distinguer le son du saxophone m\u00eame dans des contextes sonores bond\u00e9s (instruments amplifi\u00e9s, grandes pressions sonores). Le bronze que nous avons s\u00e9lectionn\u00e9 se r\u00e9v\u00e8le un tr\u00e8s bon choix parce que la riche brillance du timbre n\u2019est absolument pas sacrifi\u00e9e par le corps du son qui reste puissant et plein dans tous les registres du saxophone alto. Livr\u00e9e avec Rovner ligature et couvre bec.     &nbsp; media [:es]El modelo Roma se ha dise\u00f1ado para los m\u00fasicos que buscan un sonido claro, brillante y con mucha proyecci\u00f3n. La transici\u00f3n del baffle alto y largo \u2013 step baffle \u2013 en una c\u00e1mara mediano-peque\u00f1a brinda al modelo Roma un timbre brillante y poderoso. Las paredes internas de la ventana perpendiculares al techo son planas, de forma de dar velocidad al aire, que se env\u00eda a la c\u00e1mara ovalada mediano-peque\u00f1a. Se ha dise\u00f1ado para el saxofonista que quiere acercarse a los g\u00e9neros musicales m\u00e1s modernos y que tiene necesidad de emerger f\u00e1cilmente entre los otros instrumentos. Las frecuencias arm\u00f3nicas altas, que se obtienen gracias al techo alto, ayudan al saxofonista a distinguir su sonido en el interior de contextos sonoros incluso concurridos (instrumentos amplificados, presiones sonoras grandes). El bronce que hemos seleccionado se ha revelado una elecci\u00f3n \u00f3ptima, ya que la b\u00fasqueda del brillo del timbre no sacrifica absolutamente el cuerpo del sonido, que queda poderoso y lleno de todos los registros del saxo alto. Incluida abrazadera y boquillero Rovner.     &nbsp; media [:]","og_url":"https:\/\/www.cgmouthpiece.it\/en\/prodotto\/roma\/","og_site_name":"CG MouthPiece","article_publisher":"https:\/\/www.facebook.com\/cgmouthpiece.it\/","article_modified_time":"2017-05-29T22:17:24+00:00","og_image":[{"width":700,"height":874,"url":"https:\/\/www.cgmouthpiece.it\/wp-content\/uploads\/2016\/04\/ALmetROmidSide.jpg","type":"image\/jpeg"}],"twitter_card":"summary","schema":{"@context":"https:\/\/schema.org","@graph":[{"@type":"WebSite","@id":"https:\/\/www.cgmouthpiece.it\/#website","url":"https:\/\/www.cgmouthpiece.it\/","name":"CG MouthPiece","description":"Best handcrafted mouthpieces made in Italy!","potentialAction":[{"@type":"SearchAction","target":{"@type":"EntryPoint","urlTemplate":"https:\/\/www.cgmouthpiece.it\/?s={search_term_string}"},"query-input":"required name=search_term_string"}],"inLanguage":"fr-FR"},{"@type":"ImageObject","@id":"https:\/\/www.cgmouthpiece.it\/en\/prodotto\/roma\/#primaryimage","inLanguage":"fr-FR","url":"https:\/\/www.cgmouthpiece.it\/wp-content\/uploads\/2016\/04\/ALmetROmidSide.jpg","contentUrl":"https:\/\/www.cgmouthpiece.it\/wp-content\/uploads\/2016\/04\/ALmetROmidSide.jpg","width":700,"height":874,"caption":"ALmetROmidSide"},{"@type":"WebPage","@id":"https:\/\/www.cgmouthpiece.it\/en\/prodotto\/roma\/#webpage","url":"https:\/\/www.cgmouthpiece.it\/en\/prodotto\/roma\/","name":"Roma alto - CG MouthPiece","isPartOf":{"@id":"https:\/\/www.cgmouthpiece.it\/#website"},"primaryImageOfPage":{"@id":"https:\/\/www.cgmouthpiece.it\/en\/prodotto\/roma\/#primaryimage"},"datePublished":"2016-04-04T09:09:36+00:00","dateModified":"2017-05-29T22:17:24+00:00","breadcrumb":{"@id":"https:\/\/www.cgmouthpiece.it\/en\/prodotto\/roma\/#breadcrumb"},"inLanguage":"fr-FR","potentialAction":[{"@type":"ReadAction","target":["https:\/\/www.cgmouthpiece.it\/en\/prodotto\/roma\/"]}]},{"@type":"BreadcrumbList","@id":"https:\/\/www.cgmouthpiece.it\/en\/prodotto\/roma\/#breadcrumb","itemListElement":[{"@type":"ListItem","position":1,"name":"Home","item":"https:\/\/www.cgmouthpiece.it\/"},{"@type":"ListItem","position":2,"name":"Store","item":"https:\/\/www.cgmouthpiece.it\/store\/"},{"@type":"ListItem","position":3,"name":"Roma alto"}]}]}},"_links":{"self":[{"href":"https:\/\/www.cgmouthpiece.it\/fr\/wp-json\/wp\/v2\/product\/19783"}],"collection":[{"href":"https:\/\/www.cgmouthpiece.it\/fr\/wp-json\/wp\/v2\/product"}],"about":[{"href":"https:\/\/www.cgmouthpiece.it\/fr\/wp-json\/wp\/v2\/types\/product"}],"replies":[{"embeddable":true,"href":"https:\/\/www.cgmouthpiece.it\/fr\/wp-json\/wp\/v2\/comments?post=19783"}],"wp:featuredmedia":[{"embeddable":true,"href":"https:\/\/www.cgmouthpiece.it\/fr\/wp-json\/wp\/v2\/media\/19787"}],"wp:attachment":[{"href":"https:\/\/www.cgmouthpiece.it\/fr\/wp-json\/wp\/v2\/media?parent=19783"}],"wp:term":[{"taxonomy":"product_cat","embeddable":true,"href":"https:\/\/www.cgmouthpiece.it\/fr\/wp-json\/wp\/v2\/product_cat?post=19783"},{"taxonomy":"product_tag","embeddable":true,"href":"https:\/\/www.cgmouthpiece.it\/fr\/wp-json\/wp\/v2\/product_tag?post=19783"}],"curies":[{"name":"wp","href":"https:\/\/api.w.org\/{rel}","templated":true}]}}