{"id":19794,"date":"2016-04-04T12:43:05","date_gmt":"2016-04-04T10:43:05","guid":{"rendered":"https:\/\/www.cgmouthpiece.it\/?post_type=product&#038;p=19794"},"modified":"2021-02-11T15:23:00","modified_gmt":"2021-02-11T14:23:00","slug":"torino","status":"publish","type":"product","link":"https:\/\/www.cgmouthpiece.it\/fr\/prodotto\/torino\/","title":{"rendered":"Torino tenor"},"content":{"rendered":"","protected":false},"excerpt":{"rendered":"<p>Le mod\u00e8le Torino a \u00e9t\u00e9 con\u00e7u pour les saxophonistes qui recherchent le son traditionnel qui caract\u00e9rise les ann\u00e9es 1940 et 1950 associ\u00e9 \u00e0 un timbre homog\u00e8ne dans tous les registres de l\u2019instrument et une excellente projection. La transition du long plafond bas dans une chambre large (bullet-cut) fournit au mod\u00e8le Torino un timbre plein et sombre en maintenant une excellente mise au point du son. Les parois de la fen\u00eatre, tout d\u2019abord plates pour concentrer l\u2019air dans la phase d\u2019attaque, deviennent graduellement concaves \u00e0 mi-hauteur de la fen\u00eatre en anticipant les dimensions de la chambre qui, gr\u00e2ce au bullet-cut du plafond prend encore plus de volume. Le mod\u00e8le Torino se distingue en effet par une excellente projection et un timbre mod\u00e9r\u00e9ment sombre \u2013 gr\u00e2ce au plafond long pas trop bas -, par un corps grand et profond du son (fat sound) &#8211; gr\u00e2ce au bullet-cut et aux parois graduellement concaves vers une grande chambre. Il est conseill\u00e9 aussi aux amateurs de l\u2019hard-bop et ceux qui pr\u00e9f\u00e8rent un son semblable au caoutchouc dur mais avec la projection et la mise au point d\u2019un bec en m\u00e9tal.<\/p>\n<p>Disponible sur demande dans diff\u00e9rentes ouvertures non list\u00e9es ici<\/p>\n<p class=\"p1\"><span class=\"s1\">Livr\u00e9e avec <\/span><span class=\"s2\">Rovner ligature et couvre bec.<\/span><\/p>\n<hr \/>\n<h5>media<\/h5>\n[audio mp3=\"https:\/\/www.cgmouthpiece.it\/wp-content\/uploads\/2016\/04\/cisi-audio-4.mp3\"][\/audio]\n[audio mp3=\"https:\/\/www.cgmouthpiece.it\/wp-content\/uploads\/2016\/05\/solar-for-CG-ok-TO.mp3\"][\/audio]\n<p><a href=\"https:\/\/soundcloud.comhttps:\/\/soundcloud.com\/cg-mouthpiece-italy\/turin-model-for-tenor-sax-on-solar-chords\" target=\"_blank\" rel=\"noopener\">https:\/\/soundcloud.com\/cg-mouthpiece-italy\/turin-model-for-tenor-sax-on-solar-chords<\/a><br \/>\n<a href=\"https:\/\/www.youtube.com\/watch?v=lIa5HvKtzJc\" target=\"_blank\" rel=\"noopener\">https:\/\/www.youtube.com\/watch?v=lIa5HvKtzJc<\/a><br \/>\n<a href=\"https:\/\/soundcloud.com\/cg-mouthpiece-italy\/najee-sax-solo-on-moments-notice-cg-mouthpiece-italy-turin-model\" target=\"_blank\" rel=\"noopener\">https:\/\/soundcloud.com\/cg-mouthpiece-italy\/najee-sax-solo-on-moments-notice-cg-mouthpiece-italy-turin-model<\/a><br \/>\n<a href=\"https:\/\/www.youtube.com\/watch?v=n2xRxw3gyqc\" target=\"_blank\" rel=\"noopener\">https:\/\/www.youtube.com\/watch?v=n2xRxw3gyqc<\/a><br \/>\n<a href=\"https:\/\/www.youtube.com\/watch?v=zJXC_zfAnNI\" target=\"_blank\" rel=\"noopener\">https:\/\/www.youtube.com\/watch?v=zJXC_zfAnNI<\/a><\/p>\n","protected":false},"featured_media":21293,"comment_status":"closed","ping_status":"closed","template":"","meta":[],"product_cat":[15,25,27],"product_tag":[145,144],"acf":[],"yoast_head":"<!-- This site is optimized with the Yoast SEO plugin v18.3 - https:\/\/yoast.com\/wordpress\/plugins\/seo\/ -->\n<title>Torino tenor - CG MouthPiece<\/title>\n<meta name=\"robots\" content=\"index, follow, max-snippet:-1, max-image-preview:large, max-video-preview:-1\" \/>\n<link rel=\"canonical\" href=\"https:\/\/www.cgmouthpiece.it\/prodotto\/torino\/\" \/>\n<meta property=\"og:locale\" content=\"fr_FR\" \/>\n<meta property=\"og:type\" content=\"article\" \/>\n<meta property=\"og:title\" content=\"[:it]Torino tenore[:en]Torino tenor[:fr]Torino tenor[:es]Torino tenor[:] - CG MouthPiece\" \/>\n<meta property=\"og:description\" content=\"[:it]Il modello Torino \u00e8 progettato per i saxofonisti che ricercano un suono tradizionale tipico degli anni &#039;40 e \u201850 unitamente ad un\u2019omogeneit\u00e0 timbrica in tutti i registri dello strumento e ad un\u2019ottima proiezione. La transizione del lungo tetto basso in una camera larga - bullet cut - fornisce al modello Torino un timbro pieno e scuro mantenendo un\u2019eccellente fuoco del suono. Le pareti della finestra, inizialmente piane per concentrare l\u2019aria nella fase di attacco, divengono gradualmente concave dalla met\u00e0 della finestra anticipando le dimensioni della camera che, grazie al bullet-cut del tetto, assume un volume ancora maggiore. Il modello Torino \u00e8 contraddistinto infatti da un\u2019ottima proiezione e da un timbro moderatamente scuro \u2013 grazie al lungo tetto non troppo basso -, da un corpo del suono grande e profondo (fat sound) \u2013 grazie al bullet-cut e alle pareti gradualmente concave verso una camera grande -. Consigliato anche agli amanti dell\u2019hard-bop e da chi predilige una sonorit\u00e0 simile all\u2019hard rubber ma con proiezione e fuoco tipici di una imboccatura in metallo.  Disponibile a richiesta in differenti aperture qui non elencate Legatura e copribecco Rovner inclusi.     media     https:\/\/soundcloud.com\/cg-mouthpiece-italy\/turin-model-for-tenor-sax-on-solar-chords https:\/\/www.youtube.com\/watch?v=lIa5HvKtzJc https:\/\/soundcloud.com\/cg-mouthpiece-italy\/najee-sax-solo-on-moments-notice-cg-mouthpiece-italy-turin-model https:\/\/www.youtube.com\/watch?v=n2xRxw3gyqc https:\/\/www.youtube.com\/watch?v=zJXC_zfAnNI[:en]The Turin model was designed for saxophonists who look for a traditional, typical 1940s-1950s sound, as well as timbre homogeneity in all the registers of the instrument and great projection. The transition of the long low beak into a large chamber - bullet cut \u2013 provides the Turin model with a full and dark timbre, maintaining an excellent sound focus. The window walls are initially flat to concentrate air in the starting phase and become gradually concave halfway through the window, anticipating the size of the chamber that \u2013 thanks to the bullet-cut shape \u2013 has an even larger volume. The Turin model is characterized by great projection and a moderately dark timbre \u2013 thanks to the long and not too low beak, with a fat and deep sound, thanks to the bullet-cut shape and gradually concave walls towards a large chamber. Recommended also for hard-bop lovers and anyone who prefers a similar sound to hard rubber but with the typical projection and focus of a metal mouthpiece.  Available on request in different tip openings not listed here Rovner Ligature &amp; cap included.     media     https:\/\/soundcloud.com\/cg-mouthpiece-italy\/turin-model-for-tenor-sax-on-solar-chords https:\/\/www.youtube.com\/watch?v=lIa5HvKtzJc https:\/\/soundcloud.com\/cg-mouthpiece-italy\/najee-sax-solo-on-moments-notice-cg-mouthpiece-italy-turin-model https:\/\/www.youtube.com\/watch?v=n2xRxw3gyqc https:\/\/www.youtube.com\/watch?v=zJXC_zfAnNI[:fr]Le mod\u00e8le Torino a \u00e9t\u00e9 con\u00e7u pour les saxophonistes qui recherchent le son traditionnel qui caract\u00e9rise les ann\u00e9es 1940 et 1950 associ\u00e9 \u00e0 un timbre homog\u00e8ne dans tous les registres de l\u2019instrument et une excellente projection. La transition du long plafond bas dans une chambre large (bullet-cut) fournit au mod\u00e8le Torino un timbre plein et sombre en maintenant une excellente mise au point du son. Les parois de la fen\u00eatre, tout d\u2019abord plates pour concentrer l\u2019air dans la phase d\u2019attaque, deviennent graduellement concaves \u00e0 mi-hauteur de la fen\u00eatre en anticipant les dimensions de la chambre qui, gr\u00e2ce au bullet-cut du plafond prend encore plus de volume. Le mod\u00e8le Torino se distingue en effet par une excellente projection et un timbre mod\u00e9r\u00e9ment sombre \u2013 gr\u00e2ce au plafond long pas trop bas -, par un corps grand et profond du son (fat sound) - gr\u00e2ce au bullet-cut et aux parois graduellement concaves vers une grande chambre. Il est conseill\u00e9 aussi aux amateurs de l\u2019hard-bop et ceux qui pr\u00e9f\u00e8rent un son semblable au caoutchouc dur mais avec la projection et la mise au point d\u2019un bec en m\u00e9tal.  Disponible sur demande dans diff\u00e9rentes ouvertures non list\u00e9es ici Livr\u00e9e avec Rovner ligature et couvre bec.     media     https:\/\/soundcloud.com\/cg-mouthpiece-italy\/turin-model-for-tenor-sax-on-solar-chords https:\/\/www.youtube.com\/watch?v=lIa5HvKtzJc https:\/\/soundcloud.com\/cg-mouthpiece-italy\/najee-sax-solo-on-moments-notice-cg-mouthpiece-italy-turin-model https:\/\/www.youtube.com\/watch?v=n2xRxw3gyqc https:\/\/www.youtube.com\/watch?v=zJXC_zfAnNI[:es]El modelo Tur\u00edn se ha dise\u00f1ado para los saxofonistas que buscan un sonido tradicional t\u00edpico de la d\u00e9cada de los &#039;40 y de los &#039;50, junto con una homogeneidad del timbre en todos los registros del instrumento y una proyecci\u00f3n \u00f3ptima. La transici\u00f3n del techo largo bajo en una c\u00e1mara ancha \u2013 bullet cut\u2014brinda al modelo Tur\u00edn un timbre lleno y oscuro manteniendo un excelente enfoque del sonido. Las paredes de la ventana, al comienzo planas para concentrar el aire en la fase inicial, se vuelven gradualmente c\u00f3ncavas desde la mitad de la ventana, anticipando las dimensiones de la c\u00e1mara que, gracias al bullet-cut del techo, asume un volumen a\u00fan mayor. De hecho, el modelo Tur\u00edn se caracteriza por una proyecci\u00f3n \u00f3ptima y por un timbre moderadamente oscuro \u2013 gracias al techo largo no demasiado bajo \u2013 por un cuerpo del sonido gran y profundo (fat sound) \u2013 gracias al bullet-cut y a las paredes gradualmente c\u00f3ncavas hacia una c\u00e1mara grande -. Tambi\u00e9n se aconseja a los amantes del hard-bot y a los que prefieren un sonido similar al hard rubber, pero con una proyecci\u00f3n y un enfoque t\u00edpicos de una boquilla met\u00e1lica.  Disponible bajo pedido en diferentes aperturas no listadas aqu\u00ed Incluida abrazadera y boquillero Rovner.     media     https:\/\/soundcloud.com\/cg-mouthpiece-italy\/turin-model-for-tenor-sax-on-solar-chords https:\/\/www.youtube.com\/watch?v=lIa5HvKtzJc https:\/\/soundcloud.com\/cg-mouthpiece-italy\/najee-sax-solo-on-moments-notice-cg-mouthpiece-italy-turin-model https:\/\/www.youtube.com\/watch?v=n2xRxw3gyqc https:\/\/www.youtube.com\/watch?v=zJXC_zfAnNI[:]\" \/>\n<meta property=\"og:url\" content=\"https:\/\/www.cgmouthpiece.it\/prodotto\/torino\/\" \/>\n<meta property=\"og:site_name\" content=\"CG MouthPiece\" \/>\n<meta property=\"article:publisher\" content=\"https:\/\/www.facebook.com\/cgmouthpiece.it\/\" \/>\n<meta property=\"article:modified_time\" content=\"2021-02-11T14:23:00+00:00\" \/>\n<meta property=\"og:image\" content=\"https:\/\/www.cgmouthpiece.it\/wp-content\/uploads\/2016\/04\/TO-int-side-B.jpg\" \/>\n\t<meta property=\"og:image:width\" content=\"700\" \/>\n\t<meta property=\"og:image:height\" content=\"874\" \/>\n\t<meta property=\"og:image:type\" content=\"image\/jpeg\" \/>\n<meta name=\"twitter:card\" content=\"summary\" \/>\n<script type=\"application\/ld+json\" class=\"yoast-schema-graph\">{\"@context\":\"https:\/\/schema.org\",\"@graph\":[{\"@type\":\"WebSite\",\"@id\":\"https:\/\/www.cgmouthpiece.it\/#website\",\"url\":\"https:\/\/www.cgmouthpiece.it\/\",\"name\":\"CG MouthPiece\",\"description\":\"Best handcrafted mouthpieces made in Italy!\",\"potentialAction\":[{\"@type\":\"SearchAction\",\"target\":{\"@type\":\"EntryPoint\",\"urlTemplate\":\"https:\/\/www.cgmouthpiece.it\/?s={search_term_string}\"},\"query-input\":\"required name=search_term_string\"}],\"inLanguage\":\"fr-FR\"},{\"@type\":\"ImageObject\",\"@id\":\"https:\/\/www.cgmouthpiece.it\/prodotto\/torino\/#primaryimage\",\"inLanguage\":\"fr-FR\",\"url\":\"https:\/\/www.cgmouthpiece.it\/wp-content\/uploads\/2016\/04\/TO-int-side-B.jpg\",\"contentUrl\":\"https:\/\/www.cgmouthpiece.it\/wp-content\/uploads\/2016\/04\/TO-int-side-B.jpg\",\"width\":700,\"height\":874},{\"@type\":\"WebPage\",\"@id\":\"https:\/\/www.cgmouthpiece.it\/prodotto\/torino\/#webpage\",\"url\":\"https:\/\/www.cgmouthpiece.it\/prodotto\/torino\/\",\"name\":\"[:it]Torino tenore[:en]Torino tenor[:fr]Torino tenor[:es]Torino tenor[:] - CG MouthPiece\",\"isPartOf\":{\"@id\":\"https:\/\/www.cgmouthpiece.it\/#website\"},\"primaryImageOfPage\":{\"@id\":\"https:\/\/www.cgmouthpiece.it\/prodotto\/torino\/#primaryimage\"},\"datePublished\":\"2016-04-04T10:43:05+00:00\",\"dateModified\":\"2021-02-11T14:23:00+00:00\",\"breadcrumb\":{\"@id\":\"https:\/\/www.cgmouthpiece.it\/prodotto\/torino\/#breadcrumb\"},\"inLanguage\":\"fr-FR\",\"potentialAction\":[{\"@type\":\"ReadAction\",\"target\":[\"https:\/\/www.cgmouthpiece.it\/prodotto\/torino\/\"]}]},{\"@type\":\"BreadcrumbList\",\"@id\":\"https:\/\/www.cgmouthpiece.it\/prodotto\/torino\/#breadcrumb\",\"itemListElement\":[{\"@type\":\"ListItem\",\"position\":1,\"name\":\"Home\",\"item\":\"https:\/\/www.cgmouthpiece.it\/\"},{\"@type\":\"ListItem\",\"position\":2,\"name\":\"Store\",\"item\":\"https:\/\/www.cgmouthpiece.it\/store\/\"},{\"@type\":\"ListItem\",\"position\":3,\"name\":\"Torino tenore\"}]}]}<\/script>\n<!-- \/ Yoast SEO plugin. -->","yoast_head_json":{"title":"[:it]Torino tenore[:en]Torino tenor[:fr]Torino tenor[:es]Torino tenor[:] - CG MouthPiece","robots":{"index":"index","follow":"follow","max-snippet":"max-snippet:-1","max-image-preview":"max-image-preview:large","max-video-preview":"max-video-preview:-1"},"canonical":"https:\/\/www.cgmouthpiece.it\/prodotto\/torino\/","og_locale":"fr_FR","og_type":"article","og_title":"[:it]Torino tenore[:en]Torino tenor[:fr]Torino tenor[:es]Torino tenor[:] - CG MouthPiece","og_description":"[:it]Il modello Torino \u00e8 progettato per i saxofonisti che ricercano un suono tradizionale tipico degli anni '40 e \u201850 unitamente ad un\u2019omogeneit\u00e0 timbrica in tutti i registri dello strumento e ad un\u2019ottima proiezione. La transizione del lungo tetto basso in una camera larga - bullet cut - fornisce al modello Torino un timbro pieno e scuro mantenendo un\u2019eccellente fuoco del suono. Le pareti della finestra, inizialmente piane per concentrare l\u2019aria nella fase di attacco, divengono gradualmente concave dalla met\u00e0 della finestra anticipando le dimensioni della camera che, grazie al bullet-cut del tetto, assume un volume ancora maggiore. Il modello Torino \u00e8 contraddistinto infatti da un\u2019ottima proiezione e da un timbro moderatamente scuro \u2013 grazie al lungo tetto non troppo basso -, da un corpo del suono grande e profondo (fat sound) \u2013 grazie al bullet-cut e alle pareti gradualmente concave verso una camera grande -. Consigliato anche agli amanti dell\u2019hard-bop e da chi predilige una sonorit\u00e0 simile all\u2019hard rubber ma con proiezione e fuoco tipici di una imboccatura in metallo.  Disponibile a richiesta in differenti aperture qui non elencate Legatura e copribecco Rovner inclusi.     media     https:\/\/soundcloud.com\/cg-mouthpiece-italy\/turin-model-for-tenor-sax-on-solar-chords https:\/\/www.youtube.com\/watch?v=lIa5HvKtzJc https:\/\/soundcloud.com\/cg-mouthpiece-italy\/najee-sax-solo-on-moments-notice-cg-mouthpiece-italy-turin-model https:\/\/www.youtube.com\/watch?v=n2xRxw3gyqc https:\/\/www.youtube.com\/watch?v=zJXC_zfAnNI[:en]The Turin model was designed for saxophonists who look for a traditional, typical 1940s-1950s sound, as well as timbre homogeneity in all the registers of the instrument and great projection. The transition of the long low beak into a large chamber - bullet cut \u2013 provides the Turin model with a full and dark timbre, maintaining an excellent sound focus. The window walls are initially flat to concentrate air in the starting phase and become gradually concave halfway through the window, anticipating the size of the chamber that \u2013 thanks to the bullet-cut shape \u2013 has an even larger volume. The Turin model is characterized by great projection and a moderately dark timbre \u2013 thanks to the long and not too low beak, with a fat and deep sound, thanks to the bullet-cut shape and gradually concave walls towards a large chamber. Recommended also for hard-bop lovers and anyone who prefers a similar sound to hard rubber but with the typical projection and focus of a metal mouthpiece.  Available on request in different tip openings not listed here Rovner Ligature &amp; cap included.     media     https:\/\/soundcloud.com\/cg-mouthpiece-italy\/turin-model-for-tenor-sax-on-solar-chords https:\/\/www.youtube.com\/watch?v=lIa5HvKtzJc https:\/\/soundcloud.com\/cg-mouthpiece-italy\/najee-sax-solo-on-moments-notice-cg-mouthpiece-italy-turin-model https:\/\/www.youtube.com\/watch?v=n2xRxw3gyqc https:\/\/www.youtube.com\/watch?v=zJXC_zfAnNI[:fr]Le mod\u00e8le Torino a \u00e9t\u00e9 con\u00e7u pour les saxophonistes qui recherchent le son traditionnel qui caract\u00e9rise les ann\u00e9es 1940 et 1950 associ\u00e9 \u00e0 un timbre homog\u00e8ne dans tous les registres de l\u2019instrument et une excellente projection. La transition du long plafond bas dans une chambre large (bullet-cut) fournit au mod\u00e8le Torino un timbre plein et sombre en maintenant une excellente mise au point du son. Les parois de la fen\u00eatre, tout d\u2019abord plates pour concentrer l\u2019air dans la phase d\u2019attaque, deviennent graduellement concaves \u00e0 mi-hauteur de la fen\u00eatre en anticipant les dimensions de la chambre qui, gr\u00e2ce au bullet-cut du plafond prend encore plus de volume. Le mod\u00e8le Torino se distingue en effet par une excellente projection et un timbre mod\u00e9r\u00e9ment sombre \u2013 gr\u00e2ce au plafond long pas trop bas -, par un corps grand et profond du son (fat sound) - gr\u00e2ce au bullet-cut et aux parois graduellement concaves vers une grande chambre. Il est conseill\u00e9 aussi aux amateurs de l\u2019hard-bop et ceux qui pr\u00e9f\u00e8rent un son semblable au caoutchouc dur mais avec la projection et la mise au point d\u2019un bec en m\u00e9tal.  Disponible sur demande dans diff\u00e9rentes ouvertures non list\u00e9es ici Livr\u00e9e avec Rovner ligature et couvre bec.     media     https:\/\/soundcloud.com\/cg-mouthpiece-italy\/turin-model-for-tenor-sax-on-solar-chords https:\/\/www.youtube.com\/watch?v=lIa5HvKtzJc https:\/\/soundcloud.com\/cg-mouthpiece-italy\/najee-sax-solo-on-moments-notice-cg-mouthpiece-italy-turin-model https:\/\/www.youtube.com\/watch?v=n2xRxw3gyqc https:\/\/www.youtube.com\/watch?v=zJXC_zfAnNI[:es]El modelo Tur\u00edn se ha dise\u00f1ado para los saxofonistas que buscan un sonido tradicional t\u00edpico de la d\u00e9cada de los '40 y de los '50, junto con una homogeneidad del timbre en todos los registros del instrumento y una proyecci\u00f3n \u00f3ptima. La transici\u00f3n del techo largo bajo en una c\u00e1mara ancha \u2013 bullet cut\u2014brinda al modelo Tur\u00edn un timbre lleno y oscuro manteniendo un excelente enfoque del sonido. Las paredes de la ventana, al comienzo planas para concentrar el aire en la fase inicial, se vuelven gradualmente c\u00f3ncavas desde la mitad de la ventana, anticipando las dimensiones de la c\u00e1mara que, gracias al bullet-cut del techo, asume un volumen a\u00fan mayor. De hecho, el modelo Tur\u00edn se caracteriza por una proyecci\u00f3n \u00f3ptima y por un timbre moderadamente oscuro \u2013 gracias al techo largo no demasiado bajo \u2013 por un cuerpo del sonido gran y profundo (fat sound) \u2013 gracias al bullet-cut y a las paredes gradualmente c\u00f3ncavas hacia una c\u00e1mara grande -. Tambi\u00e9n se aconseja a los amantes del hard-bot y a los que prefieren un sonido similar al hard rubber, pero con una proyecci\u00f3n y un enfoque t\u00edpicos de una boquilla met\u00e1lica.  Disponible bajo pedido en diferentes aperturas no listadas aqu\u00ed Incluida abrazadera y boquillero Rovner.     media     https:\/\/soundcloud.com\/cg-mouthpiece-italy\/turin-model-for-tenor-sax-on-solar-chords https:\/\/www.youtube.com\/watch?v=lIa5HvKtzJc https:\/\/soundcloud.com\/cg-mouthpiece-italy\/najee-sax-solo-on-moments-notice-cg-mouthpiece-italy-turin-model https:\/\/www.youtube.com\/watch?v=n2xRxw3gyqc https:\/\/www.youtube.com\/watch?v=zJXC_zfAnNI[:]","og_url":"https:\/\/www.cgmouthpiece.it\/prodotto\/torino\/","og_site_name":"CG MouthPiece","article_publisher":"https:\/\/www.facebook.com\/cgmouthpiece.it\/","article_modified_time":"2021-02-11T14:23:00+00:00","og_image":[{"width":700,"height":874,"url":"https:\/\/www.cgmouthpiece.it\/wp-content\/uploads\/2016\/04\/TO-int-side-B.jpg","type":"image\/jpeg"}],"twitter_card":"summary","schema":{"@context":"https:\/\/schema.org","@graph":[{"@type":"WebSite","@id":"https:\/\/www.cgmouthpiece.it\/#website","url":"https:\/\/www.cgmouthpiece.it\/","name":"CG MouthPiece","description":"Best handcrafted mouthpieces made in Italy!","potentialAction":[{"@type":"SearchAction","target":{"@type":"EntryPoint","urlTemplate":"https:\/\/www.cgmouthpiece.it\/?s={search_term_string}"},"query-input":"required name=search_term_string"}],"inLanguage":"fr-FR"},{"@type":"ImageObject","@id":"https:\/\/www.cgmouthpiece.it\/prodotto\/torino\/#primaryimage","inLanguage":"fr-FR","url":"https:\/\/www.cgmouthpiece.it\/wp-content\/uploads\/2016\/04\/TO-int-side-B.jpg","contentUrl":"https:\/\/www.cgmouthpiece.it\/wp-content\/uploads\/2016\/04\/TO-int-side-B.jpg","width":700,"height":874},{"@type":"WebPage","@id":"https:\/\/www.cgmouthpiece.it\/prodotto\/torino\/#webpage","url":"https:\/\/www.cgmouthpiece.it\/prodotto\/torino\/","name":"[:it]Torino tenore[:en]Torino tenor[:fr]Torino tenor[:es]Torino tenor[:] - CG MouthPiece","isPartOf":{"@id":"https:\/\/www.cgmouthpiece.it\/#website"},"primaryImageOfPage":{"@id":"https:\/\/www.cgmouthpiece.it\/prodotto\/torino\/#primaryimage"},"datePublished":"2016-04-04T10:43:05+00:00","dateModified":"2021-02-11T14:23:00+00:00","breadcrumb":{"@id":"https:\/\/www.cgmouthpiece.it\/prodotto\/torino\/#breadcrumb"},"inLanguage":"fr-FR","potentialAction":[{"@type":"ReadAction","target":["https:\/\/www.cgmouthpiece.it\/prodotto\/torino\/"]}]},{"@type":"BreadcrumbList","@id":"https:\/\/www.cgmouthpiece.it\/prodotto\/torino\/#breadcrumb","itemListElement":[{"@type":"ListItem","position":1,"name":"Home","item":"https:\/\/www.cgmouthpiece.it\/"},{"@type":"ListItem","position":2,"name":"Store","item":"https:\/\/www.cgmouthpiece.it\/store\/"},{"@type":"ListItem","position":3,"name":"Torino tenore"}]}]}},"_links":{"self":[{"href":"https:\/\/www.cgmouthpiece.it\/fr\/wp-json\/wp\/v2\/product\/19794"}],"collection":[{"href":"https:\/\/www.cgmouthpiece.it\/fr\/wp-json\/wp\/v2\/product"}],"about":[{"href":"https:\/\/www.cgmouthpiece.it\/fr\/wp-json\/wp\/v2\/types\/product"}],"replies":[{"embeddable":true,"href":"https:\/\/www.cgmouthpiece.it\/fr\/wp-json\/wp\/v2\/comments?post=19794"}],"wp:featuredmedia":[{"embeddable":true,"href":"https:\/\/www.cgmouthpiece.it\/fr\/wp-json\/wp\/v2\/media\/21293"}],"wp:attachment":[{"href":"https:\/\/www.cgmouthpiece.it\/fr\/wp-json\/wp\/v2\/media?parent=19794"}],"wp:term":[{"taxonomy":"product_cat","embeddable":true,"href":"https:\/\/www.cgmouthpiece.it\/fr\/wp-json\/wp\/v2\/product_cat?post=19794"},{"taxonomy":"product_tag","embeddable":true,"href":"https:\/\/www.cgmouthpiece.it\/fr\/wp-json\/wp\/v2\/product_tag?post=19794"}],"curies":[{"name":"wp","href":"https:\/\/api.w.org\/{rel}","templated":true}]}}