{"id":19799,"date":"2016-04-05T09:15:44","date_gmt":"2016-04-05T07:15:44","guid":{"rendered":"https:\/\/www.cgmouthpiece.it\/?post_type=product&#038;p=19799"},"modified":"2017-05-30T00:13:40","modified_gmt":"2017-05-29T22:13:40","slug":"roma-2","status":"publish","type":"product","link":"https:\/\/www.cgmouthpiece.it\/fr\/prodotto\/roma-2\/","title":{"rendered":"Roma tenor"},"content":{"rendered":"","protected":false},"excerpt":{"rendered":"<p>Le mod\u00e8le Roma a \u00e9t\u00e9 con\u00e7u pour les musiciens qui recherchent un son clair, puissant avec une grande projection. La transition du plafond moyen-haut et long dans une chambre large \u2013 real big chamber &#8211; offre au mod\u00e8le Roma un timbre brillant sans aucun buzz. Les parois int\u00e9rieures de la fen\u00eatre deviennent concaves \u00e0 mi-hauteur de celle-ci en \u00e9largissant id\u00e9alement la chambre qui suit. Il a \u00e9t\u00e9 \u00e9tudi\u00e9 pour le saxophoniste qui veut jouer les genres musicaux les plus modernes et qui a besoin d\u2019\u00e9merger parmi les autres instruments. Les hautes fr\u00e9quences harmoniques, obtenues gr\u00e2ce au plafond haut, aident l\u2019instrumentiste \u00e0 distinguer le son du saxophone m\u00eame dans des contextes sonores bond\u00e9s (instruments amplifi\u00e9s, grandes pressions sonores). Le bronze que nous avons s\u00e9lectionn\u00e9 se r\u00e9v\u00e8le un tr\u00e8s bon choix parce que la riche brillance du timbre n\u2019est absolument pas sacrifi\u00e9e par le corps du son qui reste puissant et plein dans tous les registres du saxophone alto.<\/p>\n<p class=\"p1\"><span class=\"s1\">Livr\u00e9e avec <\/span><span class=\"s2\">Rovner ligature et couvre bec.<\/span><\/p>\n<hr \/>\n<h5>media<\/h5>\n[audio mp3=\"https:\/\/www.cgmouthpiece.it\/wp-content\/uploads\/2016\/04\/Ten-Roma-brass-all-reg.mp3\"][\/audio]\n<p><a href=\"https:\/\/www.youtube.com\/watch?v=1eXWUF7sllI\">https:\/\/www.youtube.com\/watch?v=1eXWUF7sllI<\/a><\/p>\n<p><a href=\"https:\/\/soundcloud.com\/cg-mouthpiece-italy\/najee-sax-solo-on-moments-notice-with-cg-mouthpiece-rome\" target=\"_blank\">https:\/\/soundcloud.com\/cg-mouthpiece-italy\/najee-sax-solo-on-moments-notice-with-cg-mouthpiece-rome<\/a><br \/>\n<a href=\"https:\/\/soundcloud.com\/cg-mouthpiece-italy\/cg-mouthpiece-italy-rome-model-for-tenor-sax\" target=\"_blank\">https:\/\/soundcloud.com\/cg-mouthpiece-italy\/cg-mouthpiece-italy-rome-model-for-tenor-sax<\/a><\/p>\n","protected":false},"featured_media":19804,"comment_status":"closed","ping_status":"closed","template":"","meta":[],"product_cat":[15,25,27],"product_tag":[],"acf":[],"yoast_head":"<!-- This site is optimized with the Yoast SEO plugin v18.3 - https:\/\/yoast.com\/wordpress\/plugins\/seo\/ -->\n<title>Roma tenor - CG MouthPiece<\/title>\n<meta name=\"robots\" content=\"index, follow, max-snippet:-1, max-image-preview:large, max-video-preview:-1\" \/>\n<link rel=\"canonical\" href=\"https:\/\/www.cgmouthpiece.it\/en\/prodotto\/roma-2\/\" \/>\n<meta property=\"og:locale\" content=\"fr_FR\" \/>\n<meta property=\"og:type\" content=\"article\" \/>\n<meta property=\"og:title\" content=\"[:it]Roma tenore[:en]Roma tenor[:fr]Roma tenor[:es]Roma tenor[:] - CG MouthPiece\" \/>\n<meta property=\"og:description\" content=\"[:it]Il modello Roma \u00e8 progettato per musicisti che ricercano un suono chiaro, possente e con molta proiezione. La transizione del baffle medio-alto e lungo in una camera larga \u2013 real big chamber - offre al modello Roma un timbro brillante e senza alcun buzz. Le pareti interne della finestra diventano concave a met\u00e0 di questa ampliando idealmente la dimensione della camera larga che seguir\u00e0. Progettato per il saxofonista che vuole approcciarsi ai pi\u00f9 moderni generi musicali e che ha necessit\u00e0 di emergere facilmente fra gli altri strumenti. Le alte frequenze armoniche, ottenute grazie al tetto alto, aiutano il saxofonista a distinguere il proprio suono all\u2019interno di contesti sonori anche affollati (strumenti amplificati, grandi pressioni sonore con cui confrontarsi). Il bronzo da noi selezionato si \u00e8 rivelata un\u2019ottima scelta poich\u00e9 la ricerca della brillantezza timbrica non ha per nulla sacrificato il corpo dello suono che rimane possente e pieno in tutti i registri del sax. Legatura e copribecco Rovner inclusi.     media   https:\/\/www.youtube.com\/watch?v=1eXWUF7sllI  https:\/\/soundcloud.com\/cg-mouthpiece-italy\/najee-sax-solo-on-moments-notice-with-cg-mouthpiece-rome  https:\/\/soundcloud.com\/cg-mouthpiece-italy\/cg-mouthpiece-italy-rome-model-for-tenor-sax[:en]The Rome model was designed for those musicians who look for a clear and powerful sound with great projection. The transition of the step baffle into a really big chamber provides the Rome model with a bright and buzz-free timbre. The internal walls of the window become concave halfway through it, virtually enlarging the following big chamber. Designed for the saxophonist who wants to approach the most modern musical genres and needs to stand out easily among the other instruments. The harmonic frequencies, achieved thanks to the high beak, help saxophonists make their sound stand out also within crowded sound contexts (amplified instruments, great sound pressure). The bronze we selected proved to be a great choice, because the research for timbre brightness did not jeopardize the sound body, which is still powerful and full in all the registers of the saxophone. Rovner Ligature &amp; cap included.     media   https:\/\/www.youtube.com\/watch?v=1eXWUF7sllI  https:\/\/soundcloud.com\/cg-mouthpiece-italy\/najee-sax-solo-on-moments-notice-with-cg-mouthpiece-rome https:\/\/soundcloud.com\/cg-mouthpiece-italy\/cg-mouthpiece-italy-rome-model-for-tenor-sax[:fr]Le mod\u00e8le Roma a \u00e9t\u00e9 con\u00e7u pour les musiciens qui recherchent un son clair, puissant avec une grande projection. La transition du plafond moyen-haut et long dans une chambre large \u2013 real big chamber - offre au mod\u00e8le Roma un timbre brillant sans aucun buzz. Les parois int\u00e9rieures de la fen\u00eatre deviennent concaves \u00e0 mi-hauteur de celle-ci en \u00e9largissant id\u00e9alement la chambre qui suit. Il a \u00e9t\u00e9 \u00e9tudi\u00e9 pour le saxophoniste qui veut jouer les genres musicaux les plus modernes et qui a besoin d\u2019\u00e9merger parmi les autres instruments. Les hautes fr\u00e9quences harmoniques, obtenues gr\u00e2ce au plafond haut, aident l\u2019instrumentiste \u00e0 distinguer le son du saxophone m\u00eame dans des contextes sonores bond\u00e9s (instruments amplifi\u00e9s, grandes pressions sonores). Le bronze que nous avons s\u00e9lectionn\u00e9 se r\u00e9v\u00e8le un tr\u00e8s bon choix parce que la riche brillance du timbre n\u2019est absolument pas sacrifi\u00e9e par le corps du son qui reste puissant et plein dans tous les registres du saxophone alto. Livr\u00e9e avec Rovner ligature et couvre bec.     media   https:\/\/www.youtube.com\/watch?v=1eXWUF7sllI  https:\/\/soundcloud.com\/cg-mouthpiece-italy\/najee-sax-solo-on-moments-notice-with-cg-mouthpiece-rome https:\/\/soundcloud.com\/cg-mouthpiece-italy\/cg-mouthpiece-italy-rome-model-for-tenor-sax[:es]El modelo Roma se ha dise\u00f1ado para los m\u00fasicos que buscan un sonido claro, poderoso y con mucha proyecci\u00f3n. La transici\u00f3n del baffle mediano alto y largo \u2013 en una c\u00e1mara ancha \u2013real big chamber - brinda al modelo Roma un timbre brillante y sin ning\u00fan buzz. Las paredes internas de la ventana se vuelven c\u00f3ncavas a mitad de la misma, ampliando idealmente las dimensiones de la c\u00e1mara ancha que seguir\u00e1. Se ha dise\u00f1ado para el saxofonista que quiere acercarse a los g\u00e9neros musicales m\u00e1s modernos y que tiene necesidad de emerger f\u00e1cilmente entre los otros instrumentos. Las frecuencias arm\u00f3nicas altas, que se obtienen gracias al techo alto, ayudan al saxofonista a distinguir su sonido en el interior de contextos sonoros incluso concurridos (instrumentos amplificados, presiones sonoras grandes). El bronce que hemos seleccionado se ha revelado una elecci\u00f3n \u00f3ptima, ya que la b\u00fasqueda del brillo del timbre no sacrifica absolutamente el cuerpo del sonido, que queda poderoso y lleno de todos los registros del saxo. Incluida abrazadera y boquillero Rovner.     media   https:\/\/www.youtube.com\/watch?v=1eXWUF7sllI  https:\/\/soundcloud.com\/cg-mouthpiece-italy\/najee-sax-solo-on-moments-notice-with-cg-mouthpiece-rome https:\/\/soundcloud.com\/cg-mouthpiece-italy\/cg-mouthpiece-italy-rome-model-for-tenor-sax[:]\" \/>\n<meta property=\"og:url\" content=\"https:\/\/www.cgmouthpiece.it\/en\/prodotto\/roma-2\/\" \/>\n<meta property=\"og:site_name\" content=\"CG MouthPiece\" \/>\n<meta property=\"article:publisher\" content=\"https:\/\/www.facebook.com\/cgmouthpiece.it\/\" \/>\n<meta property=\"article:modified_time\" content=\"2017-05-29T22:13:40+00:00\" \/>\n<meta property=\"og:image\" content=\"https:\/\/www.cgmouthpiece.it\/wp-content\/uploads\/2016\/04\/TENmetROmidSide.jpg\" \/>\n\t<meta property=\"og:image:width\" content=\"700\" \/>\n\t<meta property=\"og:image:height\" content=\"874\" \/>\n\t<meta property=\"og:image:type\" content=\"image\/jpeg\" \/>\n<meta name=\"twitter:card\" content=\"summary\" \/>\n<script type=\"application\/ld+json\" class=\"yoast-schema-graph\">{\"@context\":\"https:\/\/schema.org\",\"@graph\":[{\"@type\":\"WebSite\",\"@id\":\"https:\/\/www.cgmouthpiece.it\/#website\",\"url\":\"https:\/\/www.cgmouthpiece.it\/\",\"name\":\"CG MouthPiece\",\"description\":\"Best handcrafted mouthpieces made in Italy!\",\"potentialAction\":[{\"@type\":\"SearchAction\",\"target\":{\"@type\":\"EntryPoint\",\"urlTemplate\":\"https:\/\/www.cgmouthpiece.it\/?s={search_term_string}\"},\"query-input\":\"required name=search_term_string\"}],\"inLanguage\":\"fr-FR\"},{\"@type\":\"ImageObject\",\"@id\":\"https:\/\/www.cgmouthpiece.it\/en\/prodotto\/roma-2\/#primaryimage\",\"inLanguage\":\"fr-FR\",\"url\":\"https:\/\/www.cgmouthpiece.it\/wp-content\/uploads\/2016\/04\/TENmetROmidSide.jpg\",\"contentUrl\":\"https:\/\/www.cgmouthpiece.it\/wp-content\/uploads\/2016\/04\/TENmetROmidSide.jpg\",\"width\":700,\"height\":874,\"caption\":\"TENmetROmidSide\"},{\"@type\":\"WebPage\",\"@id\":\"https:\/\/www.cgmouthpiece.it\/en\/prodotto\/roma-2\/#webpage\",\"url\":\"https:\/\/www.cgmouthpiece.it\/en\/prodotto\/roma-2\/\",\"name\":\"[:it]Roma tenore[:en]Roma tenor[:fr]Roma tenor[:es]Roma tenor[:] - CG MouthPiece\",\"isPartOf\":{\"@id\":\"https:\/\/www.cgmouthpiece.it\/#website\"},\"primaryImageOfPage\":{\"@id\":\"https:\/\/www.cgmouthpiece.it\/en\/prodotto\/roma-2\/#primaryimage\"},\"datePublished\":\"2016-04-05T07:15:44+00:00\",\"dateModified\":\"2017-05-29T22:13:40+00:00\",\"breadcrumb\":{\"@id\":\"https:\/\/www.cgmouthpiece.it\/en\/prodotto\/roma-2\/#breadcrumb\"},\"inLanguage\":\"fr-FR\",\"potentialAction\":[{\"@type\":\"ReadAction\",\"target\":[\"https:\/\/www.cgmouthpiece.it\/en\/prodotto\/roma-2\/\"]}]},{\"@type\":\"BreadcrumbList\",\"@id\":\"https:\/\/www.cgmouthpiece.it\/en\/prodotto\/roma-2\/#breadcrumb\",\"itemListElement\":[{\"@type\":\"ListItem\",\"position\":1,\"name\":\"Home\",\"item\":\"https:\/\/www.cgmouthpiece.it\/\"},{\"@type\":\"ListItem\",\"position\":2,\"name\":\"Store\",\"item\":\"https:\/\/www.cgmouthpiece.it\/store\/\"},{\"@type\":\"ListItem\",\"position\":3,\"name\":\"Roma tenor\"}]}]}<\/script>\n<!-- \/ Yoast SEO plugin. -->","yoast_head_json":{"title":"[:it]Roma tenore[:en]Roma tenor[:fr]Roma tenor[:es]Roma tenor[:] - CG MouthPiece","robots":{"index":"index","follow":"follow","max-snippet":"max-snippet:-1","max-image-preview":"max-image-preview:large","max-video-preview":"max-video-preview:-1"},"canonical":"https:\/\/www.cgmouthpiece.it\/en\/prodotto\/roma-2\/","og_locale":"fr_FR","og_type":"article","og_title":"[:it]Roma tenore[:en]Roma tenor[:fr]Roma tenor[:es]Roma tenor[:] - CG MouthPiece","og_description":"[:it]Il modello Roma \u00e8 progettato per musicisti che ricercano un suono chiaro, possente e con molta proiezione. La transizione del baffle medio-alto e lungo in una camera larga \u2013 real big chamber - offre al modello Roma un timbro brillante e senza alcun buzz. Le pareti interne della finestra diventano concave a met\u00e0 di questa ampliando idealmente la dimensione della camera larga che seguir\u00e0. Progettato per il saxofonista che vuole approcciarsi ai pi\u00f9 moderni generi musicali e che ha necessit\u00e0 di emergere facilmente fra gli altri strumenti. Le alte frequenze armoniche, ottenute grazie al tetto alto, aiutano il saxofonista a distinguere il proprio suono all\u2019interno di contesti sonori anche affollati (strumenti amplificati, grandi pressioni sonore con cui confrontarsi). Il bronzo da noi selezionato si \u00e8 rivelata un\u2019ottima scelta poich\u00e9 la ricerca della brillantezza timbrica non ha per nulla sacrificato il corpo dello suono che rimane possente e pieno in tutti i registri del sax. Legatura e copribecco Rovner inclusi.     media   https:\/\/www.youtube.com\/watch?v=1eXWUF7sllI  https:\/\/soundcloud.com\/cg-mouthpiece-italy\/najee-sax-solo-on-moments-notice-with-cg-mouthpiece-rome  https:\/\/soundcloud.com\/cg-mouthpiece-italy\/cg-mouthpiece-italy-rome-model-for-tenor-sax[:en]The Rome model was designed for those musicians who look for a clear and powerful sound with great projection. The transition of the step baffle into a really big chamber provides the Rome model with a bright and buzz-free timbre. The internal walls of the window become concave halfway through it, virtually enlarging the following big chamber. Designed for the saxophonist who wants to approach the most modern musical genres and needs to stand out easily among the other instruments. The harmonic frequencies, achieved thanks to the high beak, help saxophonists make their sound stand out also within crowded sound contexts (amplified instruments, great sound pressure). The bronze we selected proved to be a great choice, because the research for timbre brightness did not jeopardize the sound body, which is still powerful and full in all the registers of the saxophone. Rovner Ligature &amp; cap included.     media   https:\/\/www.youtube.com\/watch?v=1eXWUF7sllI  https:\/\/soundcloud.com\/cg-mouthpiece-italy\/najee-sax-solo-on-moments-notice-with-cg-mouthpiece-rome https:\/\/soundcloud.com\/cg-mouthpiece-italy\/cg-mouthpiece-italy-rome-model-for-tenor-sax[:fr]Le mod\u00e8le Roma a \u00e9t\u00e9 con\u00e7u pour les musiciens qui recherchent un son clair, puissant avec une grande projection. La transition du plafond moyen-haut et long dans une chambre large \u2013 real big chamber - offre au mod\u00e8le Roma un timbre brillant sans aucun buzz. Les parois int\u00e9rieures de la fen\u00eatre deviennent concaves \u00e0 mi-hauteur de celle-ci en \u00e9largissant id\u00e9alement la chambre qui suit. Il a \u00e9t\u00e9 \u00e9tudi\u00e9 pour le saxophoniste qui veut jouer les genres musicaux les plus modernes et qui a besoin d\u2019\u00e9merger parmi les autres instruments. Les hautes fr\u00e9quences harmoniques, obtenues gr\u00e2ce au plafond haut, aident l\u2019instrumentiste \u00e0 distinguer le son du saxophone m\u00eame dans des contextes sonores bond\u00e9s (instruments amplifi\u00e9s, grandes pressions sonores). Le bronze que nous avons s\u00e9lectionn\u00e9 se r\u00e9v\u00e8le un tr\u00e8s bon choix parce que la riche brillance du timbre n\u2019est absolument pas sacrifi\u00e9e par le corps du son qui reste puissant et plein dans tous les registres du saxophone alto. Livr\u00e9e avec Rovner ligature et couvre bec.     media   https:\/\/www.youtube.com\/watch?v=1eXWUF7sllI  https:\/\/soundcloud.com\/cg-mouthpiece-italy\/najee-sax-solo-on-moments-notice-with-cg-mouthpiece-rome https:\/\/soundcloud.com\/cg-mouthpiece-italy\/cg-mouthpiece-italy-rome-model-for-tenor-sax[:es]El modelo Roma se ha dise\u00f1ado para los m\u00fasicos que buscan un sonido claro, poderoso y con mucha proyecci\u00f3n. La transici\u00f3n del baffle mediano alto y largo \u2013 en una c\u00e1mara ancha \u2013real big chamber - brinda al modelo Roma un timbre brillante y sin ning\u00fan buzz. Las paredes internas de la ventana se vuelven c\u00f3ncavas a mitad de la misma, ampliando idealmente las dimensiones de la c\u00e1mara ancha que seguir\u00e1. Se ha dise\u00f1ado para el saxofonista que quiere acercarse a los g\u00e9neros musicales m\u00e1s modernos y que tiene necesidad de emerger f\u00e1cilmente entre los otros instrumentos. Las frecuencias arm\u00f3nicas altas, que se obtienen gracias al techo alto, ayudan al saxofonista a distinguir su sonido en el interior de contextos sonoros incluso concurridos (instrumentos amplificados, presiones sonoras grandes). El bronce que hemos seleccionado se ha revelado una elecci\u00f3n \u00f3ptima, ya que la b\u00fasqueda del brillo del timbre no sacrifica absolutamente el cuerpo del sonido, que queda poderoso y lleno de todos los registros del saxo. Incluida abrazadera y boquillero Rovner.     media   https:\/\/www.youtube.com\/watch?v=1eXWUF7sllI  https:\/\/soundcloud.com\/cg-mouthpiece-italy\/najee-sax-solo-on-moments-notice-with-cg-mouthpiece-rome https:\/\/soundcloud.com\/cg-mouthpiece-italy\/cg-mouthpiece-italy-rome-model-for-tenor-sax[:]","og_url":"https:\/\/www.cgmouthpiece.it\/en\/prodotto\/roma-2\/","og_site_name":"CG MouthPiece","article_publisher":"https:\/\/www.facebook.com\/cgmouthpiece.it\/","article_modified_time":"2017-05-29T22:13:40+00:00","og_image":[{"width":700,"height":874,"url":"https:\/\/www.cgmouthpiece.it\/wp-content\/uploads\/2016\/04\/TENmetROmidSide.jpg","type":"image\/jpeg"}],"twitter_card":"summary","schema":{"@context":"https:\/\/schema.org","@graph":[{"@type":"WebSite","@id":"https:\/\/www.cgmouthpiece.it\/#website","url":"https:\/\/www.cgmouthpiece.it\/","name":"CG MouthPiece","description":"Best handcrafted mouthpieces made in Italy!","potentialAction":[{"@type":"SearchAction","target":{"@type":"EntryPoint","urlTemplate":"https:\/\/www.cgmouthpiece.it\/?s={search_term_string}"},"query-input":"required name=search_term_string"}],"inLanguage":"fr-FR"},{"@type":"ImageObject","@id":"https:\/\/www.cgmouthpiece.it\/en\/prodotto\/roma-2\/#primaryimage","inLanguage":"fr-FR","url":"https:\/\/www.cgmouthpiece.it\/wp-content\/uploads\/2016\/04\/TENmetROmidSide.jpg","contentUrl":"https:\/\/www.cgmouthpiece.it\/wp-content\/uploads\/2016\/04\/TENmetROmidSide.jpg","width":700,"height":874,"caption":"TENmetROmidSide"},{"@type":"WebPage","@id":"https:\/\/www.cgmouthpiece.it\/en\/prodotto\/roma-2\/#webpage","url":"https:\/\/www.cgmouthpiece.it\/en\/prodotto\/roma-2\/","name":"[:it]Roma tenore[:en]Roma tenor[:fr]Roma tenor[:es]Roma tenor[:] - CG MouthPiece","isPartOf":{"@id":"https:\/\/www.cgmouthpiece.it\/#website"},"primaryImageOfPage":{"@id":"https:\/\/www.cgmouthpiece.it\/en\/prodotto\/roma-2\/#primaryimage"},"datePublished":"2016-04-05T07:15:44+00:00","dateModified":"2017-05-29T22:13:40+00:00","breadcrumb":{"@id":"https:\/\/www.cgmouthpiece.it\/en\/prodotto\/roma-2\/#breadcrumb"},"inLanguage":"fr-FR","potentialAction":[{"@type":"ReadAction","target":["https:\/\/www.cgmouthpiece.it\/en\/prodotto\/roma-2\/"]}]},{"@type":"BreadcrumbList","@id":"https:\/\/www.cgmouthpiece.it\/en\/prodotto\/roma-2\/#breadcrumb","itemListElement":[{"@type":"ListItem","position":1,"name":"Home","item":"https:\/\/www.cgmouthpiece.it\/"},{"@type":"ListItem","position":2,"name":"Store","item":"https:\/\/www.cgmouthpiece.it\/store\/"},{"@type":"ListItem","position":3,"name":"Roma tenor"}]}]}},"_links":{"self":[{"href":"https:\/\/www.cgmouthpiece.it\/fr\/wp-json\/wp\/v2\/product\/19799"}],"collection":[{"href":"https:\/\/www.cgmouthpiece.it\/fr\/wp-json\/wp\/v2\/product"}],"about":[{"href":"https:\/\/www.cgmouthpiece.it\/fr\/wp-json\/wp\/v2\/types\/product"}],"replies":[{"embeddable":true,"href":"https:\/\/www.cgmouthpiece.it\/fr\/wp-json\/wp\/v2\/comments?post=19799"}],"wp:featuredmedia":[{"embeddable":true,"href":"https:\/\/www.cgmouthpiece.it\/fr\/wp-json\/wp\/v2\/media\/19804"}],"wp:attachment":[{"href":"https:\/\/www.cgmouthpiece.it\/fr\/wp-json\/wp\/v2\/media?parent=19799"}],"wp:term":[{"taxonomy":"product_cat","embeddable":true,"href":"https:\/\/www.cgmouthpiece.it\/fr\/wp-json\/wp\/v2\/product_cat?post=19799"},{"taxonomy":"product_tag","embeddable":true,"href":"https:\/\/www.cgmouthpiece.it\/fr\/wp-json\/wp\/v2\/product_tag?post=19799"}],"curies":[{"name":"wp","href":"https:\/\/api.w.org\/{rel}","templated":true}]}}