{"id":19811,"date":"2016-04-05T09:22:20","date_gmt":"2016-04-05T07:22:20","guid":{"rendered":"https:\/\/www.cgmouthpiece.it\/?post_type=product&#038;p=19811"},"modified":"2021-02-11T16:00:49","modified_gmt":"2021-02-11T15:00:49","slug":"firenze-big-chamber-2","status":"publish","type":"product","link":"https:\/\/www.cgmouthpiece.it\/fr\/prodotto\/firenze-big-chamber-2\/","title":{"rendered":"Firenze tenor big chamber"},"content":{"rendered":"","protected":false},"excerpt":{"rendered":"<p>Le mod\u00e8le Firenze est le premier n\u00e9 chez CG Mouthpiece Italy. Un peu plus fonc\u00e9 que le mod\u00e8le Roma, il a \u00e9t\u00e9 con\u00e7u pour les saxophonistes qui recherchent un son puissant, tr\u00e8s projectif et pas excessivement clair. Le plafond haut (step baffle) de longueur moyenne, environ un tiers de la fen\u00eatre, est le m\u00eame pour les deux types de chambre. Le mod\u00e8le Firenze est disponible en version chambre moyenne (medium chamber) et grande chambre (big chamber). Le premier mod\u00e8le se distingue pour sa plus grande simplicit\u00e9 d\u2019\u00e9mission (volume de la chambre plus petit, parois de la fen\u00eatre moins concaves) et un son tr\u00e8s centr\u00e9 et compact ; le second mod\u00e8le est caract\u00e9ris\u00e9 par un corps plus grand et la profondeur du son (grande chambre, parois de la fen\u00eatre concaves) que l\u2019on entend surtout dans le registre moyen-grave de l\u2019instrument.<\/p>\n<p class=\"p1\"><span class=\"s1\">Livr\u00e9e avec <\/span><span class=\"s2\">Rovner ligature et couvre bec.<\/span><\/p>\n<hr \/>\n<h5>media<\/h5>\n[audio mp3=\"https:\/\/www.cgmouthpiece.it\/wp-content\/uploads\/2016\/04\/Ten-Florence-bronze-subtone.mp3\"][\/audio]\n<p><a href=\"https:\/\/www.youtube.com\/watch?v=sfP3MRkQz1Q\" target=\"_blank\">https:\/\/www.youtube.com\/watch?v=sfP3MRkQz1Q<\/a><br \/>\n<a href=\"https:\/\/www.youtube.com\/watch?v=iZop8M4zPdA\" target=\"_blank\">https:\/\/www.youtube.com\/watch?v=iZop8M4zPdA<\/a><br \/>\n<a href=\"https:\/\/www.youtube.com\/watch?v=5vbv9SAI3Yc\" target=\"_blank\">https:\/\/www.youtube.com\/watch?v=5vbv9SAI3Yc<\/a><\/p>\n","protected":false},"featured_media":21315,"comment_status":"closed","ping_status":"closed","template":"","meta":[],"product_cat":[15,25,27],"product_tag":[],"acf":[],"yoast_head":"<!-- This site is optimized with the Yoast SEO plugin v18.3 - https:\/\/yoast.com\/wordpress\/plugins\/seo\/ -->\n<title>Firenze tenor big chamber - CG MouthPiece<\/title>\n<meta name=\"robots\" content=\"index, follow, max-snippet:-1, max-image-preview:large, max-video-preview:-1\" \/>\n<link rel=\"canonical\" href=\"https:\/\/www.cgmouthpiece.it\/prodotto\/firenze-big-chamber-2\/\" \/>\n<meta property=\"og:locale\" content=\"fr_FR\" \/>\n<meta property=\"og:type\" content=\"article\" \/>\n<meta property=\"og:title\" content=\"[:it]Firenze tenore big chamber[:en]Firenze tenor big chamber[:fr]Firenze tenor big chamber[:es]Firenze tenor big chamber[:] - CG MouthPiece\" \/>\n<meta property=\"og:description\" content=\"[:it]Il modello Firenze \u00e8 il primo nato in casa CG Mouthpiece Italy. Di poco pi\u00f9 scuro del modello Roma, \u00e8 progettato per quei saxofonisti che ricercano un suono possente, molto proiettivo e non eccessivamente chiaro. Il baffle alto (step baffle) e di media lunghezza, circa un terzo della finestra, \u00e8 comune a tutte e due le tipologie di camera possibili in questo medello. Il modello Firenze \u00e8 infatti disponibile nella versione medium chamber e big chamber. Il primo si contraddistingue per una maggior semplicit\u00e0 di emissione (minor volume della camera, pareti della finestra meno concave) ed un suono molto centrato e compatto; il secondo per un maggior corpo e profondit\u00e0 del suono (real big chamber, pareti della finestra concave) rilevabili soprattutto nel registro medio-grave e grave dello strumento.  Disponibile a richiesta in differenti aperture qui non elencate  Legatura e copribecco Rovner inclusi.    media   https:\/\/www.youtube.com\/watch?v=sfP3MRkQz1Q https:\/\/www.youtube.com\/watch?v=iZop8M4zPdA https:\/\/www.youtube.com\/watch?v=5vbv9SAI3Yc[:en]Florence was the first model manufactured by CG Mouthpiece Italy. A little bit darker than the Rome model, it was designed for saxophonists who want a powerful, very projective and not excessively bright sound. Its step baffle of average length, about one third of the window, is shared by both types of chambers available for this model. As a matter of fact, the Florence model is available in the medium chamber and big chamber versions. The first one is characterized by easier sound emission (smaller volume of the chamber, less concave window walls) and a very centred and compact sound; the second one by greater body and deeper sound (real big chamber, concave window walls), particularly detectable in the medium-low and low register of the instrument.  Available on request in different tip openings not listed here  Rovner ligature &amp; cap included.    media   https:\/\/www.youtube.com\/watch?v=sfP3MRkQz1Q https:\/\/www.youtube.com\/watch?v=iZop8M4zPdA https:\/\/www.youtube.com\/watch?v=5vbv9SAI3Yc[:fr]Le mod\u00e8le Firenze est le premier n\u00e9 chez CG Mouthpiece Italy. Un peu plus fonc\u00e9 que le mod\u00e8le Roma, il a \u00e9t\u00e9 con\u00e7u pour les saxophonistes qui recherchent un son puissant, tr\u00e8s projectif et pas excessivement clair. Le plafond haut (step baffle) de longueur moyenne, environ un tiers de la fen\u00eatre, est le m\u00eame pour les deux types de chambre. Le mod\u00e8le Firenze est disponible en version chambre moyenne (medium chamber) et grande chambre (big chamber). Le premier mod\u00e8le se distingue pour sa plus grande simplicit\u00e9 d\u2019\u00e9mission (volume de la chambre plus petit, parois de la fen\u00eatre moins concaves) et un son tr\u00e8s centr\u00e9 et compact ; le second mod\u00e8le est caract\u00e9ris\u00e9 par un corps plus grand et la profondeur du son (grande chambre, parois de la fen\u00eatre concaves) que l\u2019on entend surtout dans le registre moyen-grave de l\u2019instrument. Livr\u00e9e avec Rovner ligature et couvre bec.     media   https:\/\/www.youtube.com\/watch?v=sfP3MRkQz1Q https:\/\/www.youtube.com\/watch?v=iZop8M4zPdA https:\/\/www.youtube.com\/watch?v=5vbv9SAI3Yc[:es]El modelo Florencia es el primero que naci\u00f3 en la firma CG Mouthpiece Italy. Un poco m\u00e1s oscuro que el modelo Roma, se ha dise\u00f1ado para los saxofonistas que buscan un sonido poderoso, con mucha proyecci\u00f3n y no excesivamente claro. El baffle alto (step baffle) y de longitud mediana, aproximadamente una tercera parte de la ventana, es com\u00fan a ambos tipos de c\u00e1mara que resultan posibles en este modelo. De hecho, el modelo Florencia est\u00e1 disponible en la versi\u00f3n medium chamber y en la versi\u00f3n big chamber. El primero se caracteriza por una mayor sencillez de emisi\u00f3n (menor volumen de la c\u00e1mara, paredes de la ventana menos c\u00f3ncavas) y un sonido muy centrado y compacto; el segundo por un mayor cuerpo y profundidad del sonido (real big chamber, paredes de la ventana c\u00f3ncavas), como se evidencia sobre todo en el registro medio-grave y en el registro grave del instrumento. Incluida abrazadera y boquillero Rovner     media   https:\/\/www.youtube.com\/watch?v=sfP3MRkQz1Q https:\/\/www.youtube.com\/watch?v=iZop8M4zPdA https:\/\/www.youtube.com\/watch?v=5vbv9SAI3Yc[:]\" \/>\n<meta property=\"og:url\" content=\"https:\/\/www.cgmouthpiece.it\/prodotto\/firenze-big-chamber-2\/\" \/>\n<meta property=\"og:site_name\" content=\"CG MouthPiece\" \/>\n<meta property=\"article:publisher\" content=\"https:\/\/www.facebook.com\/cgmouthpiece.it\/\" \/>\n<meta property=\"article:modified_time\" content=\"2021-02-11T15:00:49+00:00\" \/>\n<meta property=\"og:image\" content=\"https:\/\/www.cgmouthpiece.it\/wp-content\/uploads\/2016\/04\/FTB-int-side2.jpg\" \/>\n\t<meta property=\"og:image:width\" content=\"700\" \/>\n\t<meta property=\"og:image:height\" content=\"874\" \/>\n\t<meta property=\"og:image:type\" content=\"image\/jpeg\" \/>\n<meta name=\"twitter:card\" content=\"summary\" \/>\n<script type=\"application\/ld+json\" class=\"yoast-schema-graph\">{\"@context\":\"https:\/\/schema.org\",\"@graph\":[{\"@type\":\"WebSite\",\"@id\":\"https:\/\/www.cgmouthpiece.it\/#website\",\"url\":\"https:\/\/www.cgmouthpiece.it\/\",\"name\":\"CG MouthPiece\",\"description\":\"Best handcrafted mouthpieces made in Italy!\",\"potentialAction\":[{\"@type\":\"SearchAction\",\"target\":{\"@type\":\"EntryPoint\",\"urlTemplate\":\"https:\/\/www.cgmouthpiece.it\/?s={search_term_string}\"},\"query-input\":\"required name=search_term_string\"}],\"inLanguage\":\"fr-FR\"},{\"@type\":\"ImageObject\",\"@id\":\"https:\/\/www.cgmouthpiece.it\/prodotto\/firenze-big-chamber-2\/#primaryimage\",\"inLanguage\":\"fr-FR\",\"url\":\"https:\/\/www.cgmouthpiece.it\/wp-content\/uploads\/2016\/04\/FTB-int-side2.jpg\",\"contentUrl\":\"https:\/\/www.cgmouthpiece.it\/wp-content\/uploads\/2016\/04\/FTB-int-side2.jpg\",\"width\":700,\"height\":874},{\"@type\":\"WebPage\",\"@id\":\"https:\/\/www.cgmouthpiece.it\/prodotto\/firenze-big-chamber-2\/#webpage\",\"url\":\"https:\/\/www.cgmouthpiece.it\/prodotto\/firenze-big-chamber-2\/\",\"name\":\"[:it]Firenze tenore big chamber[:en]Firenze tenor big chamber[:fr]Firenze tenor big chamber[:es]Firenze tenor big chamber[:] - CG MouthPiece\",\"isPartOf\":{\"@id\":\"https:\/\/www.cgmouthpiece.it\/#website\"},\"primaryImageOfPage\":{\"@id\":\"https:\/\/www.cgmouthpiece.it\/prodotto\/firenze-big-chamber-2\/#primaryimage\"},\"datePublished\":\"2016-04-05T07:22:20+00:00\",\"dateModified\":\"2021-02-11T15:00:49+00:00\",\"breadcrumb\":{\"@id\":\"https:\/\/www.cgmouthpiece.it\/prodotto\/firenze-big-chamber-2\/#breadcrumb\"},\"inLanguage\":\"fr-FR\",\"potentialAction\":[{\"@type\":\"ReadAction\",\"target\":[\"https:\/\/www.cgmouthpiece.it\/prodotto\/firenze-big-chamber-2\/\"]}]},{\"@type\":\"BreadcrumbList\",\"@id\":\"https:\/\/www.cgmouthpiece.it\/prodotto\/firenze-big-chamber-2\/#breadcrumb\",\"itemListElement\":[{\"@type\":\"ListItem\",\"position\":1,\"name\":\"Home\",\"item\":\"https:\/\/www.cgmouthpiece.it\/\"},{\"@type\":\"ListItem\",\"position\":2,\"name\":\"Store\",\"item\":\"https:\/\/www.cgmouthpiece.it\/store\/\"},{\"@type\":\"ListItem\",\"position\":3,\"name\":\"Firenze tenore big chamber\"}]}]}<\/script>\n<!-- \/ Yoast SEO plugin. -->","yoast_head_json":{"title":"[:it]Firenze tenore big chamber[:en]Firenze tenor big chamber[:fr]Firenze tenor big chamber[:es]Firenze tenor big chamber[:] - CG MouthPiece","robots":{"index":"index","follow":"follow","max-snippet":"max-snippet:-1","max-image-preview":"max-image-preview:large","max-video-preview":"max-video-preview:-1"},"canonical":"https:\/\/www.cgmouthpiece.it\/prodotto\/firenze-big-chamber-2\/","og_locale":"fr_FR","og_type":"article","og_title":"[:it]Firenze tenore big chamber[:en]Firenze tenor big chamber[:fr]Firenze tenor big chamber[:es]Firenze tenor big chamber[:] - CG MouthPiece","og_description":"[:it]Il modello Firenze \u00e8 il primo nato in casa CG Mouthpiece Italy. Di poco pi\u00f9 scuro del modello Roma, \u00e8 progettato per quei saxofonisti che ricercano un suono possente, molto proiettivo e non eccessivamente chiaro. Il baffle alto (step baffle) e di media lunghezza, circa un terzo della finestra, \u00e8 comune a tutte e due le tipologie di camera possibili in questo medello. Il modello Firenze \u00e8 infatti disponibile nella versione medium chamber e big chamber. Il primo si contraddistingue per una maggior semplicit\u00e0 di emissione (minor volume della camera, pareti della finestra meno concave) ed un suono molto centrato e compatto; il secondo per un maggior corpo e profondit\u00e0 del suono (real big chamber, pareti della finestra concave) rilevabili soprattutto nel registro medio-grave e grave dello strumento.  Disponibile a richiesta in differenti aperture qui non elencate  Legatura e copribecco Rovner inclusi.    media   https:\/\/www.youtube.com\/watch?v=sfP3MRkQz1Q https:\/\/www.youtube.com\/watch?v=iZop8M4zPdA https:\/\/www.youtube.com\/watch?v=5vbv9SAI3Yc[:en]Florence was the first model manufactured by CG Mouthpiece Italy. A little bit darker than the Rome model, it was designed for saxophonists who want a powerful, very projective and not excessively bright sound. Its step baffle of average length, about one third of the window, is shared by both types of chambers available for this model. As a matter of fact, the Florence model is available in the medium chamber and big chamber versions. The first one is characterized by easier sound emission (smaller volume of the chamber, less concave window walls) and a very centred and compact sound; the second one by greater body and deeper sound (real big chamber, concave window walls), particularly detectable in the medium-low and low register of the instrument.  Available on request in different tip openings not listed here  Rovner ligature &amp; cap included.    media   https:\/\/www.youtube.com\/watch?v=sfP3MRkQz1Q https:\/\/www.youtube.com\/watch?v=iZop8M4zPdA https:\/\/www.youtube.com\/watch?v=5vbv9SAI3Yc[:fr]Le mod\u00e8le Firenze est le premier n\u00e9 chez CG Mouthpiece Italy. Un peu plus fonc\u00e9 que le mod\u00e8le Roma, il a \u00e9t\u00e9 con\u00e7u pour les saxophonistes qui recherchent un son puissant, tr\u00e8s projectif et pas excessivement clair. Le plafond haut (step baffle) de longueur moyenne, environ un tiers de la fen\u00eatre, est le m\u00eame pour les deux types de chambre. Le mod\u00e8le Firenze est disponible en version chambre moyenne (medium chamber) et grande chambre (big chamber). Le premier mod\u00e8le se distingue pour sa plus grande simplicit\u00e9 d\u2019\u00e9mission (volume de la chambre plus petit, parois de la fen\u00eatre moins concaves) et un son tr\u00e8s centr\u00e9 et compact ; le second mod\u00e8le est caract\u00e9ris\u00e9 par un corps plus grand et la profondeur du son (grande chambre, parois de la fen\u00eatre concaves) que l\u2019on entend surtout dans le registre moyen-grave de l\u2019instrument. Livr\u00e9e avec Rovner ligature et couvre bec.     media   https:\/\/www.youtube.com\/watch?v=sfP3MRkQz1Q https:\/\/www.youtube.com\/watch?v=iZop8M4zPdA https:\/\/www.youtube.com\/watch?v=5vbv9SAI3Yc[:es]El modelo Florencia es el primero que naci\u00f3 en la firma CG Mouthpiece Italy. Un poco m\u00e1s oscuro que el modelo Roma, se ha dise\u00f1ado para los saxofonistas que buscan un sonido poderoso, con mucha proyecci\u00f3n y no excesivamente claro. El baffle alto (step baffle) y de longitud mediana, aproximadamente una tercera parte de la ventana, es com\u00fan a ambos tipos de c\u00e1mara que resultan posibles en este modelo. De hecho, el modelo Florencia est\u00e1 disponible en la versi\u00f3n medium chamber y en la versi\u00f3n big chamber. El primero se caracteriza por una mayor sencillez de emisi\u00f3n (menor volumen de la c\u00e1mara, paredes de la ventana menos c\u00f3ncavas) y un sonido muy centrado y compacto; el segundo por un mayor cuerpo y profundidad del sonido (real big chamber, paredes de la ventana c\u00f3ncavas), como se evidencia sobre todo en el registro medio-grave y en el registro grave del instrumento. Incluida abrazadera y boquillero Rovner     media   https:\/\/www.youtube.com\/watch?v=sfP3MRkQz1Q https:\/\/www.youtube.com\/watch?v=iZop8M4zPdA https:\/\/www.youtube.com\/watch?v=5vbv9SAI3Yc[:]","og_url":"https:\/\/www.cgmouthpiece.it\/prodotto\/firenze-big-chamber-2\/","og_site_name":"CG MouthPiece","article_publisher":"https:\/\/www.facebook.com\/cgmouthpiece.it\/","article_modified_time":"2021-02-11T15:00:49+00:00","og_image":[{"width":700,"height":874,"url":"https:\/\/www.cgmouthpiece.it\/wp-content\/uploads\/2016\/04\/FTB-int-side2.jpg","type":"image\/jpeg"}],"twitter_card":"summary","schema":{"@context":"https:\/\/schema.org","@graph":[{"@type":"WebSite","@id":"https:\/\/www.cgmouthpiece.it\/#website","url":"https:\/\/www.cgmouthpiece.it\/","name":"CG MouthPiece","description":"Best handcrafted mouthpieces made in Italy!","potentialAction":[{"@type":"SearchAction","target":{"@type":"EntryPoint","urlTemplate":"https:\/\/www.cgmouthpiece.it\/?s={search_term_string}"},"query-input":"required name=search_term_string"}],"inLanguage":"fr-FR"},{"@type":"ImageObject","@id":"https:\/\/www.cgmouthpiece.it\/prodotto\/firenze-big-chamber-2\/#primaryimage","inLanguage":"fr-FR","url":"https:\/\/www.cgmouthpiece.it\/wp-content\/uploads\/2016\/04\/FTB-int-side2.jpg","contentUrl":"https:\/\/www.cgmouthpiece.it\/wp-content\/uploads\/2016\/04\/FTB-int-side2.jpg","width":700,"height":874},{"@type":"WebPage","@id":"https:\/\/www.cgmouthpiece.it\/prodotto\/firenze-big-chamber-2\/#webpage","url":"https:\/\/www.cgmouthpiece.it\/prodotto\/firenze-big-chamber-2\/","name":"[:it]Firenze tenore big chamber[:en]Firenze tenor big chamber[:fr]Firenze tenor big chamber[:es]Firenze tenor big chamber[:] - CG MouthPiece","isPartOf":{"@id":"https:\/\/www.cgmouthpiece.it\/#website"},"primaryImageOfPage":{"@id":"https:\/\/www.cgmouthpiece.it\/prodotto\/firenze-big-chamber-2\/#primaryimage"},"datePublished":"2016-04-05T07:22:20+00:00","dateModified":"2021-02-11T15:00:49+00:00","breadcrumb":{"@id":"https:\/\/www.cgmouthpiece.it\/prodotto\/firenze-big-chamber-2\/#breadcrumb"},"inLanguage":"fr-FR","potentialAction":[{"@type":"ReadAction","target":["https:\/\/www.cgmouthpiece.it\/prodotto\/firenze-big-chamber-2\/"]}]},{"@type":"BreadcrumbList","@id":"https:\/\/www.cgmouthpiece.it\/prodotto\/firenze-big-chamber-2\/#breadcrumb","itemListElement":[{"@type":"ListItem","position":1,"name":"Home","item":"https:\/\/www.cgmouthpiece.it\/"},{"@type":"ListItem","position":2,"name":"Store","item":"https:\/\/www.cgmouthpiece.it\/store\/"},{"@type":"ListItem","position":3,"name":"Firenze tenore big chamber"}]}]}},"_links":{"self":[{"href":"https:\/\/www.cgmouthpiece.it\/fr\/wp-json\/wp\/v2\/product\/19811"}],"collection":[{"href":"https:\/\/www.cgmouthpiece.it\/fr\/wp-json\/wp\/v2\/product"}],"about":[{"href":"https:\/\/www.cgmouthpiece.it\/fr\/wp-json\/wp\/v2\/types\/product"}],"replies":[{"embeddable":true,"href":"https:\/\/www.cgmouthpiece.it\/fr\/wp-json\/wp\/v2\/comments?post=19811"}],"wp:featuredmedia":[{"embeddable":true,"href":"https:\/\/www.cgmouthpiece.it\/fr\/wp-json\/wp\/v2\/media\/21315"}],"wp:attachment":[{"href":"https:\/\/www.cgmouthpiece.it\/fr\/wp-json\/wp\/v2\/media?parent=19811"}],"wp:term":[{"taxonomy":"product_cat","embeddable":true,"href":"https:\/\/www.cgmouthpiece.it\/fr\/wp-json\/wp\/v2\/product_cat?post=19811"},{"taxonomy":"product_tag","embeddable":true,"href":"https:\/\/www.cgmouthpiece.it\/fr\/wp-json\/wp\/v2\/product_tag?post=19811"}],"curies":[{"name":"wp","href":"https:\/\/api.w.org\/{rel}","templated":true}]}}