{"id":19860,"date":"2016-04-08T11:12:02","date_gmt":"2016-04-08T09:12:02","guid":{"rendered":"https:\/\/www.cgmouthpiece.it\/?post_type=product&#038;p=19860"},"modified":"2025-03-30T19:09:33","modified_gmt":"2025-03-30T17:09:33","slug":"galileo-al-vi-natural-al","status":"publish","type":"product","link":"https:\/\/www.cgmouthpiece.it\/fr\/prodotto\/galileo-al-vi-natural-al\/","title":{"rendered":"Galileo AL VI natural al"},"content":{"rendered":"","protected":false},"excerpt":{"rendered":"<p>GALILEO AL, la nouvelle ligature pour becs, made in Italy.<br \/>\nElle na\u00eet d\u2019une \u00e9volution de la ligature Galileo en laiton dont elle maintient inalt\u00e9r\u00e9e l\u2019homog\u00e9n\u00e9it\u00e9 de timbre, en offrant toutefois une plus grande libert\u00e9 de l\u2019anche.<br \/>\nGALILEO est une v\u00e9ritable sculpture extraite du laiton pur, sans soudures.<br \/>\nUn dessin elliptique qui rappelle une orbite qui enveloppe le bec et suit ses vibrations : un renvoi \u00e0 l\u2019\u00e9tude des corps c\u00e9lestes du physicien et du philosophe de la nature.<br \/>\nL&#039;anche peut vibrer librement sur toute la longueur des fibres dont GALILEO AL tient compte de la disposition : elle na\u00eet en effet \u00e0 partir d\u2019une barre en laiton sp\u00e9cial, s\u00e9lectionn\u00e9 par CG Mouthpiece pour ses caract\u00e9ristiques acoustiques exceptionnelles et travaill\u00e9 en suivant les veines du m\u00e9tal. C\u2019est la m\u00e9thode que la CG Mouthpiece Italy adopte pour l\u2019usinage de ses becs les plus prestigieux. Ses g\u00e9om\u00e9tries sont soigneusement \u00e9tudi\u00e9es pour r\u00e9pondre de mani\u00e8re homog\u00e8ne aux vibrations de l\u2019anche et par cons\u00e9quent du bec. La partie sup\u00e9rieure enveloppe le bec qui constitue un support robuste d\u2019o\u00f9 part la ligature en dessinant une l\u00e9g\u00e8re forme en arc : comme une petite arbal\u00e8te permettant une pression calibr\u00e9e de la plaque sur l\u2019anche, cette pression est r\u00e9gl\u00e9e par une vis robuste en laiton massif. La vis robuste est fix\u00e9e \u00e0 la plaque de pression sans aucune vis.<br \/>\nLa plaque, tir\u00e9e elle aussi d\u2019une pi\u00e8ce en laiton massif, est articul\u00e9e pour s\u2019adapter au dessin du dos de l\u2019anche qui n\u2019est pas toujours sym\u00e9trique, en permettant ainsi un appui ferme de ses rails plac\u00e9s dans le sens de la fibre ligneuse. Les rails sont dot\u00e9s de rayons pour pouvoir s\u2019adapter \u00e0 la courbure de l\u2019anche et n\u2019y laisser aucun signe. Chaque partie de la ligature est soigneusement finie \u00e0 la main, elle est disponible en diff\u00e9rentes finitions : Vintage AL (corps en alliage d\u2019aluminium, vis et plaque en laiton plaqu\u00e9 or 24 carats \u00ad disponible uniquement dans la mesure II) et AL (corps en alliage d\u2019aluminium couleur naturelle, vis et plaque en laiton plaqu\u00e9 or 24 carats \u00ad disponible dans les mesures IV et VI). M\u00eame pour clarinette dans la mesure IVcl.<\/p>\n<p>GALILEO AL r\u00e9volutionne le sens de \u00ab\u00a0ligature\u00a0\u00bb car elle n\u2019a pas \u00e9t\u00e9 \u00e9tudi\u00e9e pour \u00ab\u00a0ligaturer\u00a0\u00bb mais pour lib\u00e9rer l\u2019anche. L\u2019effet sera une homog\u00e9n\u00e9it\u00e9 de timbre sans \u00e9gal et une r\u00e9ponse prompte et pr\u00e9cise de l\u2019anche, avec la sensation d\u2019un seul corps vibrant compos\u00e9 par le bec et l\u2019anche.<br \/>\nGALILEO AL est disponible dans diff\u00e9rentes tailles pour s\u2019adapter aux divers types de becs disponibles sur le march\u00e9. Sur le site www.cgmouthpiece.it, les mod\u00e8les compatibles sont continuellement mis \u00e0 jour pour satisfaire de plus en plus de saxophonistes dans le monde entier !<\/p>\n<p>GALILEO ligatures: vibration for your reed, enjoyment for your soul!<\/p>\n<p class=\"p1\"><span class=\"s1\">Livr\u00e9e avec un couvre-bec en plastique.<\/span><\/p>\n<p>Mesures disponibles*:<br \/>\nVOIR LE SCH\u00c9MA SUIVANT<\/p>\n<p>&nbsp;<\/p>\n","protected":false},"featured_media":19859,"comment_status":"closed","ping_status":"closed","template":"","meta":[],"product_cat":[17,28,41,54],"product_tag":[],"acf":[],"yoast_head":"<!-- This site is optimized with the Yoast SEO plugin v18.3 - https:\/\/yoast.com\/wordpress\/plugins\/seo\/ -->\n<title><\/title>\n<meta name=\"description\" content=\"{:en}Vintage AL (corpo in lega di alluminio anodizzato, vite e placchetta in ottone placcati oro 24k - disponibile solo nella misura II) e AL...{:}\" \/>\n<meta name=\"robots\" content=\"index, follow, max-snippet:-1, max-image-preview:large, max-video-preview:-1\" \/>\n<link rel=\"canonical\" href=\"https:\/\/www.cgmouthpiece.it\/prodotto\/galileo-al-vi-natural-al\/\" \/>\n<meta property=\"og:locale\" content=\"fr_FR\" \/>\n<meta property=\"og:type\" content=\"article\" \/>\n<meta property=\"og:title\" content=\"[:en]Galileo AL VI natural al, legatura per imboccature CG Mouthpiece[:]\" \/>\n<meta property=\"og:description\" content=\"{:en}Vintage AL (corpo in lega di alluminio anodizzato, vite e placchetta in ottone placcati oro 24k - disponibile solo nella misura II) e AL...{:}\" \/>\n<meta property=\"og:url\" content=\"https:\/\/www.cgmouthpiece.it\/prodotto\/galileo-al-vi-natural-al\/\" \/>\n<meta property=\"og:site_name\" content=\"CG MouthPiece\" \/>\n<meta property=\"article:publisher\" content=\"https:\/\/www.facebook.com\/cgmouthpiece.it\/\" \/>\n<meta property=\"article:modified_time\" content=\"2025-03-30T17:09:33+00:00\" \/>\n<meta property=\"og:image\" content=\"https:\/\/www.cgmouthpiece.it\/wp-content\/uploads\/2016\/04\/GALal-1.jpg\" \/>\n\t<meta property=\"og:image:width\" content=\"700\" \/>\n\t<meta property=\"og:image:height\" content=\"874\" \/>\n\t<meta property=\"og:image:type\" content=\"image\/jpeg\" \/>\n<meta name=\"twitter:card\" content=\"summary\" \/>\n<script type=\"application\/ld+json\" class=\"yoast-schema-graph\">{\"@context\":\"https:\/\/schema.org\",\"@graph\":[{\"@type\":\"WebSite\",\"@id\":\"https:\/\/www.cgmouthpiece.it\/#website\",\"url\":\"https:\/\/www.cgmouthpiece.it\/\",\"name\":\"CG MouthPiece\",\"description\":\"Best handcrafted mouthpieces made in Italy!\",\"potentialAction\":[{\"@type\":\"SearchAction\",\"target\":{\"@type\":\"EntryPoint\",\"urlTemplate\":\"https:\/\/www.cgmouthpiece.it\/?s={search_term_string}\"},\"query-input\":\"required name=search_term_string\"}],\"inLanguage\":\"fr-FR\"},{\"@type\":\"ImageObject\",\"@id\":\"https:\/\/www.cgmouthpiece.it\/prodotto\/galileo-al-vi-natural-al\/#primaryimage\",\"inLanguage\":\"fr-FR\",\"url\":\"https:\/\/www.cgmouthpiece.it\/wp-content\/uploads\/2016\/04\/GALal-1.jpg\",\"contentUrl\":\"https:\/\/www.cgmouthpiece.it\/wp-content\/uploads\/2016\/04\/GALal-1.jpg\",\"width\":700,\"height\":874,\"caption\":\"GALal\"},{\"@type\":\"WebPage\",\"@id\":\"https:\/\/www.cgmouthpiece.it\/prodotto\/galileo-al-vi-natural-al\/#webpage\",\"url\":\"https:\/\/www.cgmouthpiece.it\/prodotto\/galileo-al-vi-natural-al\/\",\"name\":\"[:en]Galileo AL VI natural al, legatura per imboccature CG Mouthpiece[:]\",\"isPartOf\":{\"@id\":\"https:\/\/www.cgmouthpiece.it\/#website\"},\"primaryImageOfPage\":{\"@id\":\"https:\/\/www.cgmouthpiece.it\/prodotto\/galileo-al-vi-natural-al\/#primaryimage\"},\"datePublished\":\"2016-04-08T09:12:02+00:00\",\"dateModified\":\"2025-03-30T17:09:33+00:00\",\"description\":\"{:en}Vintage AL (corpo in lega di alluminio anodizzato, vite e placchetta in ottone placcati oro 24k - disponibile solo nella misura II) e AL...{:}\",\"breadcrumb\":{\"@id\":\"https:\/\/www.cgmouthpiece.it\/prodotto\/galileo-al-vi-natural-al\/#breadcrumb\"},\"inLanguage\":\"fr-FR\",\"potentialAction\":[{\"@type\":\"ReadAction\",\"target\":[\"https:\/\/www.cgmouthpiece.it\/prodotto\/galileo-al-vi-natural-al\/\"]}]},{\"@type\":\"BreadcrumbList\",\"@id\":\"https:\/\/www.cgmouthpiece.it\/prodotto\/galileo-al-vi-natural-al\/#breadcrumb\",\"itemListElement\":[{\"@type\":\"ListItem\",\"position\":1,\"name\":\"Home\",\"item\":\"https:\/\/www.cgmouthpiece.it\/\"},{\"@type\":\"ListItem\",\"position\":2,\"name\":\"Store\",\"item\":\"https:\/\/www.cgmouthpiece.it\/store\/\"},{\"@type\":\"ListItem\",\"position\":3,\"name\":\"Galileo AL VI natural al\"}]}]}<\/script>\n<!-- \/ Yoast SEO plugin. -->","yoast_head_json":{"title":"[:en]Galileo AL VI natural al, legatura per imboccature CG Mouthpiece[:]","description":"{:en}Vintage AL (corpo in lega di alluminio anodizzato, vite e placchetta in ottone placcati oro 24k - disponibile solo nella misura II) e AL...{:}","robots":{"index":"index","follow":"follow","max-snippet":"max-snippet:-1","max-image-preview":"max-image-preview:large","max-video-preview":"max-video-preview:-1"},"canonical":"https:\/\/www.cgmouthpiece.it\/prodotto\/galileo-al-vi-natural-al\/","og_locale":"fr_FR","og_type":"article","og_title":"[:en]Galileo AL VI natural al, legatura per imboccature CG Mouthpiece[:]","og_description":"{:en}Vintage AL (corpo in lega di alluminio anodizzato, vite e placchetta in ottone placcati oro 24k - disponibile solo nella misura II) e AL...{:}","og_url":"https:\/\/www.cgmouthpiece.it\/prodotto\/galileo-al-vi-natural-al\/","og_site_name":"CG MouthPiece","article_publisher":"https:\/\/www.facebook.com\/cgmouthpiece.it\/","article_modified_time":"2025-03-30T17:09:33+00:00","og_image":[{"width":700,"height":874,"url":"https:\/\/www.cgmouthpiece.it\/wp-content\/uploads\/2016\/04\/GALal-1.jpg","type":"image\/jpeg"}],"twitter_card":"summary","schema":{"@context":"https:\/\/schema.org","@graph":[{"@type":"WebSite","@id":"https:\/\/www.cgmouthpiece.it\/#website","url":"https:\/\/www.cgmouthpiece.it\/","name":"CG MouthPiece","description":"Best handcrafted mouthpieces made in Italy!","potentialAction":[{"@type":"SearchAction","target":{"@type":"EntryPoint","urlTemplate":"https:\/\/www.cgmouthpiece.it\/?s={search_term_string}"},"query-input":"required name=search_term_string"}],"inLanguage":"fr-FR"},{"@type":"ImageObject","@id":"https:\/\/www.cgmouthpiece.it\/prodotto\/galileo-al-vi-natural-al\/#primaryimage","inLanguage":"fr-FR","url":"https:\/\/www.cgmouthpiece.it\/wp-content\/uploads\/2016\/04\/GALal-1.jpg","contentUrl":"https:\/\/www.cgmouthpiece.it\/wp-content\/uploads\/2016\/04\/GALal-1.jpg","width":700,"height":874,"caption":"GALal"},{"@type":"WebPage","@id":"https:\/\/www.cgmouthpiece.it\/prodotto\/galileo-al-vi-natural-al\/#webpage","url":"https:\/\/www.cgmouthpiece.it\/prodotto\/galileo-al-vi-natural-al\/","name":"[:en]Galileo AL VI natural al, legatura per imboccature CG Mouthpiece[:]","isPartOf":{"@id":"https:\/\/www.cgmouthpiece.it\/#website"},"primaryImageOfPage":{"@id":"https:\/\/www.cgmouthpiece.it\/prodotto\/galileo-al-vi-natural-al\/#primaryimage"},"datePublished":"2016-04-08T09:12:02+00:00","dateModified":"2025-03-30T17:09:33+00:00","description":"{:en}Vintage AL (corpo in lega di alluminio anodizzato, vite e placchetta in ottone placcati oro 24k - disponibile solo nella misura II) e AL...{:}","breadcrumb":{"@id":"https:\/\/www.cgmouthpiece.it\/prodotto\/galileo-al-vi-natural-al\/#breadcrumb"},"inLanguage":"fr-FR","potentialAction":[{"@type":"ReadAction","target":["https:\/\/www.cgmouthpiece.it\/prodotto\/galileo-al-vi-natural-al\/"]}]},{"@type":"BreadcrumbList","@id":"https:\/\/www.cgmouthpiece.it\/prodotto\/galileo-al-vi-natural-al\/#breadcrumb","itemListElement":[{"@type":"ListItem","position":1,"name":"Home","item":"https:\/\/www.cgmouthpiece.it\/"},{"@type":"ListItem","position":2,"name":"Store","item":"https:\/\/www.cgmouthpiece.it\/store\/"},{"@type":"ListItem","position":3,"name":"Galileo AL VI natural al"}]}]}},"_links":{"self":[{"href":"https:\/\/www.cgmouthpiece.it\/fr\/wp-json\/wp\/v2\/product\/19860"}],"collection":[{"href":"https:\/\/www.cgmouthpiece.it\/fr\/wp-json\/wp\/v2\/product"}],"about":[{"href":"https:\/\/www.cgmouthpiece.it\/fr\/wp-json\/wp\/v2\/types\/product"}],"replies":[{"embeddable":true,"href":"https:\/\/www.cgmouthpiece.it\/fr\/wp-json\/wp\/v2\/comments?post=19860"}],"wp:featuredmedia":[{"embeddable":true,"href":"https:\/\/www.cgmouthpiece.it\/fr\/wp-json\/wp\/v2\/media\/19859"}],"wp:attachment":[{"href":"https:\/\/www.cgmouthpiece.it\/fr\/wp-json\/wp\/v2\/media?parent=19860"}],"wp:term":[{"taxonomy":"product_cat","embeddable":true,"href":"https:\/\/www.cgmouthpiece.it\/fr\/wp-json\/wp\/v2\/product_cat?post=19860"},{"taxonomy":"product_tag","embeddable":true,"href":"https:\/\/www.cgmouthpiece.it\/fr\/wp-json\/wp\/v2\/product_tag?post=19860"}],"curies":[{"name":"wp","href":"https:\/\/api.w.org\/{rel}","templated":true}]}}