{"id":20226,"date":"2016-06-15T09:24:14","date_gmt":"2016-06-15T07:24:14","guid":{"rendered":"https:\/\/www.cgmouthpiece.it\/?post_type=product&#038;p=20226"},"modified":"2026-01-25T11:38:14","modified_gmt":"2026-01-25T10:38:14","slug":"infinito-7-marbled-sand","status":"publish","type":"product","link":"https:\/\/www.cgmouthpiece.it\/fr\/prodotto\/infinito-7-marbled-sand\/","title":{"rendered":"Infinito hard rubber 7 (serie II) Marbled Sand &#8211; Tenor Sax"},"content":{"rendered":"","protected":false},"excerpt":{"rendered":"<p>The processes of this unique piece (serial# IT1300MS) of a limited series are the same as the Infinito ebonite model: the same chamber, facing and baffle. The precious material from which it is derived has particular acoustic characteristics: it has the brilliance and quick response of the sound &#8211; typical of our ebonite mouthpieces &#8211; and a typical tonal complexity of the best hard rubber that we use. Obtained always from the full bar -machined with the mathematical precision of our CNC machines &#8211; and finely handcrafted, from the accurate internal finish to the outer polishing. The reinforcement ring is in 24 kt gold plated bronze, already in the \u00ab\u00a0series II\u00a0\u00bb version with more material that extends up to embrace the neck of the sax: a real resonator that transmits even more vibrations from the mouthpiece to the instrument.<\/p>\n<p>&nbsp;<\/p>\n<p>Material: hard rubber Marble Sand, 24kt gold plated bronze reinforcement ring<\/p>\n<p>&nbsp;<\/p>\n<p>Tip opening: 7 (.100)<\/p>\n<p>&nbsp;<\/p>\n<p>Serial Number: IT1300MS<\/p>\n<p>&nbsp;<\/p>\n<p><a href=\"https:\/\/www.cgmouthpiece.it\/es\/prodotto\/infinito-ebanite\/\">Here<\/a> are the specifications of the Infinito model<\/p>\n<p>Video and audio demo coming soon!<\/p>\n","protected":false},"featured_media":21422,"comment_status":"closed","ping_status":"closed","template":"","meta":[],"product_cat":[70],"product_tag":[],"acf":[],"yoast_head":"<!-- This site is optimized with the Yoast SEO plugin v18.3 - https:\/\/yoast.com\/wordpress\/plugins\/seo\/ -->\n<title>Infinito hard rubber 7 (serie II) Marbled Sand - Tenor Sax - CG MouthPiece<\/title>\n<meta name=\"robots\" content=\"index, follow, max-snippet:-1, max-image-preview:large, max-video-preview:-1\" \/>\n<link rel=\"canonical\" href=\"https:\/\/www.cgmouthpiece.it\/prodotto\/infinito-7-marbled-sand\/\" \/>\n<meta property=\"og:locale\" content=\"fr_FR\" \/>\n<meta property=\"og:type\" content=\"article\" \/>\n<meta property=\"og:title\" content=\"[:it]Infinito hard rubber 7 (serie II) Marbled Sand - Tenor Sax -&gt; SOLD![:en]Infinito hard rubber 7 (serie II) Marbled Sand - Tenor Sax[:fr]Infinito hard rubber 7 (serie II) Marbled Sand - Tenor Sax[:es]Infinito hard rubber 7 (serie II) Marbled Sand - Tenor Sax[:] - CG MouthPiece\" \/>\n<meta property=\"og:description\" content=\"[:it]Le lavorazioni di questo pezzo (numero di serie IT1300MS) di una serie limitata sono le stesse del modello Infinito in ebanite: stessa camera, facing e baffle. Il pregiatissimo materiale da cui \u00e8 ricavato ha caratteristiche acustiche particolari, in esso si fondono la brillantezza e la pronta risposta in termini di vibrazione dell&#039;ebanite, alla complessit\u00e0 timbrica dell&#039;hard rubber. Ricavato sempre dalla barra piena - lavorata con la matematica precisione delle nostre macchine CNC - e finemente lavorato a mano, dalle finiture interne alla lucidatura esterna. L&#039;anello di rinforzo \u00e8 in bronzo placcato oro 24 kt, gi\u00e0 nella versione &quot;serie II&quot; con pi\u00f9 materiale che si estende fino ad abbracciare il collo del sax: un vero e proprio risuonatore che trasmette ancor pi\u00f9 vibrazioni dell&#039;imboccatura allo strumento.  &nbsp;  Materiale: hard rubber Marble Sand, anello di rinforzo in bronzo placcato oro 24kt.  &nbsp;  Apertura: 7\u00a0 (.100)  &nbsp;  numero di serie: IT1300MS  Qui le specifiche del modello Infinito[:en]The processes of this unique piece (serial# IT1300MS) of a limited series are the same as the Infinito ebonite model: the same chamber, facing and baffle. The precious material from which it is derived has particular acoustic characteristics: it has the brilliance and quick response of the sound - typical of our ebonite mouthpieces - and a typical tonal complexity of the best hard rubber that we use. Obtained always from the full bar -machined with the mathematical precision of our CNC machines - and finely handcrafted, from the accurate internal finish to the outer polishing. The reinforcement ring is in 24 kt gold plated bronze, already in the &quot;series II&quot; version with more material that extends up to embrace the neck of the sax: a real resonator that transmits even more vibrations from the mouthpiece to the instrument.  &nbsp;  Material: hard rubber Marble Sand, 24kt gold plated bronze reinforcement ring  &nbsp;  Tip opening: 7 (.100)  &nbsp;  Serial Number: IT1300MS  &nbsp;  Here are the specifications of the Infinito model  Video and audio demo coming soon![:fr]The processes of this unique piece (serial# IT1300MS) of a limited series are the same as the Infinito ebonite model: the same chamber, facing and baffle. The precious material from which it is derived has particular acoustic characteristics: it has the brilliance and quick response of the sound - typical of our ebonite mouthpieces - and a typical tonal complexity of the best hard rubber that we use. Obtained always from the full bar -machined with the mathematical precision of our CNC machines - and finely handcrafted, from the accurate internal finish to the outer polishing. The reinforcement ring is in 24 kt gold plated bronze, already in the &quot;series II&quot; version with more material that extends up to embrace the neck of the sax: a real resonator that transmits even more vibrations from the mouthpiece to the instrument.  &nbsp;  Material: hard rubber Marble Sand, 24kt gold plated bronze reinforcement ring  &nbsp;  Tip opening: 7 (.100)  &nbsp;  Serial Number: IT1300MS  &nbsp;  Here are the specifications of the Infinito model  Video and audio demo coming soon![:es]The processes of this unique piece (serial# IT1300MS) of a limited series are the same as the Infinito ebonite model: the same chamber, facing and baffle. The precious material from which it is derived has particular acoustic characteristics: it has the brilliance and quick response of the sound - typical of our ebonite mouthpieces - and a typical tonal complexity of the best hard rubber that we use. Obtained always from the full bar -machined with the mathematical precision of our CNC machines - and finely handcrafted, from the accurate internal finish to the outer polishing. The reinforcement ring is in 24 kt gold plated bronze, already in the &quot;series II&quot; version with more material that extends up to embrace the neck of the sax: a real resonator that transmits even more vibrations from the mouthpiece to the instrument.  &nbsp;  Material: hard rubber Marble Sand, 24kt gold plated bronze reinforcement ring  &nbsp;  Tip opening: 7 (.100)  &nbsp;  Serial Number: IT1300MS  &nbsp;  Here are the specifications of the Infinito model  Video and audio demo coming soon![:]\" \/>\n<meta property=\"og:url\" content=\"https:\/\/www.cgmouthpiece.it\/prodotto\/infinito-7-marbled-sand\/\" \/>\n<meta property=\"og:site_name\" content=\"CG MouthPiece\" \/>\n<meta property=\"article:publisher\" content=\"https:\/\/www.facebook.com\/cgmouthpiece.it\/\" \/>\n<meta property=\"article:modified_time\" content=\"2026-01-25T10:38:14+00:00\" \/>\n<meta property=\"og:image\" content=\"https:\/\/www.cgmouthpiece.it\/wp-content\/uploads\/2016\/06\/IT1300MS-7.jpg\" \/>\n\t<meta property=\"og:image:width\" content=\"874\" \/>\n\t<meta property=\"og:image:height\" content=\"700\" \/>\n\t<meta property=\"og:image:type\" content=\"image\/jpeg\" \/>\n<meta name=\"twitter:card\" content=\"summary\" \/>\n<script type=\"application\/ld+json\" class=\"yoast-schema-graph\">{\"@context\":\"https:\/\/schema.org\",\"@graph\":[{\"@type\":\"WebSite\",\"@id\":\"https:\/\/www.cgmouthpiece.it\/#website\",\"url\":\"https:\/\/www.cgmouthpiece.it\/\",\"name\":\"CG MouthPiece\",\"description\":\"Best handcrafted mouthpieces made in Italy!\",\"potentialAction\":[{\"@type\":\"SearchAction\",\"target\":{\"@type\":\"EntryPoint\",\"urlTemplate\":\"https:\/\/www.cgmouthpiece.it\/?s={search_term_string}\"},\"query-input\":\"required name=search_term_string\"}],\"inLanguage\":\"fr-FR\"},{\"@type\":\"ImageObject\",\"@id\":\"https:\/\/www.cgmouthpiece.it\/prodotto\/infinito-7-marbled-sand\/#primaryimage\",\"inLanguage\":\"fr-FR\",\"url\":\"https:\/\/www.cgmouthpiece.it\/wp-content\/uploads\/2016\/06\/IT1300MS-7.jpg\",\"contentUrl\":\"https:\/\/www.cgmouthpiece.it\/wp-content\/uploads\/2016\/06\/IT1300MS-7.jpg\",\"width\":874,\"height\":700},{\"@type\":\"WebPage\",\"@id\":\"https:\/\/www.cgmouthpiece.it\/prodotto\/infinito-7-marbled-sand\/#webpage\",\"url\":\"https:\/\/www.cgmouthpiece.it\/prodotto\/infinito-7-marbled-sand\/\",\"name\":\"[:it]Infinito hard rubber 7 (serie II) Marbled Sand - Tenor Sax -> SOLD![:en]Infinito hard rubber 7 (serie II) Marbled Sand - Tenor Sax[:fr]Infinito hard rubber 7 (serie II) Marbled Sand - Tenor Sax[:es]Infinito hard rubber 7 (serie II) Marbled Sand - Tenor Sax[:] - CG MouthPiece\",\"isPartOf\":{\"@id\":\"https:\/\/www.cgmouthpiece.it\/#website\"},\"primaryImageOfPage\":{\"@id\":\"https:\/\/www.cgmouthpiece.it\/prodotto\/infinito-7-marbled-sand\/#primaryimage\"},\"datePublished\":\"2016-06-15T07:24:14+00:00\",\"dateModified\":\"2026-01-25T10:38:14+00:00\",\"breadcrumb\":{\"@id\":\"https:\/\/www.cgmouthpiece.it\/prodotto\/infinito-7-marbled-sand\/#breadcrumb\"},\"inLanguage\":\"fr-FR\",\"potentialAction\":[{\"@type\":\"ReadAction\",\"target\":[\"https:\/\/www.cgmouthpiece.it\/prodotto\/infinito-7-marbled-sand\/\"]}]},{\"@type\":\"BreadcrumbList\",\"@id\":\"https:\/\/www.cgmouthpiece.it\/prodotto\/infinito-7-marbled-sand\/#breadcrumb\",\"itemListElement\":[{\"@type\":\"ListItem\",\"position\":1,\"name\":\"Home\",\"item\":\"https:\/\/www.cgmouthpiece.it\/\"},{\"@type\":\"ListItem\",\"position\":2,\"name\":\"Store\",\"item\":\"https:\/\/www.cgmouthpiece.it\/store\/\"},{\"@type\":\"ListItem\",\"position\":3,\"name\":\"Infinito hard rubber 7 (serie II) Marbled Sand &#8211; Tenor Sax &#8211;> SOLD!\"}]}]}<\/script>\n<!-- \/ Yoast SEO plugin. -->","yoast_head_json":{"title":"[:it]Infinito hard rubber 7 (serie II) Marbled Sand - Tenor Sax -> SOLD![:en]Infinito hard rubber 7 (serie II) Marbled Sand - Tenor Sax[:fr]Infinito hard rubber 7 (serie II) Marbled Sand - Tenor Sax[:es]Infinito hard rubber 7 (serie II) Marbled Sand - Tenor Sax[:] - CG MouthPiece","robots":{"index":"index","follow":"follow","max-snippet":"max-snippet:-1","max-image-preview":"max-image-preview:large","max-video-preview":"max-video-preview:-1"},"canonical":"https:\/\/www.cgmouthpiece.it\/prodotto\/infinito-7-marbled-sand\/","og_locale":"fr_FR","og_type":"article","og_title":"[:it]Infinito hard rubber 7 (serie II) Marbled Sand - Tenor Sax -> SOLD![:en]Infinito hard rubber 7 (serie II) Marbled Sand - Tenor Sax[:fr]Infinito hard rubber 7 (serie II) Marbled Sand - Tenor Sax[:es]Infinito hard rubber 7 (serie II) Marbled Sand - Tenor Sax[:] - CG MouthPiece","og_description":"[:it]Le lavorazioni di questo pezzo (numero di serie IT1300MS) di una serie limitata sono le stesse del modello Infinito in ebanite: stessa camera, facing e baffle. Il pregiatissimo materiale da cui \u00e8 ricavato ha caratteristiche acustiche particolari, in esso si fondono la brillantezza e la pronta risposta in termini di vibrazione dell'ebanite, alla complessit\u00e0 timbrica dell'hard rubber. Ricavato sempre dalla barra piena - lavorata con la matematica precisione delle nostre macchine CNC - e finemente lavorato a mano, dalle finiture interne alla lucidatura esterna. L'anello di rinforzo \u00e8 in bronzo placcato oro 24 kt, gi\u00e0 nella versione \"serie II\" con pi\u00f9 materiale che si estende fino ad abbracciare il collo del sax: un vero e proprio risuonatore che trasmette ancor pi\u00f9 vibrazioni dell'imboccatura allo strumento.  &nbsp;  Materiale: hard rubber Marble Sand, anello di rinforzo in bronzo placcato oro 24kt.  &nbsp;  Apertura: 7\u00a0 (.100)  &nbsp;  numero di serie: IT1300MS  Qui le specifiche del modello Infinito[:en]The processes of this unique piece (serial# IT1300MS) of a limited series are the same as the Infinito ebonite model: the same chamber, facing and baffle. The precious material from which it is derived has particular acoustic characteristics: it has the brilliance and quick response of the sound - typical of our ebonite mouthpieces - and a typical tonal complexity of the best hard rubber that we use. Obtained always from the full bar -machined with the mathematical precision of our CNC machines - and finely handcrafted, from the accurate internal finish to the outer polishing. The reinforcement ring is in 24 kt gold plated bronze, already in the \"series II\" version with more material that extends up to embrace the neck of the sax: a real resonator that transmits even more vibrations from the mouthpiece to the instrument.  &nbsp;  Material: hard rubber Marble Sand, 24kt gold plated bronze reinforcement ring  &nbsp;  Tip opening: 7 (.100)  &nbsp;  Serial Number: IT1300MS  &nbsp;  Here are the specifications of the Infinito model  Video and audio demo coming soon![:fr]The processes of this unique piece (serial# IT1300MS) of a limited series are the same as the Infinito ebonite model: the same chamber, facing and baffle. The precious material from which it is derived has particular acoustic characteristics: it has the brilliance and quick response of the sound - typical of our ebonite mouthpieces - and a typical tonal complexity of the best hard rubber that we use. Obtained always from the full bar -machined with the mathematical precision of our CNC machines - and finely handcrafted, from the accurate internal finish to the outer polishing. The reinforcement ring is in 24 kt gold plated bronze, already in the \"series II\" version with more material that extends up to embrace the neck of the sax: a real resonator that transmits even more vibrations from the mouthpiece to the instrument.  &nbsp;  Material: hard rubber Marble Sand, 24kt gold plated bronze reinforcement ring  &nbsp;  Tip opening: 7 (.100)  &nbsp;  Serial Number: IT1300MS  &nbsp;  Here are the specifications of the Infinito model  Video and audio demo coming soon![:es]The processes of this unique piece (serial# IT1300MS) of a limited series are the same as the Infinito ebonite model: the same chamber, facing and baffle. The precious material from which it is derived has particular acoustic characteristics: it has the brilliance and quick response of the sound - typical of our ebonite mouthpieces - and a typical tonal complexity of the best hard rubber that we use. Obtained always from the full bar -machined with the mathematical precision of our CNC machines - and finely handcrafted, from the accurate internal finish to the outer polishing. The reinforcement ring is in 24 kt gold plated bronze, already in the \"series II\" version with more material that extends up to embrace the neck of the sax: a real resonator that transmits even more vibrations from the mouthpiece to the instrument.  &nbsp;  Material: hard rubber Marble Sand, 24kt gold plated bronze reinforcement ring  &nbsp;  Tip opening: 7 (.100)  &nbsp;  Serial Number: IT1300MS  &nbsp;  Here are the specifications of the Infinito model  Video and audio demo coming soon![:]","og_url":"https:\/\/www.cgmouthpiece.it\/prodotto\/infinito-7-marbled-sand\/","og_site_name":"CG MouthPiece","article_publisher":"https:\/\/www.facebook.com\/cgmouthpiece.it\/","article_modified_time":"2026-01-25T10:38:14+00:00","og_image":[{"width":874,"height":700,"url":"https:\/\/www.cgmouthpiece.it\/wp-content\/uploads\/2016\/06\/IT1300MS-7.jpg","type":"image\/jpeg"}],"twitter_card":"summary","schema":{"@context":"https:\/\/schema.org","@graph":[{"@type":"WebSite","@id":"https:\/\/www.cgmouthpiece.it\/#website","url":"https:\/\/www.cgmouthpiece.it\/","name":"CG MouthPiece","description":"Best handcrafted mouthpieces made in Italy!","potentialAction":[{"@type":"SearchAction","target":{"@type":"EntryPoint","urlTemplate":"https:\/\/www.cgmouthpiece.it\/?s={search_term_string}"},"query-input":"required name=search_term_string"}],"inLanguage":"fr-FR"},{"@type":"ImageObject","@id":"https:\/\/www.cgmouthpiece.it\/prodotto\/infinito-7-marbled-sand\/#primaryimage","inLanguage":"fr-FR","url":"https:\/\/www.cgmouthpiece.it\/wp-content\/uploads\/2016\/06\/IT1300MS-7.jpg","contentUrl":"https:\/\/www.cgmouthpiece.it\/wp-content\/uploads\/2016\/06\/IT1300MS-7.jpg","width":874,"height":700},{"@type":"WebPage","@id":"https:\/\/www.cgmouthpiece.it\/prodotto\/infinito-7-marbled-sand\/#webpage","url":"https:\/\/www.cgmouthpiece.it\/prodotto\/infinito-7-marbled-sand\/","name":"[:it]Infinito hard rubber 7 (serie II) Marbled Sand - Tenor Sax -> SOLD![:en]Infinito hard rubber 7 (serie II) Marbled Sand - Tenor Sax[:fr]Infinito hard rubber 7 (serie II) Marbled Sand - Tenor Sax[:es]Infinito hard rubber 7 (serie II) Marbled Sand - Tenor Sax[:] - CG MouthPiece","isPartOf":{"@id":"https:\/\/www.cgmouthpiece.it\/#website"},"primaryImageOfPage":{"@id":"https:\/\/www.cgmouthpiece.it\/prodotto\/infinito-7-marbled-sand\/#primaryimage"},"datePublished":"2016-06-15T07:24:14+00:00","dateModified":"2026-01-25T10:38:14+00:00","breadcrumb":{"@id":"https:\/\/www.cgmouthpiece.it\/prodotto\/infinito-7-marbled-sand\/#breadcrumb"},"inLanguage":"fr-FR","potentialAction":[{"@type":"ReadAction","target":["https:\/\/www.cgmouthpiece.it\/prodotto\/infinito-7-marbled-sand\/"]}]},{"@type":"BreadcrumbList","@id":"https:\/\/www.cgmouthpiece.it\/prodotto\/infinito-7-marbled-sand\/#breadcrumb","itemListElement":[{"@type":"ListItem","position":1,"name":"Home","item":"https:\/\/www.cgmouthpiece.it\/"},{"@type":"ListItem","position":2,"name":"Store","item":"https:\/\/www.cgmouthpiece.it\/store\/"},{"@type":"ListItem","position":3,"name":"Infinito hard rubber 7 (serie II) Marbled Sand &#8211; Tenor Sax &#8211;> SOLD!"}]}]}},"_links":{"self":[{"href":"https:\/\/www.cgmouthpiece.it\/fr\/wp-json\/wp\/v2\/product\/20226"}],"collection":[{"href":"https:\/\/www.cgmouthpiece.it\/fr\/wp-json\/wp\/v2\/product"}],"about":[{"href":"https:\/\/www.cgmouthpiece.it\/fr\/wp-json\/wp\/v2\/types\/product"}],"replies":[{"embeddable":true,"href":"https:\/\/www.cgmouthpiece.it\/fr\/wp-json\/wp\/v2\/comments?post=20226"}],"wp:featuredmedia":[{"embeddable":true,"href":"https:\/\/www.cgmouthpiece.it\/fr\/wp-json\/wp\/v2\/media\/21422"}],"wp:attachment":[{"href":"https:\/\/www.cgmouthpiece.it\/fr\/wp-json\/wp\/v2\/media?parent=20226"}],"wp:term":[{"taxonomy":"product_cat","embeddable":true,"href":"https:\/\/www.cgmouthpiece.it\/fr\/wp-json\/wp\/v2\/product_cat?post=20226"},{"taxonomy":"product_tag","embeddable":true,"href":"https:\/\/www.cgmouthpiece.it\/fr\/wp-json\/wp\/v2\/product_tag?post=20226"}],"curies":[{"name":"wp","href":"https:\/\/api.w.org\/{rel}","templated":true}]}}