{"id":20604,"date":"2017-01-04T22:05:24","date_gmt":"2017-01-04T21:05:24","guid":{"rendered":"https:\/\/www.cgmouthpiece.it\/store\/accessories\/galileo-brass-misura-ii-black\/"},"modified":"2026-01-25T11:19:20","modified_gmt":"2026-01-25T10:19:20","slug":"galileo-brass-misura-ii-black","status":"publish","type":"product","link":"https:\/\/www.cgmouthpiece.it\/fr\/prodotto\/galileo-brass-misura-ii-black\/","title":{"rendered":"Galileo brass size II &#8211; black"},"content":{"rendered":"<p><strong>Finition noire<\/strong>: Corps, vis et plaque en laiton laqu\u00e9 noir.<\/p>","protected":false},"excerpt":{"rendered":"<p class=\"p1\"><span class=\"s1\">GALILEO est une v\u00e9ritable sculpture extraite du laiton pur, sans soudures. Un dessin elliptique qui rappelle une orbite qui enveloppe le bec et suit ses vibrations. L\u2019anche peut vibrer librement sur toute la longueur des fibres dont GALILEO tient compte de la disposition : elle na\u00eet en effet \u00e0 partir d\u2019une barre en laiton sp\u00e9cial, s\u00e9lectionn\u00e9 par CG Mouthpiece Italy pour ses caract\u00e9ristiques acoustiques exceptionnelles et travaill\u00e9 en suivant les veines du m\u00e9tal.<br \/>\nC\u2019est la m\u00e9thode que la CG Mouthpiece Italy adopte pour l\u2019usinage de ses becs les plus prestigieux. Ses g\u00e9om\u00e9tries sont soigneusement \u00e9tudi\u00e9es pour r\u00e9pondre de mani\u00e8re homog\u00e8ne aux vibrations de l\u2019anche et par cons\u00e9quent du bec. La partie sup\u00e9rieure enveloppe parfaitement le bec qui constitue un support robuste d\u2019o\u00f9 part la ligature en dessinant une l\u00e9g\u00e8re forme en arc : comme une petite arbal\u00e8te permettant une pression calibr\u00e9e de la plaque sur l\u2019anche, cette pression est r\u00e9gl\u00e9e par une vis robuste en laiton massif.<br \/>\nLa vis robuste est fix\u00e9e \u00e0 la plaque de pression sans aucune vis. Son ergonomie particuli\u00e8re lui permet de bien rester en position m\u00eame durant les phases d\u2019intonation du bec le long du bocal coud\u00e9. La plaque, tir\u00e9e elle aussi d\u2019une pi\u00e8ce en laiton massif, est articul\u00e9e pour s\u2019adapter au dessin du dos de l\u2019anche qui n\u2019est pas toujours sym\u00e9trique, en permettant ainsi un appui ferme de ses rails plac\u00e9s dans le sens de la fibre ligneuse. Les rails sont dot\u00e9s de rayons pour pouvoir s\u2019adapter \u00e0 la courbure de l\u2019anche et n\u2019y laisser aucun signe.<br \/>\nGALILEO r\u00e9volutionne le sens de \u00ab ligature \u00bb car elle n\u2019a pas \u00e9t\u00e9 \u00e9tudi\u00e9e pour \u00ab ligaturer \u00bb mais pour lib\u00e9rer l\u2019anche. L\u2019effet sera une homog\u00e9n\u00e9it\u00e9 de timbre sans \u00e9gal et une r\u00e9ponse prompte et pr\u00e9cise de l\u2019anche, avec la sensation d\u2019un seul corps vibrant compos\u00e9 par le bec et l\u2019anche.<br \/>\nGALILEO est disponible dans diff\u00e9rentes tailles pour s\u2019adapter aux divers types de becs disponibles sur le march\u00e9, les mod\u00e8les compatibles sont continuellement mis \u00e0 jour pour satisfaire de plus en plus de saxophonistes dans le monde entier!<\/span><\/p>\n<p class=\"p1\">Le Galileo brass\u00a0taille II est disponible en deux finitions. Les deux offrent l&#039;homog\u00e9n\u00e9it\u00e9 typique du timbre des ligatures de Galileo bien que chacun ait ses propres particularit\u00e9s:<\/p>\n<ul>\n<li class=\"p1\">24 kt plaqu\u00e9 or: son riche, cors\u00e9<\/li>\n<li class=\"p1\">Finition noire: son focalis\u00e9 et projectif<\/li>\n<\/ul>\n<p class=\"p1\"><span class=\"s1\">Livr\u00e9e avec un couvre-bec.<\/span><\/p>\n","protected":false},"featured_media":20606,"comment_status":"closed","ping_status":"closed","template":"","meta":[],"product_cat":[17,28,41,55],"product_tag":[114,113,112,111],"acf":[],"yoast_head":"<!-- This site is optimized with the Yoast SEO plugin v18.3 - https:\/\/yoast.com\/wordpress\/plugins\/seo\/ -->\n<title><\/title>\n<meta name=\"description\" content=\"{:it}La misura II in ottone \u00e8 disponibile in due finiture. Entrambe offrono la tipica omogeneit\u00e0 timbrica delle legature Galileo anche se ognuna possiede...{:}\" \/>\n<meta name=\"robots\" content=\"index, follow, max-snippet:-1, max-image-preview:large, max-video-preview:-1\" \/>\n<link rel=\"canonical\" href=\"https:\/\/www.cgmouthpiece.it\/prodotto\/galileo-brass-misura-ii-black\/\" \/>\n<meta property=\"og:locale\" content=\"fr_FR\" \/>\n<meta property=\"og:type\" content=\"article\" \/>\n<meta property=\"og:title\" content=\"[:it]Galileo brass misura II - Black - legatura per imboccature CG[:es]Galileo brass size II - black[:]\" \/>\n<meta property=\"og:description\" content=\"{:it}La misura II in ottone \u00e8 disponibile in due finiture. Entrambe offrono la tipica omogeneit\u00e0 timbrica delle legature Galileo anche se ognuna possiede...{:}\" \/>\n<meta property=\"og:url\" content=\"https:\/\/www.cgmouthpiece.it\/prodotto\/galileo-brass-misura-ii-black\/\" \/>\n<meta property=\"og:site_name\" content=\"CG MouthPiece\" \/>\n<meta property=\"article:publisher\" content=\"https:\/\/www.facebook.com\/cgmouthpiece.it\/\" \/>\n<meta property=\"article:modified_time\" content=\"2026-01-25T10:19:20+00:00\" \/>\n<meta property=\"og:image\" content=\"https:\/\/www.cgmouthpiece.it\/wp-content\/uploads\/2017\/01\/Galileo-brass-BLACK-II-b.jpg\" \/>\n\t<meta property=\"og:image:width\" content=\"700\" \/>\n\t<meta property=\"og:image:height\" content=\"874\" \/>\n\t<meta property=\"og:image:type\" content=\"image\/jpeg\" \/>\n<meta name=\"twitter:card\" content=\"summary\" \/>\n<script type=\"application\/ld+json\" class=\"yoast-schema-graph\">{\"@context\":\"https:\/\/schema.org\",\"@graph\":[{\"@type\":\"WebSite\",\"@id\":\"https:\/\/www.cgmouthpiece.it\/#website\",\"url\":\"https:\/\/www.cgmouthpiece.it\/\",\"name\":\"CG MouthPiece\",\"description\":\"Best handcrafted mouthpieces made in Italy!\",\"potentialAction\":[{\"@type\":\"SearchAction\",\"target\":{\"@type\":\"EntryPoint\",\"urlTemplate\":\"https:\/\/www.cgmouthpiece.it\/?s={search_term_string}\"},\"query-input\":\"required name=search_term_string\"}],\"inLanguage\":\"fr-FR\"},{\"@type\":\"ImageObject\",\"@id\":\"https:\/\/www.cgmouthpiece.it\/prodotto\/galileo-brass-misura-ii-black\/#primaryimage\",\"inLanguage\":\"fr-FR\",\"url\":\"https:\/\/www.cgmouthpiece.it\/wp-content\/uploads\/2017\/01\/Galileo-brass-BLACK-II-b.jpg\",\"contentUrl\":\"https:\/\/www.cgmouthpiece.it\/wp-content\/uploads\/2017\/01\/Galileo-brass-BLACK-II-b.jpg\",\"width\":700,\"height\":874,\"caption\":\"Galileo brass BLACK&#;II b\"},{\"@type\":\"WebPage\",\"@id\":\"https:\/\/www.cgmouthpiece.it\/prodotto\/galileo-brass-misura-ii-black\/#webpage\",\"url\":\"https:\/\/www.cgmouthpiece.it\/prodotto\/galileo-brass-misura-ii-black\/\",\"name\":\"[:it]Galileo brass misura II - Black - legatura per imboccature CG[:es]Galileo brass size II - black[:]\",\"isPartOf\":{\"@id\":\"https:\/\/www.cgmouthpiece.it\/#website\"},\"primaryImageOfPage\":{\"@id\":\"https:\/\/www.cgmouthpiece.it\/prodotto\/galileo-brass-misura-ii-black\/#primaryimage\"},\"datePublished\":\"2017-01-04T21:05:24+00:00\",\"dateModified\":\"2026-01-25T10:19:20+00:00\",\"description\":\"{:it}La misura II in ottone \u00e8 disponibile in due finiture. Entrambe offrono la tipica omogeneit\u00e0 timbrica delle legature Galileo anche se ognuna possiede...{:}\",\"breadcrumb\":{\"@id\":\"https:\/\/www.cgmouthpiece.it\/prodotto\/galileo-brass-misura-ii-black\/#breadcrumb\"},\"inLanguage\":\"fr-FR\",\"potentialAction\":[{\"@type\":\"ReadAction\",\"target\":[\"https:\/\/www.cgmouthpiece.it\/prodotto\/galileo-brass-misura-ii-black\/\"]}]},{\"@type\":\"BreadcrumbList\",\"@id\":\"https:\/\/www.cgmouthpiece.it\/prodotto\/galileo-brass-misura-ii-black\/#breadcrumb\",\"itemListElement\":[{\"@type\":\"ListItem\",\"position\":1,\"name\":\"Home\",\"item\":\"https:\/\/www.cgmouthpiece.it\/\"},{\"@type\":\"ListItem\",\"position\":2,\"name\":\"Store\",\"item\":\"https:\/\/www.cgmouthpiece.it\/store\/\"},{\"@type\":\"ListItem\",\"position\":3,\"name\":\"[:it]Galileo brass misura II &#8211; Black[:en]Galileo brass size II &#8211; black[:fr]Galileo brass size II &#8211; black[:es]Galileo brass size II &#8211; black[:]\"}]}]}<\/script>\n<!-- \/ Yoast SEO plugin. -->","yoast_head_json":{"title":"[:it]Galileo brass misura II - Black - legatura per imboccature CG[:es]Galileo brass size II - black[:]","description":"{:it}La misura II in ottone \u00e8 disponibile in due finiture. Entrambe offrono la tipica omogeneit\u00e0 timbrica delle legature Galileo anche se ognuna possiede...{:}","robots":{"index":"index","follow":"follow","max-snippet":"max-snippet:-1","max-image-preview":"max-image-preview:large","max-video-preview":"max-video-preview:-1"},"canonical":"https:\/\/www.cgmouthpiece.it\/prodotto\/galileo-brass-misura-ii-black\/","og_locale":"fr_FR","og_type":"article","og_title":"[:it]Galileo brass misura II - Black - legatura per imboccature CG[:es]Galileo brass size II - black[:]","og_description":"{:it}La misura II in ottone \u00e8 disponibile in due finiture. Entrambe offrono la tipica omogeneit\u00e0 timbrica delle legature Galileo anche se ognuna possiede...{:}","og_url":"https:\/\/www.cgmouthpiece.it\/prodotto\/galileo-brass-misura-ii-black\/","og_site_name":"CG MouthPiece","article_publisher":"https:\/\/www.facebook.com\/cgmouthpiece.it\/","article_modified_time":"2026-01-25T10:19:20+00:00","og_image":[{"width":700,"height":874,"url":"https:\/\/www.cgmouthpiece.it\/wp-content\/uploads\/2017\/01\/Galileo-brass-BLACK-II-b.jpg","type":"image\/jpeg"}],"twitter_card":"summary","schema":{"@context":"https:\/\/schema.org","@graph":[{"@type":"WebSite","@id":"https:\/\/www.cgmouthpiece.it\/#website","url":"https:\/\/www.cgmouthpiece.it\/","name":"CG MouthPiece","description":"Best handcrafted mouthpieces made in Italy!","potentialAction":[{"@type":"SearchAction","target":{"@type":"EntryPoint","urlTemplate":"https:\/\/www.cgmouthpiece.it\/?s={search_term_string}"},"query-input":"required name=search_term_string"}],"inLanguage":"fr-FR"},{"@type":"ImageObject","@id":"https:\/\/www.cgmouthpiece.it\/prodotto\/galileo-brass-misura-ii-black\/#primaryimage","inLanguage":"fr-FR","url":"https:\/\/www.cgmouthpiece.it\/wp-content\/uploads\/2017\/01\/Galileo-brass-BLACK-II-b.jpg","contentUrl":"https:\/\/www.cgmouthpiece.it\/wp-content\/uploads\/2017\/01\/Galileo-brass-BLACK-II-b.jpg","width":700,"height":874,"caption":"Galileo brass BLACK&#;II b"},{"@type":"WebPage","@id":"https:\/\/www.cgmouthpiece.it\/prodotto\/galileo-brass-misura-ii-black\/#webpage","url":"https:\/\/www.cgmouthpiece.it\/prodotto\/galileo-brass-misura-ii-black\/","name":"[:it]Galileo brass misura II - Black - legatura per imboccature CG[:es]Galileo brass size II - black[:]","isPartOf":{"@id":"https:\/\/www.cgmouthpiece.it\/#website"},"primaryImageOfPage":{"@id":"https:\/\/www.cgmouthpiece.it\/prodotto\/galileo-brass-misura-ii-black\/#primaryimage"},"datePublished":"2017-01-04T21:05:24+00:00","dateModified":"2026-01-25T10:19:20+00:00","description":"{:it}La misura II in ottone \u00e8 disponibile in due finiture. Entrambe offrono la tipica omogeneit\u00e0 timbrica delle legature Galileo anche se ognuna possiede...{:}","breadcrumb":{"@id":"https:\/\/www.cgmouthpiece.it\/prodotto\/galileo-brass-misura-ii-black\/#breadcrumb"},"inLanguage":"fr-FR","potentialAction":[{"@type":"ReadAction","target":["https:\/\/www.cgmouthpiece.it\/prodotto\/galileo-brass-misura-ii-black\/"]}]},{"@type":"BreadcrumbList","@id":"https:\/\/www.cgmouthpiece.it\/prodotto\/galileo-brass-misura-ii-black\/#breadcrumb","itemListElement":[{"@type":"ListItem","position":1,"name":"Home","item":"https:\/\/www.cgmouthpiece.it\/"},{"@type":"ListItem","position":2,"name":"Store","item":"https:\/\/www.cgmouthpiece.it\/store\/"},{"@type":"ListItem","position":3,"name":"[:it]Galileo brass misura II &#8211; Black[:en]Galileo brass size II &#8211; black[:fr]Galileo brass size II &#8211; black[:es]Galileo brass size II &#8211; black[:]"}]}]}},"_links":{"self":[{"href":"https:\/\/www.cgmouthpiece.it\/fr\/wp-json\/wp\/v2\/product\/20604"}],"collection":[{"href":"https:\/\/www.cgmouthpiece.it\/fr\/wp-json\/wp\/v2\/product"}],"about":[{"href":"https:\/\/www.cgmouthpiece.it\/fr\/wp-json\/wp\/v2\/types\/product"}],"replies":[{"embeddable":true,"href":"https:\/\/www.cgmouthpiece.it\/fr\/wp-json\/wp\/v2\/comments?post=20604"}],"wp:featuredmedia":[{"embeddable":true,"href":"https:\/\/www.cgmouthpiece.it\/fr\/wp-json\/wp\/v2\/media\/20606"}],"wp:attachment":[{"href":"https:\/\/www.cgmouthpiece.it\/fr\/wp-json\/wp\/v2\/media?parent=20604"}],"wp:term":[{"taxonomy":"product_cat","embeddable":true,"href":"https:\/\/www.cgmouthpiece.it\/fr\/wp-json\/wp\/v2\/product_cat?post=20604"},{"taxonomy":"product_tag","embeddable":true,"href":"https:\/\/www.cgmouthpiece.it\/fr\/wp-json\/wp\/v2\/product_tag?post=20604"}],"curies":[{"name":"wp","href":"https:\/\/api.w.org\/{rel}","templated":true}]}}